{"id":247,"date":"2013-06-21T14:41:20","date_gmt":"2013-06-21T05:41:20","guid":{"rendered":"http:\/\/bookmaker-info.com\/?page_id=247"},"modified":"2021-05-20T01:59:08","modified_gmt":"2021-05-20T01:59:08","slug":"bet365-apuesta","status":"publish","type":"page","link":"http:\/\/bookmaker-info.com\/es\/bet365-apuesta","title":{"rendered":"C\u00f3mo Apostar en bet365"},"content":{"rendered":"<h2 class=\"title\">\uff08\uff11\uff09Inicia sesi\u00f3n en bet365<\/h2>\n<p><a href=\"http:\/\/www.bet365.com\/home\/?affiliate=365_372111\">bet365<\/a> (Publicidad)<\/p>\n<p>Despu\u00e9s de introducir tu Nombre de Usuario y Contrase\u00f1a, haz clic en \u201cIR\u201d para iniciar sesi\u00f3n.<br \/>\n<img loading=\"lazy\" decoding=\"async\" class=\"alignleft size-full wp-image-13077\" src=\"http:\/\/bookmaker-info.com\/es\/wordpress\/wp-content\/uploads\/2013\/06\/bet365_login_es.jpg\" alt=\"bet365_login_es\" width=\"1263\" height=\"138\" srcset=\"http:\/\/bookmaker-info.com\/es\/wordpress\/wp-content\/uploads\/2013\/06\/bet365_login_es.jpg 1263w, http:\/\/bookmaker-info.com\/es\/wordpress\/wp-content\/uploads\/2013\/06\/bet365_login_es-300x33.jpg 300w, http:\/\/bookmaker-info.com\/es\/wordpress\/wp-content\/uploads\/2013\/06\/bet365_login_es-768x84.jpg 768w, http:\/\/bookmaker-info.com\/es\/wordpress\/wp-content\/uploads\/2013\/06\/bet365_login_es-1024x112.jpg 1024w, http:\/\/bookmaker-info.com\/es\/wordpress\/wp-content\/uploads\/2013\/06\/bet365_login_es-624x68.jpg 624w\" sizes=\"auto, (max-width: 1263px) 100vw, 1263px\" \/><\/p>\n<h2 class=\"title\">\uff08\uff12\uff09Selecciona el juego\/partido en el que te gustar\u00eda apostar<\/h2>\n<p>En este ejemplo, te mostraremos c\u00f3mo apostar en un juego de la Espa\u00f1a &#8211; 1a Divisi\u00f3n. Primero, haz clic en \u201cF\u00fatbol\u201d en la lista de deportes ubicada a la izquierda de la pantalla.<br \/>\n<img loading=\"lazy\" decoding=\"async\" class=\"alignleft size-full wp-image-13081\" src=\"http:\/\/bookmaker-info.com\/es\/wordpress\/wp-content\/uploads\/2013\/06\/bet365_bet_001_es.jpg\" alt=\"bet365_bet_001_es\" width=\"934\" height=\"828\" srcset=\"http:\/\/bookmaker-info.com\/es\/wordpress\/wp-content\/uploads\/2013\/06\/bet365_bet_001_es.jpg 934w, http:\/\/bookmaker-info.com\/es\/wordpress\/wp-content\/uploads\/2013\/06\/bet365_bet_001_es-300x266.jpg 300w, http:\/\/bookmaker-info.com\/es\/wordpress\/wp-content\/uploads\/2013\/06\/bet365_bet_001_es-768x681.jpg 768w, http:\/\/bookmaker-info.com\/es\/wordpress\/wp-content\/uploads\/2013\/06\/bet365_bet_001_es-624x553.jpg 624w\" sizes=\"auto, (max-width: 934px) 100vw, 934px\" \/><br \/>\nDespl\u00e1zate hacia la lista de ligas de abajo y selecciona Espa\u00f1a &#8211; 1a Divisi\u00f3n.<br \/>\n<img loading=\"lazy\" decoding=\"async\" class=\"alignleft size-full wp-image-13082\" src=\"http:\/\/bookmaker-info.com\/es\/wordpress\/wp-content\/uploads\/2013\/06\/bet365_bet_002_es.jpg\" alt=\"bet365_bet_002_es\" width=\"929\" height=\"512\" srcset=\"http:\/\/bookmaker-info.com\/es\/wordpress\/wp-content\/uploads\/2013\/06\/bet365_bet_002_es.jpg 929w, http:\/\/bookmaker-info.com\/es\/wordpress\/wp-content\/uploads\/2013\/06\/bet365_bet_002_es-300x165.jpg 300w, http:\/\/bookmaker-info.com\/es\/wordpress\/wp-content\/uploads\/2013\/06\/bet365_bet_002_es-768x423.jpg 768w, http:\/\/bookmaker-info.com\/es\/wordpress\/wp-content\/uploads\/2013\/06\/bet365_bet_002_es-624x344.jpg 624w\" sizes=\"auto, (max-width: 929px) 100vw, 929px\" \/><\/p>\n<h2 class=\"title\">\uff08\uff13\uff09Selecciona el tipo de apuesta<\/h2>\n<p>Uno de los tipos de apuestas m\u00e1s f\u00e1ciles de entender es el &#8220;Resultado del Tiempo Completo&#8221; (tambi\u00e9n conocido como Apuesta del Juego o L\u00ednea de Dinero). Un Resultado del Tiempo Completo significa que predices que equipo piensas que ganar\u00e1 o empatar\u00e1. En nuestro ejemplo anterior, tenemos tres opciones ya sea prediciendo 1 &#8211; Casa) que el Real Sociedad gana, 2 &#8211; Visitante) el Levante gana o X &#8211; Empate) el Real Sociedad empata con el Levante. En este ejemplo, escogeremos a Real Sociedad como ganador, por lo tanto haremos clic en las cuotas 1.85.<br \/>\n<img loading=\"lazy\" decoding=\"async\" class=\"alignleft size-full wp-image-13083\" src=\"http:\/\/bookmaker-info.com\/es\/wordpress\/wp-content\/uploads\/2013\/06\/bet365_bet_003_es.jpg\" alt=\"bet365_bet_003_es\" width=\"930\" height=\"365\" srcset=\"http:\/\/bookmaker-info.com\/es\/wordpress\/wp-content\/uploads\/2013\/06\/bet365_bet_003_es.jpg 930w, http:\/\/bookmaker-info.com\/es\/wordpress\/wp-content\/uploads\/2013\/06\/bet365_bet_003_es-300x118.jpg 300w, http:\/\/bookmaker-info.com\/es\/wordpress\/wp-content\/uploads\/2013\/06\/bet365_bet_003_es-768x301.jpg 768w, http:\/\/bookmaker-info.com\/es\/wordpress\/wp-content\/uploads\/2013\/06\/bet365_bet_003_es-624x245.jpg 624w\" sizes=\"auto, (max-width: 930px) 100vw, 930px\" \/><br \/>\n\u203b Ten en cuenta que la fecha y la hora del partido est\u00e1n a la izquierda de la pantalla. La fecha y la hora se muestra seg\u00fan la zona horaria que t\u00fa seleccionaste cuando te registraste por primera vez en el sitio. Para cambiar tu zona horaria preferida, haz clic en \u201cIngresar\u201d en la parte superior derecha de la pantalla.<\/p>\n<p>Luego, haz clic en \u201cMi cuenta\u201d y luego en la pesta\u00f1a de \u201cPreferencias\u201d.<\/p>\n<p>En la pesta\u00f1a de \u201cPreferencias\u201d, podr\u00e1s cambiar tu zona horaria preferida de la secci\u00f3n de Zona Horaria en la pantalla. Para finalizar el cambio, haz clic en el bot\u00f3n verde de \u201cActualizar\u201d.<\/p>\n<h2 class=\"title\">\uff08\uff14\uff09Introduce el monto de tu apuesta<\/h2>\n<p>Despu\u00e9s de hacer clic en las cuotas donde te gustar\u00eda apostar, la selecci\u00f3n de tu apuesta se mostrar\u00e1 debajo de \u201cCup\u00f3n\u201d ubicado a la derecha de la pantalla.<\/p>\n<p>Una vez que introduces tu participaci\u00f3n o apuesta (la cantidad de dinero que te gustar\u00eda apostar), la cantidad de dinero (participaci\u00f3n + ganancia) que te ser\u00eda devuelta si ganar\u00e1s la apuesta se mostrar\u00eda autom\u00e1ticamente debajo de \u201cGanancias pot.\u201d.<\/p>\n<p>Una vez que colocaste tu participaci\u00f3n en la apuesta, haz clic en el bot\u00f3n amarillo de \u201cApostar\u201d para finalizar t\u00fa(s) apuesta(s).<br \/>\n<img loading=\"lazy\" decoding=\"async\" class=\"alignleft size-full wp-image-13084\" src=\"http:\/\/bookmaker-info.com\/es\/wordpress\/wp-content\/uploads\/2013\/06\/bet365_bet_004_es.jpg\" alt=\"bet365_bet_004_es\" width=\"1045\" height=\"329\" srcset=\"http:\/\/bookmaker-info.com\/es\/wordpress\/wp-content\/uploads\/2013\/06\/bet365_bet_004_es.jpg 1045w, http:\/\/bookmaker-info.com\/es\/wordpress\/wp-content\/uploads\/2013\/06\/bet365_bet_004_es-300x94.jpg 300w, http:\/\/bookmaker-info.com\/es\/wordpress\/wp-content\/uploads\/2013\/06\/bet365_bet_004_es-768x242.jpg 768w, http:\/\/bookmaker-info.com\/es\/wordpress\/wp-content\/uploads\/2013\/06\/bet365_bet_004_es-1024x322.jpg 1024w, http:\/\/bookmaker-info.com\/es\/wordpress\/wp-content\/uploads\/2013\/06\/bet365_bet_004_es-624x196.jpg 624w\" sizes=\"auto, (max-width: 1045px) 100vw, 1045px\" \/><\/p>\n<h2 class=\"title\">\u203b Otras Opciones de Apuesta<\/h2>\n<p>Si consultas la captura de pantalla a continuaci\u00f3n ver\u00e1s un &#8220;98 &gt;&#8221; a la derecha de las cuotas del juego. Si haces clic en esta pesta\u00f1a, todos los tipos de apuestas disponibles (98 en este ejemplo) se mostrar\u00e1n para este juego en particular.<br \/>\n<img loading=\"lazy\" decoding=\"async\" class=\"alignleft size-full wp-image-13085\" src=\"http:\/\/bookmaker-info.com\/es\/wordpress\/wp-content\/uploads\/2013\/06\/bet365_bet_005_es.jpg\" alt=\"bet365_bet_005_es\" width=\"706\" height=\"155\" srcset=\"http:\/\/bookmaker-info.com\/es\/wordpress\/wp-content\/uploads\/2013\/06\/bet365_bet_005_es.jpg 706w, http:\/\/bookmaker-info.com\/es\/wordpress\/wp-content\/uploads\/2013\/06\/bet365_bet_005_es-300x66.jpg 300w, http:\/\/bookmaker-info.com\/es\/wordpress\/wp-content\/uploads\/2013\/06\/bet365_bet_005_es-624x137.jpg 624w\" sizes=\"auto, (max-width: 706px) 100vw, 706px\" \/><\/p>\n<h2 class=\"title\">Ejemplos de otras opciones de apuesta<\/h2>\n<p><strong>Doble Oportunidad<\/strong><br \/>\n<img loading=\"lazy\" decoding=\"async\" class=\"alignleft size-full wp-image-13086\" src=\"http:\/\/bookmaker-info.com\/es\/wordpress\/wp-content\/uploads\/2013\/06\/bet365_bet_006_es.jpg\" alt=\"bet365_bet_006_es\" width=\"705\" height=\"83\" srcset=\"http:\/\/bookmaker-info.com\/es\/wordpress\/wp-content\/uploads\/2013\/06\/bet365_bet_006_es.jpg 705w, http:\/\/bookmaker-info.com\/es\/wordpress\/wp-content\/uploads\/2013\/06\/bet365_bet_006_es-300x35.jpg 300w, http:\/\/bookmaker-info.com\/es\/wordpress\/wp-content\/uploads\/2013\/06\/bet365_bet_006_es-624x73.jpg 624w\" sizes=\"auto, (max-width: 705px) 100vw, 705px\" \/><br \/>\nUna apuesta de \u201cDoble Oportunidad\u201d significa que puedes apostar una vez a dos resultados diferentes tal como, 1) el equipo local gana o empata, 2) el equipo visitante gana o empata, 3) no hay empate, lo que significa que el equipo local gana o el visitante gana.<\/p>\n<p><strong>Marcador Correcto<\/strong><br \/>\n<img loading=\"lazy\" decoding=\"async\" class=\"alignleft size-full wp-image-13087\" src=\"http:\/\/bookmaker-info.com\/es\/wordpress\/wp-content\/uploads\/2013\/06\/bet365_bet_007_es.jpg\" alt=\"bet365_bet_007_es\" width=\"705\" height=\"167\" srcset=\"http:\/\/bookmaker-info.com\/es\/wordpress\/wp-content\/uploads\/2013\/06\/bet365_bet_007_es.jpg 705w, http:\/\/bookmaker-info.com\/es\/wordpress\/wp-content\/uploads\/2013\/06\/bet365_bet_007_es-300x71.jpg 300w, http:\/\/bookmaker-info.com\/es\/wordpress\/wp-content\/uploads\/2013\/06\/bet365_bet_007_es-624x148.jpg 624w\" sizes=\"auto, (max-width: 705px) 100vw, 705px\" \/><br \/>\nUna apuesta de \u201cMarcador Correcto\u201d significa que puedes apostarle al que tu piensas que ser\u00e1 el marcador final del partido.<\/p>\n<p><strong>Descanso\/Final<\/strong><br \/>\n<img loading=\"lazy\" decoding=\"async\" class=\"alignleft size-full wp-image-13088\" src=\"http:\/\/bookmaker-info.com\/es\/wordpress\/wp-content\/uploads\/2013\/06\/bet365_bet_008_es.jpg\" alt=\"bet365_bet_008_es\" width=\"702\" height=\"167\" srcset=\"http:\/\/bookmaker-info.com\/es\/wordpress\/wp-content\/uploads\/2013\/06\/bet365_bet_008_es.jpg 702w, http:\/\/bookmaker-info.com\/es\/wordpress\/wp-content\/uploads\/2013\/06\/bet365_bet_008_es-300x71.jpg 300w, http:\/\/bookmaker-info.com\/es\/wordpress\/wp-content\/uploads\/2013\/06\/bet365_bet_008_es-624x148.jpg 624w\" sizes=\"auto, (max-width: 702px) 100vw, 702px\" \/><br \/>\nUna apuesta de&nbsp;\u201cDescanso\/Final\u201d significa que puedes apostarle al resultado correcto que piensas se dar\u00e1 en el primer tiempo y tambi\u00e9n en el marcador final. Utilizando el ejemplo de Real Sociedad &#8211; Levante, si el marcador en el medio tiempo es de 0-1 y el marcador final es de 2-1, necesitar\u00edas apostar a &#8220;Levante &#8211; Real Sociedad&#8221; para poder ganar la apuesta.<\/p>\n<p><strong>Empate, Apuesta No V\u00e1lida<\/strong><br \/>\n<img loading=\"lazy\" decoding=\"async\" class=\"alignleft size-full wp-image-13090\" src=\"http:\/\/bookmaker-info.com\/es\/wordpress\/wp-content\/uploads\/2013\/06\/bet365_bet_012_es.jpg\" alt=\"bet365_bet_012_es\" width=\"707\" height=\"83\" srcset=\"http:\/\/bookmaker-info.com\/es\/wordpress\/wp-content\/uploads\/2013\/06\/bet365_bet_012_es.jpg 707w, http:\/\/bookmaker-info.com\/es\/wordpress\/wp-content\/uploads\/2013\/06\/bet365_bet_012_es-300x35.jpg 300w, http:\/\/bookmaker-info.com\/es\/wordpress\/wp-content\/uploads\/2013\/06\/bet365_bet_012_es-624x73.jpg 624w\" sizes=\"auto, (max-width: 707px) 100vw, 707px\" \/><br \/>\nUna apuesta de&nbsp;\u201cEmpate, Apuesta No V\u00e1lida\u201d significa que apostaste en el equipo que piensas que ganar\u00e1. Si el resultado es un empate, entonces tu participaci\u00f3n o apuesta ser\u00e1 reembolsada y no incurrir\u00e1 en ninguna p\u00e9rdida.<\/p>\n<p><strong>H\u00e1ndicap Asi\u00e1tico<\/strong><br \/>\n<img loading=\"lazy\" decoding=\"async\" class=\"alignleft size-full wp-image-13089\" src=\"http:\/\/bookmaker-info.com\/es\/wordpress\/wp-content\/uploads\/2013\/06\/bet365_bet_010_es.jpg\" alt=\"bet365_bet_010_es\" width=\"705\" height=\"101\" srcset=\"http:\/\/bookmaker-info.com\/es\/wordpress\/wp-content\/uploads\/2013\/06\/bet365_bet_010_es.jpg 705w, http:\/\/bookmaker-info.com\/es\/wordpress\/wp-content\/uploads\/2013\/06\/bet365_bet_010_es-300x43.jpg 300w, http:\/\/bookmaker-info.com\/es\/wordpress\/wp-content\/uploads\/2013\/06\/bet365_bet_010_es-624x89.jpg 624w\" sizes=\"auto, (max-width: 705px) 100vw, 705px\" \/><br \/>\nPara una explicaci\u00f3n sobre el H\u00e1ndicap Asi\u00e1tico, por favor visita <a href=\"http:\/\/es.wikipedia.org\/wiki\/H%C3%A1ndicap_asi%C3%A1tico\">Wikipedia<\/a> o consulte la tabla siguiente.<\/p>\n<table border=\"2\">\n<tbody>\n<tr>\n<th style=\"text-align: center;\">H\u00e1ndicap<\/th>\n<th style=\"text-align: center;\">Resultado del Equipo<\/th>\n<th style=\"text-align: center;\">Resultado de la Apuesta<\/th>\n<th style=\"text-align: center;\">H\u00e1ndicap<\/th>\n<th style=\"text-align: center;\">Resultado del Equipo<\/th>\n<th style=\"text-align: center;\">Resultado de la Apuesta<\/th>\n<\/tr>\n<tr>\n<th style=\"text-align: center; vertical-align: middle;\" rowspan=\"3\">0<\/th>\n<td style=\"text-align: center;\">Gana<\/td>\n<td style=\"text-align: center;\">Gana<\/td>\n<th style=\"text-align: center; vertical-align: middle;\" rowspan=\"3\">0<\/th>\n<td style=\"text-align: center;\">Gana<\/td>\n<td style=\"text-align: center;\">Gana<\/td>\n<\/tr>\n<tr>\n<td style=\"text-align: center;\">Empata<\/td>\n<td style=\"text-align: center;\">Reembolso de la Apuesta<\/td>\n<td style=\"text-align: center;\">Empata<\/td>\n<td style=\"text-align: center;\">Reembolso de la Apuesta<\/td>\n<\/tr>\n<tr>\n<td style=\"text-align: center;\">Pierde<\/td>\n<td style=\"text-align: center;\">Pierde<\/td>\n<td style=\"text-align: center;\">Pierde<\/td>\n<td style=\"text-align: center;\">Pierde<\/td>\n<\/tr>\n<tr>\n<th style=\"text-align: center; vertical-align: middle;\" rowspan=\"3\">&#8211; 0.25<\/th>\n<td style=\"text-align: center;\">Gana<\/td>\n<td style=\"text-align: center;\">Gana<\/td>\n<th style=\"text-align: center; vertical-align: middle;\" rowspan=\"3\">+ 0.25<\/th>\n<td style=\"text-align: center;\">Gana<\/td>\n<td style=\"text-align: center;\">Gana<\/td>\n<\/tr>\n<tr>\n<td style=\"text-align: center;\">Empata<\/td>\n<td style=\"text-align: center;\">Media p\u00e9rdida<\/td>\n<td style=\"text-align: center;\">Empata<\/td>\n<td style=\"text-align: center;\">Media ganancia<\/td>\n<\/tr>\n<tr>\n<td style=\"text-align: center;\">Pierde<\/td>\n<td style=\"text-align: center;\">Pierde<\/td>\n<td style=\"text-align: center;\">Pierde<\/td>\n<td style=\"text-align: center;\">Pierde<\/td>\n<\/tr>\n<tr>\n<th style=\"text-align: center; vertical-align: middle;\" rowspan=\"3\">&#8211; 0.50<\/th>\n<td style=\"text-align: center;\">Gana<\/td>\n<td style=\"text-align: center;\">Gana<\/td>\n<th style=\"text-align: center; vertical-align: middle;\" rowspan=\"3\">+ 0.50<\/th>\n<td style=\"text-align: center;\">Gana<\/td>\n<td style=\"text-align: center;\">Gana<\/td>\n<\/tr>\n<tr>\n<td style=\"text-align: center;\">Empata<\/td>\n<td style=\"text-align: center;\">Pierde<\/td>\n<td style=\"text-align: center;\">Empata<\/td>\n<td style=\"text-align: center;\">Gana<\/td>\n<\/tr>\n<tr>\n<td style=\"text-align: center;\">Pierde<\/td>\n<td style=\"text-align: center;\">Pierde<\/td>\n<td style=\"text-align: center;\">Pierde<\/td>\n<td style=\"text-align: center;\">Pierde<\/td>\n<\/tr>\n<tr>\n<th style=\"text-align: center; vertical-align: middle;\" rowspan=\"4\">&#8211; 0.75<\/th>\n<td style=\"text-align: center;\">Ganar por 2+<\/td>\n<td style=\"text-align: center;\">Gana<\/td>\n<th style=\"text-align: center; vertical-align: middle;\" rowspan=\"4\">+ 0.75<\/th>\n<td style=\"text-align: center;\">Gana<\/td>\n<td style=\"text-align: center;\">Gana<\/td>\n<\/tr>\n<tr>\n<td style=\"text-align: center;\">Ganar por 1<\/td>\n<td style=\"text-align: center;\">Media ganancia<\/td>\n<td style=\"text-align: center;\">Empata<\/td>\n<td style=\"text-align: center;\">Gana<\/td>\n<\/tr>\n<tr>\n<td style=\"text-align: center;\">Empata<\/td>\n<td style=\"text-align: center;\">Pierde<\/td>\n<td style=\"text-align: center;\">Perder por 1<\/td>\n<td style=\"text-align: center;\">Media p\u00e9rdida<\/td>\n<\/tr>\n<tr>\n<td style=\"text-align: center;\">Pierde<\/td>\n<td style=\"text-align: center;\">Pierde<\/td>\n<td style=\"text-align: center;\">Perder por 2+<\/td>\n<td style=\"text-align: center;\">Pierde<\/td>\n<\/tr>\n<tr>\n<th style=\"text-align: center; vertical-align: middle;\" rowspan=\"4\">&#8211; 1.00<\/th>\n<td style=\"text-align: center;\">Ganar por 2+<\/td>\n<td style=\"text-align: center;\">Gana<\/td>\n<th style=\"text-align: center; vertical-align: middle;\" rowspan=\"4\">+ 1.00<\/th>\n<td style=\"text-align: center;\">Gana<\/td>\n<td style=\"text-align: center;\">Gana<\/td>\n<\/tr>\n<tr>\n<td style=\"text-align: center;\">Ganar por 1<\/td>\n<td style=\"text-align: center;\">Reembolso de la Apuesta<\/td>\n<td style=\"text-align: center;\">Empata<\/td>\n<td style=\"text-align: center;\">Gana<\/td>\n<\/tr>\n<tr>\n<td style=\"text-align: center;\">Empata<\/td>\n<td style=\"text-align: center;\">Pierde<\/td>\n<td style=\"text-align: center;\">Perder por 1<\/td>\n<td style=\"text-align: center;\">Reembolso de la Apuesta<\/td>\n<\/tr>\n<tr>\n<td style=\"text-align: center;\">Pierde<\/td>\n<td style=\"text-align: center;\">Pierde<\/td>\n<td style=\"text-align: center;\">Perder por 2+<\/td>\n<td style=\"text-align: center;\">Pierde<\/td>\n<\/tr>\n<tr>\n<th style=\"text-align: center; vertical-align: middle;\" rowspan=\"4\">&#8211; 1.25<\/th>\n<td style=\"text-align: center;\">Ganar por 2+<\/td>\n<td style=\"text-align: center;\">Gana<\/td>\n<th style=\"text-align: center; vertical-align: middle;\" rowspan=\"4\">+ 1.25<\/th>\n<td style=\"text-align: center;\">Gana<\/td>\n<td style=\"text-align: center;\">Gana<\/td>\n<\/tr>\n<tr>\n<td style=\"text-align: center;\">Ganar por 1<\/td>\n<td style=\"text-align: center;\">Media p\u00e9rdida<\/td>\n<td style=\"text-align: center;\">Empata<\/td>\n<td style=\"text-align: center;\">Gana<\/td>\n<\/tr>\n<tr>\n<td style=\"text-align: center;\">Empata<\/td>\n<td style=\"text-align: center;\">Pierde<\/td>\n<td style=\"text-align: center;\">Perder por 1<\/td>\n<td style=\"text-align: center;\">Media ganancia<\/td>\n<\/tr>\n<tr>\n<td style=\"text-align: center;\">Pierde<\/td>\n<td style=\"text-align: center;\">Pierde<\/td>\n<td style=\"text-align: center;\">Perder por 2+<\/td>\n<td style=\"text-align: center;\">Pierde<\/td>\n<\/tr>\n<tr>\n<th style=\"text-align: center; vertical-align: middle;\" rowspan=\"4\">&#8211; 1.50<\/th>\n<td style=\"text-align: center;\">Ganar por 2+<\/td>\n<td style=\"text-align: center;\">Gana<\/td>\n<th style=\"text-align: center; vertical-align: middle;\" rowspan=\"4\">+ 1.50<\/th>\n<td style=\"text-align: center;\">Gana<\/td>\n<td style=\"text-align: center;\">Gana<\/td>\n<\/tr>\n<tr>\n<td style=\"text-align: center;\">Ganar por 1<\/td>\n<td style=\"text-align: center;\">Pierde<\/td>\n<td style=\"text-align: center;\">Empata<\/td>\n<td style=\"text-align: center;\">Gana<\/td>\n<\/tr>\n<tr>\n<td style=\"text-align: center;\">Empata<\/td>\n<td style=\"text-align: center;\">Pierde<\/td>\n<td style=\"text-align: center;\">Perder por 1<\/td>\n<td style=\"text-align: center;\">Gana<\/td>\n<\/tr>\n<tr>\n<td style=\"text-align: center;\">Pierde<\/td>\n<td style=\"text-align: center;\">Pierde<\/td>\n<td style=\"text-align: center;\">Perder por 2+<\/td>\n<td style=\"text-align: center;\">Pierde<\/td>\n<\/tr>\n<tr>\n<th style=\"text-align: center; vertical-align: middle;\" rowspan=\"5\">&#8211; 1.75<\/th>\n<td style=\"text-align: center;\">Ganar por 3+<\/td>\n<td style=\"text-align: center;\">Gana<\/td>\n<th style=\"text-align: center; vertical-align: middle;\" rowspan=\"5\">+ 1.75<\/th>\n<td style=\"text-align: center;\">Gana<\/td>\n<td style=\"text-align: center;\">Gana<\/td>\n<\/tr>\n<tr>\n<td style=\"text-align: center;\">Ganar por 2<\/td>\n<td style=\"text-align: center;\">Media ganancia<\/td>\n<td style=\"text-align: center;\">Empata<\/td>\n<td style=\"text-align: center;\">Gana<\/td>\n<\/tr>\n<tr>\n<td style=\"text-align: center;\">Ganar por 1<\/td>\n<td style=\"text-align: center;\">Pierde<\/td>\n<td style=\"text-align: center;\">Perder por 1<\/td>\n<td style=\"text-align: center;\">Gana<\/td>\n<\/tr>\n<tr>\n<td style=\"text-align: center;\">Empata<\/td>\n<td style=\"text-align: center;\">Pierde<\/td>\n<td style=\"text-align: center;\">Perder por 2<\/td>\n<td style=\"text-align: center;\">Media p\u00e9rdida<\/td>\n<\/tr>\n<tr>\n<td style=\"text-align: center;\">Pierde<\/td>\n<td style=\"text-align: center;\">Pierde<\/td>\n<td style=\"text-align: center;\">Perder por 3+<\/td>\n<td style=\"text-align: center;\">Pierde<\/td>\n<\/tr>\n<tr>\n<th style=\"text-align: center; vertical-align: middle;\" rowspan=\"5\">&#8211; 2.00<\/th>\n<td style=\"text-align: center;\">Ganar por 3+<\/td>\n<td style=\"text-align: center;\">Gana<\/td>\n<th style=\"text-align: center; vertical-align: middle;\" rowspan=\"5\">+ 2.00<\/th>\n<td style=\"text-align: center;\">Gana<\/td>\n<td style=\"text-align: center;\">Gana<\/td>\n<\/tr>\n<tr>\n<td style=\"text-align: center;\">Ganar por 2<\/td>\n<td style=\"text-align: center;\">Reembolso de la Apuesta<\/td>\n<td style=\"text-align: center;\">Empata<\/td>\n<td style=\"text-align: center;\">Gana<\/td>\n<\/tr>\n<tr>\n<td style=\"text-align: center;\">Ganar por 1<\/td>\n<td style=\"text-align: center;\">Pierde<\/td>\n<td style=\"text-align: center;\">Perder por 1<\/td>\n<td style=\"text-align: center;\">Gana<\/td>\n<\/tr>\n<tr>\n<td style=\"text-align: center;\">Empata<\/td>\n<td style=\"text-align: center;\">Pierde<\/td>\n<td style=\"text-align: center;\">Perder por 2<\/td>\n<td style=\"text-align: center;\">Reembolso de la Apuesta<\/td>\n<\/tr>\n<tr>\n<td style=\"text-align: center;\">Pierde<\/td>\n<td style=\"text-align: center;\">Pierde<\/td>\n<td style=\"text-align: center;\">Perder por 3+<\/td>\n<td style=\"text-align: center;\">Pierde<\/td>\n<\/tr>\n<\/tbody>\n<\/table>\n<p><a href=\"http:\/\/www.bet365.com\/home\/?affiliate=365_372111\"><img loading=\"lazy\" decoding=\"async\" class=\"size-full wp-image-12880 alignnone\" src=\"http:\/\/bookmaker-info.com\/es\/wordpress\/wp-content\/uploads\/2018\/01\/Bet365-Logo.png\" alt=\"\" width=\"125\" height=\"64\"><\/a><br \/>\n<a href=\"http:\/\/www.bet365.com\/home\/?affiliate=365_372111\">bet365<\/a><\/p>\n","protected":false},"excerpt":{"rendered":"<p>\uff08\uff11\uff09Inicia sesi\u00f3n en bet365 bet365 (Publicidad) Despu\u00e9s de introducir tu Nombre de Usuario y Contrase\u00f1a, haz clic en \u201cIR\u201d para iniciar sesi\u00f3n. \uff08\uff12\uff09Selecciona el juego\/partido en el que te gustar\u00eda apostar En este ejemplo, te mostraremos c\u00f3mo apostar en un juego de la Espa\u00f1a &#8211; 1a Divisi\u00f3n. Primero, haz clic en \u201cF\u00fatbol\u201d en la lista [&hellip;]<\/p>\n","protected":false},"author":1,"featured_media":0,"parent":0,"menu_order":0,"comment_status":"open","ping_status":"closed","template":"","meta":{"footnotes":""},"class_list":["post-247","page","type-page","status-publish","hentry"],"_links":{"self":[{"href":"http:\/\/bookmaker-info.com\/es\/wp-json\/wp\/v2\/pages\/247","targetHints":{"allow":["GET"]}}],"collection":[{"href":"http:\/\/bookmaker-info.com\/es\/wp-json\/wp\/v2\/pages"}],"about":[{"href":"http:\/\/bookmaker-info.com\/es\/wp-json\/wp\/v2\/types\/page"}],"author":[{"embeddable":true,"href":"http:\/\/bookmaker-info.com\/es\/wp-json\/wp\/v2\/users\/1"}],"replies":[{"embeddable":true,"href":"http:\/\/bookmaker-info.com\/es\/wp-json\/wp\/v2\/comments?post=247"}],"version-history":[{"count":65,"href":"http:\/\/bookmaker-info.com\/es\/wp-json\/wp\/v2\/pages\/247\/revisions"}],"predecessor-version":[{"id":13191,"href":"http:\/\/bookmaker-info.com\/es\/wp-json\/wp\/v2\/pages\/247\/revisions\/13191"}],"wp:attachment":[{"href":"http:\/\/bookmaker-info.com\/es\/wp-json\/wp\/v2\/media?parent=247"}],"curies":[{"name":"wp","href":"https:\/\/api.w.org\/{rel}","templated":true}]}}