{"id":424,"date":"2013-07-02T19:16:36","date_gmt":"2013-07-02T10:16:36","guid":{"rendered":"http:\/\/bookmaker-info.com\/?page_id=424"},"modified":"2018-11-30T05:44:31","modified_gmt":"2018-11-30T05:44:31","slug":"888sport-apuesta","status":"publish","type":"page","link":"http:\/\/bookmaker-info.com\/es\/888sport-apuesta","title":{"rendered":"C\u00f3mo Apostar en 888sport"},"content":{"rendered":"<h2 class=\"title\">\uff08\uff11\uff09Inicia sesi\u00f3n en 888sport<\/h2>\n<p><a onclick=\"_gaq.push(['_trackEvent', 'Affiliate Links', '888sport', '\/888sport-apuesta',, true]);\" href=\"https:\/\/mmwebhandler.aff-online.com\/c\/41262?sr=1115394\" rel=\"nofollow\">888sport<\/a><\/p>\n<p><a href=\"http:\/\/bookmaker-info.com\/es\/wordpress\/wp-content\/uploads\/2013\/07\/888sport_apuesta_1.png\"><img loading=\"lazy\" decoding=\"async\" class=\"alignnone size-full wp-image-11997\" alt=\"888sport Apuesta\" src=\"http:\/\/bookmaker-info.com\/es\/wordpress\/wp-content\/uploads\/2013\/07\/888sport_apuesta_1.png\" width=\"979\" height=\"205\" srcset=\"http:\/\/bookmaker-info.com\/es\/wordpress\/wp-content\/uploads\/2013\/07\/888sport_apuesta_1.png 979w, http:\/\/bookmaker-info.com\/es\/wordpress\/wp-content\/uploads\/2013\/07\/888sport_apuesta_1-300x62.png 300w, http:\/\/bookmaker-info.com\/es\/wordpress\/wp-content\/uploads\/2013\/07\/888sport_apuesta_1-624x130.png 624w\" sizes=\"auto, (max-width: 979px) 100vw, 979px\" \/><\/a><\/p>\n<p>Si el sitio no se muestra en tu idioma preferido, puedes cambiar el idioma al ir a la parte superior derecha de la pantalla para seleccionar el idioma de tu preferencia.<\/p>\n<p>Despu\u00e9s de introducir tu Nombre de Usuario y Contrase\u00f1a, haz clic en \u201cIniciar Sesi\u00f3n\u201d para iniciar sesi\u00f3n.<\/p>\n<h2 class=\"title\">\uff08\uff12\uff09Selecciona el juego\/partido en el que te gustar\u00eda apostar<\/h2>\n<p><a href=\"http:\/\/bookmaker-info.com\/es\/wordpress\/wp-content\/uploads\/2013\/07\/888sport_apuesta_2.png\"><img loading=\"lazy\" decoding=\"async\" class=\"alignnone size-full wp-image-11998\" alt=\"888sport Apuesta\" src=\"http:\/\/bookmaker-info.com\/es\/wordpress\/wp-content\/uploads\/2013\/07\/888sport_apuesta_2.png\" width=\"957\" height=\"731\" srcset=\"http:\/\/bookmaker-info.com\/es\/wordpress\/wp-content\/uploads\/2013\/07\/888sport_apuesta_2.png 957w, http:\/\/bookmaker-info.com\/es\/wordpress\/wp-content\/uploads\/2013\/07\/888sport_apuesta_2-300x229.png 300w, http:\/\/bookmaker-info.com\/es\/wordpress\/wp-content\/uploads\/2013\/07\/888sport_apuesta_2-624x476.png 624w\" sizes=\"auto, (max-width: 957px) 100vw, 957px\" \/><\/a><\/p>\n<p>En este ejemplo, te mostraremos c\u00f3mo apostar en un juego de la Liga Premier de Inglaterra.<br \/>\nPrimero, haz clic en\u00a0\u201cPremier League\u201d en la lista de deportes ubicada a la izquierda de la pantalla.<\/p>\n<h2 class=\"title\">\uff08\uff13\uff09Selecciona el tipo de apuesta<\/h2>\n<p><a href=\"http:\/\/bookmaker-info.com\/es\/wordpress\/wp-content\/uploads\/2013\/07\/888sport_apuesta_3.png\"><img loading=\"lazy\" decoding=\"async\" class=\"alignnone size-full wp-image-11999\" alt=\"888sport Apuesta\" src=\"http:\/\/bookmaker-info.com\/es\/wordpress\/wp-content\/uploads\/2013\/07\/888sport_apuesta_3.png\" width=\"493\" height=\"448\" srcset=\"http:\/\/bookmaker-info.com\/es\/wordpress\/wp-content\/uploads\/2013\/07\/888sport_apuesta_3.png 493w, http:\/\/bookmaker-info.com\/es\/wordpress\/wp-content\/uploads\/2013\/07\/888sport_apuesta_3-300x272.png 300w\" sizes=\"auto, (max-width: 493px) 100vw, 493px\" \/><\/a><\/p>\n<p>Uno de los tipos de apuestas m\u00e1s f\u00e1ciles de entender es el &#8220;Resultado del Tiempo Completo&#8221; (tambi\u00e9n conocido como Apuesta del Juego o L\u00ednea de Dinero). Un Resultado del Tiempo Completo significa que predices que equipo piensas que ganar\u00e1 o empatar\u00e1. En nuestro ejemplo anterior, tenemos tres opciones ya sea prediciendo 1 &#8211; Casa) que el Manchester City gana, 2 &#8211; Visitante) el West Bromwich gana o X &#8211; Empate)\u00a0el Manchester City empata con el West Bromwich. En este ejemplo, escogeremos a\u00a0Manchester City como ganador, por lo tanto haremos clic en las cuotas 1.32.<\/p>\n<p><a href=\"http:\/\/bookmaker-info.com\/es\/wordpress\/wp-content\/uploads\/2013\/07\/888sport_apuesta_4.png\"><img loading=\"lazy\" decoding=\"async\" class=\"alignnone size-full wp-image-12000\" alt=\"888sport Apuesta\" src=\"http:\/\/bookmaker-info.com\/es\/wordpress\/wp-content\/uploads\/2013\/07\/888sport_apuesta_4.png\" width=\"707\" height=\"771\" srcset=\"http:\/\/bookmaker-info.com\/es\/wordpress\/wp-content\/uploads\/2013\/07\/888sport_apuesta_4.png 707w, http:\/\/bookmaker-info.com\/es\/wordpress\/wp-content\/uploads\/2013\/07\/888sport_apuesta_4-275x300.png 275w, http:\/\/bookmaker-info.com\/es\/wordpress\/wp-content\/uploads\/2013\/07\/888sport_apuesta_4-624x680.png 624w\" sizes=\"auto, (max-width: 707px) 100vw, 707px\" \/><\/a><\/p>\n<p>\u203b Ten en cuenta que la fecha y la hora del partido est\u00e1n a la izquierda de la pantalla. La fecha y hora se muestran basadas en la zona horaria actual de t\u00fa direcci\u00f3n IP. Para ver tu zona horaria actual, ve hacia el encabezado verde en la esquina superior izquierda de la pantalla. La \u00fanica manera en que se puede cambiar la configuraci\u00f3n de la zona horaria es si inicias sesi\u00f3n en tu cuenta de 888sport desde una direcci\u00f3n IP con una zona horaria distinta.<\/p>\n<h2 class=\"title\">\uff08\uff14\uff09Introduce el monto de tu apuesta<\/h2>\n<p><a href=\"http:\/\/bookmaker-info.com\/es\/wordpress\/wp-content\/uploads\/2013\/07\/888sport_apuesta_5.png\"><img loading=\"lazy\" decoding=\"async\" class=\"alignnone size-full wp-image-12001\" alt=\"888sport Apuesta\" src=\"http:\/\/bookmaker-info.com\/es\/wordpress\/wp-content\/uploads\/2013\/07\/888sport_apuesta_5.png\" width=\"744\" height=\"524\" srcset=\"http:\/\/bookmaker-info.com\/es\/wordpress\/wp-content\/uploads\/2013\/07\/888sport_apuesta_5.png 744w, http:\/\/bookmaker-info.com\/es\/wordpress\/wp-content\/uploads\/2013\/07\/888sport_apuesta_5-300x211.png 300w, http:\/\/bookmaker-info.com\/es\/wordpress\/wp-content\/uploads\/2013\/07\/888sport_apuesta_5-624x439.png 624w\" sizes=\"auto, (max-width: 744px) 100vw, 744px\" \/><\/a><\/p>\n<p>Despu\u00e9s de hacer clic en las cuotas donde te gustar\u00eda apostar, la selecci\u00f3n de tu apuesta se mostrar\u00e1 debajo de \u201cBOLETO DE APUESTAS\u201d ubicado a la derecha de la pantalla.<\/p>\n<p>Una vez que introduces tu participaci\u00f3n o apuesta (la cantidad de dinero que te gustar\u00eda apostar), la cantidad de dinero (participaci\u00f3n + ganancia) que te ser\u00eda devuelta si ganar\u00e1s la apuesta se mostrar\u00eda autom\u00e1ticamente debajo de \u201cGanancias Pot.\u201d.<\/p>\n<p>Una vez que colocaste tu participaci\u00f3n en la apuesta, haz clic en el bot\u00f3n verde de \u201cAPOSTAR\u201d para finalizar t\u00fa(s) apuesta(s).<\/p>\n<h2 class=\"title\">\u203b Otras Opciones de Apuesta<\/h2>\n<p>Si consultas la captura de pantalla a continuaci\u00f3n, ver\u00e1s un &#8220;+117&#8221; a la izquierda de las cuotas del juego. Si haces clic en esta pesta\u00f1a, todos los tipos de apuestas disponibles (117 en este ejemplo) se mostrar\u00e1n para este juego en particular.<\/p>\n<p><a href=\"http:\/\/bookmaker-info.com\/es\/wordpress\/wp-content\/uploads\/2013\/07\/888sport_apuesta_6.png\"><img loading=\"lazy\" decoding=\"async\" class=\"alignnone size-full wp-image-12002\" alt=\"888sport Apuesta\" src=\"http:\/\/bookmaker-info.com\/es\/wordpress\/wp-content\/uploads\/2013\/07\/888sport_apuesta_6.png\" width=\"493\" height=\"448\" srcset=\"http:\/\/bookmaker-info.com\/es\/wordpress\/wp-content\/uploads\/2013\/07\/888sport_apuesta_6.png 493w, http:\/\/bookmaker-info.com\/es\/wordpress\/wp-content\/uploads\/2013\/07\/888sport_apuesta_6-300x272.png 300w\" sizes=\"auto, (max-width: 493px) 100vw, 493px\" \/><\/a><\/p>\n<h2 class=\"title\">Ejemplos de otras opciones de apuesta<\/h2>\n<p><strong>Doble Oportunidad<\/strong><br \/>\n<a href=\"http:\/\/bookmaker-info.com\/es\/wordpress\/wp-content\/uploads\/2013\/07\/888sport_apuesta_7.png\"><img loading=\"lazy\" decoding=\"async\" class=\"alignnone size-full wp-image-12003\" title=\"888sport Apuesta - Doble Oportunidad\" alt=\"888sport Apuesta - Doble Oportunidad\" src=\"http:\/\/bookmaker-info.com\/es\/wordpress\/wp-content\/uploads\/2013\/07\/888sport_apuesta_7.png\" width=\"490\" height=\"61\" srcset=\"http:\/\/bookmaker-info.com\/es\/wordpress\/wp-content\/uploads\/2013\/07\/888sport_apuesta_7.png 490w, http:\/\/bookmaker-info.com\/es\/wordpress\/wp-content\/uploads\/2013\/07\/888sport_apuesta_7-300x37.png 300w\" sizes=\"auto, (max-width: 490px) 100vw, 490px\" \/><\/a><\/p>\n<p>Una apuesta de \u201cDoble Oportunidad\u201d significa que puedes apostar una vez a dos resultados diferentes tal como, 1) el equipo local gana o empata, 2) el equipo visitante gana o empata, 3) no hay empate, lo que significa que el equipo local gana o el visitante gana.<\/p>\n<p><strong>Resultado Correcto<\/strong><br \/>\n<a href=\"http:\/\/bookmaker-info.com\/es\/wordpress\/wp-content\/uploads\/2013\/07\/888sport_apuesta_8.png\"><img loading=\"lazy\" decoding=\"async\" class=\"alignnone size-full wp-image-12004\" title=\"888sport Apuesta - Resultado Correcto\" alt=\"888sport Apuesta - Resultado Correcto\" src=\"http:\/\/bookmaker-info.com\/es\/wordpress\/wp-content\/uploads\/2013\/07\/888sport_apuesta_8.png\" width=\"487\" height=\"282\" srcset=\"http:\/\/bookmaker-info.com\/es\/wordpress\/wp-content\/uploads\/2013\/07\/888sport_apuesta_8.png 487w, http:\/\/bookmaker-info.com\/es\/wordpress\/wp-content\/uploads\/2013\/07\/888sport_apuesta_8-300x173.png 300w\" sizes=\"auto, (max-width: 487px) 100vw, 487px\" \/><\/a><\/p>\n<p>Una apuesta de \u201cResultado Correcto\u201d significa que puedes apostarle al que tu piensas que ser\u00e1 el marcador final del partido.<\/p>\n<p><strong>Descanso\/Final del Partido<\/strong><br \/>\n<a href=\"http:\/\/bookmaker-info.com\/es\/wordpress\/wp-content\/uploads\/2013\/07\/888sport_apuesta_9.png\"><img loading=\"lazy\" decoding=\"async\" class=\"alignnone size-full wp-image-12005\" title=\"888sport Apuesta - Descanso\/Final del Partido\" alt=\"888sport Apuesta - Descanso\/Final del Partido\" src=\"http:\/\/bookmaker-info.com\/es\/wordpress\/wp-content\/uploads\/2013\/07\/888sport_apuesta_9.png\" width=\"488\" height=\"109\" srcset=\"http:\/\/bookmaker-info.com\/es\/wordpress\/wp-content\/uploads\/2013\/07\/888sport_apuesta_9.png 488w, http:\/\/bookmaker-info.com\/es\/wordpress\/wp-content\/uploads\/2013\/07\/888sport_apuesta_9-300x67.png 300w\" sizes=\"auto, (max-width: 488px) 100vw, 488px\" \/><\/a><\/p>\n<p>Una apuesta de\u00a0\u201cDescanso\/Final del Partido\u201d significa que puedes apostarle al resultado correcto que piensas se dar\u00e1 en el primer tiempo y tambi\u00e9n en el marcador final. Utilizando el ejemplo de\u00a0Manchester City &#8211; West Bromwich, si el marcador en el medio tiempo es de 0-1 y el marcador final es de 2-1, necesitar\u00edas apostar a &#8220;visitante\/Local&#8221; para poder ganar la apuesta.<\/p>\n<p><strong>Total de Goles<\/strong><br \/>\n<a href=\"http:\/\/bookmaker-info.com\/es\/wordpress\/wp-content\/uploads\/2013\/07\/888sport_apuesta_10.png\"><img loading=\"lazy\" decoding=\"async\" class=\"alignnone size-full wp-image-12006\" title=\"888sport Apuesta - Total de Goles\" alt=\"888sport Apuesta - Total de Goles\" src=\"http:\/\/bookmaker-info.com\/es\/wordpress\/wp-content\/uploads\/2013\/07\/888sport_apuesta_10.png\" width=\"492\" height=\"211\" srcset=\"http:\/\/bookmaker-info.com\/es\/wordpress\/wp-content\/uploads\/2013\/07\/888sport_apuesta_10.png 492w, http:\/\/bookmaker-info.com\/es\/wordpress\/wp-content\/uploads\/2013\/07\/888sport_apuesta_10-300x128.png 300w\" sizes=\"auto, (max-width: 492px) 100vw, 492px\" \/><\/a><\/p>\n<p>Una apuesta de \u201cTotal de Goles\u201d que siempre se fija en &#8220;M\u00e1s de X.5&#8221; y &#8220;Menos de X.5&#8221;, significa que apuestas al n\u00famero total de goles que crees ser\u00e1n anotados en un partido. &#8220;M\u00e1s de 2.5&#8221; significa que 3 goles o m\u00e1s ser\u00edan una apuesta ganadora mientras que &#8220;Menos de 2.5&#8221; significa que 2 goles o menos ser\u00edan una apuesta ganadora.<\/p>\n<p><strong>Apuesta Sin Empate<br \/>\n<a href=\"http:\/\/bookmaker-info.com\/es\/wordpress\/wp-content\/uploads\/2013\/07\/888sport_apuesta_11.png\"><img loading=\"lazy\" decoding=\"async\" class=\"alignnone size-full wp-image-12007\" title=\"888sport Apuesta - Apuesta Sin Empate\" alt=\"888sport Apuesta - Apuesta Sin Empate\" src=\"http:\/\/bookmaker-info.com\/es\/wordpress\/wp-content\/uploads\/2013\/07\/888sport_apuesta_11.png\" width=\"492\" height=\"64\" srcset=\"http:\/\/bookmaker-info.com\/es\/wordpress\/wp-content\/uploads\/2013\/07\/888sport_apuesta_11.png 492w, http:\/\/bookmaker-info.com\/es\/wordpress\/wp-content\/uploads\/2013\/07\/888sport_apuesta_11-300x39.png 300w\" sizes=\"auto, (max-width: 492px) 100vw, 492px\" \/><\/a><\/strong><\/p>\n<p>Una apuesta de \u201cApuesta Sin Empate\u201d significa que apostaste en el equipo que piensas que ganar\u00e1. Si el resultado es un empate, entonces tu participaci\u00f3n o apuesta ser\u00e1 reembolsada y no incurrir\u00e1 en ninguna p\u00e9rdida.<\/p>\n<p><a onclick=\"_gaq.push(['_trackEvent', 'Affiliate Links', '888sport', '\/888sport-apuesta',, true]);\" href=\"https:\/\/mmwebhandler.aff-online.com\/c\/41262?sr=1115394\" rel=\"nofollow\"><img loading=\"lazy\" decoding=\"async\" style=\"border: 0px none;\" title=\"888sport Logotipo\" alt=\"888sport Logotipo\" src=\"https:\/\/mmwebhandler.888.com\/I\/30657?sr=1115394\" width=\"125\" height=\"125\" \/><\/a><br \/>\n<a onclick=\"_gaq.push(['_trackEvent', 'Affiliate Links', '888sport', '\/888sport-apuesta',, true]);\" href=\"https:\/\/mmwebhandler.aff-online.com\/c\/41262?sr=1115394\" rel=\"nofollow\">888sport<\/a><\/p>\n","protected":false},"excerpt":{"rendered":"<p>\uff08\uff11\uff09Inicia sesi\u00f3n en 888sport 888sport Si el sitio no se muestra en tu idioma preferido, puedes cambiar el idioma al ir a la parte superior derecha de la pantalla para seleccionar el idioma de tu preferencia. Despu\u00e9s de introducir tu Nombre de Usuario y Contrase\u00f1a, haz clic en \u201cIniciar Sesi\u00f3n\u201d para iniciar sesi\u00f3n. \uff08\uff12\uff09Selecciona el [&hellip;]<\/p>\n","protected":false},"author":1,"featured_media":0,"parent":0,"menu_order":0,"comment_status":"open","ping_status":"closed","template":"","meta":{"footnotes":""},"class_list":["post-424","page","type-page","status-publish","hentry"],"_links":{"self":[{"href":"http:\/\/bookmaker-info.com\/es\/wp-json\/wp\/v2\/pages\/424","targetHints":{"allow":["GET"]}}],"collection":[{"href":"http:\/\/bookmaker-info.com\/es\/wp-json\/wp\/v2\/pages"}],"about":[{"href":"http:\/\/bookmaker-info.com\/es\/wp-json\/wp\/v2\/types\/page"}],"author":[{"embeddable":true,"href":"http:\/\/bookmaker-info.com\/es\/wp-json\/wp\/v2\/users\/1"}],"replies":[{"embeddable":true,"href":"http:\/\/bookmaker-info.com\/es\/wp-json\/wp\/v2\/comments?post=424"}],"version-history":[{"count":39,"href":"http:\/\/bookmaker-info.com\/es\/wp-json\/wp\/v2\/pages\/424\/revisions"}],"predecessor-version":[{"id":13007,"href":"http:\/\/bookmaker-info.com\/es\/wp-json\/wp\/v2\/pages\/424\/revisions\/13007"}],"wp:attachment":[{"href":"http:\/\/bookmaker-info.com\/es\/wp-json\/wp\/v2\/media?parent=424"}],"curies":[{"name":"wp","href":"https:\/\/api.w.org\/{rel}","templated":true}]}}