{"id":770,"date":"2013-07-28T14:30:32","date_gmt":"2013-07-28T14:30:32","guid":{"rendered":"http:\/\/bookmaker-info.com\/?page_id=770"},"modified":"2024-04-30T14:15:29","modified_gmt":"2024-04-30T14:15:29","slug":"pinnacle-sports-retirada","status":"publish","type":"page","link":"http:\/\/bookmaker-info.com\/es\/pinnacle-sports-retirada","title":{"rendered":"C\u00f3mo Retirar de mi Cuenta de Pinnacle"},"content":{"rendered":"<h2 class=\"title\">\uff08\uff11\uff09Inicia sesi\u00f3n en Pinnacle<\/h2>\n<p><a onclick=\"_gaq.push(['_trackEvent', 'Affiliate Links', 'Pinnacle Sports', '\/pinnacle-sports-retirada',, true]);\" href=\"https:\/\/wlpinnacle.adsrv.eacdn.com\/C.ashx?btag=a_11407b_15560c_&amp;affid=10689&amp;siteid=11407&amp;adid=15560&amp;c=\">Pinnacle<\/a><\/p>\n<p><a href=\"http:\/\/bookmaker-info.com\/es\/wordpress\/wp-content\/uploads\/2013\/07\/pinnacle_sports_retirada_1.png\"><img loading=\"lazy\" decoding=\"async\" class=\"alignnone size-full wp-image-12112\" alt=\"Pinnacle Sports Retirada\" src=\"http:\/\/bookmaker-info.com\/es\/wordpress\/wp-content\/uploads\/2013\/07\/pinnacle_sports_retirada_1.png\" width=\"879\" height=\"593\" srcset=\"http:\/\/bookmaker-info.com\/es\/wordpress\/wp-content\/uploads\/2013\/07\/pinnacle_sports_retirada_1.png 879w, http:\/\/bookmaker-info.com\/es\/wordpress\/wp-content\/uploads\/2013\/07\/pinnacle_sports_retirada_1-300x202.png 300w, http:\/\/bookmaker-info.com\/es\/wordpress\/wp-content\/uploads\/2013\/07\/pinnacle_sports_retirada_1-624x420.png 624w\" sizes=\"auto, (max-width: 879px) 100vw, 879px\" \/><\/a><\/p>\n<p>Despu\u00e9s de introducir tu ID del cliente y Contrase\u00f1a, haz clic en \u201cIniciar sesi\u00f3n\u201d para iniciar sesi\u00f3n.<\/p>\n<h2 class=\"title\">\uff08\uff12\uff09Haz clic en \u201cIngreso\/Reintegro\u201d en la secci\u00f3n superior de la pantalla<\/h2>\n<p><a href=\"http:\/\/bookmaker-info.com\/es\/wordpress\/wp-content\/uploads\/2013\/07\/pinnacle_sports_retirada_2.png\"><img loading=\"lazy\" decoding=\"async\" class=\"alignnone size-full wp-image-12113\" alt=\"Pinnacle Sports Retirada\" src=\"http:\/\/bookmaker-info.com\/es\/wordpress\/wp-content\/uploads\/2013\/07\/pinnacle_sports_retirada_2.png\" width=\"984\" height=\"343\" srcset=\"http:\/\/bookmaker-info.com\/es\/wordpress\/wp-content\/uploads\/2013\/07\/pinnacle_sports_retirada_2.png 984w, http:\/\/bookmaker-info.com\/es\/wordpress\/wp-content\/uploads\/2013\/07\/pinnacle_sports_retirada_2-300x104.png 300w, http:\/\/bookmaker-info.com\/es\/wordpress\/wp-content\/uploads\/2013\/07\/pinnacle_sports_retirada_2-624x217.png 624w\" sizes=\"auto, (max-width: 984px) 100vw, 984px\" \/><\/a><\/p>\n<h2 class=\"title\">\uff08\uff13\uff09Si originalmente hiciste tu&nbsp;dep\u00f3sito v\u00eda NETELLER<\/h2>\n<p><a href=\"http:\/\/bookmaker-info.com\/es\/wordpress\/wp-content\/uploads\/2013\/07\/pinnacle_sports_retirada_3.png\"><img loading=\"lazy\" decoding=\"async\" class=\"alignnone size-full wp-image-12114\" alt=\"Pinnacle Sports Retirada\" src=\"http:\/\/bookmaker-info.com\/es\/wordpress\/wp-content\/uploads\/2013\/07\/pinnacle_sports_retirada_3.png\" width=\"971\" height=\"312\" srcset=\"http:\/\/bookmaker-info.com\/es\/wordpress\/wp-content\/uploads\/2013\/07\/pinnacle_sports_retirada_3.png 971w, http:\/\/bookmaker-info.com\/es\/wordpress\/wp-content\/uploads\/2013\/07\/pinnacle_sports_retirada_3-300x96.png 300w, http:\/\/bookmaker-info.com\/es\/wordpress\/wp-content\/uploads\/2013\/07\/pinnacle_sports_retirada_3-624x200.png 624w\" sizes=\"auto, (max-width: 971px) 100vw, 971px\" \/><\/a><\/p>\n<p>Si originalmente hiciste tu dep\u00f3sito v\u00eda <a href=\"http:\/\/bookmaker-info.com\/es\/neteller-registro\">NETELLER<\/a>, necesitar\u00e1s procesar tu retiro a trav\u00e9s de NETELLER tambi\u00e9n. Primero haz clic en el logotipo de NETELLER.<\/p>\n<p><a href=\"http:\/\/bookmaker-info.com\/es\/wordpress\/wp-content\/uploads\/2013\/07\/pinnacle_sports_retirada_4.png\"><img loading=\"lazy\" decoding=\"async\" class=\"alignnone size-full wp-image-12115\" alt=\"Pinnacle Sports Retirada\" src=\"http:\/\/bookmaker-info.com\/es\/wordpress\/wp-content\/uploads\/2013\/07\/pinnacle_sports_retirada_4.png\" width=\"973\" height=\"376\" srcset=\"http:\/\/bookmaker-info.com\/es\/wordpress\/wp-content\/uploads\/2013\/07\/pinnacle_sports_retirada_4.png 973w, http:\/\/bookmaker-info.com\/es\/wordpress\/wp-content\/uploads\/2013\/07\/pinnacle_sports_retirada_4-300x115.png 300w, http:\/\/bookmaker-info.com\/es\/wordpress\/wp-content\/uploads\/2013\/07\/pinnacle_sports_retirada_4-624x241.png 624w\" sizes=\"auto, (max-width: 973px) 100vw, 973px\" \/><\/a><\/p>\n<p>Luego, introduce la cantidad que te gustar\u00eda retirar (<strong>m\u00e1s de US$10\/\u20ac10\/\u00a310 o el equivalente si se usa otra divisa<\/strong>) y haz clic en el bot\u00f3n verde de \u201cEnviar\u201d para procesar tu transacci\u00f3n de retiro.<\/p>\n<p>\u203b Por favor ten en cuenta que tomar\u00e1 entre <strong>unas pocas horas hasta un (1) d\u00eda h\u00e1bil<\/strong> para que el pago del retiro se vea reflejado en tu cuenta de NETELLER.<\/p>\n<h2 class=\"title\">\uff08\uff14\uff09Si originalmente hiciste tu&nbsp;dep\u00f3sito v\u00eda Skrill<\/h2>\n<p><a href=\"http:\/\/bookmaker-info.com\/es\/wordpress\/wp-content\/uploads\/2013\/07\/pinnacle_sports_retirada_5.png\"><img loading=\"lazy\" decoding=\"async\" class=\"alignnone size-full wp-image-12116\" alt=\"Pinnacle Sports Retirada\" src=\"http:\/\/bookmaker-info.com\/es\/wordpress\/wp-content\/uploads\/2013\/07\/pinnacle_sports_retirada_5.png\" width=\"971\" height=\"312\" srcset=\"http:\/\/bookmaker-info.com\/es\/wordpress\/wp-content\/uploads\/2013\/07\/pinnacle_sports_retirada_5.png 971w, http:\/\/bookmaker-info.com\/es\/wordpress\/wp-content\/uploads\/2013\/07\/pinnacle_sports_retirada_5-300x96.png 300w, http:\/\/bookmaker-info.com\/es\/wordpress\/wp-content\/uploads\/2013\/07\/pinnacle_sports_retirada_5-624x200.png 624w\" sizes=\"auto, (max-width: 971px) 100vw, 971px\" \/><\/a><\/p>\n<p>Si originalmente hiciste tu dep\u00f3sito v\u00eda <a href=\"http:\/\/bookmaker-info.com\/es\/skrill-registro\">Skrill<\/a> (anteriormente conocido como Moneybookers), necesitar\u00e1s procesar tu retiro a trav\u00e9s de Skrill tambi\u00e9n. Primero haz clic en el logotipo de Skrill.<\/p>\n<p><a href=\"http:\/\/bookmaker-info.com\/es\/wordpress\/wp-content\/uploads\/2013\/07\/pinnacle_sports_retirada_6.png\"><img loading=\"lazy\" decoding=\"async\" class=\"alignnone size-full wp-image-12117\" alt=\"Pinnacle Sports Retirada\" src=\"http:\/\/bookmaker-info.com\/es\/wordpress\/wp-content\/uploads\/2013\/07\/pinnacle_sports_retirada_6.png\" width=\"975\" height=\"399\" srcset=\"http:\/\/bookmaker-info.com\/es\/wordpress\/wp-content\/uploads\/2013\/07\/pinnacle_sports_retirada_6.png 975w, http:\/\/bookmaker-info.com\/es\/wordpress\/wp-content\/uploads\/2013\/07\/pinnacle_sports_retirada_6-300x122.png 300w, http:\/\/bookmaker-info.com\/es\/wordpress\/wp-content\/uploads\/2013\/07\/pinnacle_sports_retirada_6-624x255.png 624w\" sizes=\"auto, (max-width: 975px) 100vw, 975px\" \/><\/a><\/p>\n<p>Luego, introduce la cantidad que te gustar\u00eda retirar (<strong>m\u00e1s de US$10\/\u20ac10\/\u00a310 o el equivalente si se usa otra divisa<\/strong>) y haz clic en el bot\u00f3n verde de \u201cEnviar\u201d para procesar tu transacci\u00f3n de retiro.<\/p>\n<p>\u203b Por favor ten en cuenta que tomar\u00e1 entre <strong>unas pocas horas hasta un (1) d\u00eda h\u00e1bil<\/strong> para que el pago del retiro se vea reflejado en tu cuenta de Skrill.<\/p>\n<p><a href=\"https:\/\/wlpinnacle.adsrv.eacdn.com\/C.ashx?btag=a_11407b_15560c_&amp;affid=10689&amp;siteid=11407&amp;adid=15560&amp;c=\"><img loading=\"lazy\" decoding=\"async\" src=\"http:\/\/bookmaker-info.com\/es\/wordpress\/wp-content\/uploads\/2014\/08\/Pinnacle-Medium.png\" alt=\"Pinnacle Logotipo\" width=\"236\" height=\"62\" class=\"alignnone size-full wp-image-12593\"><\/a><br \/>\n<a href=\"https:\/\/wlpinnacle.adsrv.eacdn.com\/C.ashx?btag=a_11407b_15560c_&amp;affid=10689&amp;siteid=11407&amp;adid=15560&amp;c=\">Pinnacle<\/a><\/p>\n","protected":false},"excerpt":{"rendered":"<p>\uff08\uff11\uff09Inicia sesi\u00f3n en Pinnacle Pinnacle Despu\u00e9s de introducir tu ID del cliente y Contrase\u00f1a, haz clic en \u201cIniciar sesi\u00f3n\u201d para iniciar sesi\u00f3n. \uff08\uff12\uff09Haz clic en \u201cIngreso\/Reintegro\u201d en la secci\u00f3n superior de la pantalla \uff08\uff13\uff09Si originalmente hiciste tu&nbsp;dep\u00f3sito v\u00eda NETELLER Si originalmente hiciste tu dep\u00f3sito v\u00eda NETELLER, necesitar\u00e1s procesar tu retiro a trav\u00e9s de NETELLER tambi\u00e9n. [&hellip;]<\/p>\n","protected":false},"author":1,"featured_media":0,"parent":0,"menu_order":0,"comment_status":"open","ping_status":"closed","template":"","meta":{"footnotes":""},"class_list":["post-770","page","type-page","status-publish","hentry"],"_links":{"self":[{"href":"http:\/\/bookmaker-info.com\/es\/wp-json\/wp\/v2\/pages\/770","targetHints":{"allow":["GET"]}}],"collection":[{"href":"http:\/\/bookmaker-info.com\/es\/wp-json\/wp\/v2\/pages"}],"about":[{"href":"http:\/\/bookmaker-info.com\/es\/wp-json\/wp\/v2\/types\/page"}],"author":[{"embeddable":true,"href":"http:\/\/bookmaker-info.com\/es\/wp-json\/wp\/v2\/users\/1"}],"replies":[{"embeddable":true,"href":"http:\/\/bookmaker-info.com\/es\/wp-json\/wp\/v2\/comments?post=770"}],"version-history":[{"count":24,"href":"http:\/\/bookmaker-info.com\/es\/wp-json\/wp\/v2\/pages\/770\/revisions"}],"predecessor-version":[{"id":13259,"href":"http:\/\/bookmaker-info.com\/es\/wp-json\/wp\/v2\/pages\/770\/revisions\/13259"}],"wp:attachment":[{"href":"http:\/\/bookmaker-info.com\/es\/wp-json\/wp\/v2\/media?parent=770"}],"curies":[{"name":"wp","href":"https:\/\/api.w.org\/{rel}","templated":true}]}}