{"id":216,"date":"2013-06-20T22:18:43","date_gmt":"2013-06-20T13:18:43","guid":{"rendered":"http:\/\/bookmaker-info.com\/?page_id=216"},"modified":"2020-01-11T04:59:30","modified_gmt":"2020-01-11T04:59:30","slug":"neteller-retirada","status":"publish","type":"page","link":"https:\/\/bookmaker-info.com\/es\/neteller-retirada","title":{"rendered":"C\u00f3mo Retirar de mi Cuenta de NETELLER"},"content":{"rendered":"<h2 class=\"title\">\uff08\uff11\uff09Inicia sesi\u00f3n en NETELLER<\/h2>\n<p><a href=\"http:\/\/wlnetelleragents.adsrv.eacdn.com\/C.ashx?btag=a_44958b_500c_&amp;affid=15036&amp;siteid=44958&amp;adid=500&amp;c=\">NETELLER<\/a><\/p>\n<p><a href=\"http:\/\/bookmaker-info.com\/es\/wordpress\/wp-content\/uploads\/2013\/06\/neteller_retirada_1.png\"><img loading=\"lazy\" decoding=\"async\" class=\"alignnone size-full wp-image-12197\" src=\"http:\/\/bookmaker-info.com\/es\/wordpress\/wp-content\/uploads\/2013\/06\/neteller_retirada_1.png\" alt=\"NETELLER Retirada\" width=\"955\" height=\"631\" srcset=\"https:\/\/bookmaker-info.com\/es\/wordpress\/wp-content\/uploads\/2013\/06\/neteller_retirada_1.png 955w, https:\/\/bookmaker-info.com\/es\/wordpress\/wp-content\/uploads\/2013\/06\/neteller_retirada_1-300x198.png 300w, https:\/\/bookmaker-info.com\/es\/wordpress\/wp-content\/uploads\/2013\/06\/neteller_retirada_1-624x412.png 624w\" sizes=\"auto, (max-width: 955px) 100vw, 955px\" \/><\/a><\/p>\n<p>Si el sitio no se muestra en tu idioma preferido, puedes cambiar el idioma al ir a la esquina superior derecha de la pantalla para seleccionar el idioma de tu preferencia.<\/p>\n<p>Haga clic en \u201cInicie su sesi\u00f3n\u201d en la esquina superior derecha para continuar.<\/p>\n<h2 class=\"title\">\uff08\uff12\uff09Despu\u00e9s de hacer clic en \u201cInicie su sesi\u00f3n\u201d, aparecer\u00e1 la siguiente pantalla<\/h2>\n<p><a href=\"http:\/\/bookmaker-info.com\/es\/wordpress\/wp-content\/uploads\/2013\/06\/neteller_retirada_2.png\"><img loading=\"lazy\" decoding=\"async\" class=\"alignnone size-full wp-image-12198\" src=\"http:\/\/bookmaker-info.com\/es\/wordpress\/wp-content\/uploads\/2013\/06\/neteller_retirada_2.png\" alt=\"NETELLER Retirada\" width=\"952\" height=\"365\" srcset=\"https:\/\/bookmaker-info.com\/es\/wordpress\/wp-content\/uploads\/2013\/06\/neteller_retirada_2.png 952w, https:\/\/bookmaker-info.com\/es\/wordpress\/wp-content\/uploads\/2013\/06\/neteller_retirada_2-300x115.png 300w, https:\/\/bookmaker-info.com\/es\/wordpress\/wp-content\/uploads\/2013\/06\/neteller_retirada_2-624x239.png 624w\" sizes=\"auto, (max-width: 952px) 100vw, 952px\" \/><\/a><\/p>\n<p>Escriba su informaci\u00f3n de ingreso y haga clic en el bot\u00f3n verde \u201cInicie su sesi\u00f3n\u201d para acceder a su pantalla de cuenta.<\/p>\n<p>\u203b Dependiendo del pa\u00eds en el que usted indic\u00f3 que radica durante el proceso de registro de cuenta, su pantalla de cuenta podr\u00eda ser ligeramente diferente a lo que se muestra en las im\u00e1genes de abajo.<\/p>\n<h2 class=\"title\">\uff08\uff13\uff09Haga clic en \u201cRetiros\u201d para ver sus opciones para retirar el dinero\u3000\u203b Como residente del Reino Unido<\/h2>\n<p><a href=\"http:\/\/bookmaker-info.com\/es\/wordpress\/wp-content\/uploads\/2013\/06\/neteller_retirada_3.png\"><img loading=\"lazy\" decoding=\"async\" class=\"alignnone size-full wp-image-12199\" src=\"http:\/\/bookmaker-info.com\/es\/wordpress\/wp-content\/uploads\/2013\/06\/neteller_retirada_3.png\" alt=\"NETELLER Retirada\" width=\"950\" height=\"425\" srcset=\"https:\/\/bookmaker-info.com\/es\/wordpress\/wp-content\/uploads\/2013\/06\/neteller_retirada_3.png 950w, https:\/\/bookmaker-info.com\/es\/wordpress\/wp-content\/uploads\/2013\/06\/neteller_retirada_3-300x134.png 300w, https:\/\/bookmaker-info.com\/es\/wordpress\/wp-content\/uploads\/2013\/06\/neteller_retirada_3-624x279.png 624w\" sizes=\"auto, (max-width: 950px) 100vw, 950px\" \/><\/a><\/p>\n<p>Despu\u00e9s de ingresar, haga clic en \u201cRetiros\u201d en la esquina superior izquierda de la pantalla para ver las opciones para retirar fondos.<\/p>\n<h2 class=\"title\">\uff08\uff14\uff09Opciones disponibles para retirar fondos<br \/>\n\u203b Como residente del Reino Unido<\/h2>\n<p><a href=\"http:\/\/bookmaker-info.com\/es\/wordpress\/wp-content\/uploads\/2013\/06\/neteller_retirada_4.png\"><img loading=\"lazy\" decoding=\"async\" class=\"alignnone size-full wp-image-12200\" src=\"http:\/\/bookmaker-info.com\/es\/wordpress\/wp-content\/uploads\/2013\/06\/neteller_retirada_4.png\" alt=\"NETELLER Retirada\" width=\"780\" height=\"335\" srcset=\"https:\/\/bookmaker-info.com\/es\/wordpress\/wp-content\/uploads\/2013\/06\/neteller_retirada_4.png 780w, https:\/\/bookmaker-info.com\/es\/wordpress\/wp-content\/uploads\/2013\/06\/neteller_retirada_4-300x128.png 300w, https:\/\/bookmaker-info.com\/es\/wordpress\/wp-content\/uploads\/2013\/06\/neteller_retirada_4-624x268.png 624w\" sizes=\"auto, (max-width: 780px) 100vw, 780px\" \/><\/a><\/p>\n<h2 class=\"title\">\uff08\uff15\uff09Opci\u00f3n de retiro con tarjeta prepago MasterCard Net+<br \/>\n\u203b Como residente del Reino Unido<\/h2>\n<p><a href=\"http:\/\/bookmaker-info.com\/es\/wordpress\/wp-content\/uploads\/2013\/06\/neteller_retirada_5.png\"><img loading=\"lazy\" decoding=\"async\" class=\"alignnone size-full wp-image-12201\" src=\"http:\/\/bookmaker-info.com\/es\/wordpress\/wp-content\/uploads\/2013\/06\/neteller_retirada_5.png\" alt=\"NETELLER Retirada\" width=\"778\" height=\"341\" srcset=\"https:\/\/bookmaker-info.com\/es\/wordpress\/wp-content\/uploads\/2013\/06\/neteller_retirada_5.png 778w, https:\/\/bookmaker-info.com\/es\/wordpress\/wp-content\/uploads\/2013\/06\/neteller_retirada_5-300x131.png 300w, https:\/\/bookmaker-info.com\/es\/wordpress\/wp-content\/uploads\/2013\/06\/neteller_retirada_5-624x273.png 624w\" sizes=\"auto, (max-width: 778px) 100vw, 778px\" \/><\/a><\/p>\n<p>Haga clic en el bot\u00f3n verde \u201cSolicita la tarjeta Net+\u201d.<\/p>\n<p><a href=\"http:\/\/bookmaker-info.com\/es\/wordpress\/wp-content\/uploads\/2013\/06\/neteller_retirada_6.png\"><img loading=\"lazy\" decoding=\"async\" class=\"alignnone size-full wp-image-12202\" src=\"http:\/\/bookmaker-info.com\/es\/wordpress\/wp-content\/uploads\/2013\/06\/neteller_retirada_6.png\" alt=\"NETELLER Retirada\" width=\"781\" height=\"636\" srcset=\"https:\/\/bookmaker-info.com\/es\/wordpress\/wp-content\/uploads\/2013\/06\/neteller_retirada_6.png 781w, https:\/\/bookmaker-info.com\/es\/wordpress\/wp-content\/uploads\/2013\/06\/neteller_retirada_6-300x244.png 300w, https:\/\/bookmaker-info.com\/es\/wordpress\/wp-content\/uploads\/2013\/06\/neteller_retirada_6-624x508.png 624w\" sizes=\"auto, (max-width: 781px) 100vw, 781px\" \/><\/a><\/p>\n<p>A continuaci\u00f3n, se mostrar\u00e1n todos los detalles relacionados con adquirir una tarjeta prepago MasterCard Net+, como se puede ver en la pantalla de arriba. Aseg\u00farese de tener <strong>por lo menos 8.00 GBP<\/strong> en su cuenta (\u203b revise la tabla de abajo con las tarifas si su cuenta est\u00e1 en una moneda diferente). Una vez que su cuenta has sido verificada y usted ha depositado 8.00 GBP en su cuenta, haga clic en \u201cObt\u00e9n una tarjeta de pl\u00e1stico\u201d para que le sea enviada la tarjeta prepago MasterCard Net+ a su direcci\u00f3n registrada para correo.<\/p>\n<p>\u203b Tome nota que dependiendo de en donde resida, podr\u00e1 tomar desde <strong>unos cuanto d\u00edas h\u00e1biles hasta tres (3) semanas<\/strong> para que llegue por correo su tarjeta prepago MasterCard Net+.<\/p>\n<p><a href=\"http:\/\/bookmaker-info.com\/es\/wordpress\/wp-content\/uploads\/2013\/06\/neteller_retirada_12.png\"><img loading=\"lazy\" decoding=\"async\" class=\"alignnone size-full wp-image-12208\" src=\"http:\/\/bookmaker-info.com\/es\/wordpress\/wp-content\/uploads\/2013\/06\/neteller_retirada_12.png\" alt=\"NETELLER Retirada\" width=\"644\" height=\"271\" srcset=\"https:\/\/bookmaker-info.com\/es\/wordpress\/wp-content\/uploads\/2013\/06\/neteller_retirada_12.png 644w, https:\/\/bookmaker-info.com\/es\/wordpress\/wp-content\/uploads\/2013\/06\/neteller_retirada_12-300x126.png 300w, https:\/\/bookmaker-info.com\/es\/wordpress\/wp-content\/uploads\/2013\/06\/neteller_retirada_12-624x262.png 624w\" sizes=\"auto, (max-width: 644px) 100vw, 644px\" \/><\/a><\/p>\n<h2 class=\"title\">\uff08\uff16\uff09Opci\u00f3n para transferir dinero<br \/>\n\u203b Como residente del Reino Unido<\/h2>\n<p><a href=\"http:\/\/bookmaker-info.com\/es\/wordpress\/wp-content\/uploads\/2013\/06\/neteller_retirada_7.png\"><img loading=\"lazy\" decoding=\"async\" class=\"alignnone size-full wp-image-12203\" src=\"http:\/\/bookmaker-info.com\/es\/wordpress\/wp-content\/uploads\/2013\/06\/neteller_retirada_7.png\" alt=\"NETELLER Retirada\" width=\"780\" height=\"398\" srcset=\"https:\/\/bookmaker-info.com\/es\/wordpress\/wp-content\/uploads\/2013\/06\/neteller_retirada_7.png 780w, https:\/\/bookmaker-info.com\/es\/wordpress\/wp-content\/uploads\/2013\/06\/neteller_retirada_7-300x153.png 300w, https:\/\/bookmaker-info.com\/es\/wordpress\/wp-content\/uploads\/2013\/06\/neteller_retirada_7-624x318.png 624w\" sizes=\"auto, (max-width: 780px) 100vw, 780px\" \/><\/a><\/p>\n<p>Si quiere transferir dinero a otro due\u00f1o de cuenta de NETELLER, usted puede hacerlo de manera gratuita utilizando la opci\u00f3n para retirar dinero mediante transferencia. Haga clic en el bot\u00f3n verde \u201cTransferir dinero\u201d para pasar a la pantalla de confirmaci\u00f3n.<\/p>\n<p>\u203b Tome nota de que usted tambi\u00e9n puede enviar dinero a una direcci\u00f3n de email que no sea una direcci\u00f3n de email registrada con NETELLER. Despu\u00e9s de haber procesado con \u00e9xito su solicitud de transferencia de dinero, tanto usted como quien recibir\u00e1 los fondos recibir\u00e1n un email de NETELLER indicando que un pago ha sido enviado\/est\u00e1 pendiente para ser recuperado. Para que la persona que se busca que reciba los fondos pueda obtener los fondos que le envi\u00f3, \u00e9l\/ella necesitar\u00e1 crear una cuenta NETELLER.<\/p>\n<h2 class=\"title\">\uff08\uff17\uff09Opci\u00f3n de retiro a cuenta bancaria<br \/>\n\u203b Como residente del Reino Unido<\/h2>\n<p><a href=\"http:\/\/bookmaker-info.com\/es\/wordpress\/wp-content\/uploads\/2013\/06\/neteller_retirada_8.png\"><img loading=\"lazy\" decoding=\"async\" class=\"alignnone size-full wp-image-12204\" src=\"http:\/\/bookmaker-info.com\/es\/wordpress\/wp-content\/uploads\/2013\/06\/neteller_retirada_8.png\" alt=\"NETELLER Retirada\" width=\"780\" height=\"343\" srcset=\"https:\/\/bookmaker-info.com\/es\/wordpress\/wp-content\/uploads\/2013\/06\/neteller_retirada_8.png 780w, https:\/\/bookmaker-info.com\/es\/wordpress\/wp-content\/uploads\/2013\/06\/neteller_retirada_8-300x131.png 300w, https:\/\/bookmaker-info.com\/es\/wordpress\/wp-content\/uploads\/2013\/06\/neteller_retirada_8-624x274.png 624w\" sizes=\"auto, (max-width: 780px) 100vw, 780px\" \/><\/a><\/p>\n<p>Si desea retirar fondos a una cuenta bancaria, haga clic en el bot\u00f3n verde \u201cAgregar una cuenta bancaria\u201d.<\/p>\n<p><a href=\"http:\/\/bookmaker-info.com\/es\/wordpress\/wp-content\/uploads\/2013\/06\/neteller_retirada_9.png\"><img loading=\"lazy\" decoding=\"async\" class=\"alignnone size-full wp-image-12205\" src=\"http:\/\/bookmaker-info.com\/es\/wordpress\/wp-content\/uploads\/2013\/06\/neteller_retirada_9.png\" alt=\"NETELLER Retirada\" width=\"480\" height=\"460\" srcset=\"https:\/\/bookmaker-info.com\/es\/wordpress\/wp-content\/uploads\/2013\/06\/neteller_retirada_9.png 480w, https:\/\/bookmaker-info.com\/es\/wordpress\/wp-content\/uploads\/2013\/06\/neteller_retirada_9-300x287.png 300w\" sizes=\"auto, (max-width: 480px) 100vw, 480px\" \/><\/a><\/p>\n<p>En la siguiente pantalla, ingrese los detalles de la cuenta de banco a la que desea depositar los fondos, para despu\u00e9s hacer clic en el bot\u00f3n verde \u201cContinuar\u201d para terminar de agregar la cuenta bancaria a su cuenta de NETELLER.<\/p>\n<h2 class=\"title\">\uff08\uff18\uff09Opci\u00f3n de retiro por cheque<br \/>\n\u203b Como residente del Reino Unido<\/h2>\n<p><a href=\"http:\/\/bookmaker-info.com\/es\/wordpress\/wp-content\/uploads\/2013\/06\/neteller_retirada_10.png\"><img loading=\"lazy\" decoding=\"async\" class=\"alignnone size-full wp-image-12206\" src=\"http:\/\/bookmaker-info.com\/es\/wordpress\/wp-content\/uploads\/2013\/06\/neteller_retirada_10.png\" alt=\"NETELLER Retirada\" width=\"778\" height=\"372\" srcset=\"https:\/\/bookmaker-info.com\/es\/wordpress\/wp-content\/uploads\/2013\/06\/neteller_retirada_10.png 778w, https:\/\/bookmaker-info.com\/es\/wordpress\/wp-content\/uploads\/2013\/06\/neteller_retirada_10-300x143.png 300w, https:\/\/bookmaker-info.com\/es\/wordpress\/wp-content\/uploads\/2013\/06\/neteller_retirada_10-624x298.png 624w\" sizes=\"auto, (max-width: 778px) 100vw, 778px\" \/><\/a><\/p>\n<p>Si desea retirar sus fondos mediante cheque, haga clic en el bot\u00f3n verde \u201cRetirar ahora\u201d.<\/p>\n<p><a href=\"http:\/\/bookmaker-info.com\/es\/wordpress\/wp-content\/uploads\/2013\/06\/neteller_retirada_11.png\"><img loading=\"lazy\" decoding=\"async\" class=\"alignnone size-full wp-image-12207\" src=\"http:\/\/bookmaker-info.com\/es\/wordpress\/wp-content\/uploads\/2013\/06\/neteller_retirada_11.png\" alt=\"NETELLER Retirada\" width=\"753\" height=\"164\" srcset=\"https:\/\/bookmaker-info.com\/es\/wordpress\/wp-content\/uploads\/2013\/06\/neteller_retirada_11.png 753w, https:\/\/bookmaker-info.com\/es\/wordpress\/wp-content\/uploads\/2013\/06\/neteller_retirada_11-300x65.png 300w, https:\/\/bookmaker-info.com\/es\/wordpress\/wp-content\/uploads\/2013\/06\/neteller_retirada_11-624x135.png 624w\" sizes=\"auto, (max-width: 753px) 100vw, 753px\" \/><\/a><\/p>\n<p>\u203b Note que usted necesitar\u00e1 <strong>por lo menos 15.00 GBP<\/strong> en su cuenta para poder completar su solicitud de retiro mediante cheque.<\/p>\n<p><a href=\"https:\/\/www.neteller.com\/es\"><br \/>\n<\/a><a href=\"http:\/\/wlnetelleragents.adsrv.eacdn.com\/C.ashx?btag=a_44958b_500c_&amp;affid=15036&amp;siteid=44958&amp;adid=500&amp;c=\"><img loading=\"lazy\" decoding=\"async\" class=\"alignnone wp-image-13023 size-full\" src=\"http:\/\/bookmaker-info.com\/es\/wordpress\/wp-content\/uploads\/2013\/06\/Neteller-Logo-Small.jpg\" alt=\"Neteller Logo\" width=\"200\" height=\"200\" srcset=\"https:\/\/bookmaker-info.com\/es\/wordpress\/wp-content\/uploads\/2013\/06\/Neteller-Logo-Small.jpg 200w, https:\/\/bookmaker-info.com\/es\/wordpress\/wp-content\/uploads\/2013\/06\/Neteller-Logo-Small-150x150.jpg 150w\" sizes=\"auto, (max-width: 200px) 100vw, 200px\" \/><\/a><br \/>\n<a href=\"http:\/\/wlnetelleragents.adsrv.eacdn.com\/C.ashx?btag=a_44958b_500c_&amp;affid=15036&amp;siteid=44958&amp;adid=500&amp;c=\">NETELLER<\/a><\/p>\n","protected":false},"excerpt":{"rendered":"<p>\uff08\uff11\uff09Inicia sesi\u00f3n en NETELLER NETELLER Si el sitio no se muestra en tu idioma preferido, puedes cambiar el idioma al ir a la esquina superior derecha de la pantalla para seleccionar el idioma de tu preferencia. Haga clic en \u201cInicie su sesi\u00f3n\u201d en la esquina superior derecha para continuar. \uff08\uff12\uff09Despu\u00e9s de hacer clic en \u201cInicie [&hellip;]<\/p>\n","protected":false},"author":1,"featured_media":0,"parent":0,"menu_order":0,"comment_status":"open","ping_status":"closed","template":"","meta":{"footnotes":""},"class_list":["post-216","page","type-page","status-publish","hentry"],"_links":{"self":[{"href":"https:\/\/bookmaker-info.com\/es\/wp-json\/wp\/v2\/pages\/216","targetHints":{"allow":["GET"]}}],"collection":[{"href":"https:\/\/bookmaker-info.com\/es\/wp-json\/wp\/v2\/pages"}],"about":[{"href":"https:\/\/bookmaker-info.com\/es\/wp-json\/wp\/v2\/types\/page"}],"author":[{"embeddable":true,"href":"https:\/\/bookmaker-info.com\/es\/wp-json\/wp\/v2\/users\/1"}],"replies":[{"embeddable":true,"href":"https:\/\/bookmaker-info.com\/es\/wp-json\/wp\/v2\/comments?post=216"}],"version-history":[{"count":33,"href":"https:\/\/bookmaker-info.com\/es\/wp-json\/wp\/v2\/pages\/216\/revisions"}],"predecessor-version":[{"id":13136,"href":"https:\/\/bookmaker-info.com\/es\/wp-json\/wp\/v2\/pages\/216\/revisions\/13136"}],"wp:attachment":[{"href":"https:\/\/bookmaker-info.com\/es\/wp-json\/wp\/v2\/media?parent=216"}],"curies":[{"name":"wp","href":"https:\/\/api.w.org\/{rel}","templated":true}]}}