{"id":244,"date":"2013-06-20T23:44:39","date_gmt":"2013-06-20T14:44:39","guid":{"rendered":"http:\/\/bookmaker-info.com\/?page_id=244"},"modified":"2021-05-20T01:59:13","modified_gmt":"2021-05-20T01:59:13","slug":"bet365-retirada","status":"publish","type":"page","link":"https:\/\/bookmaker-info.com\/es\/bet365-retirada","title":{"rendered":"C\u00f3mo Retirar de mi Cuenta de bet365"},"content":{"rendered":"<h2 class=\"title\">\uff08\uff11\uff09Inicia sesi\u00f3n en bet365<\/h2>\n<p><a href=\"http:\/\/www.bet365.com\/home\/?affiliate=365_372111\">bet365<\/a> (Publicidad)<\/p>\n<p>Despu\u00e9s de introducir tu Nombre de Usuario y Contrase\u00f1a, haz clic en \u201cIR\u201d para iniciar sesi\u00f3n.<br \/>\n<img loading=\"lazy\" decoding=\"async\" src=\"http:\/\/bookmaker-info.com\/es\/wordpress\/wp-content\/uploads\/2013\/06\/bet365_login_es.jpg\" alt=\"bet365_login_es\" class=\"alignleft size-full wp-image-13077\" width=\"1263\" height=\"138\" srcset=\"https:\/\/bookmaker-info.com\/es\/wordpress\/wp-content\/uploads\/2013\/06\/bet365_login_es.jpg 1263w, https:\/\/bookmaker-info.com\/es\/wordpress\/wp-content\/uploads\/2013\/06\/bet365_login_es-300x33.jpg 300w, https:\/\/bookmaker-info.com\/es\/wordpress\/wp-content\/uploads\/2013\/06\/bet365_login_es-768x84.jpg 768w, https:\/\/bookmaker-info.com\/es\/wordpress\/wp-content\/uploads\/2013\/06\/bet365_login_es-1024x112.jpg 1024w, https:\/\/bookmaker-info.com\/es\/wordpress\/wp-content\/uploads\/2013\/06\/bet365_login_es-624x68.jpg 624w\" sizes=\"auto, (max-width: 1263px) 100vw, 1263px\" \/><\/p>\n<h2 class=\"title\">\uff08\uff12\uff09Haz clic en \u201cServicios\u201d en la esquina superior derecha y luego selecciona \u201cRetirar\u201d del men\u00fa desplegable<\/h2>\n<p><img loading=\"lazy\" decoding=\"async\" src=\"http:\/\/bookmaker-info.com\/es\/wordpress\/wp-content\/uploads\/2013\/06\/bet365_withdrawal_001_es.jpg\" alt=\"bet365_withdrawal_001_es\" class=\"alignleft size-full wp-image-13092\" width=\"695\" height=\"525\" srcset=\"https:\/\/bookmaker-info.com\/es\/wordpress\/wp-content\/uploads\/2013\/06\/bet365_withdrawal_001_es.jpg 695w, https:\/\/bookmaker-info.com\/es\/wordpress\/wp-content\/uploads\/2013\/06\/bet365_withdrawal_001_es-300x227.jpg 300w, https:\/\/bookmaker-info.com\/es\/wordpress\/wp-content\/uploads\/2013\/06\/bet365_withdrawal_001_es-624x471.jpg 624w\" sizes=\"auto, (max-width: 695px) 100vw, 695px\" \/><\/p>\n<h2 class=\"title\">\uff08\uff13\uff09Si originalmente hiciste tu dep\u00f3sito v\u00eda NETELLER<\/h2>\n<p>Si originalmente hiciste tu dep\u00f3sito v\u00eda <a href=\"http:\/\/bookmaker-info.com\/es\/neteller-registro\">NETELLER<\/a>, necesitar\u00e1s procesar tu retiro a trav\u00e9s de NETELLER tambi\u00e9n. Despu\u00e9s de introducir la cantidad que te gustar\u00eda retirar (<strong>m\u00e1s de US$20\/\u20ac15\/\u00a310 o el equivalente si se usa otra divisa<\/strong>) y tu contrase\u00f1a, haz clic en &#8220;Realizar retirada&#8221; para finalizar y procesar la transacci\u00f3n.<\/p>\n<p>\u203b Por favor ten en cuenta que tomar\u00e1 entre <strong>unas pocas horas hasta un (1) d\u00eda h\u00e1bil<\/strong> para que el pago del retiro se vea reflejado en tu cuenta de NETELLER.<\/p>\n<h2 class=\"title\">\uff08\uff14\uff09Si originalmente hiciste tu dep\u00f3sito v\u00eda Skrill<\/h2>\n<p>Si originalmente hiciste tu dep\u00f3sito v\u00eda <a href=\"http:\/\/bookmaker-info.com\/es\/skrill-registro\">Skrill<\/a> (anteriormente conocido como Moneybookers), necesitar\u00e1s procesar tu retiro a trav\u00e9s de Skrill tambi\u00e9n. Despu\u00e9s de introducir la cantidad que te gustar\u00eda retirar (<strong>m\u00e1s de US$10\/\u20ac5\/\u00a35 o el equivalente si se usa otra divisa<\/strong>) y tu contrase\u00f1a, haz clic en &#8220;Realizar retirada&#8221; para finalizar y procesar la transacci\u00f3n.<\/p>\n<p>\u203b Por favor ten en cuenta que tomar\u00e1 entre <strong>unas pocas horas hasta un (1) d\u00eda h\u00e1bil<\/strong> para que el pago del retiro se vea reflejado en tu cuenta de Skrill.<\/p>\n<p><a href=\"http:\/\/www.bet365.com\/home\/?affiliate=365_372111\"><img loading=\"lazy\" decoding=\"async\" class=\"size-full wp-image-12880 alignnone\" src=\"http:\/\/bookmaker-info.com\/es\/wordpress\/wp-content\/uploads\/2018\/01\/Bet365-Logo.png\" alt=\"\" width=\"125\" height=\"64\"><\/a><br \/>\n<a href=\"http:\/\/www.bet365.com\/home\/?affiliate=365_372111\">bet365<\/a><\/p>\n","protected":false},"excerpt":{"rendered":"<p>\uff08\uff11\uff09Inicia sesi\u00f3n en bet365 bet365 (Publicidad) Despu\u00e9s de introducir tu Nombre de Usuario y Contrase\u00f1a, haz clic en \u201cIR\u201d para iniciar sesi\u00f3n. \uff08\uff12\uff09Haz clic en \u201cServicios\u201d en la esquina superior derecha y luego selecciona \u201cRetirar\u201d del men\u00fa desplegable \uff08\uff13\uff09Si originalmente hiciste tu dep\u00f3sito v\u00eda NETELLER Si originalmente hiciste tu dep\u00f3sito v\u00eda NETELLER, necesitar\u00e1s procesar tu [&hellip;]<\/p>\n","protected":false},"author":1,"featured_media":0,"parent":0,"menu_order":0,"comment_status":"open","ping_status":"closed","template":"","meta":{"footnotes":""},"class_list":["post-244","page","type-page","status-publish","hentry"],"_links":{"self":[{"href":"https:\/\/bookmaker-info.com\/es\/wp-json\/wp\/v2\/pages\/244","targetHints":{"allow":["GET"]}}],"collection":[{"href":"https:\/\/bookmaker-info.com\/es\/wp-json\/wp\/v2\/pages"}],"about":[{"href":"https:\/\/bookmaker-info.com\/es\/wp-json\/wp\/v2\/types\/page"}],"author":[{"embeddable":true,"href":"https:\/\/bookmaker-info.com\/es\/wp-json\/wp\/v2\/users\/1"}],"replies":[{"embeddable":true,"href":"https:\/\/bookmaker-info.com\/es\/wp-json\/wp\/v2\/comments?post=244"}],"version-history":[{"count":38,"href":"https:\/\/bookmaker-info.com\/es\/wp-json\/wp\/v2\/pages\/244\/revisions"}],"predecessor-version":[{"id":13192,"href":"https:\/\/bookmaker-info.com\/es\/wp-json\/wp\/v2\/pages\/244\/revisions\/13192"}],"wp:attachment":[{"href":"https:\/\/bookmaker-info.com\/es\/wp-json\/wp\/v2\/media?parent=244"}],"curies":[{"name":"wp","href":"https:\/\/api.w.org\/{rel}","templated":true}]}}