{"id":256,"date":"2013-06-21T15:14:12","date_gmt":"2013-06-21T06:14:12","guid":{"rendered":"http:\/\/bookmaker-info.com\/?page_id=256"},"modified":"2020-01-11T04:26:03","modified_gmt":"2020-01-11T04:26:03","slug":"skrill-registro","status":"publish","type":"page","link":"https:\/\/bookmaker-info.com\/es\/skrill-registro","title":{"rendered":"C\u00f3mo Abrir una Cuenta de Skrill"},"content":{"rendered":"<h2 class=\"title\">\uff08\uff11\uff09Haz clic en el logotipo o en el v\u00ednculo de abajo para ingresar a Skrill\u00a0(anteriormente conocido como Moneybookers)<\/h2>\n<p><a href=\"https:\/\/account.skrill.com\/signup\/query?promo_id=16282954&amp;rid=47834868\" target=\"_blank\" rel=\"noopener noreferrer\"><img loading=\"lazy\" decoding=\"async\" class=\"alignnone\" style=\"border: 0px none;\" title=\"Skrill Logotipo\" src=\"https:\/\/www.moneybookers.com\/ads\/affiliates\/promotion-centre\/images\/skrill-logos\/skrill-200x87_en.gif\" alt=\"Skrill Logotipo\" width=\"200\" height=\"87\" border=\"0\" \/><\/a><br \/>\n<a href=\"https:\/\/account.skrill.com\/signup\/query?promo_id=16282954&amp;rid=47834868\">Skrill<\/a><\/p>\n<h2 class=\"title\">\uff08\uff12\uff09Haz clic en \u201cRegistro\u201d en la esquina superior derecha de la pantalla<\/h2>\n<p><a href=\"http:\/\/bookmaker-info.com\/es\/wordpress\/wp-content\/uploads\/2013\/06\/skrill_registro_1.png\"><img loading=\"lazy\" decoding=\"async\" class=\"alignnone size-full wp-image-12237\" src=\"http:\/\/bookmaker-info.com\/es\/wordpress\/wp-content\/uploads\/2013\/06\/skrill_registro_1.png\" alt=\"Skril Registro\" width=\"1197\" height=\"640\" srcset=\"https:\/\/bookmaker-info.com\/es\/wordpress\/wp-content\/uploads\/2013\/06\/skrill_registro_1.png 1197w, https:\/\/bookmaker-info.com\/es\/wordpress\/wp-content\/uploads\/2013\/06\/skrill_registro_1-300x160.png 300w, https:\/\/bookmaker-info.com\/es\/wordpress\/wp-content\/uploads\/2013\/06\/skrill_registro_1-1024x547.png 1024w, https:\/\/bookmaker-info.com\/es\/wordpress\/wp-content\/uploads\/2013\/06\/skrill_registro_1-624x333.png 624w\" sizes=\"auto, (max-width: 1197px) 100vw, 1197px\" \/><\/a><\/p>\n<p>Si el sitio no se muestra en tu idioma preferido, puedes cambiar el idioma al ir a\u00a0la esquina superior derecha de la pantalla para seleccionar el idioma de tu preferencia.<\/p>\n<h2 class=\"title\">\uff08\uff13\uff09Despu\u00e9s de hacer clic en \u201cRegistro\u201d, la pantalla de registro aparecer\u00e1 para que introduzcas tus detalles<\/h2>\n<p><a href=\"http:\/\/bookmaker-info.com\/es\/wordpress\/wp-content\/uploads\/2013\/06\/skrill_registro_2.png\"><img loading=\"lazy\" decoding=\"async\" class=\"alignnone size-full wp-image-12238\" src=\"http:\/\/bookmaker-info.com\/es\/wordpress\/wp-content\/uploads\/2013\/06\/skrill_registro_2.png\" alt=\"Skril Registro\" width=\"562\" height=\"921\" srcset=\"https:\/\/bookmaker-info.com\/es\/wordpress\/wp-content\/uploads\/2013\/06\/skrill_registro_2.png 562w, https:\/\/bookmaker-info.com\/es\/wordpress\/wp-content\/uploads\/2013\/06\/skrill_registro_2-183x300.png 183w\" sizes=\"auto, (max-width: 562px) 100vw, 562px\" \/><\/a><\/p>\n<p>Cuando escoja la moneda para su cuenta, le recomendamos que seleccione la misma moneda que la que tiene registrada con sus corredores de apuestas en l\u00ednea para ahorrar en las tarifas de transacci\u00f3n al depositar y retirar.<\/p>\n<p>Haga clic en \u201cContin\u00fae al paso 2\u201d para pasar a la siguiente pantalla.<\/p>\n<p><a href=\"http:\/\/bookmaker-info.com\/es\/wordpress\/wp-content\/uploads\/2013\/06\/skrill_registro_3.png\"><img loading=\"lazy\" decoding=\"async\" class=\"alignnone size-full wp-image-12239\" src=\"http:\/\/bookmaker-info.com\/es\/wordpress\/wp-content\/uploads\/2013\/06\/skrill_registro_3.png\" alt=\"Skril Registro\" width=\"549\" height=\"913\" srcset=\"https:\/\/bookmaker-info.com\/es\/wordpress\/wp-content\/uploads\/2013\/06\/skrill_registro_3.png 549w, https:\/\/bookmaker-info.com\/es\/wordpress\/wp-content\/uploads\/2013\/06\/skrill_registro_3-180x300.png 180w\" sizes=\"auto, (max-width: 549px) 100vw, 549px\" \/><\/a><\/p>\n<p>Despu\u00e9s de ingresar todos sus detalles, haga clic en el bot\u00f3n p\u00farpura que dice \u201cAceptar y crear cuenta\u201d.<\/p>\n<h2 class=\"title\">\uff08\uff14\uff09Registro Completado<\/h2>\n<p><a href=\"http:\/\/bookmaker-info.com\/es\/wordpress\/wp-content\/uploads\/2013\/06\/skrill_registro_4.png\"><img loading=\"lazy\" decoding=\"async\" class=\"alignnone size-full wp-image-12240\" src=\"http:\/\/bookmaker-info.com\/es\/wordpress\/wp-content\/uploads\/2013\/06\/skrill_registro_4.png\" alt=\"Skril Registro\" width=\"753\" height=\"225\" srcset=\"https:\/\/bookmaker-info.com\/es\/wordpress\/wp-content\/uploads\/2013\/06\/skrill_registro_4.png 753w, https:\/\/bookmaker-info.com\/es\/wordpress\/wp-content\/uploads\/2013\/06\/skrill_registro_4-300x89.png 300w, https:\/\/bookmaker-info.com\/es\/wordpress\/wp-content\/uploads\/2013\/06\/skrill_registro_4-624x186.png 624w\" sizes=\"auto, (max-width: 753px) 100vw, 753px\" \/><\/a><\/p>\n<p>Despu\u00e9s de completar su registro, se le mostrar\u00e1 una pantalla similar a la de arriba con instrucciones para que revise su cuenta de email registrada.<\/p>\n<h2 class=\"title\">\uff08\uff15\uff09Email de verificaci\u00f3n de Skrill<\/h2>\n<p><a href=\"http:\/\/bookmaker-info.com\/es\/wordpress\/wp-content\/uploads\/2013\/06\/skrill_registro_5.png\"><img loading=\"lazy\" decoding=\"async\" class=\"alignnone size-full wp-image-12241\" src=\"http:\/\/bookmaker-info.com\/es\/wordpress\/wp-content\/uploads\/2013\/06\/skrill_registro_5.png\" alt=\"Skril Registro\" width=\"482\" height=\"276\" srcset=\"https:\/\/bookmaker-info.com\/es\/wordpress\/wp-content\/uploads\/2013\/06\/skrill_registro_5.png 482w, https:\/\/bookmaker-info.com\/es\/wordpress\/wp-content\/uploads\/2013\/06\/skrill_registro_5-300x171.png 300w\" sizes=\"auto, (max-width: 482px) 100vw, 482px\" \/><\/a><\/p>\n<p>Despu\u00e9s de acceder al buz\u00f3n de entrada de su direcci\u00f3n de email registrada, usted encontrar\u00e1 un email de Skrill en donde debe dar clic a la liga de verificaci\u00f3n.<\/p>\n<p><a href=\"https:\/\/account.skrill.com\/signup\/query?promo_id=16282954&amp;rid=47834868\" target=\"_blank\" rel=\"noopener noreferrer\"><img loading=\"lazy\" decoding=\"async\" class=\"alignnone\" style=\"border: 0px none;\" title=\"Skrill Logotipo\" src=\"https:\/\/www.moneybookers.com\/ads\/affiliates\/promotion-centre\/images\/skrill-logos\/skrill-200x87_en.gif\" alt=\"Skrill Logotipo\" width=\"200\" height=\"87\" border=\"0\" \/><\/a><br \/>\n<a href=\"https:\/\/account.skrill.com\/signup\/query?promo_id=16282954&amp;rid=47834868\">Skrill<\/a><\/p>\n","protected":false},"excerpt":{"rendered":"<p>\uff08\uff11\uff09Haz clic en el logotipo o en el v\u00ednculo de abajo para ingresar a Skrill\u00a0(anteriormente conocido como Moneybookers) Skrill \uff08\uff12\uff09Haz clic en \u201cRegistro\u201d en la esquina superior derecha de la pantalla Si el sitio no se muestra en tu idioma preferido, puedes cambiar el idioma al ir a\u00a0la esquina superior derecha de la pantalla para [&hellip;]<\/p>\n","protected":false},"author":1,"featured_media":0,"parent":0,"menu_order":0,"comment_status":"open","ping_status":"closed","template":"","meta":{"footnotes":""},"class_list":["post-256","page","type-page","status-publish","hentry"],"_links":{"self":[{"href":"https:\/\/bookmaker-info.com\/es\/wp-json\/wp\/v2\/pages\/256","targetHints":{"allow":["GET"]}}],"collection":[{"href":"https:\/\/bookmaker-info.com\/es\/wp-json\/wp\/v2\/pages"}],"about":[{"href":"https:\/\/bookmaker-info.com\/es\/wp-json\/wp\/v2\/types\/page"}],"author":[{"embeddable":true,"href":"https:\/\/bookmaker-info.com\/es\/wp-json\/wp\/v2\/users\/1"}],"replies":[{"embeddable":true,"href":"https:\/\/bookmaker-info.com\/es\/wp-json\/wp\/v2\/comments?post=256"}],"version-history":[{"count":22,"href":"https:\/\/bookmaker-info.com\/es\/wp-json\/wp\/v2\/pages\/256\/revisions"}],"predecessor-version":[{"id":13130,"href":"https:\/\/bookmaker-info.com\/es\/wp-json\/wp\/v2\/pages\/256\/revisions\/13130"}],"wp:attachment":[{"href":"https:\/\/bookmaker-info.com\/es\/wp-json\/wp\/v2\/media?parent=256"}],"curies":[{"name":"wp","href":"https:\/\/api.w.org\/{rel}","templated":true}]}}