{"id":258,"date":"2013-06-21T15:12:06","date_gmt":"2013-06-21T06:12:06","guid":{"rendered":"http:\/\/bookmaker-info.com\/?page_id=258"},"modified":"2020-01-11T04:26:26","modified_gmt":"2020-01-11T04:26:26","slug":"skrill-deposito","status":"publish","type":"page","link":"https:\/\/bookmaker-info.com\/es\/skrill-deposito","title":{"rendered":"C\u00f3mo Depositar en mi Cuenta de Skrill"},"content":{"rendered":"<h2 class=\"title\">\uff08\uff11\uff09Inicia sesi\u00f3n en Skrill (anteriormente conocido como Moneybookers)<\/h2>\n<p><a href=\"https:\/\/account.skrill.com\/signup\/query?promo_id=16282954&amp;rid=47834868\">Skrill<\/a><\/p>\n<p><a href=\"http:\/\/bookmaker-info.com\/es\/wordpress\/wp-content\/uploads\/2013\/06\/a9b68813b3575b03ecf4cace34250dbb.png\"><img loading=\"lazy\" decoding=\"async\" class=\"alignnone size-full wp-image-12243\" src=\"http:\/\/bookmaker-info.com\/es\/wordpress\/wp-content\/uploads\/2013\/06\/a9b68813b3575b03ecf4cace34250dbb.png\" alt=\"Skrill Depo\u0301sito\" width=\"1197\" height=\"640\" srcset=\"https:\/\/bookmaker-info.com\/es\/wordpress\/wp-content\/uploads\/2013\/06\/a9b68813b3575b03ecf4cace34250dbb.png 1197w, https:\/\/bookmaker-info.com\/es\/wordpress\/wp-content\/uploads\/2013\/06\/a9b68813b3575b03ecf4cace34250dbb-300x160.png 300w, https:\/\/bookmaker-info.com\/es\/wordpress\/wp-content\/uploads\/2013\/06\/a9b68813b3575b03ecf4cace34250dbb-1024x547.png 1024w, https:\/\/bookmaker-info.com\/es\/wordpress\/wp-content\/uploads\/2013\/06\/a9b68813b3575b03ecf4cace34250dbb-624x333.png 624w\" sizes=\"auto, (max-width: 1197px) 100vw, 1197px\" \/><\/a><\/p>\n<p>Si el sitio no se muestra en tu idioma preferido, puedes cambiar el idioma al ir a\u00a0la esquina superior derecha de la pantalla para seleccionar el idioma de tu preferencia.<\/p>\n<p>Haga clic en \u201cEntrar\u201d en la esquina superior derecha para continuar.<\/p>\n<h2 class=\"title\">\uff08\uff12\uff09Despu\u00e9s de hacer clic en \u201cEntrar\u201d, aparecer\u00e1 la siguiente pantalla<\/h2>\n<p><a href=\"http:\/\/bookmaker-info.com\/es\/wordpress\/wp-content\/uploads\/2013\/06\/a7313076ffd049b6bc8e38f1469108971.png\"><img loading=\"lazy\" decoding=\"async\" class=\"alignnone size-full wp-image-12262\" src=\"http:\/\/bookmaker-info.com\/es\/wordpress\/wp-content\/uploads\/2013\/06\/a7313076ffd049b6bc8e38f1469108971.png\" alt=\"Skrill Depo\u0301sito\" width=\"460\" height=\"378\" srcset=\"https:\/\/bookmaker-info.com\/es\/wordpress\/wp-content\/uploads\/2013\/06\/a7313076ffd049b6bc8e38f1469108971.png 460w, https:\/\/bookmaker-info.com\/es\/wordpress\/wp-content\/uploads\/2013\/06\/a7313076ffd049b6bc8e38f1469108971-300x246.png 300w\" sizes=\"auto, (max-width: 460px) 100vw, 460px\" \/><\/a><\/p>\n<p>Escriba su informaci\u00f3n de ingreso y haga clic en el bot\u00f3n p\u00farpura \u201cEntrar\u201d para acceder a su pantalla de cuenta.<\/p>\n<p>\u203b Dependiendo del pa\u00eds en el que usted indic\u00f3 que radica durante el proceso de registro de cuenta, su pantalla de cuenta podr\u00eda ser ligeramente diferente a lo que se muestra en las im\u00e1genes de abajo.<\/p>\n<h2 class=\"title\">\uff08\uff13\uff09Haga clic en \u201cCargar\u201d para ver sus opciones para dep\u00f3sitos<br \/>\n\u203b Como residente del Reino Unido<\/h2>\n<p><a href=\"http:\/\/bookmaker-info.com\/es\/wordpress\/wp-content\/uploads\/2013\/06\/82955400bbd3416917ea9809aead9f2e.png\"><img loading=\"lazy\" decoding=\"async\" class=\"alignnone size-full wp-image-12245\" src=\"http:\/\/bookmaker-info.com\/es\/wordpress\/wp-content\/uploads\/2013\/06\/82955400bbd3416917ea9809aead9f2e.png\" alt=\"Skrill Depo\u0301sito\" width=\"1188\" height=\"526\" srcset=\"https:\/\/bookmaker-info.com\/es\/wordpress\/wp-content\/uploads\/2013\/06\/82955400bbd3416917ea9809aead9f2e.png 1188w, https:\/\/bookmaker-info.com\/es\/wordpress\/wp-content\/uploads\/2013\/06\/82955400bbd3416917ea9809aead9f2e-300x132.png 300w, https:\/\/bookmaker-info.com\/es\/wordpress\/wp-content\/uploads\/2013\/06\/82955400bbd3416917ea9809aead9f2e-1024x453.png 1024w, https:\/\/bookmaker-info.com\/es\/wordpress\/wp-content\/uploads\/2013\/06\/82955400bbd3416917ea9809aead9f2e-624x276.png 624w\" sizes=\"auto, (max-width: 1188px) 100vw, 1188px\" \/><\/a><\/p>\n<p>Despu\u00e9s de ingresar con \u00e9xito, haga clic en \u201cCargar\u201d en la parte derecha de la pantalla para ver las opciones disponibles para dep\u00f3sito.<\/p>\n<h2 class=\"title\">\uff08\uff14\uff09Opci\u00f3n de dep\u00f3sito por transferencia bancaria manual<br \/>\n\u203b Como residente del Reino Unido<\/h2>\n<p><a href=\"http:\/\/bookmaker-info.com\/es\/wordpress\/wp-content\/uploads\/2013\/06\/3fb52cb2de9349f2bee4dea412344b13.png\"><img loading=\"lazy\" decoding=\"async\" class=\"alignnone size-full wp-image-12246\" src=\"http:\/\/bookmaker-info.com\/es\/wordpress\/wp-content\/uploads\/2013\/06\/3fb52cb2de9349f2bee4dea412344b13.png\" alt=\"Skrill Depo\u0301sito\" width=\"747\" height=\"503\" srcset=\"https:\/\/bookmaker-info.com\/es\/wordpress\/wp-content\/uploads\/2013\/06\/3fb52cb2de9349f2bee4dea412344b13.png 747w, https:\/\/bookmaker-info.com\/es\/wordpress\/wp-content\/uploads\/2013\/06\/3fb52cb2de9349f2bee4dea412344b13-300x202.png 300w, https:\/\/bookmaker-info.com\/es\/wordpress\/wp-content\/uploads\/2013\/06\/3fb52cb2de9349f2bee4dea412344b13-624x420.png 624w\" sizes=\"auto, (max-width: 747px) 100vw, 747px\" \/><\/a><\/p>\n<p>Para completar un dep\u00f3sito mediante una transferencia bancaria manual, haga clic en el bot\u00f3n \u201cTransferencia Bancaria Manual\u201d y despu\u00e9s haga clic en el bot\u00f3n p\u00farpura \u201cContinuar\u201d.<\/p>\n<p><a href=\"http:\/\/bookmaker-info.com\/es\/wordpress\/wp-content\/uploads\/2013\/06\/3d503e90096da0e1baccd4ae9aa4f21d.png\"><img loading=\"lazy\" decoding=\"async\" class=\"alignnone size-full wp-image-12247\" src=\"http:\/\/bookmaker-info.com\/es\/wordpress\/wp-content\/uploads\/2013\/06\/3d503e90096da0e1baccd4ae9aa4f21d.png\" alt=\"Skrill Depo\u0301sito\" width=\"749\" height=\"680\" srcset=\"https:\/\/bookmaker-info.com\/es\/wordpress\/wp-content\/uploads\/2013\/06\/3d503e90096da0e1baccd4ae9aa4f21d.png 749w, https:\/\/bookmaker-info.com\/es\/wordpress\/wp-content\/uploads\/2013\/06\/3d503e90096da0e1baccd4ae9aa4f21d-300x272.png 300w, https:\/\/bookmaker-info.com\/es\/wordpress\/wp-content\/uploads\/2013\/06\/3d503e90096da0e1baccd4ae9aa4f21d-624x566.png 624w\" sizes=\"auto, (max-width: 749px) 100vw, 749px\" \/><\/a><\/p>\n<p>En la siguiente pantalla, como se muestra arriba, anote su n\u00famero de referencia y los detalles de su cuenta bancaria para que pueda realizar su dep\u00f3sito mediante transferencia bancaria.<\/p>\n<p>Los dep\u00f3sitos mediante la opci\u00f3n de Skrill para una transferencia bancaria manual se reflejar\u00e1n en su cuenta de Skrill en un periodo de entre <strong>tres (3) a cinco (5) d\u00edas<\/strong>.<\/p>\n<h2 class=\"title\">\uff08\uff15\uff09Opci\u00f3n para dep\u00f3sito con tarjeta de cr\u00e9dito\/debito<br \/>\n\u203b Como residente del Reino Unido<\/h2>\n<p><a href=\"http:\/\/bookmaker-info.com\/es\/wordpress\/wp-content\/uploads\/2013\/06\/ec227a3b0d36548d6c9a4c038c3a4424.png\"><img loading=\"lazy\" decoding=\"async\" class=\"alignnone size-full wp-image-12248\" src=\"http:\/\/bookmaker-info.com\/es\/wordpress\/wp-content\/uploads\/2013\/06\/ec227a3b0d36548d6c9a4c038c3a4424.png\" alt=\"Skrill Depo\u0301sito\" width=\"748\" height=\"502\" srcset=\"https:\/\/bookmaker-info.com\/es\/wordpress\/wp-content\/uploads\/2013\/06\/ec227a3b0d36548d6c9a4c038c3a4424.png 748w, https:\/\/bookmaker-info.com\/es\/wordpress\/wp-content\/uploads\/2013\/06\/ec227a3b0d36548d6c9a4c038c3a4424-300x201.png 300w, https:\/\/bookmaker-info.com\/es\/wordpress\/wp-content\/uploads\/2013\/06\/ec227a3b0d36548d6c9a4c038c3a4424-624x418.png 624w\" sizes=\"auto, (max-width: 748px) 100vw, 748px\" \/><\/a><\/p>\n<p>Para realizar dep\u00f3sitos instant\u00e1neos a su cuenta de Skrill mediante una tarjeta de cr\u00e9dito\/d\u00e9bito, usted primeramente deber\u00e1 registrar su tarjeta de cr\u00e9dito\/d\u00e9bito. Haga clic en \u201cA\u00f1adir una tarjeta\u201d para continuar como se muestra en la pantalla de arriba.<\/p>\n<p><a href=\"http:\/\/bookmaker-info.com\/es\/wordpress\/wp-content\/uploads\/2013\/06\/50c99d53807c8456db36b4b58b684ed2.png\"><img loading=\"lazy\" decoding=\"async\" class=\"alignnone size-full wp-image-12249\" src=\"http:\/\/bookmaker-info.com\/es\/wordpress\/wp-content\/uploads\/2013\/06\/50c99d53807c8456db36b4b58b684ed2.png\" alt=\"Skrill Depo\u0301sito\" width=\"560\" height=\"462\" srcset=\"https:\/\/bookmaker-info.com\/es\/wordpress\/wp-content\/uploads\/2013\/06\/50c99d53807c8456db36b4b58b684ed2.png 560w, https:\/\/bookmaker-info.com\/es\/wordpress\/wp-content\/uploads\/2013\/06\/50c99d53807c8456db36b4b58b684ed2-300x247.png 300w\" sizes=\"auto, (max-width: 560px) 100vw, 560px\" \/><\/a><\/p>\n<p>Despu\u00e9s de ingresar la informaci\u00f3n de su tarjeta de cr\u00e9dito\/d\u00e9bito, haga clic en el bot\u00f3n p\u00farpura para \u201cGuardar y verificar tarjeta\u201d.<\/p>\n<p>Los dep\u00f3sitos mediante tarjeta de cr\u00e9dito o d\u00e9bito se ver\u00e1n reflejados en su cuenta de Skrill de manera <strong>instant\u00e1nea<\/strong>.<\/p>\n<h2 class=\"title\">\uff08\uff16\uff09Opci\u00f3n de dep\u00f3sito por transferencia de banco instant\u00e1nea\u3000\u203b Como residente del Reino Unido<\/h2>\n<p><a href=\"http:\/\/bookmaker-info.com\/es\/wordpress\/wp-content\/uploads\/2013\/06\/e076af1b9a07bf40b984ab6e0e09630a.png\"><img loading=\"lazy\" decoding=\"async\" class=\"alignnone size-full wp-image-12250\" src=\"http:\/\/bookmaker-info.com\/es\/wordpress\/wp-content\/uploads\/2013\/06\/e076af1b9a07bf40b984ab6e0e09630a.png\" alt=\"Skrill Depo\u0301sito\" width=\"1188\" height=\"526\" srcset=\"https:\/\/bookmaker-info.com\/es\/wordpress\/wp-content\/uploads\/2013\/06\/e076af1b9a07bf40b984ab6e0e09630a.png 1188w, https:\/\/bookmaker-info.com\/es\/wordpress\/wp-content\/uploads\/2013\/06\/e076af1b9a07bf40b984ab6e0e09630a-300x132.png 300w, https:\/\/bookmaker-info.com\/es\/wordpress\/wp-content\/uploads\/2013\/06\/e076af1b9a07bf40b984ab6e0e09630a-1024x453.png 1024w, https:\/\/bookmaker-info.com\/es\/wordpress\/wp-content\/uploads\/2013\/06\/e076af1b9a07bf40b984ab6e0e09630a-624x276.png 624w\" sizes=\"auto, (max-width: 1188px) 100vw, 1188px\" \/><\/a><\/p>\n<p>Para realizar dep\u00f3sitos instant\u00e1neos en su cuenta de Skrill mediante transferencia bancaria, usted primero necesitar\u00e1 registrar su cuenta de banco. Haga clic en \u201cCuentas Bancarias y Tarjetas\u201d seg\u00fan se muestra en la pantalla de abajo.<\/p>\n<p><a href=\"http:\/\/bookmaker-info.com\/es\/wordpress\/wp-content\/uploads\/2013\/06\/2570611e1ab5efa804843bcec84614aa.png\"><img loading=\"lazy\" decoding=\"async\" class=\"alignnone size-full wp-image-12251\" src=\"http:\/\/bookmaker-info.com\/es\/wordpress\/wp-content\/uploads\/2013\/06\/2570611e1ab5efa804843bcec84614aa.png\" alt=\"Skrill Depo\u0301sito\" width=\"748\" height=\"154\" srcset=\"https:\/\/bookmaker-info.com\/es\/wordpress\/wp-content\/uploads\/2013\/06\/2570611e1ab5efa804843bcec84614aa.png 748w, https:\/\/bookmaker-info.com\/es\/wordpress\/wp-content\/uploads\/2013\/06\/2570611e1ab5efa804843bcec84614aa-300x61.png 300w, https:\/\/bookmaker-info.com\/es\/wordpress\/wp-content\/uploads\/2013\/06\/2570611e1ab5efa804843bcec84614aa-624x128.png 624w\" sizes=\"auto, (max-width: 748px) 100vw, 748px\" \/><\/a><\/p>\n<p>Despu\u00e9s haga clic en el bot\u00f3n p\u00farpura para \u201cA\u00f1adir cuenta bancaria\u201d.<\/p>\n<p><a href=\"http:\/\/bookmaker-info.com\/es\/wordpress\/wp-content\/uploads\/2013\/06\/1d8ba38a08cc2b90138a6608bfc23f75.png\"><img loading=\"lazy\" decoding=\"async\" class=\"alignnone size-full wp-image-12252\" src=\"http:\/\/bookmaker-info.com\/es\/wordpress\/wp-content\/uploads\/2013\/06\/1d8ba38a08cc2b90138a6608bfc23f75.png\" alt=\"Skrill Depo\u0301sito\" width=\"560\" height=\"392\" srcset=\"https:\/\/bookmaker-info.com\/es\/wordpress\/wp-content\/uploads\/2013\/06\/1d8ba38a08cc2b90138a6608bfc23f75.png 560w, https:\/\/bookmaker-info.com\/es\/wordpress\/wp-content\/uploads\/2013\/06\/1d8ba38a08cc2b90138a6608bfc23f75-300x210.png 300w\" sizes=\"auto, (max-width: 560px) 100vw, 560px\" \/><\/a><\/p>\n<p>Despu\u00e9s de ingresar la informaci\u00f3n de su cuenta de banco, haga clic en el bot\u00f3n p\u00farpura para \u201cA\u00f1adir cuenta y continuar\u201d para registrar su cuenta par dep\u00f3sitos a su cuenta de Skrill.<\/p>\n<p>Los dep\u00f3sitos mediante su cuenta de banco registrada se ver\u00e1n reflejados en su cuenta de Skrill de manera <strong>instant\u00e1nea<\/strong>.<\/p>\n<p><a href=\"https:\/\/account.skrill.com\/signup\/query?promo_id=16282954&amp;rid=47834868\" target=\"_blank\" rel=\"noopener noreferrer\"><img loading=\"lazy\" decoding=\"async\" class=\"alignnone\" style=\"border: 0px none;\" title=\"Skrill Logotipo\" src=\"https:\/\/www.moneybookers.com\/ads\/affiliates\/promotion-centre\/images\/skrill-logos\/skrill-200x87_en.gif\" alt=\"Skrill Logotipo\" width=\"200\" height=\"87\" border=\"0\" \/><\/a><br \/>\n<a href=\"https:\/\/account.skrill.com\/signup\/query?promo_id=16282954&amp;rid=47834868\">Skrill<\/a><\/p>\n","protected":false},"excerpt":{"rendered":"<p>\uff08\uff11\uff09Inicia sesi\u00f3n en Skrill (anteriormente conocido como Moneybookers) Skrill Si el sitio no se muestra en tu idioma preferido, puedes cambiar el idioma al ir a\u00a0la esquina superior derecha de la pantalla para seleccionar el idioma de tu preferencia. Haga clic en \u201cEntrar\u201d en la esquina superior derecha para continuar. \uff08\uff12\uff09Despu\u00e9s de hacer clic en [&hellip;]<\/p>\n","protected":false},"author":1,"featured_media":0,"parent":0,"menu_order":0,"comment_status":"open","ping_status":"closed","template":"","meta":{"footnotes":""},"class_list":["post-258","page","type-page","status-publish","hentry"],"_links":{"self":[{"href":"https:\/\/bookmaker-info.com\/es\/wp-json\/wp\/v2\/pages\/258","targetHints":{"allow":["GET"]}}],"collection":[{"href":"https:\/\/bookmaker-info.com\/es\/wp-json\/wp\/v2\/pages"}],"about":[{"href":"https:\/\/bookmaker-info.com\/es\/wp-json\/wp\/v2\/types\/page"}],"author":[{"embeddable":true,"href":"https:\/\/bookmaker-info.com\/es\/wp-json\/wp\/v2\/users\/1"}],"replies":[{"embeddable":true,"href":"https:\/\/bookmaker-info.com\/es\/wp-json\/wp\/v2\/comments?post=258"}],"version-history":[{"count":22,"href":"https:\/\/bookmaker-info.com\/es\/wp-json\/wp\/v2\/pages\/258\/revisions"}],"predecessor-version":[{"id":13131,"href":"https:\/\/bookmaker-info.com\/es\/wp-json\/wp\/v2\/pages\/258\/revisions\/13131"}],"wp:attachment":[{"href":"https:\/\/bookmaker-info.com\/es\/wp-json\/wp\/v2\/media?parent=258"}],"curies":[{"name":"wp","href":"https:\/\/api.w.org\/{rel}","templated":true}]}}