{"id":264,"date":"2013-06-21T15:24:12","date_gmt":"2013-06-21T06:24:12","guid":{"rendered":"http:\/\/bookmaker-info.com\/?page_id=264"},"modified":"2021-05-20T01:59:25","modified_gmt":"2021-05-20T01:59:25","slug":"skrill-bet365","status":"publish","type":"page","link":"https:\/\/bookmaker-info.com\/es\/skrill-bet365","title":{"rendered":"C\u00f3mo Transferir Dinero desde Skrill hacia bet365"},"content":{"rendered":"<h2 class=\"title\">\uff08\uff11\uff09Inicia sesi\u00f3n en bet365<\/h2>\n<p>Necesitar\u00e1s un balance de <strong>m\u00e1s de US$10\/\u20ac5\/\u00a35 o el equivalente si se usa otra divisa<\/strong> en tu cuenta de Skrill (anteriormente conocido como Moneybookers) para transferirlo a tu cuenta de bet365. Si no has depositado US$10\/\u20ac5\/\u00a35 o el equivalente en tu cuenta de Skrill, por favor consulta <a href=\"http:\/\/bookmaker-info.com\/es\/skrill-deposito\">esta p\u00e1gina<\/a>.<\/p>\n<p>Si tienes m\u00e1s de US$10\/\u20ac5\/\u00a35 o el equivalente en tu cuenta de Skrill, haz clic en el v\u00ednculo a continuaci\u00f3n para acceder a bet365.<\/p>\n<p><a href=\"http:\/\/www.bet365.com\/home\/?affiliate=365_372111\">bet365<\/a> (Publicidad)<\/p>\n<p>Despu\u00e9s de introducir tu Nombre de Usuario y Contrase\u00f1a, haz clic en \u201cIR\u201d para iniciar sesi\u00f3n.<br \/>\n<img loading=\"lazy\" decoding=\"async\" src=\"http:\/\/bookmaker-info.com\/es\/wordpress\/wp-content\/uploads\/2013\/06\/bet365_login_es.jpg\" alt=\"bet365_login_es\" class=\"alignleft size-full wp-image-13077\" width=\"1263\" height=\"138\" srcset=\"https:\/\/bookmaker-info.com\/es\/wordpress\/wp-content\/uploads\/2013\/06\/bet365_login_es.jpg 1263w, https:\/\/bookmaker-info.com\/es\/wordpress\/wp-content\/uploads\/2013\/06\/bet365_login_es-300x33.jpg 300w, https:\/\/bookmaker-info.com\/es\/wordpress\/wp-content\/uploads\/2013\/06\/bet365_login_es-768x84.jpg 768w, https:\/\/bookmaker-info.com\/es\/wordpress\/wp-content\/uploads\/2013\/06\/bet365_login_es-1024x112.jpg 1024w, https:\/\/bookmaker-info.com\/es\/wordpress\/wp-content\/uploads\/2013\/06\/bet365_login_es-624x68.jpg 624w\" sizes=\"auto, (max-width: 1263px) 100vw, 1263px\" \/><\/p>\n<h2 class=\"title\">\uff08\uff12\uff09Haz clic en \u201cIngresar\u201d en la esquina superior derecha de la pantalla<\/h2>\n<p>Despu\u00e9s de iniciar sesi\u00f3n, la parte superior derecha de la pantalla cambiar\u00e1 y aparecer\u00e1 el v\u00ednculo \u201cIngresar\u201d.<br \/>\n<img loading=\"lazy\" decoding=\"async\" src=\"http:\/\/bookmaker-info.com\/es\/wordpress\/wp-content\/uploads\/2013\/06\/bet365_deposit_001_es.jpg\" alt=\"bet365_deposit_001_es\" class=\"alignleft size-full wp-image-13078\" width=\"513\" height=\"136\" srcset=\"https:\/\/bookmaker-info.com\/es\/wordpress\/wp-content\/uploads\/2013\/06\/bet365_deposit_001_es.jpg 513w, https:\/\/bookmaker-info.com\/es\/wordpress\/wp-content\/uploads\/2013\/06\/bet365_deposit_001_es-300x80.jpg 300w\" sizes=\"auto, (max-width: 513px) 100vw, 513px\" \/><\/p>\n<h2 class=\"title\">\uff08\uff13\uff09De los m\u00e9todos de pago disponibles selecciona Skrill<\/h2>\n<p>Despu\u00e9s de seleccionar Skrill, te recomendamos seleccionar la misma divisa de tu cuenta Skrill para la divisa de apuestas y ahorrar en tarifas de transacciones al depositar o retirar desde tu cuenta de bet365. Luego, introduce la cantidad que te gustar\u00eda depositar (deber\u00eda ser m\u00e1s de US$10\/\u20ac5\/\u00a35 o el equivalente). Por \u00faltimo, introduce tu contrase\u00f1a y luego haz clic en \u201cRealizar Ingreso\u201d.<\/p>\n<h2 class=\"title\">\uff08\uff14\uff09Despues de hacer clic en \u201cRealizar Ingreso\u201d, ser\u00e1s llevado hacia la p\u00e1gina de Skrill<\/h2>\n<p>En la siguiente p\u00e1gina, te pedir\u00e1n que introduzcas los detalles de tu tarjeta de cr\u00e9dito. Por favor haz caso omiso de esto y despl\u00e1zate hacia el final de la pantalla y haz clic en \u201cYa tengo una cuenta en Skrill\u201d como se muestra en la imagen de arriba.<\/p>\n<h2 class=\"title\">\uff08\uff15\uff09Inicia sesi\u00f3n en tu cuenta de Skrill<\/h2>\n<p>En la siguiente p\u00e1gina, inicia sesi\u00f3n en tu cuenta de Skrill introduciendo tu correo electr\u00f3nico de Skrill y la contrase\u00f1a para completar tu transacci\u00f3n de dep\u00f3sito.<\/p>\n<p>\u203b Por favor ten en cuenta que t\u00fa correo electr\u00f3nico de Skrill debe ser el mismo que registraste en bet365. Si este no es el caso, puedes agregar tu correo electr\u00f3nico registrado de bet365 como un segundo correo electr\u00f3nico en Skrill al seguir los pasos que se indican a continuaci\u00f3n.<\/p>\n<h2 class=\"title\">\uff08\uff11\uff09Inicia sesi\u00f3n en Skrill<\/h2>\n<p><a href=\"http:\/\/bookmaker-info.com\/es\/wordpress\/wp-content\/uploads\/2013\/06\/bet365_skrill_61.png\"><img loading=\"lazy\" decoding=\"async\" class=\"alignnone wp-image-11468\" title=\"\" src=\"http:\/\/bookmaker-info.com\/es\/wordpress\/wp-content\/uploads\/2013\/06\/bet365_skrill_61.png\" alt=\"bet365 Skrill\" width=\"1196\" height=\"409\" srcset=\"https:\/\/bookmaker-info.com\/es\/wordpress\/wp-content\/uploads\/2013\/06\/bet365_skrill_61.png 1196w, https:\/\/bookmaker-info.com\/es\/wordpress\/wp-content\/uploads\/2013\/06\/bet365_skrill_61-300x102.png 300w, https:\/\/bookmaker-info.com\/es\/wordpress\/wp-content\/uploads\/2013\/06\/bet365_skrill_61-1024x350.png 1024w, https:\/\/bookmaker-info.com\/es\/wordpress\/wp-content\/uploads\/2013\/06\/bet365_skrill_61-624x213.png 624w\" sizes=\"auto, (max-width: 1196px) 100vw, 1196px\" \/><\/a><\/p>\n<p>Luego de iniciar sesi\u00f3n, haz clic en \u201cAjustes\u201d.<\/p>\n<h2 class=\"title\">\uff08\uff12\uff09Navega hacia la pesta\u00f1a de Informaci\u00f3n Personal<\/h2>\n<p><a href=\"http:\/\/bookmaker-info.com\/es\/wordpress\/wp-content\/uploads\/2013\/06\/bet365_skrill_7.png\"><img loading=\"lazy\" decoding=\"async\" class=\"alignnone wp-image-11469\" title=\"\" src=\"http:\/\/bookmaker-info.com\/es\/wordpress\/wp-content\/uploads\/2013\/06\/bet365_skrill_7.png\" alt=\"bet365 Skrill\" width=\"787\" height=\"560\" srcset=\"https:\/\/bookmaker-info.com\/es\/wordpress\/wp-content\/uploads\/2013\/06\/bet365_skrill_7.png 787w, https:\/\/bookmaker-info.com\/es\/wordpress\/wp-content\/uploads\/2013\/06\/bet365_skrill_7-300x213.png 300w, https:\/\/bookmaker-info.com\/es\/wordpress\/wp-content\/uploads\/2013\/06\/bet365_skrill_7-624x444.png 624w\" sizes=\"auto, (max-width: 787px) 100vw, 787px\" \/><\/a><\/p>\n<p>Una vez que has entrado a la pesta\u00f1a de \u201cInformaci\u00f3n Personal\u201d, haz clic en \u201cEditar\u201d en la secci\u00f3n de correo electr\u00f3nico para agregar otra direcci\u00f3n de correo electr\u00f3nico como se muestra en la imagen a continuaci\u00f3n.<\/p>\n<p><a href=\"http:\/\/bookmaker-info.com\/es\/wordpress\/wp-content\/uploads\/2013\/06\/bet365_skrill_81.png\"><img loading=\"lazy\" decoding=\"async\" class=\"alignnone wp-image-11470\" title=\"\" src=\"http:\/\/bookmaker-info.com\/es\/wordpress\/wp-content\/uploads\/2013\/06\/bet365_skrill_81.png\" alt=\"bet365 Skrill\" width=\"774\" height=\"668\" srcset=\"https:\/\/bookmaker-info.com\/es\/wordpress\/wp-content\/uploads\/2013\/06\/bet365_skrill_81.png 774w, https:\/\/bookmaker-info.com\/es\/wordpress\/wp-content\/uploads\/2013\/06\/bet365_skrill_81-300x258.png 300w, https:\/\/bookmaker-info.com\/es\/wordpress\/wp-content\/uploads\/2013\/06\/bet365_skrill_81-624x538.png 624w\" sizes=\"auto, (max-width: 774px) 100vw, 774px\" \/><\/a><\/p>\n<p><a href=\"http:\/\/www.bet365.com\/home\/?affiliate=365_372111\"><img loading=\"lazy\" decoding=\"async\" class=\"size-full wp-image-12880 alignnone\" src=\"http:\/\/bookmaker-info.com\/es\/wordpress\/wp-content\/uploads\/2018\/01\/Bet365-Logo.png\" alt=\"\" width=\"125\" height=\"64\"><\/a><br \/>\n<a href=\"http:\/\/www.bet365.com\/home\/?affiliate=365_372111\">bet365<\/a><\/p>\n","protected":false},"excerpt":{"rendered":"<p>\uff08\uff11\uff09Inicia sesi\u00f3n en bet365 Necesitar\u00e1s un balance de m\u00e1s de US$10\/\u20ac5\/\u00a35 o el equivalente si se usa otra divisa en tu cuenta de Skrill (anteriormente conocido como Moneybookers) para transferirlo a tu cuenta de bet365. Si no has depositado US$10\/\u20ac5\/\u00a35 o el equivalente en tu cuenta de Skrill, por favor consulta esta p\u00e1gina. Si tienes [&hellip;]<\/p>\n","protected":false},"author":1,"featured_media":0,"parent":0,"menu_order":0,"comment_status":"open","ping_status":"closed","template":"","meta":{"footnotes":""},"class_list":["post-264","page","type-page","status-publish","hentry"],"_links":{"self":[{"href":"https:\/\/bookmaker-info.com\/es\/wp-json\/wp\/v2\/pages\/264","targetHints":{"allow":["GET"]}}],"collection":[{"href":"https:\/\/bookmaker-info.com\/es\/wp-json\/wp\/v2\/pages"}],"about":[{"href":"https:\/\/bookmaker-info.com\/es\/wp-json\/wp\/v2\/types\/page"}],"author":[{"embeddable":true,"href":"https:\/\/bookmaker-info.com\/es\/wp-json\/wp\/v2\/users\/1"}],"replies":[{"embeddable":true,"href":"https:\/\/bookmaker-info.com\/es\/wp-json\/wp\/v2\/comments?post=264"}],"version-history":[{"count":34,"href":"https:\/\/bookmaker-info.com\/es\/wp-json\/wp\/v2\/pages\/264\/revisions"}],"predecessor-version":[{"id":13194,"href":"https:\/\/bookmaker-info.com\/es\/wp-json\/wp\/v2\/pages\/264\/revisions\/13194"}],"wp:attachment":[{"href":"https:\/\/bookmaker-info.com\/es\/wp-json\/wp\/v2\/media?parent=264"}],"curies":[{"name":"wp","href":"https:\/\/api.w.org\/{rel}","templated":true}]}}