{"id":2701,"date":"2013-12-01T16:36:06","date_gmt":"2013-12-01T07:36:06","guid":{"rendered":"http:\/\/bookmaker-info.com\/?page_id=2701"},"modified":"2024-01-31T01:48:58","modified_gmt":"2024-01-31T01:48:58","slug":"neteller-10bet","status":"publish","type":"page","link":"https:\/\/bookmaker-info.com\/es\/neteller-10bet","title":{"rendered":"C\u00f3mo Transferir Dinero desde NETELLER hacia 10Bet"},"content":{"rendered":"<h2 class=\"title\">\uff08\uff11\uff09Inicia sesi\u00f3n en 10Bet<\/h2>\n<p>Necesitar\u00e1s un balance de <strong>m\u00e1s de \u20ac10 o el equivalente si se usa otra divisa<\/strong> en tu cuenta de NETELLER para transferirlo a tu cuenta de 10Bet. Si no has depositado \u20ac10 o el equivalente en tu cuenta de NETELLER, por favor consulta <a href=\"http:\/\/bookmaker-info.com\/es\/neteller-deposito\">esta p\u00e1gina<\/a>.<\/p>\n<p>Si tienes m\u00e1s de \u20ac10 o el equivalente en tu cuenta de NETELLER, haz clic en el v\u00ednculo a continuaci\u00f3n para acceder a 10Bet.<\/p>\n<p><a href=\"https:\/\/track.10bet.com\/C.ashx?btag=a_25776b_5968c_&amp;affid=1671098&amp;siteid=25776&amp;adid=5968&amp;c=\">10bet<\/a><\/p>\n<p><a href=\"http:\/\/bookmaker-info.com\/es\/wordpress\/wp-content\/uploads\/2013\/12\/10bet_neteller_11.png\"><img loading=\"lazy\" decoding=\"async\" class=\"alignnone size-full wp-image-11736\" alt=\"10Bet NETELLER\" src=\"http:\/\/bookmaker-info.com\/es\/wordpress\/wp-content\/uploads\/2013\/12\/10bet_neteller_11.png\" width=\"1017\" height=\"502\" srcset=\"https:\/\/bookmaker-info.com\/es\/wordpress\/wp-content\/uploads\/2013\/12\/10bet_neteller_11.png 1017w, https:\/\/bookmaker-info.com\/es\/wordpress\/wp-content\/uploads\/2013\/12\/10bet_neteller_11-300x148.png 300w, https:\/\/bookmaker-info.com\/es\/wordpress\/wp-content\/uploads\/2013\/12\/10bet_neteller_11-624x308.png 624w\" sizes=\"auto, (max-width: 1017px) 100vw, 1017px\" \/><\/a><\/p>\n<p>Despu\u00e9s de introducir tu Nombre de Usuario y Contrase\u00f1a, haz clic en \u201cEntra\u201d para iniciar sesi\u00f3n.<\/p>\n<h2 class=\"title\">\uff08\uff12\uff09Ingresa a la pantalla de dep\u00f3sito<\/h2>\n<p>Si no tienes un balance en tu cuenta, la pantalla siguiente podr\u00eda aparecer despu\u00e9s de iniciar sesi\u00f3n. Haz clic en \u201cDeposita Ahora\u201d para continuar.<\/p>\n<p><a href=\"http:\/\/bookmaker-info.com\/es\/wordpress\/wp-content\/uploads\/2013\/12\/10bet_neteller_21.png\"><img loading=\"lazy\" decoding=\"async\" class=\"alignnone size-full wp-image-11737\" alt=\"10Bet NETELLER\" src=\"http:\/\/bookmaker-info.com\/es\/wordpress\/wp-content\/uploads\/2013\/12\/10bet_neteller_21.png\" width=\"1018\" height=\"299\" srcset=\"https:\/\/bookmaker-info.com\/es\/wordpress\/wp-content\/uploads\/2013\/12\/10bet_neteller_21.png 1018w, https:\/\/bookmaker-info.com\/es\/wordpress\/wp-content\/uploads\/2013\/12\/10bet_neteller_21-300x88.png 300w, https:\/\/bookmaker-info.com\/es\/wordpress\/wp-content\/uploads\/2013\/12\/10bet_neteller_21-624x183.png 624w\" sizes=\"auto, (max-width: 1018px) 100vw, 1018px\" \/><\/a><\/p>\n<p>Si la pantalla anterior no se muestra, haz clic en el bot\u00f3n verde de \u201cDep\u00f3sito\u201d en la parte superior de la pantalla como se indica a continuaci\u00f3n para acceder a la pantalla de dep\u00f3sito.<\/p>\n<p><a href=\"http:\/\/bookmaker-info.com\/es\/wordpress\/wp-content\/uploads\/2013\/12\/10bet_neteller_31.png\"><img loading=\"lazy\" decoding=\"async\" class=\"alignnone size-full wp-image-11738\" alt=\"10Bet NETELLER\" src=\"http:\/\/bookmaker-info.com\/es\/wordpress\/wp-content\/uploads\/2013\/12\/10bet_neteller_31.png\" width=\"793\" height=\"265\" srcset=\"https:\/\/bookmaker-info.com\/es\/wordpress\/wp-content\/uploads\/2013\/12\/10bet_neteller_31.png 793w, https:\/\/bookmaker-info.com\/es\/wordpress\/wp-content\/uploads\/2013\/12\/10bet_neteller_31-300x100.png 300w, https:\/\/bookmaker-info.com\/es\/wordpress\/wp-content\/uploads\/2013\/12\/10bet_neteller_31-624x208.png 624w\" sizes=\"auto, (max-width: 793px) 100vw, 793px\" \/><\/a><\/p>\n<h2 class=\"title\">\uff08\uff13\uff09De los m\u00e9todos de dep\u00f3sito disponibles, selecciona NETELLER<\/h2>\n<p><a href=\"http:\/\/bookmaker-info.com\/es\/wordpress\/wp-content\/uploads\/2013\/12\/10bet_neteller_41.png\"><img loading=\"lazy\" decoding=\"async\" class=\"alignnone size-full wp-image-11739\" alt=\"10Bet NETELLER\" src=\"http:\/\/bookmaker-info.com\/es\/wordpress\/wp-content\/uploads\/2013\/12\/10bet_neteller_41.png\" width=\"548\" height=\"851\" srcset=\"https:\/\/bookmaker-info.com\/es\/wordpress\/wp-content\/uploads\/2013\/12\/10bet_neteller_41.png 548w, https:\/\/bookmaker-info.com\/es\/wordpress\/wp-content\/uploads\/2013\/12\/10bet_neteller_41-193x300.png 193w\" sizes=\"auto, (max-width: 548px) 100vw, 548px\" \/><\/a><\/p>\n<h2 class=\"title\">\uff08\uff14\uff09Completar tu dep\u00f3sito v\u00eda NETELLER<\/h2>\n<p><a href=\"http:\/\/bookmaker-info.com\/es\/wordpress\/wp-content\/uploads\/2013\/12\/10bet_neteller_51.png\"><img loading=\"lazy\" decoding=\"async\" class=\"alignnone size-full wp-image-11740\" alt=\"10Bet NETELLER\" src=\"http:\/\/bookmaker-info.com\/es\/wordpress\/wp-content\/uploads\/2013\/12\/10bet_neteller_51.png\" width=\"809\" height=\"530\" srcset=\"https:\/\/bookmaker-info.com\/es\/wordpress\/wp-content\/uploads\/2013\/12\/10bet_neteller_51.png 809w, https:\/\/bookmaker-info.com\/es\/wordpress\/wp-content\/uploads\/2013\/12\/10bet_neteller_51-300x196.png 300w, https:\/\/bookmaker-info.com\/es\/wordpress\/wp-content\/uploads\/2013\/12\/10bet_neteller_51-624x408.png 624w\" sizes=\"auto, (max-width: 809px) 100vw, 809px\" \/><\/a><\/p>\n<p>Despu\u00e9s de seleccionar NETELLER, introduce tus 12 n\u00fameros de identificaci\u00f3n de NETELLER y los 6 n\u00fameros de identificaci\u00f3n segura de NETELLER. Para la divisa, te recomendamos que selecciones la misma divisa de tu cuenta NETELLER para ahorrarte en comisiones al depositar o retirar de tu cuenta 10Bet. Luego, introduce la cantidad que te gustar\u00eda depositar (deber\u00eda ser m\u00e1s de \u20ac10 o el equivalente) y luego haz clic en \u201cDEPOSIT\u201d para completar la transacci\u00f3n de tu dep\u00f3sito.<\/p>\n<p><a href=\"https:\/\/track.10bet.com\/C.ashx?btag=a_25776b_5968c_&amp;affid=1671098&amp;siteid=25776&amp;adid=5968&amp;c=\"><img loading=\"lazy\" decoding=\"async\" class=\"alignnone wp-image-34923 size-full\" src=\"https:\/\/bookmaker-info.com\/en\/wordpress\/wp-content\/uploads\/2023\/08\/200x200.png\" alt=\"\" width=\"200\" height=\"200\"><\/a><br \/>\n<a href=\"https:\/\/track.10bet.com\/C.ashx?btag=a_25776b_5968c_&amp;affid=1671098&amp;siteid=25776&amp;adid=5968&amp;c=\">10bet<\/a><\/p>\n","protected":false},"excerpt":{"rendered":"<p>\uff08\uff11\uff09Inicia sesi\u00f3n en 10Bet Necesitar\u00e1s un balance de m\u00e1s de \u20ac10 o el equivalente si se usa otra divisa en tu cuenta de NETELLER para transferirlo a tu cuenta de 10Bet. Si no has depositado \u20ac10 o el equivalente en tu cuenta de NETELLER, por favor consulta esta p\u00e1gina. Si tienes m\u00e1s de \u20ac10 o [&hellip;]<\/p>\n","protected":false},"author":1,"featured_media":0,"parent":0,"menu_order":0,"comment_status":"open","ping_status":"closed","template":"","meta":{"footnotes":""},"class_list":["post-2701","page","type-page","status-publish","hentry"],"_links":{"self":[{"href":"https:\/\/bookmaker-info.com\/es\/wp-json\/wp\/v2\/pages\/2701","targetHints":{"allow":["GET"]}}],"collection":[{"href":"https:\/\/bookmaker-info.com\/es\/wp-json\/wp\/v2\/pages"}],"about":[{"href":"https:\/\/bookmaker-info.com\/es\/wp-json\/wp\/v2\/types\/page"}],"author":[{"embeddable":true,"href":"https:\/\/bookmaker-info.com\/es\/wp-json\/wp\/v2\/users\/1"}],"replies":[{"embeddable":true,"href":"https:\/\/bookmaker-info.com\/es\/wp-json\/wp\/v2\/comments?post=2701"}],"version-history":[{"count":32,"href":"https:\/\/bookmaker-info.com\/es\/wp-json\/wp\/v2\/pages\/2701\/revisions"}],"predecessor-version":[{"id":13247,"href":"https:\/\/bookmaker-info.com\/es\/wp-json\/wp\/v2\/pages\/2701\/revisions\/13247"}],"wp:attachment":[{"href":"https:\/\/bookmaker-info.com\/es\/wp-json\/wp\/v2\/media?parent=2701"}],"curies":[{"name":"wp","href":"https:\/\/api.w.org\/{rel}","templated":true}]}}