{"id":2707,"date":"2013-12-01T17:45:00","date_gmt":"2013-12-01T08:45:00","guid":{"rendered":"http:\/\/bookmaker-info.com\/?page_id=2707"},"modified":"2024-01-31T01:48:53","modified_gmt":"2024-01-31T01:48:53","slug":"skrill-10bet","status":"publish","type":"page","link":"https:\/\/bookmaker-info.com\/es\/skrill-10bet","title":{"rendered":"C\u00f3mo Transferir Dinero desde Skrill hacia 10Bet"},"content":{"rendered":"<h2 class=\"title\">\uff08\uff11\uff09Inicia sesi\u00f3n en 10Bet<\/h2>\n<p>Necesitar\u00e1s un balance de <strong>m\u00e1s de \u20ac10 o el equivalente si se usa otra divisa<\/strong> en tu cuenta de Skrill (anteriormente conocido como Moneybookers) para transferirlo a tu cuenta de 10Bet. Si no has depositado \u20ac10 o el equivalente en tu cuenta de Skrill, por favor consulta <a href=\"http:\/\/bookmaker-info.com\/es\/skrill-deposito\">esta p\u00e1gina<\/a>.<\/p>\n<p>Si tienes m\u00e1s de \u20ac10 o el equivalente en tu cuenta de Skrill, haz clic en el v\u00ednculo a continuaci\u00f3n para acceder a 10Bet.<\/p>\n<p><a href=\"https:\/\/track.10bet.com\/C.ashx?btag=a_25776b_5968c_&amp;affid=1671098&amp;siteid=25776&amp;adid=5968&amp;c=\">10bet<\/a><\/p>\n<p><a href=\"http:\/\/bookmaker-info.com\/es\/wordpress\/wp-content\/uploads\/2013\/12\/10bet_skrill_11.png\"><img loading=\"lazy\" decoding=\"async\" class=\"alignnone size-full wp-image-11757\" alt=\"10Bet Skrill\" src=\"http:\/\/bookmaker-info.com\/es\/wordpress\/wp-content\/uploads\/2013\/12\/10bet_skrill_11.png\" width=\"1017\" height=\"502\" srcset=\"https:\/\/bookmaker-info.com\/es\/wordpress\/wp-content\/uploads\/2013\/12\/10bet_skrill_11.png 1017w, https:\/\/bookmaker-info.com\/es\/wordpress\/wp-content\/uploads\/2013\/12\/10bet_skrill_11-300x148.png 300w, https:\/\/bookmaker-info.com\/es\/wordpress\/wp-content\/uploads\/2013\/12\/10bet_skrill_11-624x308.png 624w\" sizes=\"auto, (max-width: 1017px) 100vw, 1017px\" \/><\/a><\/p>\n<p>Despu\u00e9s de introducir tu Nombre de Usuario y Contrase\u00f1a, haz clic en \u201cEntra\u201d para iniciar sesi\u00f3n.<\/p>\n<h2 class=\"title\">\uff08\uff12\uff09Ingresa a la pantalla de dep\u00f3sito<\/h2>\n<p>Si no tienes un balance en tu cuenta, la pantalla siguiente podr\u00eda aparecer despu\u00e9s de iniciar sesi\u00f3n. Haz clic en \u201cDeposita Ahora\u201d para continuar.<\/p>\n<p><a href=\"http:\/\/bookmaker-info.com\/es\/wordpress\/wp-content\/uploads\/2013\/12\/10bet_skrill_21.png\"><img loading=\"lazy\" decoding=\"async\" class=\"alignnone size-full wp-image-11758\" alt=\"10Bet Skrill\" src=\"http:\/\/bookmaker-info.com\/es\/wordpress\/wp-content\/uploads\/2013\/12\/10bet_skrill_21.png\" width=\"1018\" height=\"299\" srcset=\"https:\/\/bookmaker-info.com\/es\/wordpress\/wp-content\/uploads\/2013\/12\/10bet_skrill_21.png 1018w, https:\/\/bookmaker-info.com\/es\/wordpress\/wp-content\/uploads\/2013\/12\/10bet_skrill_21-300x88.png 300w, https:\/\/bookmaker-info.com\/es\/wordpress\/wp-content\/uploads\/2013\/12\/10bet_skrill_21-624x183.png 624w\" sizes=\"auto, (max-width: 1018px) 100vw, 1018px\" \/><\/a><\/p>\n<p>Si la pantalla anterior no se muestra, haz clic en el bot\u00f3n verde de \u201cDep\u00f3sito\u201d en la parte superior de la pantalla como se indica a continuaci\u00f3n para acceder a la pantalla de dep\u00f3sito.<\/p>\n<p><a href=\"http:\/\/bookmaker-info.com\/es\/wordpress\/wp-content\/uploads\/2013\/12\/10bet_skrill_31.png\"><img loading=\"lazy\" decoding=\"async\" class=\"alignnone size-full wp-image-11759\" alt=\"10Bet Skrill\" src=\"http:\/\/bookmaker-info.com\/es\/wordpress\/wp-content\/uploads\/2013\/12\/10bet_skrill_31.png\" width=\"793\" height=\"265\" srcset=\"https:\/\/bookmaker-info.com\/es\/wordpress\/wp-content\/uploads\/2013\/12\/10bet_skrill_31.png 793w, https:\/\/bookmaker-info.com\/es\/wordpress\/wp-content\/uploads\/2013\/12\/10bet_skrill_31-300x100.png 300w, https:\/\/bookmaker-info.com\/es\/wordpress\/wp-content\/uploads\/2013\/12\/10bet_skrill_31-624x208.png 624w\" sizes=\"auto, (max-width: 793px) 100vw, 793px\" \/><\/a><\/p>\n<h2 class=\"title\">\uff08\uff13\uff09De los m\u00e9todos de dep\u00f3sito disponibles, selecciona Skrill<\/h2>\n<p><a href=\"http:\/\/bookmaker-info.com\/es\/wordpress\/wp-content\/uploads\/2013\/12\/10bet_skrill_41.png\"><img loading=\"lazy\" decoding=\"async\" class=\"alignnone size-full wp-image-11760\" alt=\"10Bet Skrill\" src=\"http:\/\/bookmaker-info.com\/es\/wordpress\/wp-content\/uploads\/2013\/12\/10bet_skrill_41.png\" width=\"548\" height=\"851\" srcset=\"https:\/\/bookmaker-info.com\/es\/wordpress\/wp-content\/uploads\/2013\/12\/10bet_skrill_41.png 548w, https:\/\/bookmaker-info.com\/es\/wordpress\/wp-content\/uploads\/2013\/12\/10bet_skrill_41-193x300.png 193w\" sizes=\"auto, (max-width: 548px) 100vw, 548px\" \/><\/a><\/p>\n<h2 class=\"title\">\uff08\uff14\uff09Completar tu dep\u00f3sito v\u00eda Skrill<\/h2>\n<p><a href=\"http:\/\/bookmaker-info.com\/es\/wordpress\/wp-content\/uploads\/2013\/12\/10bet_skrill_51.png\"><img loading=\"lazy\" decoding=\"async\" class=\"alignnone size-full wp-image-11761\" alt=\"10Bet Skrill\" src=\"http:\/\/bookmaker-info.com\/es\/wordpress\/wp-content\/uploads\/2013\/12\/10bet_skrill_51.png\" width=\"657\" height=\"409\" srcset=\"https:\/\/bookmaker-info.com\/es\/wordpress\/wp-content\/uploads\/2013\/12\/10bet_skrill_51.png 657w, https:\/\/bookmaker-info.com\/es\/wordpress\/wp-content\/uploads\/2013\/12\/10bet_skrill_51-300x186.png 300w, https:\/\/bookmaker-info.com\/es\/wordpress\/wp-content\/uploads\/2013\/12\/10bet_skrill_51-624x388.png 624w\" sizes=\"auto, (max-width: 657px) 100vw, 657px\" \/><\/a><\/p>\n<p>Despu\u00e9s de seleccionar Skrill, te recomendamos seleccionar la misma divisa que en tu cuenta de Skrill para ahorrarte las comisiones al depositar o retirar de tu cuenta de 10Bet en la pantalla siguiente. Luego, introduce la cantidad que te gustar\u00eda depositar (deber\u00eda ser m\u00e1s de \u20ac10 o el equivalente) y luego haz clic en &#8220;Deposit&#8221;.<\/p>\n<h2 class=\"title\">\uff08\uff15\uff09Despues de hacer clic en \u201cDeposit\u201d, ser\u00e1s llevado hacia la p\u00e1gina de Skrill<\/h2>\n<p><a href=\"http:\/\/bookmaker-info.com\/es\/wordpress\/wp-content\/uploads\/2013\/12\/10bet_skrill_61.png\"><img loading=\"lazy\" decoding=\"async\" class=\"alignnone size-full wp-image-11762\" alt=\"10Bet Skrill\" src=\"http:\/\/bookmaker-info.com\/es\/wordpress\/wp-content\/uploads\/2013\/12\/10bet_skrill_61.png\" width=\"778\" height=\"522\" srcset=\"https:\/\/bookmaker-info.com\/es\/wordpress\/wp-content\/uploads\/2013\/12\/10bet_skrill_61.png 778w, https:\/\/bookmaker-info.com\/es\/wordpress\/wp-content\/uploads\/2013\/12\/10bet_skrill_61-300x201.png 300w, https:\/\/bookmaker-info.com\/es\/wordpress\/wp-content\/uploads\/2013\/12\/10bet_skrill_61-624x418.png 624w\" sizes=\"auto, (max-width: 778px) 100vw, 778px\" \/><\/a><\/p>\n<p>En la siguiente p\u00e1gina, te pedir\u00e1n que introduzcas los detalles de tu tarjeta de cr\u00e9dito. Por favor haz caso omiso de esto y despl\u00e1zate hacia el final de la pantalla y haz clic en \u201cYa tengo una cuenta en Skrill\u201d como se muestra en la imagen de arriba.<\/p>\n<h2 class=\"title\">\uff08\uff16\uff09Inicia sesi\u00f3n en tu cuenta de Skrill<\/h2>\n<p><a href=\"http:\/\/bookmaker-info.com\/es\/wordpress\/wp-content\/uploads\/2013\/12\/10bet_skrill_71.png\"><img loading=\"lazy\" decoding=\"async\" class=\"alignnone size-full wp-image-11763\" alt=\"10Bet Skrill\" src=\"http:\/\/bookmaker-info.com\/es\/wordpress\/wp-content\/uploads\/2013\/12\/10bet_skrill_71.png\" width=\"778\" height=\"423\" srcset=\"https:\/\/bookmaker-info.com\/es\/wordpress\/wp-content\/uploads\/2013\/12\/10bet_skrill_71.png 778w, https:\/\/bookmaker-info.com\/es\/wordpress\/wp-content\/uploads\/2013\/12\/10bet_skrill_71-300x163.png 300w, https:\/\/bookmaker-info.com\/es\/wordpress\/wp-content\/uploads\/2013\/12\/10bet_skrill_71-624x339.png 624w\" sizes=\"auto, (max-width: 778px) 100vw, 778px\" \/><\/a><\/p>\n<p>En la siguiente p\u00e1gina, inicia sesi\u00f3n en tu cuenta de Skrill introduciendo tu correo electr\u00f3nico de Skrill y la contrase\u00f1a para completar tu transacci\u00f3n de dep\u00f3sito.<\/p>\n<p>\u203b Por favor ten en cuenta que t\u00fa correo electr\u00f3nico de Skrill debe ser el mismo que registraste en 10Bet. Si este no es el caso, puedes agregar tu correo electr\u00f3nico registrado de 10Bet como un segundo correo electr\u00f3nico en Skrill al seguir los pasos que se indican a continuaci\u00f3n.<\/p>\n<h2 class=\"title\">\uff08\uff11\uff09Inicia sesi\u00f3n en Skrill<\/h2>\n<p><a href=\"http:\/\/bookmaker-info.com\/es\/wordpress\/wp-content\/uploads\/2013\/12\/10bet_skrill_81.png\"><img loading=\"lazy\" decoding=\"async\" class=\"alignnone size-full wp-image-11764\" alt=\"10bet_skrill_8\" src=\"http:\/\/bookmaker-info.com\/es\/wordpress\/wp-content\/uploads\/2013\/12\/10bet_skrill_81.png\" width=\"1196\" height=\"409\" srcset=\"https:\/\/bookmaker-info.com\/es\/wordpress\/wp-content\/uploads\/2013\/12\/10bet_skrill_81.png 1196w, https:\/\/bookmaker-info.com\/es\/wordpress\/wp-content\/uploads\/2013\/12\/10bet_skrill_81-300x102.png 300w, https:\/\/bookmaker-info.com\/es\/wordpress\/wp-content\/uploads\/2013\/12\/10bet_skrill_81-1024x350.png 1024w, https:\/\/bookmaker-info.com\/es\/wordpress\/wp-content\/uploads\/2013\/12\/10bet_skrill_81-624x213.png 624w\" sizes=\"auto, (max-width: 1196px) 100vw, 1196px\" \/><\/a><\/p>\n<p>Luego de iniciar sesi\u00f3n, haz clic en \u201cAjustes\u201d.<\/p>\n<h2 class=\"title\">\uff08\uff12\uff09Navega hacia la pesta\u00f1a de Informaci\u00f3n Personal<\/h2>\n<p><a href=\"http:\/\/bookmaker-info.com\/es\/wordpress\/wp-content\/uploads\/2013\/12\/10bet_skrill_91.png\"><img loading=\"lazy\" decoding=\"async\" class=\"alignnone size-full wp-image-11765\" alt=\"10Bet Skrill\" src=\"http:\/\/bookmaker-info.com\/es\/wordpress\/wp-content\/uploads\/2013\/12\/10bet_skrill_91.png\" width=\"787\" height=\"560\" srcset=\"https:\/\/bookmaker-info.com\/es\/wordpress\/wp-content\/uploads\/2013\/12\/10bet_skrill_91.png 787w, https:\/\/bookmaker-info.com\/es\/wordpress\/wp-content\/uploads\/2013\/12\/10bet_skrill_91-300x213.png 300w, https:\/\/bookmaker-info.com\/es\/wordpress\/wp-content\/uploads\/2013\/12\/10bet_skrill_91-624x444.png 624w\" sizes=\"auto, (max-width: 787px) 100vw, 787px\" \/><\/a><\/p>\n<p>Una vez que has entrado a la pesta\u00f1a de \u201cInformaci\u00f3n Personal\u201d, haz clic en \u201cEditar\u201d en la secci\u00f3n de correo electr\u00f3nico para agregar otra direcci\u00f3n de correo electr\u00f3nico como se muestra en la imagen a continuaci\u00f3n.<\/p>\n<p><a href=\"http:\/\/bookmaker-info.com\/es\/wordpress\/wp-content\/uploads\/2013\/12\/10bet_skrill_101.png\"><img loading=\"lazy\" decoding=\"async\" class=\"alignnone size-full wp-image-11766\" alt=\"10Bet Skrill\" src=\"http:\/\/bookmaker-info.com\/es\/wordpress\/wp-content\/uploads\/2013\/12\/10bet_skrill_101.png\" width=\"774\" height=\"668\" srcset=\"https:\/\/bookmaker-info.com\/es\/wordpress\/wp-content\/uploads\/2013\/12\/10bet_skrill_101.png 774w, https:\/\/bookmaker-info.com\/es\/wordpress\/wp-content\/uploads\/2013\/12\/10bet_skrill_101-300x258.png 300w, https:\/\/bookmaker-info.com\/es\/wordpress\/wp-content\/uploads\/2013\/12\/10bet_skrill_101-624x538.png 624w\" sizes=\"auto, (max-width: 774px) 100vw, 774px\" \/><\/a><\/p>\n<p><a href=\"https:\/\/track.10bet.com\/C.ashx?btag=a_25776b_5968c_&amp;affid=1671098&amp;siteid=25776&amp;adid=5968&amp;c=\"><img loading=\"lazy\" decoding=\"async\" class=\"alignnone wp-image-34923 size-full\" src=\"https:\/\/bookmaker-info.com\/en\/wordpress\/wp-content\/uploads\/2023\/08\/200x200.png\" alt=\"\" width=\"200\" height=\"200\"><\/a><br \/>\n<a href=\"https:\/\/track.10bet.com\/C.ashx?btag=a_25776b_5968c_&amp;affid=1671098&amp;siteid=25776&amp;adid=5968&amp;c=\">10bet<\/a><\/p>\n","protected":false},"excerpt":{"rendered":"<p>\uff08\uff11\uff09Inicia sesi\u00f3n en 10Bet Necesitar\u00e1s un balance de m\u00e1s de \u20ac10 o el equivalente si se usa otra divisa en tu cuenta de Skrill (anteriormente conocido como Moneybookers) para transferirlo a tu cuenta de 10Bet. Si no has depositado \u20ac10 o el equivalente en tu cuenta de Skrill, por favor consulta esta p\u00e1gina. Si tienes [&hellip;]<\/p>\n","protected":false},"author":1,"featured_media":0,"parent":0,"menu_order":0,"comment_status":"open","ping_status":"closed","template":"","meta":{"footnotes":""},"class_list":["post-2707","page","type-page","status-publish","hentry"],"_links":{"self":[{"href":"https:\/\/bookmaker-info.com\/es\/wp-json\/wp\/v2\/pages\/2707","targetHints":{"allow":["GET"]}}],"collection":[{"href":"https:\/\/bookmaker-info.com\/es\/wp-json\/wp\/v2\/pages"}],"about":[{"href":"https:\/\/bookmaker-info.com\/es\/wp-json\/wp\/v2\/types\/page"}],"author":[{"embeddable":true,"href":"https:\/\/bookmaker-info.com\/es\/wp-json\/wp\/v2\/users\/1"}],"replies":[{"embeddable":true,"href":"https:\/\/bookmaker-info.com\/es\/wp-json\/wp\/v2\/comments?post=2707"}],"version-history":[{"count":26,"href":"https:\/\/bookmaker-info.com\/es\/wp-json\/wp\/v2\/pages\/2707\/revisions"}],"predecessor-version":[{"id":13246,"href":"https:\/\/bookmaker-info.com\/es\/wp-json\/wp\/v2\/pages\/2707\/revisions\/13246"}],"wp:attachment":[{"href":"https:\/\/bookmaker-info.com\/es\/wp-json\/wp\/v2\/media?parent=2707"}],"curies":[{"name":"wp","href":"https:\/\/api.w.org\/{rel}","templated":true}]}}