{"id":2712,"date":"2013-12-01T18:10:46","date_gmt":"2013-12-01T09:10:46","guid":{"rendered":"http:\/\/bookmaker-info.com\/?page_id=2712"},"modified":"2024-01-31T01:49:03","modified_gmt":"2024-01-31T01:49:03","slug":"10bet-retirada","status":"publish","type":"page","link":"https:\/\/bookmaker-info.com\/es\/10bet-retirada","title":{"rendered":"C\u00f3mo Retirar de mi Cuenta de 10Bet"},"content":{"rendered":"<h2 class=\"title\">\uff08\uff11\uff09Inicia sesi\u00f3n en 10Bet<\/h2>\n<p><a href=\"https:\/\/track.10bet.com\/C.ashx?btag=a_25776b_5968c_&amp;affid=1671098&amp;siteid=25776&amp;adid=5968&amp;c=\">10bet<\/a><\/p>\n<p><a href=\"http:\/\/bookmaker-info.com\/es\/wordpress\/wp-content\/uploads\/2013\/12\/10bet_retirada_1.png\"><img loading=\"lazy\" decoding=\"async\" class=\"alignnone size-full wp-image-12081\" alt=\"10Bet Retirada\" src=\"http:\/\/bookmaker-info.com\/es\/wordpress\/wp-content\/uploads\/2013\/12\/10bet_retirada_1.png\" width=\"1017\" height=\"502\" srcset=\"https:\/\/bookmaker-info.com\/es\/wordpress\/wp-content\/uploads\/2013\/12\/10bet_retirada_1.png 1017w, https:\/\/bookmaker-info.com\/es\/wordpress\/wp-content\/uploads\/2013\/12\/10bet_retirada_1-300x148.png 300w, https:\/\/bookmaker-info.com\/es\/wordpress\/wp-content\/uploads\/2013\/12\/10bet_retirada_1-624x308.png 624w\" sizes=\"auto, (max-width: 1017px) 100vw, 1017px\" \/><\/a><\/p>\n<p>Despu\u00e9s de introducir tu Nombre de Usuario y Contrase\u00f1a, haz clic en \u201cEntra\u201d para iniciar sesi\u00f3n.<\/p>\n<h2 class=\"title\">\uff08\uff12\uff09Haz clic en el bot\u00f3n de \u201cDep\u00f3sito\u201d en la parte superior de la pantalla<\/h2>\n<p><a href=\"http:\/\/bookmaker-info.com\/es\/wordpress\/wp-content\/uploads\/2013\/12\/10bet_retirada_2.png\"><img loading=\"lazy\" decoding=\"async\" class=\"alignnone size-full wp-image-12082\" alt=\"10Bet Retirada\" src=\"http:\/\/bookmaker-info.com\/es\/wordpress\/wp-content\/uploads\/2013\/12\/10bet_retirada_2.png\" width=\"793\" height=\"265\" srcset=\"https:\/\/bookmaker-info.com\/es\/wordpress\/wp-content\/uploads\/2013\/12\/10bet_retirada_2.png 793w, https:\/\/bookmaker-info.com\/es\/wordpress\/wp-content\/uploads\/2013\/12\/10bet_retirada_2-300x100.png 300w, https:\/\/bookmaker-info.com\/es\/wordpress\/wp-content\/uploads\/2013\/12\/10bet_retirada_2-624x208.png 624w\" sizes=\"auto, (max-width: 793px) 100vw, 793px\" \/><\/a><\/p>\n<h2 class=\"title\">\uff08\uff13\uff09Selecciona \u201cWithdraw\u201d en la pantalla de Dep\u00f3sito<\/h2>\n<p><a href=\"http:\/\/bookmaker-info.com\/es\/wordpress\/wp-content\/uploads\/2013\/12\/10bet_retirada_3.png\"><img loading=\"lazy\" decoding=\"async\" class=\"alignnone size-full wp-image-12083\" alt=\"10Bet Retirada\" src=\"http:\/\/bookmaker-info.com\/es\/wordpress\/wp-content\/uploads\/2013\/12\/10bet_retirada_3.png\" width=\"543\" height=\"290\" srcset=\"https:\/\/bookmaker-info.com\/es\/wordpress\/wp-content\/uploads\/2013\/12\/10bet_retirada_3.png 543w, https:\/\/bookmaker-info.com\/es\/wordpress\/wp-content\/uploads\/2013\/12\/10bet_retirada_3-300x160.png 300w\" sizes=\"auto, (max-width: 543px) 100vw, 543px\" \/><\/a><\/p>\n<h2 class=\"title\">\uff08\uff14\uff09Si originalmente hiciste tu dep\u00f3sito v\u00eda NETELLER<\/h2>\n<p><a href=\"http:\/\/bookmaker-info.com\/es\/wordpress\/wp-content\/uploads\/2013\/12\/10bet_retirada_4.png\"><img loading=\"lazy\" decoding=\"async\" class=\"alignnone size-full wp-image-12084\" alt=\"10Bet Retirada\" src=\"http:\/\/bookmaker-info.com\/es\/wordpress\/wp-content\/uploads\/2013\/12\/10bet_retirada_4.png\" width=\"508\" height=\"903\" srcset=\"https:\/\/bookmaker-info.com\/es\/wordpress\/wp-content\/uploads\/2013\/12\/10bet_retirada_4.png 508w, https:\/\/bookmaker-info.com\/es\/wordpress\/wp-content\/uploads\/2013\/12\/10bet_retirada_4-168x300.png 168w\" sizes=\"auto, (max-width: 508px) 100vw, 508px\" \/><\/a><\/p>\n<p>Si originalmente hiciste tu dep\u00f3sito v\u00eda <a href=\"http:\/\/bookmaker-info.com\/es\/neteller-registro\">NETELLER<\/a>, necesitar\u00e1s procesar tu retiro a trav\u00e9s de NETELLER tambi\u00e9n. Primero haz clic en el bot\u00f3n de \u201cRetiro\u201d de NETELLER.<\/p>\n<p><a href=\"http:\/\/bookmaker-info.com\/es\/wordpress\/wp-content\/uploads\/2013\/12\/10bet_retirada_5.png\"><img loading=\"lazy\" decoding=\"async\" class=\"alignnone size-full wp-image-12085\" alt=\"10Bet Retirada\" src=\"http:\/\/bookmaker-info.com\/es\/wordpress\/wp-content\/uploads\/2013\/12\/10bet_retirada_5.png\" width=\"517\" height=\"251\" srcset=\"https:\/\/bookmaker-info.com\/es\/wordpress\/wp-content\/uploads\/2013\/12\/10bet_retirada_5.png 517w, https:\/\/bookmaker-info.com\/es\/wordpress\/wp-content\/uploads\/2013\/12\/10bet_retirada_5-300x145.png 300w\" sizes=\"auto, (max-width: 517px) 100vw, 517px\" \/><\/a><\/p>\n<p>En la pantalla siguiente introduce tus 12 n\u00fameros de identificaci\u00f3n de NETELLER y la cantidad que te gustar\u00eda retirar (<strong>m\u00e1s de \u20ac25 o el equivalente si se usa otra divisa<\/strong>). Por \u00faltimo, haz clic en el bot\u00f3n de \u201cWithdraw\u201d para procesar tu transacci\u00f3n de retiro.<\/p>\n<p>\u203b Por favor ten en cuenta que tomar\u00e1 entre <strong>unas pocas horas hasta dos (2) d\u00edas h\u00e1biles<\/strong> para que el pago del retiro se vea reflejado en tu cuenta de NETELLER.<\/p>\n<h2 class=\"title\">\uff08\uff15\uff09Si originalmente hiciste tu dep\u00f3sito v\u00eda Skrill<\/h2>\n<p><a href=\"http:\/\/bookmaker-info.com\/es\/wordpress\/wp-content\/uploads\/2013\/12\/10bet_retirada_6.png\"><img loading=\"lazy\" decoding=\"async\" class=\"alignnone size-full wp-image-12086\" alt=\"10Bet Retirada\" src=\"http:\/\/bookmaker-info.com\/es\/wordpress\/wp-content\/uploads\/2013\/12\/10bet_retirada_6.png\" width=\"508\" height=\"903\" srcset=\"https:\/\/bookmaker-info.com\/es\/wordpress\/wp-content\/uploads\/2013\/12\/10bet_retirada_6.png 508w, https:\/\/bookmaker-info.com\/es\/wordpress\/wp-content\/uploads\/2013\/12\/10bet_retirada_6-168x300.png 168w\" sizes=\"auto, (max-width: 508px) 100vw, 508px\" \/><\/a><\/p>\n<p>Si originalmente hiciste tu dep\u00f3sito v\u00eda <a href=\"http:\/\/bookmaker-info.com\/es\/skrill-registro\">Skrill<\/a> (anteriormente conocido como Moneybookers), necesitar\u00e1s procesar tu retiro a trav\u00e9s de Skrill tambi\u00e9n. Primero haz clic en el bot\u00f3n de \u201cRetiro\u201d de Skrill.<\/p>\n<p><a href=\"http:\/\/bookmaker-info.com\/es\/wordpress\/wp-content\/uploads\/2013\/12\/10bet_retirada_7.png\"><img loading=\"lazy\" decoding=\"async\" class=\"alignnone size-full wp-image-12087\" alt=\"10Bet Retirada\" src=\"http:\/\/bookmaker-info.com\/es\/wordpress\/wp-content\/uploads\/2013\/12\/10bet_retirada_7.png\" width=\"516\" height=\"198\" srcset=\"https:\/\/bookmaker-info.com\/es\/wordpress\/wp-content\/uploads\/2013\/12\/10bet_retirada_7.png 516w, https:\/\/bookmaker-info.com\/es\/wordpress\/wp-content\/uploads\/2013\/12\/10bet_retirada_7-300x115.png 300w\" sizes=\"auto, (max-width: 516px) 100vw, 516px\" \/><\/a><\/p>\n<p>En la pantalla siguiente introduce la cantidad que te gustar\u00eda retirar (<strong>m\u00e1s de \u20ac25 o el equivalente si se usa otra divisa<\/strong>) y haz clic en el bot\u00f3n de \u201cRetirar\u201d para procesar tu transacci\u00f3n de retiro.<\/p>\n<p>\u203b Por favor ten en cuenta que tomar\u00e1 entre <strong>unas pocas horas hasta dos (2) d\u00edas h\u00e1biles<\/strong> para que el pago del retiro se vea reflejado en tu cuenta de Skrill.<\/p>\n<p><a href=\"https:\/\/track.10bet.com\/C.ashx?btag=a_25776b_5968c_&amp;affid=1671098&amp;siteid=25776&amp;adid=5968&amp;c=\"><img loading=\"lazy\" decoding=\"async\" class=\"alignnone wp-image-34923 size-full\" src=\"https:\/\/bookmaker-info.com\/en\/wordpress\/wp-content\/uploads\/2023\/08\/200x200.png\" alt=\"\" width=\"200\" height=\"200\"><\/a><br \/>\n<a href=\"https:\/\/track.10bet.com\/C.ashx?btag=a_25776b_5968c_&amp;affid=1671098&amp;siteid=25776&amp;adid=5968&amp;c=\">10bet<\/a><\/p>\n","protected":false},"excerpt":{"rendered":"<p>\uff08\uff11\uff09Inicia sesi\u00f3n en 10Bet 10bet Despu\u00e9s de introducir tu Nombre de Usuario y Contrase\u00f1a, haz clic en \u201cEntra\u201d para iniciar sesi\u00f3n. \uff08\uff12\uff09Haz clic en el bot\u00f3n de \u201cDep\u00f3sito\u201d en la parte superior de la pantalla \uff08\uff13\uff09Selecciona \u201cWithdraw\u201d en la pantalla de Dep\u00f3sito \uff08\uff14\uff09Si originalmente hiciste tu dep\u00f3sito v\u00eda NETELLER Si originalmente hiciste tu dep\u00f3sito v\u00eda [&hellip;]<\/p>\n","protected":false},"author":1,"featured_media":0,"parent":0,"menu_order":0,"comment_status":"open","ping_status":"closed","template":"","meta":{"footnotes":""},"class_list":["post-2712","page","type-page","status-publish","hentry"],"_links":{"self":[{"href":"https:\/\/bookmaker-info.com\/es\/wp-json\/wp\/v2\/pages\/2712","targetHints":{"allow":["GET"]}}],"collection":[{"href":"https:\/\/bookmaker-info.com\/es\/wp-json\/wp\/v2\/pages"}],"about":[{"href":"https:\/\/bookmaker-info.com\/es\/wp-json\/wp\/v2\/types\/page"}],"author":[{"embeddable":true,"href":"https:\/\/bookmaker-info.com\/es\/wp-json\/wp\/v2\/users\/1"}],"replies":[{"embeddable":true,"href":"https:\/\/bookmaker-info.com\/es\/wp-json\/wp\/v2\/comments?post=2712"}],"version-history":[{"count":22,"href":"https:\/\/bookmaker-info.com\/es\/wp-json\/wp\/v2\/pages\/2712\/revisions"}],"predecessor-version":[{"id":13248,"href":"https:\/\/bookmaker-info.com\/es\/wp-json\/wp\/v2\/pages\/2712\/revisions\/13248"}],"wp:attachment":[{"href":"https:\/\/bookmaker-info.com\/es\/wp-json\/wp\/v2\/media?parent=2712"}],"curies":[{"name":"wp","href":"https:\/\/api.w.org\/{rel}","templated":true}]}}