{"id":294,"date":"2013-06-23T22:42:15","date_gmt":"2013-06-23T13:42:15","guid":{"rendered":"http:\/\/bookmaker-info.com\/?page_id=294"},"modified":"2020-01-11T04:26:46","modified_gmt":"2020-01-11T04:26:46","slug":"skrill-retirada","status":"publish","type":"page","link":"https:\/\/bookmaker-info.com\/es\/skrill-retirada","title":{"rendered":"C\u00f3mo Retirar de mi Cuenta de Skrill"},"content":{"rendered":"<h2 class=\"title\">\uff08\uff11\uff09Inicia sesi\u00f3n en Skrill (anteriormente conocido como Moneybookers)<\/h2>\n<p><a href=\"https:\/\/account.skrill.com\/signup\/query?promo_id=16282954&amp;rid=47834868\">Skrill<\/a><\/p>\n<p><a href=\"http:\/\/bookmaker-info.com\/es\/wordpress\/wp-content\/uploads\/2013\/06\/skrill_retirada_1.png\"><img loading=\"lazy\" decoding=\"async\" class=\"alignnone size-full wp-image-12254\" src=\"http:\/\/bookmaker-info.com\/es\/wordpress\/wp-content\/uploads\/2013\/06\/skrill_retirada_1.png\" alt=\"Skrill Retirada\" width=\"1197\" height=\"640\" srcset=\"https:\/\/bookmaker-info.com\/es\/wordpress\/wp-content\/uploads\/2013\/06\/skrill_retirada_1.png 1197w, https:\/\/bookmaker-info.com\/es\/wordpress\/wp-content\/uploads\/2013\/06\/skrill_retirada_1-300x160.png 300w, https:\/\/bookmaker-info.com\/es\/wordpress\/wp-content\/uploads\/2013\/06\/skrill_retirada_1-1024x547.png 1024w, https:\/\/bookmaker-info.com\/es\/wordpress\/wp-content\/uploads\/2013\/06\/skrill_retirada_1-624x333.png 624w\" sizes=\"auto, (max-width: 1197px) 100vw, 1197px\" \/><\/a><\/p>\n<p>Si el sitio no se muestra en tu idioma preferido, puedes cambiar el idioma al ir a\u00a0la esquina superior derecha de la pantalla para seleccionar el idioma de tu preferencia.<\/p>\n<p>Haga clic en \u201cEntrar\u201d en la esquina superior derecha para continuar.<\/p>\n<h2 class=\"title\">\uff08\uff12\uff09Despu\u00e9s de hacer clic en \u201cEntrar\u201d, aparecer\u00e1 la siguiente pantalla<\/h2>\n<p><a href=\"http:\/\/bookmaker-info.com\/es\/wordpress\/wp-content\/uploads\/2013\/06\/skrill_retirada_21.png\"><img loading=\"lazy\" decoding=\"async\" class=\"alignnone size-full wp-image-12258\" src=\"http:\/\/bookmaker-info.com\/es\/wordpress\/wp-content\/uploads\/2013\/06\/skrill_retirada_21.png\" alt=\"Skrill Retirada\" width=\"460\" height=\"378\" srcset=\"https:\/\/bookmaker-info.com\/es\/wordpress\/wp-content\/uploads\/2013\/06\/skrill_retirada_21.png 460w, https:\/\/bookmaker-info.com\/es\/wordpress\/wp-content\/uploads\/2013\/06\/skrill_retirada_21-300x246.png 300w\" sizes=\"auto, (max-width: 460px) 100vw, 460px\" \/><\/a><\/p>\n<p>Escriba su informaci\u00f3n de ingreso y haga clic en el bot\u00f3n p\u00farpura \u201cEntrar\u201d para acceder a su pantalla de cuenta.<\/p>\n<p>\u203b Dependiendo del pa\u00eds en el que usted indic\u00f3 que radica durante el proceso de registro de cuenta, su pantalla de cuenta podr\u00eda ser ligeramente diferente a lo que se muestra en las im\u00e1genes de abajo.<\/p>\n<h2 class=\"title\">\uff08\uff13\uff09Haga clic en \u201cRetirar\u201d para ver las opciones para retirar fondos<\/h2>\n<p><a href=\"http:\/\/bookmaker-info.com\/es\/wordpress\/wp-content\/uploads\/2013\/06\/skrill_retirada_3.png\"><img loading=\"lazy\" decoding=\"async\" class=\"alignnone size-full wp-image-12256\" src=\"http:\/\/bookmaker-info.com\/es\/wordpress\/wp-content\/uploads\/2013\/06\/skrill_retirada_3.png\" alt=\"Skrill Retirada\" width=\"1188\" height=\"526\" srcset=\"https:\/\/bookmaker-info.com\/es\/wordpress\/wp-content\/uploads\/2013\/06\/skrill_retirada_3.png 1188w, https:\/\/bookmaker-info.com\/es\/wordpress\/wp-content\/uploads\/2013\/06\/skrill_retirada_3-300x132.png 300w, https:\/\/bookmaker-info.com\/es\/wordpress\/wp-content\/uploads\/2013\/06\/skrill_retirada_3-1024x453.png 1024w, https:\/\/bookmaker-info.com\/es\/wordpress\/wp-content\/uploads\/2013\/06\/skrill_retirada_3-624x276.png 624w\" sizes=\"auto, (max-width: 1188px) 100vw, 1188px\" \/><\/a><\/p>\n<p>Despu\u00e9s de ingresar con \u00e9xito, haga clic en \u201cRetirar\u201d en la parte superior derecha de la pantalla para ver las opciones disponibles para retirar fondos.<\/p>\n<h2 class=\"title\">\uff08\uff14\uff09Opci\u00f3n de retiro por transferencia bancaria<\/h2>\n<p><a href=\"http:\/\/bookmaker-info.com\/es\/wordpress\/wp-content\/uploads\/2013\/06\/skrill_retirada_4.png\"><img loading=\"lazy\" decoding=\"async\" class=\"alignnone size-full wp-image-12257\" src=\"http:\/\/bookmaker-info.com\/es\/wordpress\/wp-content\/uploads\/2013\/06\/skrill_retirada_4.png\" alt=\"Skrill Retirada\" width=\"746\" height=\"337\" srcset=\"https:\/\/bookmaker-info.com\/es\/wordpress\/wp-content\/uploads\/2013\/06\/skrill_retirada_4.png 746w, https:\/\/bookmaker-info.com\/es\/wordpress\/wp-content\/uploads\/2013\/06\/skrill_retirada_4-300x135.png 300w, https:\/\/bookmaker-info.com\/es\/wordpress\/wp-content\/uploads\/2013\/06\/skrill_retirada_4-624x281.png 624w\" sizes=\"auto, (max-width: 746px) 100vw, 746px\" \/><\/a><\/p>\n<p>Despu\u00e9s de seleccionar una cuenta de banco de su lista de cuentas de bancos registrados para recibir un retiro, ingrese la cantidad que usted desea retirar para despu\u00e9s dar clic en el bot\u00f3n p\u00farpura \u201cContinuar\u201d para finalizar la transacci\u00f3n para el retiro.<\/p>\n<p>Los retiros mediante transferencia bancaria se ver\u00e1n reflejadas en su cuenta de banco designada para tal fin en entre <strong> dos (2) a cinco (5) d\u00edas<\/strong>.<\/p>\n<h2 class=\"title\">\uff08\uff15\uff09Opci\u00f3n de retiro a tarjeta prepago MasterCard de Skrill<br \/>\n\u203b Como residente del Reino Unido<\/h2>\n<p><a href=\"http:\/\/bookmaker-info.com\/es\/wordpress\/wp-content\/uploads\/2013\/06\/skrill_tarjeta_1.png\"><img loading=\"lazy\" decoding=\"async\" class=\"alignnone size-full wp-image-12259\" src=\"http:\/\/bookmaker-info.com\/es\/wordpress\/wp-content\/uploads\/2013\/06\/skrill_tarjeta_1.png\" alt=\"Skrill Tarjeta\" width=\"1188\" height=\"526\" srcset=\"https:\/\/bookmaker-info.com\/es\/wordpress\/wp-content\/uploads\/2013\/06\/skrill_tarjeta_1.png 1188w, https:\/\/bookmaker-info.com\/es\/wordpress\/wp-content\/uploads\/2013\/06\/skrill_tarjeta_1-300x132.png 300w, https:\/\/bookmaker-info.com\/es\/wordpress\/wp-content\/uploads\/2013\/06\/skrill_tarjeta_1-1024x453.png 1024w, https:\/\/bookmaker-info.com\/es\/wordpress\/wp-content\/uploads\/2013\/06\/skrill_tarjeta_1-624x276.png 624w\" sizes=\"auto, (max-width: 1188px) 100vw, 1188px\" \/><\/a><\/p>\n<p>Para solicitar su propia tarjeta prepago MasterCard de Skrill, haga clic en \u201cTarjeta Skrill\u201d.<\/p>\n<p><a href=\"http:\/\/bookmaker-info.com\/es\/wordpress\/wp-content\/uploads\/2013\/06\/skrill_tarjeta_2.png\"><img loading=\"lazy\" decoding=\"async\" class=\"alignnone size-full wp-image-12260\" src=\"http:\/\/bookmaker-info.com\/es\/wordpress\/wp-content\/uploads\/2013\/06\/skrill_tarjeta_2.png\" alt=\"Skrill Tarjeta\" width=\"749\" height=\"776\" srcset=\"https:\/\/bookmaker-info.com\/es\/wordpress\/wp-content\/uploads\/2013\/06\/skrill_tarjeta_2.png 749w, https:\/\/bookmaker-info.com\/es\/wordpress\/wp-content\/uploads\/2013\/06\/skrill_tarjeta_2-289x300.png 289w, https:\/\/bookmaker-info.com\/es\/wordpress\/wp-content\/uploads\/2013\/06\/skrill_tarjeta_2-624x646.png 624w\" sizes=\"auto, (max-width: 749px) 100vw, 749px\" \/><\/a><\/p>\n<p>Despu\u00e9s de confirmar su direcci\u00f3n de email y nombre del titular de la cuenta, haga clic en el bot\u00f3n p\u00farpura \u201cSolicite su tarjeta Skrill MasterCard\u201d.<\/p>\n<p>\u203b Tome nota que dependiendo de en donde resida, podr\u00e1 tomar entre <strong>siete (7) a diez (10) d\u00edas h\u00e1biles<\/strong> para recibir en el correo su tarjeta de prepago MasterCard de Skrill. Adem\u00e1s, su cuenta de Skrill recibir\u00e1 un cobro por <strong>EUR 10.00 <\/strong>por la emisi\u00f3n de la tarjeta.<\/p>\n<p><a href=\"https:\/\/account.skrill.com\/signup\/query?promo_id=16282954&amp;rid=47834868\" target=\"_blank\" rel=\"noopener noreferrer\"><img loading=\"lazy\" decoding=\"async\" class=\"alignnone\" style=\"border: 0px none;\" title=\"Skrill Logotipo\" src=\"https:\/\/www.moneybookers.com\/ads\/affiliates\/promotion-centre\/images\/skrill-logos\/skrill-200x87_en.gif\" alt=\"Skrill Logotipo\" width=\"200\" height=\"87\" border=\"0\" \/><\/a><br \/>\n<a href=\"https:\/\/account.skrill.com\/signup\/query?promo_id=16282954&amp;rid=47834868\">Skrill<\/a><\/p>\n","protected":false},"excerpt":{"rendered":"<p>\uff08\uff11\uff09Inicia sesi\u00f3n en Skrill (anteriormente conocido como Moneybookers) Skrill Si el sitio no se muestra en tu idioma preferido, puedes cambiar el idioma al ir a\u00a0la esquina superior derecha de la pantalla para seleccionar el idioma de tu preferencia. Haga clic en \u201cEntrar\u201d en la esquina superior derecha para continuar. \uff08\uff12\uff09Despu\u00e9s de hacer clic en [&hellip;]<\/p>\n","protected":false},"author":1,"featured_media":0,"parent":0,"menu_order":0,"comment_status":"open","ping_status":"closed","template":"","meta":{"footnotes":""},"class_list":["post-294","page","type-page","status-publish","hentry"],"_links":{"self":[{"href":"https:\/\/bookmaker-info.com\/es\/wp-json\/wp\/v2\/pages\/294","targetHints":{"allow":["GET"]}}],"collection":[{"href":"https:\/\/bookmaker-info.com\/es\/wp-json\/wp\/v2\/pages"}],"about":[{"href":"https:\/\/bookmaker-info.com\/es\/wp-json\/wp\/v2\/types\/page"}],"author":[{"embeddable":true,"href":"https:\/\/bookmaker-info.com\/es\/wp-json\/wp\/v2\/users\/1"}],"replies":[{"embeddable":true,"href":"https:\/\/bookmaker-info.com\/es\/wp-json\/wp\/v2\/comments?post=294"}],"version-history":[{"count":18,"href":"https:\/\/bookmaker-info.com\/es\/wp-json\/wp\/v2\/pages\/294\/revisions"}],"predecessor-version":[{"id":13132,"href":"https:\/\/bookmaker-info.com\/es\/wp-json\/wp\/v2\/pages\/294\/revisions\/13132"}],"wp:attachment":[{"href":"https:\/\/bookmaker-info.com\/es\/wp-json\/wp\/v2\/media?parent=294"}],"curies":[{"name":"wp","href":"https:\/\/api.w.org\/{rel}","templated":true}]}}