{"id":3023,"date":"2013-12-25T20:20:01","date_gmt":"2013-12-25T11:20:01","guid":{"rendered":"http:\/\/bookmaker-info.com\/?page_id=3023"},"modified":"2024-01-31T01:49:08","modified_gmt":"2024-01-31T01:49:08","slug":"10bet-apuesta","status":"publish","type":"page","link":"https:\/\/bookmaker-info.com\/es\/10bet-apuesta","title":{"rendered":"C\u00f3mo Apostar en 10Bet"},"content":{"rendered":"<h2 class=\"title\">\uff08\uff11\uff09Inicia sesi\u00f3n en 10Bet<\/h2>\n<p><a href=\"https:\/\/track.10bet.com\/C.ashx?btag=a_25776b_5968c_&amp;affid=1671098&amp;siteid=25776&amp;adid=5968&amp;c=\">10bet<\/a><\/p>\n<p><a href=\"http:\/\/bookmaker-info.com\/es\/wordpress\/wp-content\/uploads\/2013\/12\/10bet_apuesta_1.png\"><img loading=\"lazy\" decoding=\"async\" class=\"alignnone size-full wp-image-12009\" alt=\"10Bet Apuesta\" src=\"http:\/\/bookmaker-info.com\/es\/wordpress\/wp-content\/uploads\/2013\/12\/10bet_apuesta_1.png\" width=\"1017\" height=\"502\" srcset=\"https:\/\/bookmaker-info.com\/es\/wordpress\/wp-content\/uploads\/2013\/12\/10bet_apuesta_1.png 1017w, https:\/\/bookmaker-info.com\/es\/wordpress\/wp-content\/uploads\/2013\/12\/10bet_apuesta_1-300x148.png 300w, https:\/\/bookmaker-info.com\/es\/wordpress\/wp-content\/uploads\/2013\/12\/10bet_apuesta_1-624x308.png 624w\" sizes=\"auto, (max-width: 1017px) 100vw, 1017px\" \/><\/a><\/p>\n<p>Despu\u00e9s de introducir tu Nombre de Usuario y Contrase\u00f1a, haz clic en \u201cEntra\u201d para iniciar sesi\u00f3n.<\/p>\n<h2 class=\"title\">\uff08\uff12\uff09Si la p\u00e1gina de Deportes no se como la predeterminada, haz clic en la pesta\u00f1a de Deportes<\/h2>\n<p><a href=\"http:\/\/bookmaker-info.com\/es\/wordpress\/wp-content\/uploads\/2013\/12\/10bet_apuesta_2.png\"><img loading=\"lazy\" decoding=\"async\" class=\"alignnone size-full wp-image-12010\" alt=\"10Bet Apuesta\" src=\"http:\/\/bookmaker-info.com\/es\/wordpress\/wp-content\/uploads\/2013\/12\/10bet_apuesta_2.png\" width=\"626\" height=\"334\" srcset=\"https:\/\/bookmaker-info.com\/es\/wordpress\/wp-content\/uploads\/2013\/12\/10bet_apuesta_2.png 626w, https:\/\/bookmaker-info.com\/es\/wordpress\/wp-content\/uploads\/2013\/12\/10bet_apuesta_2-300x160.png 300w, https:\/\/bookmaker-info.com\/es\/wordpress\/wp-content\/uploads\/2013\/12\/10bet_apuesta_2-624x332.png 624w\" sizes=\"auto, (max-width: 626px) 100vw, 626px\" \/><\/a><\/p>\n<h2 class=\"title\">\uff08\uff13\uff09Selecciona el juego\/partido en el que te gustar\u00eda apostar<\/h2>\n<p><a href=\"http:\/\/bookmaker-info.com\/es\/wordpress\/wp-content\/uploads\/2013\/12\/10bet_apuesta_3.png\"><img loading=\"lazy\" decoding=\"async\" class=\"alignnone size-full wp-image-12011\" alt=\"10Bet Apuesta\" src=\"http:\/\/bookmaker-info.com\/es\/wordpress\/wp-content\/uploads\/2013\/12\/10bet_apuesta_3.png\" width=\"719\" height=\"841\" srcset=\"https:\/\/bookmaker-info.com\/es\/wordpress\/wp-content\/uploads\/2013\/12\/10bet_apuesta_3.png 719w, https:\/\/bookmaker-info.com\/es\/wordpress\/wp-content\/uploads\/2013\/12\/10bet_apuesta_3-256x300.png 256w, https:\/\/bookmaker-info.com\/es\/wordpress\/wp-content\/uploads\/2013\/12\/10bet_apuesta_3-624x729.png 624w\" sizes=\"auto, (max-width: 719px) 100vw, 719px\" \/><\/a><\/p>\n<p>En este ejemplo, te mostraremos c\u00f3mo apostar en un juego de la Liga Premier de Inglaterra. Primero, haz clic en \u201cF\u00fatbol\u201d en la lista de deportes ubicada a la izquierda de la pantalla.<\/p>\n<p>Luego haz clic en Inglaterra \u2013 Premier Liga debajo de \u201cLigas Top\u201d.<\/p>\n<h2 class=\"title\">\uff08\uff14\uff09Selecciona el tipo de apuesta<\/h2>\n<p><a href=\"http:\/\/bookmaker-info.com\/es\/wordpress\/wp-content\/uploads\/2013\/12\/10bet_apuesta_4.png\"><img loading=\"lazy\" decoding=\"async\" class=\"alignnone size-full wp-image-12012\" alt=\"10Bet Apuesta\" src=\"http:\/\/bookmaker-info.com\/es\/wordpress\/wp-content\/uploads\/2013\/12\/10bet_apuesta_4.png\" width=\"521\" height=\"617\" srcset=\"https:\/\/bookmaker-info.com\/es\/wordpress\/wp-content\/uploads\/2013\/12\/10bet_apuesta_4.png 521w, https:\/\/bookmaker-info.com\/es\/wordpress\/wp-content\/uploads\/2013\/12\/10bet_apuesta_4-253x300.png 253w\" sizes=\"auto, (max-width: 521px) 100vw, 521px\" \/><\/a><\/p>\n<p>Uno de los tipos de apuestas m\u00e1s f\u00e1ciles de entender es el &#8220;Resultado del Tiempo Completo&#8221; (tambi\u00e9n conocido como Apuesta del Juego o L\u00ednea de Dinero). Un Resultado del Tiempo Completo significa que predices que equipo piensas que ganar\u00e1 o empatar\u00e1. En nuestro ejemplo anterior, tenemos tres opciones ya sea prediciendo 1 &#8211; Casa) que el Chelsea gana, 2 &#8211; Visitante) el Southampton gana o X &#8211; Empate)&nbsp;el Chelsea empata con el Southampton. En este ejemplo, escogeremos a&nbsp;Chelsea como ganador, por lo tanto haremos clic en las cuotas 1.57.<\/p>\n<p><a href=\"http:\/\/bookmaker-info.com\/es\/wordpress\/wp-content\/uploads\/2013\/12\/10bet_apuesta_5.png\"><img loading=\"lazy\" decoding=\"async\" class=\"alignnone size-full wp-image-12013\" alt=\"10Bet Apuesta\" src=\"http:\/\/bookmaker-info.com\/es\/wordpress\/wp-content\/uploads\/2013\/12\/10bet_apuesta_5.png\" width=\"694\" height=\"769\" srcset=\"https:\/\/bookmaker-info.com\/es\/wordpress\/wp-content\/uploads\/2013\/12\/10bet_apuesta_5.png 694w, https:\/\/bookmaker-info.com\/es\/wordpress\/wp-content\/uploads\/2013\/12\/10bet_apuesta_5-270x300.png 270w, https:\/\/bookmaker-info.com\/es\/wordpress\/wp-content\/uploads\/2013\/12\/10bet_apuesta_5-624x691.png 624w\" sizes=\"auto, (max-width: 694px) 100vw, 694px\" \/><\/a><\/p>\n<p>\u203b Ten en cuenta que la fecha y la hora del partido est\u00e1n a la izquierda de la pantalla. Para revisar cual zona horaria configurada tienes como predeterminada, por favor ve a la parte superior de la pantalla al lado de la fecha. Si deseas cambiar la zona horaria que se muestra para los juegos\/partidos, por favor haz clic en la hora y selecciona tu zona horaria preferida del cuadro desplegable.<\/p>\n<h2 class=\"title\">\uff08\uff15\uff09Introduce el monto de tu apuesta<\/h2>\n<p><a href=\"http:\/\/bookmaker-info.com\/es\/wordpress\/wp-content\/uploads\/2013\/12\/10bet_apuesta_6.png\"><img loading=\"lazy\" decoding=\"async\" class=\"alignnone size-full wp-image-12014\" alt=\"10Bet Apuesta\" src=\"http:\/\/bookmaker-info.com\/es\/wordpress\/wp-content\/uploads\/2013\/12\/10bet_apuesta_6.png\" width=\"830\" height=\"399\" srcset=\"https:\/\/bookmaker-info.com\/es\/wordpress\/wp-content\/uploads\/2013\/12\/10bet_apuesta_6.png 830w, https:\/\/bookmaker-info.com\/es\/wordpress\/wp-content\/uploads\/2013\/12\/10bet_apuesta_6-300x144.png 300w, https:\/\/bookmaker-info.com\/es\/wordpress\/wp-content\/uploads\/2013\/12\/10bet_apuesta_6-624x299.png 624w\" sizes=\"auto, (max-width: 830px) 100vw, 830px\" \/><\/a><\/p>\n<p>Despu\u00e9s de hacer clic en las cuotas donde te gustar\u00eda apostar, la selecci\u00f3n de tu apuesta se mostrar\u00e1 debajo de \u201cFormato de apuesta\u201d ubicado a la derecha de la pantalla.<\/p>\n<p>Una vez que introduces tu participaci\u00f3n o apuesta (la cantidad de dinero que te gustar\u00eda apostar), la cantidad de dinero (participaci\u00f3n + ganancia) que te ser\u00eda devuelta si ganar\u00e1s la apuesta se mostrar\u00eda autom\u00e1ticamente debajo de \u201cPara cobrar\u201d.<\/p>\n<p>Una vez que colocaste tu participaci\u00f3n en la apuesta, haz clic en el bot\u00f3n de \u201cCruzar Apuestas\u201d para finalizar t\u00fa(s) apuesta(s).<\/p>\n<h2 class=\"title\">\u203b Otras Opciones de Apuesta<\/h2>\n<p>Si consultas la captura de pantalla a continuaci\u00f3n ver\u00e1s un &#8220;+113&#8221; a la derecha de las cuotas del juego. Si haces clic en esta pesta\u00f1a, todos los tipos de apuestas disponibles (113 en este ejemplo) se mostrar\u00e1n para este juego en particular.<\/p>\n<p><a href=\"http:\/\/bookmaker-info.com\/es\/wordpress\/wp-content\/uploads\/2013\/12\/10bet_apuesta_7.png\"><img loading=\"lazy\" decoding=\"async\" class=\"alignnone size-full wp-image-12015\" alt=\"10Bet Apuesta\" src=\"http:\/\/bookmaker-info.com\/es\/wordpress\/wp-content\/uploads\/2013\/12\/10bet_apuesta_7.png\" width=\"521\" height=\"617\" srcset=\"https:\/\/bookmaker-info.com\/es\/wordpress\/wp-content\/uploads\/2013\/12\/10bet_apuesta_7.png 521w, https:\/\/bookmaker-info.com\/es\/wordpress\/wp-content\/uploads\/2013\/12\/10bet_apuesta_7-253x300.png 253w\" sizes=\"auto, (max-width: 521px) 100vw, 521px\" \/><\/a><\/p>\n<h2 class=\"title\">Ejemplos de otras opciones de apuesta<\/h2>\n<p><strong>Doble Posibilidad<a href=\"http:\/\/bookmaker-info.com\/es\/wordpress\/wp-content\/uploads\/2013\/12\/10bet_apuesta_8.png\"><img loading=\"lazy\" decoding=\"async\" class=\"alignnone size-full wp-image-12016\" title=\"10Bet Apuesta - Doble Posibilidad\" alt=\"10Bet Apuesta - Doble Posibilidad\" src=\"http:\/\/bookmaker-info.com\/es\/wordpress\/wp-content\/uploads\/2013\/12\/10bet_apuesta_8.png\" width=\"534\" height=\"80\" srcset=\"https:\/\/bookmaker-info.com\/es\/wordpress\/wp-content\/uploads\/2013\/12\/10bet_apuesta_8.png 534w, https:\/\/bookmaker-info.com\/es\/wordpress\/wp-content\/uploads\/2013\/12\/10bet_apuesta_8-300x44.png 300w\" sizes=\"auto, (max-width: 534px) 100vw, 534px\" \/><\/a><\/strong><\/p>\n<p>Una apuesta de \u201cDoble Posibilidad\u201d significa que puedes apostar una vez a dos resultados diferentes tal como, 1) el equipo local gana o empata, 2) el equipo visitante gana o empata, 3) no hay empate, lo que significa que el equipo local gana o el visitante gana.<\/p>\n<p><strong>Puntuaci\u00f3n Exacta<br \/>\n<a href=\"http:\/\/bookmaker-info.com\/es\/wordpress\/wp-content\/uploads\/2013\/12\/10bet_apuesta_9.png\"><img loading=\"lazy\" decoding=\"async\" class=\"alignnone size-full wp-image-12017\" title=\"10Bet Apuesta - Puntuaci\u00f3n Exacta\" alt=\"10Bet Apuesta - Puntuaci\u00f3n Exacta\" src=\"http:\/\/bookmaker-info.com\/es\/wordpress\/wp-content\/uploads\/2013\/12\/10bet_apuesta_9.png\" width=\"535\" height=\"343\" srcset=\"https:\/\/bookmaker-info.com\/es\/wordpress\/wp-content\/uploads\/2013\/12\/10bet_apuesta_9.png 535w, https:\/\/bookmaker-info.com\/es\/wordpress\/wp-content\/uploads\/2013\/12\/10bet_apuesta_9-300x192.png 300w\" sizes=\"auto, (max-width: 535px) 100vw, 535px\" \/><\/a><\/strong><\/p>\n<p>Una apuesta de \u201cPuntuaci\u00f3n Exacta\u201d significa que puedes apostarle al que tu piensas que ser\u00e1 el marcador final del partido.<\/p>\n<p><strong>Media Parte\/Completo<a href=\"http:\/\/bookmaker-info.com\/es\/wordpress\/wp-content\/uploads\/2013\/12\/10bet_apuesta_10.png\"><img loading=\"lazy\" decoding=\"async\" class=\"alignnone size-full wp-image-12018\" title=\"10Bet Apuesta - Media Parte\/Completo\" alt=\"10Bet Apuesta - Media Parte\/Completo\" src=\"http:\/\/bookmaker-info.com\/es\/wordpress\/wp-content\/uploads\/2013\/12\/10bet_apuesta_10.png\" width=\"534\" height=\"132\" srcset=\"https:\/\/bookmaker-info.com\/es\/wordpress\/wp-content\/uploads\/2013\/12\/10bet_apuesta_10.png 534w, https:\/\/bookmaker-info.com\/es\/wordpress\/wp-content\/uploads\/2013\/12\/10bet_apuesta_10-300x74.png 300w\" sizes=\"auto, (max-width: 534px) 100vw, 534px\" \/><\/a><\/strong><\/p>\n<p>Una apuesta de&nbsp;\u201cMedia Parte\/Completo\u201d significa que puedes apostarle al resultado correcto que piensas se dar\u00e1 en el primer tiempo y tambi\u00e9n en el marcador final. Utilizando el ejemplo de Chelsea &#8211; Southampton, si el marcador en el medio tiempo es de 0-1 y el marcador final es de 2-1, necesitar\u00edas apostar a &#8220;2\/1&#8221; para poder ganar la apuesta.<\/p>\n<p><strong>Goles Totales<br \/>\n<a href=\"http:\/\/bookmaker-info.com\/es\/wordpress\/wp-content\/uploads\/2013\/12\/10bet_apuesta_11.png\"><img loading=\"lazy\" decoding=\"async\" class=\"alignnone size-full wp-image-12019\" title=\"10Bet Apuesta - Goles Totales\" alt=\"10Bet Apuesta - Goles Totales\" src=\"http:\/\/bookmaker-info.com\/es\/wordpress\/wp-content\/uploads\/2013\/12\/10bet_apuesta_11.png\" width=\"536\" height=\"172\" srcset=\"https:\/\/bookmaker-info.com\/es\/wordpress\/wp-content\/uploads\/2013\/12\/10bet_apuesta_11.png 536w, https:\/\/bookmaker-info.com\/es\/wordpress\/wp-content\/uploads\/2013\/12\/10bet_apuesta_11-300x96.png 300w\" sizes=\"auto, (max-width: 536px) 100vw, 536px\" \/><\/a><\/strong><\/p>\n<p>Una apuesta de \u201cGoles Totales\u201d que siempre se fija en &#8220;M\u00e1s de X.5&#8221; y &#8220;Menos de X.5&#8221;, significa que apuestas al n\u00famero total de goles que crees ser\u00e1n anotados en un partido. &#8220;M\u00e1s de 2.5&#8221; significa que 3 goles o m\u00e1s ser\u00edan una apuesta ganadora mientras que &#8220;Menos de 2.5&#8221; significa que 2 goles o menos ser\u00edan una apuesta ganadora.<\/p>\n<p><strong>Empate Sin Apuesta<br \/>\n<a href=\"http:\/\/bookmaker-info.com\/es\/wordpress\/wp-content\/uploads\/2013\/12\/10bet_apuesta_12.png\"><img loading=\"lazy\" decoding=\"async\" class=\"alignnone size-full wp-image-12020\" title=\"10Bet Apuesta - Empate Sin Apuesta\" alt=\"10Bet Apuesta - Empate Sin Apuesta\" src=\"http:\/\/bookmaker-info.com\/es\/wordpress\/wp-content\/uploads\/2013\/12\/10bet_apuesta_12.png\" width=\"535\" height=\"69\" srcset=\"https:\/\/bookmaker-info.com\/es\/wordpress\/wp-content\/uploads\/2013\/12\/10bet_apuesta_12.png 535w, https:\/\/bookmaker-info.com\/es\/wordpress\/wp-content\/uploads\/2013\/12\/10bet_apuesta_12-300x38.png 300w\" sizes=\"auto, (max-width: 535px) 100vw, 535px\" \/><\/a><\/strong><\/p>\n<p>Una apuesta de&nbsp;\u201cEmpate Sin Apuesta\u201d significa que apostaste en el equipo que piensas que ganar\u00e1. Si el resultado es un empate, entonces tu participaci\u00f3n o apuesta ser\u00e1 reembolsada y no incurrir\u00e1 en ninguna p\u00e9rdida.<\/p>\n<p><a href=\"https:\/\/track.10bet.com\/C.ashx?btag=a_25776b_5968c_&amp;affid=1671098&amp;siteid=25776&amp;adid=5968&amp;c=\"><img loading=\"lazy\" decoding=\"async\" class=\"alignnone wp-image-34923 size-full\" src=\"https:\/\/bookmaker-info.com\/en\/wordpress\/wp-content\/uploads\/2023\/08\/200x200.png\" alt=\"\" width=\"200\" height=\"200\"><\/a><br \/>\n<a href=\"https:\/\/track.10bet.com\/C.ashx?btag=a_25776b_5968c_&amp;affid=1671098&amp;siteid=25776&amp;adid=5968&amp;c=\">10bet<\/a><\/p>\n","protected":false},"excerpt":{"rendered":"<p>\uff08\uff11\uff09Inicia sesi\u00f3n en 10Bet 10bet Despu\u00e9s de introducir tu Nombre de Usuario y Contrase\u00f1a, haz clic en \u201cEntra\u201d para iniciar sesi\u00f3n. \uff08\uff12\uff09Si la p\u00e1gina de Deportes no se como la predeterminada, haz clic en la pesta\u00f1a de Deportes \uff08\uff13\uff09Selecciona el juego\/partido en el que te gustar\u00eda apostar En este ejemplo, te mostraremos c\u00f3mo apostar en [&hellip;]<\/p>\n","protected":false},"author":1,"featured_media":0,"parent":0,"menu_order":0,"comment_status":"open","ping_status":"closed","template":"","meta":{"footnotes":""},"class_list":["post-3023","page","type-page","status-publish","hentry"],"_links":{"self":[{"href":"https:\/\/bookmaker-info.com\/es\/wp-json\/wp\/v2\/pages\/3023","targetHints":{"allow":["GET"]}}],"collection":[{"href":"https:\/\/bookmaker-info.com\/es\/wp-json\/wp\/v2\/pages"}],"about":[{"href":"https:\/\/bookmaker-info.com\/es\/wp-json\/wp\/v2\/types\/page"}],"author":[{"embeddable":true,"href":"https:\/\/bookmaker-info.com\/es\/wp-json\/wp\/v2\/users\/1"}],"replies":[{"embeddable":true,"href":"https:\/\/bookmaker-info.com\/es\/wp-json\/wp\/v2\/comments?post=3023"}],"version-history":[{"count":29,"href":"https:\/\/bookmaker-info.com\/es\/wp-json\/wp\/v2\/pages\/3023\/revisions"}],"predecessor-version":[{"id":13249,"href":"https:\/\/bookmaker-info.com\/es\/wp-json\/wp\/v2\/pages\/3023\/revisions\/13249"}],"wp:attachment":[{"href":"https:\/\/bookmaker-info.com\/es\/wp-json\/wp\/v2\/media?parent=3023"}],"curies":[{"name":"wp","href":"https:\/\/api.w.org\/{rel}","templated":true}]}}