{"id":340,"date":"2013-07-02T18:35:51","date_gmt":"2013-07-02T18:35:51","guid":{"rendered":"http:\/\/bookmaker-info.com\/?page_id=340"},"modified":"2018-11-30T05:44:56","modified_gmt":"2018-11-30T05:44:56","slug":"888sport-registro","status":"publish","type":"page","link":"https:\/\/bookmaker-info.com\/es\/888sport-registro","title":{"rendered":"C\u00f3mo Abrir una Cuenta de 888sport"},"content":{"rendered":"<h2 class=\"title\">\uff08\uff11\uff09Haz clic en el logotipo o en el v\u00ednculo de abajo para ingresar a 888sport<\/h2>\n<p><a onclick=\"_gaq.push(['_trackEvent', 'Affiliate Links', '888sport', '\/888sport-registro',, true]);\" href=\"https:\/\/mmwebhandler.aff-online.com\/c\/41262?sr=1115394\" rel=\"nofollow\"><img loading=\"lazy\" decoding=\"async\" style=\"border: 0px none;\" title=\"888sport Logotipo\" alt=\"888sport Logotipo\" src=\"https:\/\/mmwebhandler.888.com\/I\/30657?sr=1115394\" width=\"125\" height=\"125\" \/><\/a><br \/>\n<a onclick=\"_gaq.push(['_trackEvent', 'Affiliate Links', '888sport', '\/888sport-registro',, true]);\" href=\"https:\/\/mmwebhandler.aff-online.com\/c\/41262?sr=1115394\" rel=\"nofollow\">888sport<\/a><\/p>\n<h2 class=\"title\">\uff08\uff12\uff09Haz clic en el bot\u00f3n verde de \u201creg\u00edstrate ahora\u201d a la derecha de la pantalla<\/h2>\n<p><a href=\"http:\/\/bookmaker-info.com\/es\/wordpress\/wp-content\/uploads\/2013\/07\/888sport_registro_1.png\"><img loading=\"lazy\" decoding=\"async\" class=\"alignnone  wp-image-11622\" title=\"888sport Registro\" alt=\"888sport Registro\" src=\"http:\/\/bookmaker-info.com\/es\/wordpress\/wp-content\/uploads\/2013\/07\/888sport_registro_1.png\" width=\"1113\" height=\"780\" srcset=\"https:\/\/bookmaker-info.com\/es\/wordpress\/wp-content\/uploads\/2013\/07\/888sport_registro_1.png 1113w, https:\/\/bookmaker-info.com\/es\/wordpress\/wp-content\/uploads\/2013\/07\/888sport_registro_1-300x210.png 300w, https:\/\/bookmaker-info.com\/es\/wordpress\/wp-content\/uploads\/2013\/07\/888sport_registro_1-1024x717.png 1024w, https:\/\/bookmaker-info.com\/es\/wordpress\/wp-content\/uploads\/2013\/07\/888sport_registro_1-624x437.png 624w\" sizes=\"auto, (max-width: 1113px) 100vw, 1113px\" \/><\/a><\/p>\n<h2 class=\"title\">\uff08\uff13\uff09Despu\u00e9s de hacer clic en \u201creg\u00edstrate ahora\u201d, la pantalla de registro aparecer\u00e1 para que introduzcas tus detalles<\/h2>\n<p><a href=\"http:\/\/bookmaker-info.com\/es\/wordpress\/wp-content\/uploads\/2013\/07\/888sport_registro_2.png\"><img loading=\"lazy\" decoding=\"async\" class=\"alignnone  wp-image-11623\" title=\"888sport Registro\" alt=\"888sport Registro\" src=\"http:\/\/bookmaker-info.com\/es\/wordpress\/wp-content\/uploads\/2013\/07\/888sport_registro_2.png\" width=\"964\" height=\"709\" srcset=\"https:\/\/bookmaker-info.com\/es\/wordpress\/wp-content\/uploads\/2013\/07\/888sport_registro_2.png 964w, https:\/\/bookmaker-info.com\/es\/wordpress\/wp-content\/uploads\/2013\/07\/888sport_registro_2-300x220.png 300w, https:\/\/bookmaker-info.com\/es\/wordpress\/wp-content\/uploads\/2013\/07\/888sport_registro_2-624x458.png 624w\" sizes=\"auto, (max-width: 964px) 100vw, 964px\" \/><\/a><\/p>\n<p>Despu\u00e9s de introducir tus detalles, haz clic en \u201cSiguiente\u201d para seguir hacia la siguiente pantalla.<\/p>\n<p><a href=\"http:\/\/bookmaker-info.com\/es\/wordpress\/wp-content\/uploads\/2013\/07\/888sport_registro_3.png\"><img loading=\"lazy\" decoding=\"async\" class=\"alignnone  wp-image-11624\" title=\"888sport Registro\" alt=\"888sport Registro\" src=\"http:\/\/bookmaker-info.com\/es\/wordpress\/wp-content\/uploads\/2013\/07\/888sport_registro_3.png\" width=\"961\" height=\"702\" srcset=\"https:\/\/bookmaker-info.com\/es\/wordpress\/wp-content\/uploads\/2013\/07\/888sport_registro_3.png 961w, https:\/\/bookmaker-info.com\/es\/wordpress\/wp-content\/uploads\/2013\/07\/888sport_registro_3-300x219.png 300w, https:\/\/bookmaker-info.com\/es\/wordpress\/wp-content\/uploads\/2013\/07\/888sport_registro_3-624x455.png 624w\" sizes=\"auto, (max-width: 961px) 100vw, 961px\" \/><\/a><\/p>\n<p>Despu\u00e9s de introducir tus detalles, haz clic en \u201cSiguiente\u201d para seguir hacia la siguiente pantalla.<\/p>\n<p><a href=\"http:\/\/bookmaker-info.com\/es\/wordpress\/wp-content\/uploads\/2013\/07\/888sport_registro_4.png\"><img loading=\"lazy\" decoding=\"async\" class=\"alignnone  wp-image-11625\" title=\"888sport Registro\" alt=\"888sport Registro\" src=\"http:\/\/bookmaker-info.com\/es\/wordpress\/wp-content\/uploads\/2013\/07\/888sport_registro_4.png\" width=\"964\" height=\"709\" srcset=\"https:\/\/bookmaker-info.com\/es\/wordpress\/wp-content\/uploads\/2013\/07\/888sport_registro_4.png 964w, https:\/\/bookmaker-info.com\/es\/wordpress\/wp-content\/uploads\/2013\/07\/888sport_registro_4-300x220.png 300w, https:\/\/bookmaker-info.com\/es\/wordpress\/wp-content\/uploads\/2013\/07\/888sport_registro_4-624x458.png 624w\" sizes=\"auto, (max-width: 964px) 100vw, 964px\" \/><\/a><\/p>\n<p>Al escoger la divisa de tu cuenta, selecciona la misma divisa del portal de pago (nosotros recomendamos <a href=\"http:\/\/bookmaker-info.com\/es\/neteller-registro\">NETELLER<\/a> y <a href=\"http:\/\/bookmaker-info.com\/es\/skrill-registro\">Skrill<\/a>) para ahorrarte en las tarifas por transacci\u00f3n al depositar o retirar desde tu cuenta de 888sport.<\/p>\n<p>Despu\u00e9s de introducir todos tus detalles, haz clic en el bot\u00f3n naranja de \u201cRegistro\u201d para completar tu registro.<\/p>\n<h2 class=\"title\">\uff08\uff14\uff09Registro Completado<\/h2>\n<p><a href=\"http:\/\/bookmaker-info.com\/es\/wordpress\/wp-content\/uploads\/2013\/07\/888sport_registro_5.png\"><img loading=\"lazy\" decoding=\"async\" class=\"alignnone  wp-image-11626\" title=\"888sport Registro\" alt=\"888sport Registro\" src=\"http:\/\/bookmaker-info.com\/es\/wordpress\/wp-content\/uploads\/2013\/07\/888sport_registro_5.png\" width=\"962\" height=\"673\" srcset=\"https:\/\/bookmaker-info.com\/es\/wordpress\/wp-content\/uploads\/2013\/07\/888sport_registro_5.png 962w, https:\/\/bookmaker-info.com\/es\/wordpress\/wp-content\/uploads\/2013\/07\/888sport_registro_5-300x209.png 300w, https:\/\/bookmaker-info.com\/es\/wordpress\/wp-content\/uploads\/2013\/07\/888sport_registro_5-624x436.png 624w\" sizes=\"auto, (max-width: 962px) 100vw, 962px\" \/><\/a><\/p>\n<p>Despu\u00e9s de que t\u00fa cuenta ha sido creada, la pantalla superior aparecer\u00e1. Si quisieras regresar a la p\u00e1gina principal de 888sport sin depositar, haz clic en \u201cVe a Sportsbook\u201d.<\/p>\n<p>Como es el caso de los corredores de apuestas en l\u00ednea, ellos han subcontratado el flujo de dep\u00f3sitos y retiros a portales de pago terceros para minimizar las tarifas asociadas a las transacciones. Hemos explicado en m\u00e1s detalle sobre c\u00f3mo registrarse en dos de los portales de pago m\u00e1s reconocidos de la industria &#8211; <a href=\"http:\/\/bookmaker-info.com\/es\/neteller-registro\">NETELLER<\/a> y <a href=\"http:\/\/bookmaker-info.com\/es\/skrill-registro\">Skrill<\/a> (anteriormente conocido como Moneybookers) en las p\u00e1ginas siguientes para su conveniencia.<\/p>\n<p>\u203b Ten en cuenta que dependiendo del pa\u00eds que introduzcas como tu residencia durante el registro, los m\u00e9todos de dep\u00f3sito\/retiro de NETELLER o Skrill podr\u00edan no estar disponibles para algunos corredores de apuestas en l\u00ednea. En este caso, por favor utiliza un m\u00e9todo diferente para realizar los dep\u00f3sitos y retiros.<\/p>\n<p><a onclick=\"_gaq.push(['_trackEvent', 'Affiliate Links', '888sport', '\/888sport-registro',, true]);\" href=\"https:\/\/mmwebhandler.aff-online.com\/c\/41262?sr=1115394\" rel=\"nofollow\"><img loading=\"lazy\" decoding=\"async\" style=\"border: 0px none;\" title=\"888sport Logotipo\" alt=\"888sport Logotipo\" src=\"https:\/\/mmwebhandler.888.com\/I\/30657?sr=1115394\" width=\"125\" height=\"125\" \/><\/a><br \/>\n<a onclick=\"_gaq.push(['_trackEvent', 'Affiliate Links', '888sport', '\/888sport-registro',, true]);\" href=\"https:\/\/mmwebhandler.aff-online.com\/c\/41262?sr=1115394\" rel=\"nofollow\">888sport<\/a><\/p>\n","protected":false},"excerpt":{"rendered":"<p>\uff08\uff11\uff09Haz clic en el logotipo o en el v\u00ednculo de abajo para ingresar a 888sport 888sport \uff08\uff12\uff09Haz clic en el bot\u00f3n verde de \u201creg\u00edstrate ahora\u201d a la derecha de la pantalla \uff08\uff13\uff09Despu\u00e9s de hacer clic en \u201creg\u00edstrate ahora\u201d, la pantalla de registro aparecer\u00e1 para que introduzcas tus detalles Despu\u00e9s de introducir tus detalles, haz clic [&hellip;]<\/p>\n","protected":false},"author":1,"featured_media":0,"parent":0,"menu_order":0,"comment_status":"open","ping_status":"closed","template":"","meta":{"footnotes":""},"class_list":["post-340","page","type-page","status-publish","hentry"],"_links":{"self":[{"href":"https:\/\/bookmaker-info.com\/es\/wp-json\/wp\/v2\/pages\/340","targetHints":{"allow":["GET"]}}],"collection":[{"href":"https:\/\/bookmaker-info.com\/es\/wp-json\/wp\/v2\/pages"}],"about":[{"href":"https:\/\/bookmaker-info.com\/es\/wp-json\/wp\/v2\/types\/page"}],"author":[{"embeddable":true,"href":"https:\/\/bookmaker-info.com\/es\/wp-json\/wp\/v2\/users\/1"}],"replies":[{"embeddable":true,"href":"https:\/\/bookmaker-info.com\/es\/wp-json\/wp\/v2\/comments?post=340"}],"version-history":[{"count":42,"href":"https:\/\/bookmaker-info.com\/es\/wp-json\/wp\/v2\/pages\/340\/revisions"}],"predecessor-version":[{"id":13008,"href":"https:\/\/bookmaker-info.com\/es\/wp-json\/wp\/v2\/pages\/340\/revisions\/13008"}],"wp:attachment":[{"href":"https:\/\/bookmaker-info.com\/es\/wp-json\/wp\/v2\/media?parent=340"}],"curies":[{"name":"wp","href":"https:\/\/api.w.org\/{rel}","templated":true}]}}