{"id":3497,"date":"2014-02-02T17:13:48","date_gmt":"2014-02-02T08:13:48","guid":{"rendered":"http:\/\/bookmaker-info.com\/?page_id=3497"},"modified":"2023-05-19T23:18:48","modified_gmt":"2023-05-19T23:18:48","slug":"corredor-de-apuestas-1","status":"publish","type":"page","link":"https:\/\/bookmaker-info.com\/es\/corredor-de-apuestas-1","title":{"rendered":"Registro en Corredor de Apuestas En L\u00ednea"},"content":{"rendered":"<p>Empecemos registr\u00e1ndonos en un corredor de apuestas en l\u00ednea.<\/p>\n<p>Haz clic en los v\u00ednculos a continuaci\u00f3n para aprender a c\u00f3mo crear una cuenta en tres de los corredores de apuestas en l\u00ednea m\u00e1s populares.<\/p>\n<hr \/>\n<div class=\"bm_popular\">Opci\u00f3n No. 1 del Usuario<\/div>\n<div class=\"bm_r_title\"><a href=\"http:\/\/bookmaker-info.com\/es\/bet365-perfil\"><img loading=\"lazy\" decoding=\"async\" class=\"alignnone wp-image-13224 size-full\" src=\"http:\/\/bookmaker-info.com\/es\/wordpress\/wp-content\/uploads\/2023\/05\/bet365.jpg\" alt=\"\" width=\"1787\" height=\"535\" srcset=\"https:\/\/bookmaker-info.com\/es\/wordpress\/wp-content\/uploads\/2023\/05\/bet365.jpg 1787w, https:\/\/bookmaker-info.com\/es\/wordpress\/wp-content\/uploads\/2023\/05\/bet365-300x90.jpg 300w, https:\/\/bookmaker-info.com\/es\/wordpress\/wp-content\/uploads\/2023\/05\/bet365-1024x307.jpg 1024w, https:\/\/bookmaker-info.com\/es\/wordpress\/wp-content\/uploads\/2023\/05\/bet365-768x230.jpg 768w, https:\/\/bookmaker-info.com\/es\/wordpress\/wp-content\/uploads\/2023\/05\/bet365-1536x460.jpg 1536w, https:\/\/bookmaker-info.com\/es\/wordpress\/wp-content\/uploads\/2023\/05\/bet365-624x187.jpg 624w\" sizes=\"auto, (max-width: 1787px) 100vw, 1787px\" \/><\/a><\/div>\n<p>\u30fbApuestas en Vivo (apuesta mientras ves la acci\u00f3n en vivo)<br \/>\n\u30fbTransmisi\u00f3n en Vivo (mira m\u00e1s de 50,000 eventos deportivos en vivo por a\u00f1o con una cuenta con fondos)<\/p>\n<div class=\"bookmaker-1_link\"><a href=\".\/bet365-registro\">C\u00f3mo Abrir una Cuenta de bet365<\/a><\/div>\n<hr \/>\n<div class=\"bm_popular\">Opci\u00f3n No. 2 del Usuario<\/div>\n<div class=\"bm_r_title\"><a href=\"http:\/\/bookmaker-info.com\/es\/william-hill-perfil\"><img loading=\"lazy\" decoding=\"async\" class=\"alignnone wp-image-13226 size-full\" src=\"http:\/\/bookmaker-info.com\/es\/wordpress\/wp-content\/uploads\/2023\/05\/William-Hill.jpg\" alt=\"\" width=\"1788\" height=\"559\" srcset=\"https:\/\/bookmaker-info.com\/es\/wordpress\/wp-content\/uploads\/2023\/05\/William-Hill.jpg 1788w, https:\/\/bookmaker-info.com\/es\/wordpress\/wp-content\/uploads\/2023\/05\/William-Hill-300x94.jpg 300w, https:\/\/bookmaker-info.com\/es\/wordpress\/wp-content\/uploads\/2023\/05\/William-Hill-1024x320.jpg 1024w, https:\/\/bookmaker-info.com\/es\/wordpress\/wp-content\/uploads\/2023\/05\/William-Hill-768x240.jpg 768w, https:\/\/bookmaker-info.com\/es\/wordpress\/wp-content\/uploads\/2023\/05\/William-Hill-1536x480.jpg 1536w, https:\/\/bookmaker-info.com\/es\/wordpress\/wp-content\/uploads\/2023\/05\/William-Hill-624x195.jpg 624w\" sizes=\"auto, (max-width: 1788px) 100vw, 1788px\" \/><\/a><\/div>\n<p>\u30fbMercados S\u00f3lidos: Carreras de Caballos y Carreras de Galgos<br \/>\n\u30fbApuestas en Vivo (apuesta mientras ves la acci\u00f3n en vivo)<br \/>\n\u30fbTransmisi\u00f3n en Vivo WHTV (mira los eventos deportivos en vivo )<\/p>\n<div class=\"bookmaker-1_link\"><a href=\".\/william-hill-registro\">C\u00f3mo Abrir una Cuenta de William Hill<\/a><\/div>\n<hr \/>\n<div class=\"bm_popular\">Opci\u00f3n No. 3 del Usuario<\/div>\n<div class=\"bm_r_title\"><a href=\"http:\/\/bookmaker-info.com\/es\/pinnacle-sports-perfil\"><img loading=\"lazy\" decoding=\"async\" class=\"alignnone wp-image-13225 size-full\" src=\"http:\/\/bookmaker-info.com\/es\/wordpress\/wp-content\/uploads\/2023\/05\/Pinnacle.jpg\" alt=\"\" width=\"1786\" height=\"564\" srcset=\"https:\/\/bookmaker-info.com\/es\/wordpress\/wp-content\/uploads\/2023\/05\/Pinnacle.jpg 1786w, https:\/\/bookmaker-info.com\/es\/wordpress\/wp-content\/uploads\/2023\/05\/Pinnacle-300x95.jpg 300w, https:\/\/bookmaker-info.com\/es\/wordpress\/wp-content\/uploads\/2023\/05\/Pinnacle-1024x323.jpg 1024w, https:\/\/bookmaker-info.com\/es\/wordpress\/wp-content\/uploads\/2023\/05\/Pinnacle-768x243.jpg 768w, https:\/\/bookmaker-info.com\/es\/wordpress\/wp-content\/uploads\/2023\/05\/Pinnacle-1536x485.jpg 1536w, https:\/\/bookmaker-info.com\/es\/wordpress\/wp-content\/uploads\/2023\/05\/Pinnacle-624x197.jpg 624w\" sizes=\"auto, (max-width: 1786px) 100vw, 1786px\" \/><\/a><\/div>\n<p>\u30fbL\u00edmites de Apuestas Altas<br \/>\n\u30fbM\u00e1rgenes bajos &#8211; 2% (el promedio de la industria es 5%)<br \/>\n\u30fbRetiros R\u00e1pidos (uno de los m\u00e1s r\u00e1pidos de la industria al procesar pagos retiros)<\/p>\n<div class=\"bookmaker-1_link\"><a href=\".\/pinnacle-sports-registro\">C\u00f3mo Abrir una Cuenta de Pinnacle<\/a><\/div>\n<hr \/>\n<p>Para detalles sobre como registrar en otros corredores de apuestas en l\u00ednea, por favor mira la lista ubicada en la barra lateral derecha (abajo al final si est\u00e1s utilizando un tel\u00e9fono inteligente).<\/p>\n<hr \/>\n<div class=\"bookmaker_link\">\u2460 Registro en Corredor de Apuestas En L\u00ednea<\/div>\n<div class=\"bookmaker_link link_hover\"><a href=\"corredor-de-apuestas-2\"><span class=\"red bold\">\u21d2Siguiente<\/span> \u2461 Registro en Portal de Pago En L\u00ednea<\/a><\/div>\n<div class=\"bookmaker_link link_hover\"><a href=\"corredor-de-apuestas-3\">\u2462 Dep\u00f3sito en Portal de Pago En L\u00ednea<\/a><\/div>\n<div class=\"bookmaker_link link_hover\"><a href=\"corredor-de-apuestas-4\">\u2463 Dep\u00f3sito en Corredor de Apuestas En L\u00ednea<\/a><\/div>\n<div class=\"bookmaker_link link_hover\"><a href=\"corredor-de-apuestas-5\">\u2464 Colocando Apuestas<\/a><\/div>\n<div class=\"bookmaker_link link_hover\"><a href=\"corredor-de-apuestas-6\">\u2465 Retiro<\/a><\/div>\n","protected":false},"excerpt":{"rendered":"<p>Empecemos registr\u00e1ndonos en un corredor de apuestas en l\u00ednea. Haz clic en los v\u00ednculos a continuaci\u00f3n para aprender a c\u00f3mo crear una cuenta en tres de los corredores de apuestas en l\u00ednea m\u00e1s populares. Opci\u00f3n No. 1 del Usuario \u30fbApuestas en Vivo (apuesta mientras ves la acci\u00f3n en vivo) \u30fbTransmisi\u00f3n en Vivo (mira m\u00e1s de [&hellip;]<\/p>\n","protected":false},"author":1,"featured_media":0,"parent":0,"menu_order":0,"comment_status":"open","ping_status":"closed","template":"","meta":{"footnotes":""},"class_list":["post-3497","page","type-page","status-publish","hentry"],"_links":{"self":[{"href":"https:\/\/bookmaker-info.com\/es\/wp-json\/wp\/v2\/pages\/3497","targetHints":{"allow":["GET"]}}],"collection":[{"href":"https:\/\/bookmaker-info.com\/es\/wp-json\/wp\/v2\/pages"}],"about":[{"href":"https:\/\/bookmaker-info.com\/es\/wp-json\/wp\/v2\/types\/page"}],"author":[{"embeddable":true,"href":"https:\/\/bookmaker-info.com\/es\/wp-json\/wp\/v2\/users\/1"}],"replies":[{"embeddable":true,"href":"https:\/\/bookmaker-info.com\/es\/wp-json\/wp\/v2\/comments?post=3497"}],"version-history":[{"count":48,"href":"https:\/\/bookmaker-info.com\/es\/wp-json\/wp\/v2\/pages\/3497\/revisions"}],"predecessor-version":[{"id":13230,"href":"https:\/\/bookmaker-info.com\/es\/wp-json\/wp\/v2\/pages\/3497\/revisions\/13230"}],"wp:attachment":[{"href":"https:\/\/bookmaker-info.com\/es\/wp-json\/wp\/v2\/media?parent=3497"}],"curies":[{"name":"wp","href":"https:\/\/api.w.org\/{rel}","templated":true}]}}