{"id":3502,"date":"2014-02-02T17:14:37","date_gmt":"2014-02-02T08:14:37","guid":{"rendered":"http:\/\/bookmaker-info.com\/?page_id=3502"},"modified":"2020-10-28T14:26:12","modified_gmt":"2020-10-28T14:26:12","slug":"corredor-de-apuestas-2","status":"publish","type":"page","link":"https:\/\/bookmaker-info.com\/es\/corredor-de-apuestas-2","title":{"rendered":"Registro en Portal de Pago En L\u00ednea"},"content":{"rendered":"<p>Para poder apostar en el sitio web de un corredor de apuestas en l\u00ednea, debes poder realizar dep\u00f3sitos con \u00e9xito en tu cuenta.<\/p>\n<p>Algunos corredores de apuestas en l\u00ednea aceptan dep\u00f3sitos directamente a trav\u00e9s de tarjetas de cr\u00e9dito. Aunque es una opci\u00f3n conveniente, las compa\u00f1\u00edas de las tarjetas de cr\u00e9dito tienden a cobrar tarifas por transacciones de <span style=\"text-decoration: underline;\">m\u00e1s del 3%<\/span> de la cantidad del dep\u00f3sito.<\/p>\n<p>Otra opci\u00f3n es depositar a trav\u00e9s de una transferencia bancaria internacional. Sin embargo, la desventaja de los dep\u00f3sitos procesados de esta manera, es que dichos dep\u00f3sitos les toma <span style=\"text-decoration: underline;\">al menos unos pocos d\u00edas h\u00e1biles<\/span> para que se reflejen en tu cuenta del corredor de apuestas en l\u00ednea<\/p>\n<p><strong>La Soluci\u00f3n:<\/strong> Para simplificar el proceso de dep\u00f3sito y el proceso de retiro de los sitios de corredores de apuestas en l\u00ednea y para ahorrar en cuanto a tarifas por transacci\u00f3n, nosotros recomendamos crear una cuenta en <a href=\"http:\/\/wlnetelleragents.adsrv.eacdn.com\/C.ashx?btag=a_44958b_500c_&amp;affid=15036&amp;siteid=44958&amp;adid=500&amp;c=\">NETELLER<\/a>, <a href=\"https:\/\/account.skrill.com\/signup\/query?promo_id=16282954&amp;rid=47834868\">Skrill<\/a> (anteriormente conocido como Moneybookers) o ambas. Si est\u00e1s familiarizado con PayPal, NETELLER y Skrill, todos son en esencia el mismo tipo de servicio.<\/p>\n<p>Adem\u00e1s, si est\u00e1s buscando depositar o retirar grandes cantidades de dinero a la vez (Por ejemplo, US$10,000\/\u20ac10,000\/\u00a310,000 o m\u00e1s), NETELLER y Skrill son tus \u00fanicas opciones en la mayor\u00eda de los casos (aparte de las transferencias bancarias).<\/p>\n<p>Una vez que has cargado los fondos a tu cuenta NETELLER o Skrill, entonces puedes utilizar esos fondos no solamente para depositar en sitios de corredores de apuestas en l\u00ednea sino tambi\u00e9n comprar en otros 1,000 sitios en todo el internet que acepten pagos de NETELLER y Skrill.<\/p>\n<p>Para informaci\u00f3n detallada sobre c\u00f3mo crear una cuenta en NETELLER o Skrill, por favor haz clic en los v\u00ednculos a continuaci\u00f3n.<\/p>\n<hr>\n<div class=\"bm_r_title\"><img decoding=\"async\" alt=\"NETELLER\" src=\".\/img\/bm\/neteller.jpg\"> NETELLER<\/div>\n<div class=\"bookmaker-1_link\"><a href=\".\/neteller-registro\">C\u00f3mo Abrir una Cuenta de NETELLER<\/a><\/div>\n<hr>\n<div class=\"bm_r_title\"><img loading=\"lazy\" decoding=\"async\" class=\"alignnone size-full wp-image-6425\" alt=\"Skrill\" src=\"http:\/\/bookmaker-info.com\/en\/wordpress\/wp-content\/uploads\/2014\/07\/Skrill.gif\" width=\"100\" height=\"20\"> Skrill<\/div>\n<div class=\"bookmaker-1_link\"><a href=\".\/skrill-registro\">C\u00f3mo Abrir una Cuenta de Skrill<\/a><\/div>\n<hr>\n<div class=\"bookmaker_link link_hover\"><a href=\"corredor-de-apuestas-1\">\u2460 Registro en Corredor de Apuestas En L\u00ednea<\/a><\/div>\n<div class=\"bookmaker_link\">\u2461 Registro en Portal de Pago En L\u00ednea<\/div>\n<div class=\"bookmaker_link link_hover\"><a href=\"corredor-de-apuestas-3\"><span class=\"red bold\">\u21d2El Siguiente<\/span> \u2462 Dep\u00f3sito en Portal de Pago En L\u00ednea<\/a><\/div>\n<div class=\"bookmaker_link link_hover\"><a href=\"corredor-de-apuestas-4\">\u2463 Dep\u00f3sito en Corredor de Apuestas En L\u00ednea<\/a><\/div>\n<div class=\"bookmaker_link link_hover\"><a href=\"corredor-de-apuestas-5\">\u2464 Colocando Apuestas<\/a><\/div>\n<div class=\"bookmaker_link link_hover\"><a href=\"corredor-de-apuestas-6\">\u2465 Retiro<\/a><\/div>\n","protected":false},"excerpt":{"rendered":"<p>Para poder apostar en el sitio web de un corredor de apuestas en l\u00ednea, debes poder realizar dep\u00f3sitos con \u00e9xito en tu cuenta. Algunos corredores de apuestas en l\u00ednea aceptan dep\u00f3sitos directamente a trav\u00e9s de tarjetas de cr\u00e9dito. Aunque es una opci\u00f3n conveniente, las compa\u00f1\u00edas de las tarjetas de cr\u00e9dito tienden a cobrar tarifas por [&hellip;]<\/p>\n","protected":false},"author":1,"featured_media":0,"parent":0,"menu_order":0,"comment_status":"open","ping_status":"closed","template":"","meta":{"footnotes":""},"class_list":["post-3502","page","type-page","status-publish","hentry"],"_links":{"self":[{"href":"https:\/\/bookmaker-info.com\/es\/wp-json\/wp\/v2\/pages\/3502","targetHints":{"allow":["GET"]}}],"collection":[{"href":"https:\/\/bookmaker-info.com\/es\/wp-json\/wp\/v2\/pages"}],"about":[{"href":"https:\/\/bookmaker-info.com\/es\/wp-json\/wp\/v2\/types\/page"}],"author":[{"embeddable":true,"href":"https:\/\/bookmaker-info.com\/es\/wp-json\/wp\/v2\/users\/1"}],"replies":[{"embeddable":true,"href":"https:\/\/bookmaker-info.com\/es\/wp-json\/wp\/v2\/comments?post=3502"}],"version-history":[{"count":37,"href":"https:\/\/bookmaker-info.com\/es\/wp-json\/wp\/v2\/pages\/3502\/revisions"}],"predecessor-version":[{"id":13176,"href":"https:\/\/bookmaker-info.com\/es\/wp-json\/wp\/v2\/pages\/3502\/revisions\/13176"}],"wp:attachment":[{"href":"https:\/\/bookmaker-info.com\/es\/wp-json\/wp\/v2\/media?parent=3502"}],"curies":[{"name":"wp","href":"https:\/\/api.w.org\/{rel}","templated":true}]}}