{"id":3504,"date":"2014-02-02T17:32:07","date_gmt":"2014-02-02T08:32:07","guid":{"rendered":"http:\/\/bookmaker-info.com\/?page_id=3504"},"modified":"2020-10-28T13:57:13","modified_gmt":"2020-10-28T13:57:13","slug":"corredor-de-apuestas-3","status":"publish","type":"page","link":"https:\/\/bookmaker-info.com\/es\/corredor-de-apuestas-3","title":{"rendered":"Dep\u00f3sito en Portal de Pago En L\u00ednea"},"content":{"rendered":"<p>Haz clic en los v\u00ednculos a continuaci\u00f3n para aprender a como depositar en dos de los portales de pago en l\u00ednea que nosotros recomendamos.<\/p>\n<hr>\n<div class=\"bm_r_title\"><img decoding=\"async\" alt=\"NETELLER\" src=\".\/img\/bm\/neteller.jpg\"> NETELLER<\/div>\n<div class=\"bookmaker-1_link\"><a href=\".\/neteller-deposito\">C\u00f3mo Depositar en mi Cuenta de NETELLER<\/a><\/div>\n<p>\u30fbLos m\u00e9todos de dep\u00f3sito variar\u00e1n seg\u00fan el pa\u00eds de residencia del due\u00f1o de la cuenta<\/p>\n<hr>\n<div class=\"bm_r_title\"><img loading=\"lazy\" decoding=\"async\" class=\"alignnone size-full wp-image-6425\" alt=\"Skrill\" src=\"http:\/\/bookmaker-info.com\/en\/wordpress\/wp-content\/uploads\/2014\/07\/Skrill.gif\" width=\"100\" height=\"20\"> Skrill<\/div>\n<div class=\"bookmaker-1_link\"><a href=\".\/skrill-deposito\">C\u00f3mo Depositar en mi Cuenta de Skrill<\/a><\/div>\n<p>\u30fbLos m\u00e9todos de dep\u00f3sito variar\u00e1n seg\u00fan el pa\u00eds de residencia del due\u00f1o de la cuenta<\/p>\n<hr>\n<div class=\"bookmaker_link link_hover\"><a href=\"corredor-de-apuestas-1\">\u2460 Registro en Corredor de Apuestas En L\u00ednea<\/a><\/div>\n<div class=\"bookmaker_link link_hover\"><a href=\"corredor-de-apuestas-2\">\u2461 Registro en Portal de Pago En L\u00ednea<\/a><\/div>\n<div class=\"bookmaker_link\">\u2462 Dep\u00f3sito en Portal de Pago En L\u00ednea<\/div>\n<div class=\"bookmaker_link link_hover\"><a href=\"corredor-de-apuestas-4\"><span class=\"red bold\">\u21d2El Siguiente<\/span> \u2463 Dep\u00f3sito en Corredor de Apuestas En L\u00ednea<\/a><\/div>\n<div class=\"bookmaker_link link_hover\"><a href=\"corredor-de-apuestas-5\">\u2464 Colocando Apuestas<\/a><\/div>\n<div class=\"bookmaker_link link_hover\"><a href=\"corredor-de-apuestas-6\">\u2465 Retiro<\/a><\/div>\n","protected":false},"excerpt":{"rendered":"<p>Haz clic en los v\u00ednculos a continuaci\u00f3n para aprender a como depositar en dos de los portales de pago en l\u00ednea que nosotros recomendamos. NETELLER C\u00f3mo Depositar en mi Cuenta de NETELLER \u30fbLos m\u00e9todos de dep\u00f3sito variar\u00e1n seg\u00fan el pa\u00eds de residencia del due\u00f1o de la cuenta Skrill C\u00f3mo Depositar en mi Cuenta de Skrill [&hellip;]<\/p>\n","protected":false},"author":1,"featured_media":0,"parent":0,"menu_order":0,"comment_status":"open","ping_status":"closed","template":"","meta":{"footnotes":""},"class_list":["post-3504","page","type-page","status-publish","hentry"],"_links":{"self":[{"href":"https:\/\/bookmaker-info.com\/es\/wp-json\/wp\/v2\/pages\/3504","targetHints":{"allow":["GET"]}}],"collection":[{"href":"https:\/\/bookmaker-info.com\/es\/wp-json\/wp\/v2\/pages"}],"about":[{"href":"https:\/\/bookmaker-info.com\/es\/wp-json\/wp\/v2\/types\/page"}],"author":[{"embeddable":true,"href":"https:\/\/bookmaker-info.com\/es\/wp-json\/wp\/v2\/users\/1"}],"replies":[{"embeddable":true,"href":"https:\/\/bookmaker-info.com\/es\/wp-json\/wp\/v2\/comments?post=3504"}],"version-history":[{"count":28,"href":"https:\/\/bookmaker-info.com\/es\/wp-json\/wp\/v2\/pages\/3504\/revisions"}],"predecessor-version":[{"id":13164,"href":"https:\/\/bookmaker-info.com\/es\/wp-json\/wp\/v2\/pages\/3504\/revisions\/13164"}],"wp:attachment":[{"href":"https:\/\/bookmaker-info.com\/es\/wp-json\/wp\/v2\/media?parent=3504"}],"curies":[{"name":"wp","href":"https:\/\/api.w.org\/{rel}","templated":true}]}}