{"id":3508,"date":"2014-02-02T17:32:41","date_gmt":"2014-02-02T08:32:41","guid":{"rendered":"http:\/\/bookmaker-info.com\/?page_id=3508"},"modified":"2023-05-19T23:22:04","modified_gmt":"2023-05-19T23:22:04","slug":"corredor-de-apuestas-5","status":"publish","type":"page","link":"https:\/\/bookmaker-info.com\/es\/corredor-de-apuestas-5","title":{"rendered":"Colocando Apuestas"},"content":{"rendered":"<p>Haz clic en los v\u00ednculos a continuaci\u00f3n para aprender c\u00f3mo apostar en tres de los corredores de apuestas en l\u00ednea m\u00e1s populares.<\/p>\n<hr>\n<div class=\"bm_r_title\"><a href=\"http:\/\/bookmaker-info.com\/es\/bet365-perfil\"><img loading=\"lazy\" decoding=\"async\" class=\"alignnone wp-image-13224 size-full\" src=\"http:\/\/bookmaker-info.com\/es\/wordpress\/wp-content\/uploads\/2023\/05\/bet365.jpg\" alt=\"\" width=\"1787\" height=\"535\" srcset=\"https:\/\/bookmaker-info.com\/es\/wordpress\/wp-content\/uploads\/2023\/05\/bet365.jpg 1787w, https:\/\/bookmaker-info.com\/es\/wordpress\/wp-content\/uploads\/2023\/05\/bet365-300x90.jpg 300w, https:\/\/bookmaker-info.com\/es\/wordpress\/wp-content\/uploads\/2023\/05\/bet365-1024x307.jpg 1024w, https:\/\/bookmaker-info.com\/es\/wordpress\/wp-content\/uploads\/2023\/05\/bet365-768x230.jpg 768w, https:\/\/bookmaker-info.com\/es\/wordpress\/wp-content\/uploads\/2023\/05\/bet365-1536x460.jpg 1536w, https:\/\/bookmaker-info.com\/es\/wordpress\/wp-content\/uploads\/2023\/05\/bet365-624x187.jpg 624w\" sizes=\"auto, (max-width: 1787px) 100vw, 1787px\" \/><\/a><\/div>\n<div class=\"bookmaker-1_link\"><a href=\".\/bet365-apuesta\">C\u00f3mo Apostar en bet365<\/a><\/div>\n<hr>\n<div class=\"bm_r_title\"><a href=\"http:\/\/bookmaker-info.com\/es\/william-hill-perfil\"><img loading=\"lazy\" decoding=\"async\" class=\"alignnone wp-image-13226 size-full\" src=\"http:\/\/bookmaker-info.com\/es\/wordpress\/wp-content\/uploads\/2023\/05\/William-Hill.jpg\" alt=\"\" width=\"1788\" height=\"559\" srcset=\"https:\/\/bookmaker-info.com\/es\/wordpress\/wp-content\/uploads\/2023\/05\/William-Hill.jpg 1788w, https:\/\/bookmaker-info.com\/es\/wordpress\/wp-content\/uploads\/2023\/05\/William-Hill-300x94.jpg 300w, https:\/\/bookmaker-info.com\/es\/wordpress\/wp-content\/uploads\/2023\/05\/William-Hill-1024x320.jpg 1024w, https:\/\/bookmaker-info.com\/es\/wordpress\/wp-content\/uploads\/2023\/05\/William-Hill-768x240.jpg 768w, https:\/\/bookmaker-info.com\/es\/wordpress\/wp-content\/uploads\/2023\/05\/William-Hill-1536x480.jpg 1536w, https:\/\/bookmaker-info.com\/es\/wordpress\/wp-content\/uploads\/2023\/05\/William-Hill-624x195.jpg 624w\" sizes=\"auto, (max-width: 1788px) 100vw, 1788px\" \/><\/a><\/div>\n<div class=\"bookmaker-1_link\"><a href=\".\/william-hill-apuesta\">C\u00f3mo Apostar en William Hill<\/a><\/div>\n<hr>\n<div class=\"bm_r_title\"><a href=\"http:\/\/bookmaker-info.com\/es\/pinnacle-sports-perfil\"><img loading=\"lazy\" decoding=\"async\" class=\"alignnone wp-image-13225 size-full\" src=\"http:\/\/bookmaker-info.com\/es\/wordpress\/wp-content\/uploads\/2023\/05\/Pinnacle.jpg\" alt=\"\" width=\"1786\" height=\"564\" srcset=\"https:\/\/bookmaker-info.com\/es\/wordpress\/wp-content\/uploads\/2023\/05\/Pinnacle.jpg 1786w, https:\/\/bookmaker-info.com\/es\/wordpress\/wp-content\/uploads\/2023\/05\/Pinnacle-300x95.jpg 300w, https:\/\/bookmaker-info.com\/es\/wordpress\/wp-content\/uploads\/2023\/05\/Pinnacle-1024x323.jpg 1024w, https:\/\/bookmaker-info.com\/es\/wordpress\/wp-content\/uploads\/2023\/05\/Pinnacle-768x243.jpg 768w, https:\/\/bookmaker-info.com\/es\/wordpress\/wp-content\/uploads\/2023\/05\/Pinnacle-1536x485.jpg 1536w, https:\/\/bookmaker-info.com\/es\/wordpress\/wp-content\/uploads\/2023\/05\/Pinnacle-624x197.jpg 624w\" sizes=\"auto, (max-width: 1786px) 100vw, 1786px\" \/><\/a><\/div>\n<div class=\"bookmaker-1_link\"><a href=\".\/pinnacle-sports-apuesta\">C\u00f3mo Apostar en Pinnacle<\/a><\/div>\n<hr>\n<p>Para detalles sobre c\u00f3mo apostar en corredores de apuestas en l\u00ednea por favor mira la lista ubicada en la barra lateral derecha (abajo al final si est\u00e1s utilizando un tel\u00e9fono inteligente).<\/p>\n<hr>\n<div class=\"bookmaker_link link_hover\"><a href=\"corredor-de-apuestas-1\">\u2460 Registro en Corredor de Apuestas En L\u00ednea<\/a><\/div>\n<div class=\"bookmaker_link link_hover\"><a href=\"corredor-de-apuestas-2\">\u2461 Registro en Portal de Pago En L\u00ednea<\/a><\/div>\n<div class=\"bookmaker_link link_hover\"><a href=\"corredor-de-apuestas-3\">\u2462 Dep\u00f3sito en Portal de Pago En L\u00ednea<\/a><\/div>\n<div class=\"bookmaker_link link_hover\"><a href=\"corredor-de-apuestas-4\">\u2463 Dep\u00f3sito en Corredor de Apuestas En L\u00ednea<\/a><\/div>\n<div class=\"bookmaker_link link_hover\"><a href=\"corredor-de-apuestas-5\">\u2464 Colocando Apuestas<\/a><\/div>\n<div class=\"bookmaker_link link_hover\"><a href=\"corredor-de-apuestas-6\"><span class=\"red bold\">\u21d2Siguiente<\/span> \u2465 Retiro<\/a><\/div>\n","protected":false},"excerpt":{"rendered":"<p>Haz clic en los v\u00ednculos a continuaci\u00f3n para aprender c\u00f3mo apostar en tres de los corredores de apuestas en l\u00ednea m\u00e1s populares. C\u00f3mo Apostar en bet365 C\u00f3mo Apostar en William Hill C\u00f3mo Apostar en Pinnacle Para detalles sobre c\u00f3mo apostar en corredores de apuestas en l\u00ednea por favor mira la lista ubicada en la barra [&hellip;]<\/p>\n","protected":false},"author":1,"featured_media":0,"parent":0,"menu_order":0,"comment_status":"open","ping_status":"closed","template":"","meta":{"footnotes":""},"class_list":["post-3508","page","type-page","status-publish","hentry"],"_links":{"self":[{"href":"https:\/\/bookmaker-info.com\/es\/wp-json\/wp\/v2\/pages\/3508","targetHints":{"allow":["GET"]}}],"collection":[{"href":"https:\/\/bookmaker-info.com\/es\/wp-json\/wp\/v2\/pages"}],"about":[{"href":"https:\/\/bookmaker-info.com\/es\/wp-json\/wp\/v2\/types\/page"}],"author":[{"embeddable":true,"href":"https:\/\/bookmaker-info.com\/es\/wp-json\/wp\/v2\/users\/1"}],"replies":[{"embeddable":true,"href":"https:\/\/bookmaker-info.com\/es\/wp-json\/wp\/v2\/comments?post=3508"}],"version-history":[{"count":17,"href":"https:\/\/bookmaker-info.com\/es\/wp-json\/wp\/v2\/pages\/3508\/revisions"}],"predecessor-version":[{"id":13232,"href":"https:\/\/bookmaker-info.com\/es\/wp-json\/wp\/v2\/pages\/3508\/revisions\/13232"}],"wp:attachment":[{"href":"https:\/\/bookmaker-info.com\/es\/wp-json\/wp\/v2\/media?parent=3508"}],"curies":[{"name":"wp","href":"https:\/\/api.w.org\/{rel}","templated":true}]}}