{"id":3836,"date":"2014-03-02T18:33:22","date_gmt":"2014-03-02T09:33:22","guid":{"rendered":"http:\/\/bookmaker-info.com\/?page_id=3836"},"modified":"2015-04-06T13:14:42","modified_gmt":"2015-04-06T13:14:42","slug":"bm-2","status":"publish","type":"page","link":"https:\/\/bookmaker-info.com\/es\/bm-2","title":{"rendered":"La Era de los Corredores de Apuestas En L\u00ednea"},"content":{"rendered":"<p><img decoding=\"async\" alt=\"\" src=\".\/img\/sp_logo.jpg\" \/><br \/>\n&nbsp;<br \/>\nCon el nacimiento del Internet, inici\u00f3 su existencia la era de las apuestas en l\u00ednea.<\/p>\n<p>Lo que estaba basado en tierra en el Reino Unido desde la d\u00e9cada de 1790 y se enfocaba predominantemente en las carreras de caballos, dio nacimiento de un d\u00eda para otro a una nueva industria que empez\u00f3 a abastecer mercados tales como la Premier League, la Serie A, la Liga Espa\u00f1ola, las Olimpiadas, la Copa Mundial, la MLB, NBA, NFL y la NHL, mientras que satisface los deseos de los apostadores mundialmente.<\/p>\n<p>Adel\u00e1ntate unos cuantos a\u00f1os y hoy los corredores de apuestas est\u00e1n tratando de diferenciarse de sus competidores al ofrecer cuotas en mercados especiales con unos pocos ejemplos como &#8220;\u00bfQui\u00e9n ser\u00e1 el pr\u00f3ximo presidente de los Estados Unidos?&#8221;, &#8220;\u00bfCaer\u00e1 nieve en Londres durante la Navidad este a\u00f1o?&#8221;, y &#8220;\u00bfQui\u00e9n ganar\u00e1 el Premio de la Academia a la Mejor Actriz este a\u00f1o?&#8221;.<\/p>\n<p>Con procesos optimizados a lugar para manejar una multitud de opciones de dep\u00f3sitos y retiros, las apuestas deportivas y software de juegos de casino disponibles para disfrutar a trav\u00e9s del computador de escritorio, port\u00e1til, tel\u00e9fono inteligente o tableta, y porcentajes de pago m\u00e1s atractivos que las operaciones de apuestas basadas en tierra, una cosa es segura, la era de los corredores de apuestas en l\u00ednea lleg\u00f3 para quedarse.<\/p>\n<div class=\"bookmaker_link link_hover\"><a href=\"bm-0\">\u00bfQu\u00e9 es un Corredor de Apuestas?<\/a><\/div>\n<div class=\"bookmaker_link link_hover\"><a href=\"bm-1\">Historia de los Corredores de Apuestas: Una Breve Mirada al Pasado<\/a><\/div>\n<div class=\"bookmaker_link\">La Era de los Corredores de Apuestas En L\u00ednea<\/div>\n<div class=\"bookmaker_link link_hover\"><a href=\"bm-3\"><span class=\"red bold\">\u21d2Siguiente<\/span> Comparaci\u00f3n de Pagos por Apuestas: Base en Tierra versus En L\u00ednea<\/a><\/div>\n<div class=\"bookmaker_link link_hover\"><a href=\"bm-4\">\u00bfEs Legal Apostar en un Corredor de Apuestas En L\u00ednea?<\/a><\/div>\n<div class=\"bookmaker_link link_hover\"><a href=\"bm-5\">\u00bfPor qu\u00e9 Informaci\u00f3n de los Corredores de Apuestas?<\/a><\/div>\n","protected":false},"excerpt":{"rendered":"<p>&nbsp; Con el nacimiento del Internet, inici\u00f3 su existencia la era de las apuestas en l\u00ednea. Lo que estaba basado en tierra en el Reino Unido desde la d\u00e9cada de 1790 y se enfocaba predominantemente en las carreras de caballos, dio nacimiento de un d\u00eda para otro a una nueva industria que empez\u00f3 a abastecer [&hellip;]<\/p>\n","protected":false},"author":1,"featured_media":0,"parent":0,"menu_order":0,"comment_status":"open","ping_status":"closed","template":"","meta":{"footnotes":""},"class_list":["post-3836","page","type-page","status-publish","hentry"],"_links":{"self":[{"href":"https:\/\/bookmaker-info.com\/es\/wp-json\/wp\/v2\/pages\/3836","targetHints":{"allow":["GET"]}}],"collection":[{"href":"https:\/\/bookmaker-info.com\/es\/wp-json\/wp\/v2\/pages"}],"about":[{"href":"https:\/\/bookmaker-info.com\/es\/wp-json\/wp\/v2\/types\/page"}],"author":[{"embeddable":true,"href":"https:\/\/bookmaker-info.com\/es\/wp-json\/wp\/v2\/users\/1"}],"replies":[{"embeddable":true,"href":"https:\/\/bookmaker-info.com\/es\/wp-json\/wp\/v2\/comments?post=3836"}],"version-history":[{"count":68,"href":"https:\/\/bookmaker-info.com\/es\/wp-json\/wp\/v2\/pages\/3836\/revisions"}],"predecessor-version":[{"id":11514,"href":"https:\/\/bookmaker-info.com\/es\/wp-json\/wp\/v2\/pages\/3836\/revisions\/11514"}],"wp:attachment":[{"href":"https:\/\/bookmaker-info.com\/es\/wp-json\/wp\/v2\/media?parent=3836"}],"curies":[{"name":"wp","href":"https:\/\/api.w.org\/{rel}","templated":true}]}}