{"id":3839,"date":"2014-03-02T18:34:47","date_gmt":"2014-03-02T09:34:47","guid":{"rendered":"http:\/\/bookmaker-info.com\/?page_id=3839"},"modified":"2015-04-06T13:13:11","modified_gmt":"2015-04-06T13:13:11","slug":"bm-3","status":"publish","type":"page","link":"https:\/\/bookmaker-info.com\/es\/bm-3","title":{"rendered":"Comparaci\u00f3n de Pagos por Apuestas: Base en Tierra versus En L\u00ednea"},"content":{"rendered":"<p>Aparte de la conveniencia, uno de las razones principales por la que los jugadores de todo el mundo escogen jugar en l\u00ednea es porque el promedio de pago es m\u00e1s alto cuando se compara con las operaciones privatizadas basadas en tierra tales como las que prevalecen en Las Vegas, Macao, Monte Carlo y Singapur, y considerablemente m\u00e1s altas cuando las operaciones nacionalizadas basadas en tierra son llevadas a esa combinaci\u00f3n.<\/p>\n<p>En lo que respecta a los casinos en l\u00ednea y los corredores de apuestas que ofrecen juegos de casino, cada porcentaje de pago de cada operador es regulado por la jurisdicci\u00f3n donde el operador ha recibido su licencia de juego (jurisdicciones notables incluyen la Isla de Man, Gibraltar, Malta, Curazao y las Filipinas). Por esto es que hay una discrepancia peque\u00f1a de pago entre los operadores, algunos ofrecen pagos de 98% y otros 97%, etc.<\/p>\n<p>Como un operador que necesitar\u00e1 renovar su licencia de juego cada 1 a 5 a\u00f1os dependiendo de la jurisdicci\u00f3n ,si el operador quiere continuar sus operaciones de juego, necesitar\u00e1 cumplir las regulaciones estrictas establecidas por la jurisdicci\u00f3n que gobierna con una de estas regulaciones forzadas siendo el porcentaje de pago m\u00ednimo de los juegos de casino.<\/p>\n<p>Para una comparaci\u00f3n detallada de los porcentajes de pago aproximados variando de industria a industria, por favor consulta la tabla a continuaci\u00f3n.<\/p>\n<table id=\"page_table\">\n<tbody>\n<tr>\n<th style=\"text-align: center;\"><span style=\"font-size: medium;\">Operaciones En L\u00ednea<\/span><\/th>\n<th style=\"text-align: center;\"><span style=\"font-size: medium;\">Pago Aproximado en %<\/span><\/th>\n<\/tr>\n<tr>\n<td style=\"text-align: center;\">Apuestas Deportivas<\/td>\n<td style=\"text-align: center;\">95-97%<\/td>\n<\/tr>\n<tr>\n<td style=\"text-align: center;\">Juegos de Casino<\/td>\n<td style=\"text-align: center;\">96-98%<\/td>\n<\/tr>\n<tr>\n<th style=\"text-align: center;\"><span style=\"font-size: medium;\">Operaciones Privatizadas y con Base en Tierra<\/span><\/th>\n<th style=\"text-align: center;\"><span style=\"font-size: medium;\">Pago Aproximado en %<\/span><\/th>\n<\/tr>\n<tr>\n<td style=\"text-align: center;\">Apuestas Deportivas (Por ejemplo, Las Vegas)<\/td>\n<td style=\"text-align: center;\">95%<\/td>\n<\/tr>\n<tr>\n<td style=\"text-align: center;\">Bacar\u00e1<\/td>\n<td style=\"text-align: center;\">97-99%<\/td>\n<\/tr>\n<tr>\n<td style=\"text-align: center;\">Ruleta Europea<\/td>\n<td style=\"text-align: center;\">97%<\/td>\n<\/tr>\n<tr>\n<td style=\"text-align: center;\">Ruleta Americana<\/td>\n<td style=\"text-align: center;\">95%<\/td>\n<\/tr>\n<tr>\n<td style=\"text-align: center;\">P\u00f3ker<\/td>\n<td style=\"text-align: center;\">95-98%<\/td>\n<\/tr>\n<tr>\n<td style=\"text-align: center;\">Blackjack<\/td>\n<td style=\"text-align: center;\">94-99%<\/td>\n<\/tr>\n<tr>\n<td style=\"text-align: center;\">Bingo<\/td>\n<td style=\"text-align: center;\">85-99%<\/td>\n<\/tr>\n<tr>\n<td style=\"text-align: center;\">Dados<\/td>\n<td style=\"text-align: center;\">84-98%<\/td>\n<\/tr>\n<tr>\n<td style=\"text-align: center;\">M\u00e1quinas Tragamonedas<\/td>\n<td style=\"text-align: center;\">75-98%<\/td>\n<\/tr>\n<tr>\n<td style=\"text-align: center;\">Carreras de Caballos<\/td>\n<td style=\"text-align: center;\">75-85%<\/td>\n<\/tr>\n<tr>\n<th style=\"text-align: center;\"><span style=\"font-size: medium;\">Operaciones Nacionalizadas con Base en Tierra<\/span><\/th>\n<th style=\"text-align: center;\"><span style=\"font-size: medium;\">Pago Aproximado en %<\/span><\/th>\n<\/tr>\n<tr>\n<td style=\"text-align: center;\">Juegos de Casino<\/td>\n<td style=\"text-align: center;\">78%<\/td>\n<\/tr>\n<tr>\n<td style=\"text-align: center;\">Carreras de Caballos<\/td>\n<td style=\"text-align: center;\">75-85%<\/td>\n<\/tr>\n<tr>\n<td style=\"text-align: center;\">M\u00e1quinas Tragamonedas<\/td>\n<td style=\"text-align: center;\">70%<\/td>\n<\/tr>\n<tr>\n<td style=\"text-align: center;\">Bingo<\/td>\n<td style=\"text-align: center;\">65%<\/td>\n<\/tr>\n<tr>\n<td style=\"text-align: center;\">Loter\u00edas (por ejemplo, Powerball y Mega Millions)<\/td>\n<td style=\"text-align: center;\">20-60%<\/td>\n<\/tr>\n<tr>\n<th style=\"text-align: center;\"><span style=\"font-size: medium;\">Financiero<\/span><\/th>\n<th style=\"text-align: center;\"><span style=\"font-size: medium;\">Pago Aproximado en %<\/span><\/th>\n<\/tr>\n<tr class=\"line\">\n<td style=\"text-align: center;\">Mercado de Valores<\/td>\n<td style=\"text-align: center;\">90-99%<\/td>\n<\/tr>\n<\/tbody>\n<\/table>\n<div class=\"bookmaker_link\"><a href=\"bm-0\">\u00bfQu\u00e9 es un Corredor de Apuestas?<\/a><\/div>\n<div class=\"bookmaker_link\"><a href=\"bm-1\">Historia de los Corredores de Apuestas: Una Breve Mirada al Pasado<\/a><\/div>\n<div class=\"bookmaker_link\"><a href=\"bm-2\">La Era de los Corredores de Apuestas En L\u00ednea<\/a><\/div>\n<div class=\"bookmaker_link\">Comparaci\u00f3n de Pagos por Apuestas: Base en Tierra versus En L\u00ednea<\/div>\n<div class=\"bookmaker_link link_hover\"><a href=\"bm-4\"><span class=\"red bold\">\u21d2Siguiente<\/span> \u00bfEs Legal Apostar en un Corredor de Apuestas En L\u00ednea?<\/a><\/div>\n<div class=\"bookmaker_link link_hover\"><a href=\"bm-5\">\u00bfPor qu\u00e9 Informaci\u00f3n de los Corredores de Apuestas?<\/a><\/div>\n","protected":false},"excerpt":{"rendered":"<p>Aparte de la conveniencia, uno de las razones principales por la que los jugadores de todo el mundo escogen jugar en l\u00ednea es porque el promedio de pago es m\u00e1s alto cuando se compara con las operaciones privatizadas basadas en tierra tales como las que prevalecen en Las Vegas, Macao, Monte Carlo y Singapur, y [&hellip;]<\/p>\n","protected":false},"author":1,"featured_media":0,"parent":0,"menu_order":0,"comment_status":"open","ping_status":"closed","template":"","meta":{"footnotes":""},"class_list":["post-3839","page","type-page","status-publish","hentry"],"_links":{"self":[{"href":"https:\/\/bookmaker-info.com\/es\/wp-json\/wp\/v2\/pages\/3839","targetHints":{"allow":["GET"]}}],"collection":[{"href":"https:\/\/bookmaker-info.com\/es\/wp-json\/wp\/v2\/pages"}],"about":[{"href":"https:\/\/bookmaker-info.com\/es\/wp-json\/wp\/v2\/types\/page"}],"author":[{"embeddable":true,"href":"https:\/\/bookmaker-info.com\/es\/wp-json\/wp\/v2\/users\/1"}],"replies":[{"embeddable":true,"href":"https:\/\/bookmaker-info.com\/es\/wp-json\/wp\/v2\/comments?post=3839"}],"version-history":[{"count":26,"href":"https:\/\/bookmaker-info.com\/es\/wp-json\/wp\/v2\/pages\/3839\/revisions"}],"predecessor-version":[{"id":11512,"href":"https:\/\/bookmaker-info.com\/es\/wp-json\/wp\/v2\/pages\/3839\/revisions\/11512"}],"wp:attachment":[{"href":"https:\/\/bookmaker-info.com\/es\/wp-json\/wp\/v2\/media?parent=3839"}],"curies":[{"name":"wp","href":"https:\/\/api.w.org\/{rel}","templated":true}]}}