{"id":3842,"date":"2014-03-02T18:35:21","date_gmt":"2014-03-02T09:35:21","guid":{"rendered":"http:\/\/bookmaker-info.com\/?page_id=3842"},"modified":"2015-08-20T09:26:25","modified_gmt":"2015-08-20T09:26:25","slug":"bm-4","status":"publish","type":"page","link":"https:\/\/bookmaker-info.com\/es\/bm-4","title":{"rendered":"\u00bfEs Legal Apostar en un Corredor de Apuestas En L\u00ednea?"},"content":{"rendered":"<p style=\"text-align: center;\"><img loading=\"lazy\" decoding=\"async\" class=\"wp-image-6707 aligncenter\" alt=\"Thumbs Up\" src=\"http:\/\/bookmaker-info.com\/en\/wordpress\/wp-content\/uploads\/2014\/03\/thumbs_up.png\" width=\"200\" height=\"200\" srcset=\"https:\/\/bookmaker-info.com\/es\/wordpress\/wp-content\/uploads\/2014\/03\/thumbs_up.png 2000w, https:\/\/bookmaker-info.com\/es\/wordpress\/wp-content\/uploads\/2014\/03\/thumbs_up-150x150.png 150w, https:\/\/bookmaker-info.com\/es\/wordpress\/wp-content\/uploads\/2014\/03\/thumbs_up-300x300.png 300w, https:\/\/bookmaker-info.com\/es\/wordpress\/wp-content\/uploads\/2014\/03\/thumbs_up-1024x1024.png 1024w, https:\/\/bookmaker-info.com\/es\/wordpress\/wp-content\/uploads\/2014\/03\/thumbs_up-624x624.png 624w, https:\/\/bookmaker-info.com\/es\/wordpress\/wp-content\/uploads\/2014\/03\/thumbs_up-120x120.png 120w\" sizes=\"auto, (max-width: 200px) 100vw, 200px\" \/><\/p>\n<p>&#8220;\u00bfEs legal apostar en un casino en l\u00ednea o un corredor de apuestas en l\u00ednea?&#8221; es una pregunta que corre por la mente de muchos que quiere convertirse en jugadores.<\/p>\n<p>Para un jugador, la respuesta es simple &#8211; &#8220;si, es legal si donde tu resides no se proh\u00edbe apostar en l\u00ednea&#8221;.<\/p>\n<p>Sin embargo, cuando se trata de operar un casino en l\u00ednea o un corredor de apuestas, ah\u00ed es cuando las preguntas sobre la legalidad surgen. Este tambi\u00e9n es el caso para los portales de pago que est\u00e1n involucrados en procesar transacciones entre jugadores y establecimientos de apuestas en l\u00ednea tales como los corredores de apuestas y los casinos.<\/p>\n<p>Para los que residen en los Estados Unidos, muchos corredores de apuestas en l\u00ednea <strong>no aceptan<\/strong> en el presente jugadores que residen en los Estados Unidos. Aunque desafortunadamente, nosotros en Informaci\u00f3n de Corredores de Apuestas, hemos hecho nuestras diligencias y deberes y hemos recopilado una lista de corredores de apuestas con reputaci\u00f3n que satisfacen a los jugadores que residen en los Estados Unidos para tu conveniencia. Puedes encontrar nuestra selecci\u00f3n de corredores de apuestas que sirven a los Estados Unidos en nuestro sitio web en ingl\u00e9s: <a href=\"http:\/\/bookmaker-info.com\/en\">http:\/\/bookmaker-info.com\/en<\/a><\/p>\n<p>En pocas palabras, la legalidad de apostar en l\u00ednea para los jugadores que residen en los Estados Unidos es la siguiente:<\/p>\n<ul style=\"margin: -20px 0px 20px 0px;\">\n<li>No hay ley federal espec\u00edficamente que proh\u00edba la actividad de las apuestas en l\u00ednea.<\/li>\n<li>Es en contra de la ley federal que los sitios web aceptan apuestas deportivas (pero no para los jugadores apostar) en el internet. Por otra parte, la ley federal no permite o proh\u00edbe espec\u00edficamente a los sitios de aceptar apuestas en p\u00f3ker o de casino, solamente apuestas deportivas.<\/li>\n<li>Es en contra de la ley federal que los bancos y los portales de pago procesen transacciones relaciones a las apuestas en l\u00ednea, tales como los dep\u00f3sitos y los retiros de los jugadores.<\/li>\n<\/ul>\n<div class=\"bookmaker_link link_hover\"><a href=\"bm-0\">\u00bfQu\u00e9 es un Corredor de Apuestas?<\/a><\/div>\n<div class=\"bookmaker_link link_hover\"><a href=\"bm-1\">Historia de los Corredores de Apuestas: Una Breve Mirada al Pasado<\/a><\/div>\n<div class=\"bookmaker_link link_hover\"><a href=\"bm-2\">La Era de los Corredores de Apuestas En L\u00ednea<\/a><\/div>\n<div class=\"bookmaker_link link_hover\"><a href=\"bm-3\">Comparaci\u00f3n de Pagos por Apuestas: Base en Tierra versus En L\u00ednea<\/a><\/div>\n<div class=\"bookmaker_link\">\u00bfEs Legal Apostar en un Corredor de Apuestas En L\u00ednea?<\/div>\n<div class=\"bookmaker_link link_hover\"><a href=\"bm-5\"><span class=\"red bold\">\u21d2Siguiente <\/span>\u00bfPor qu\u00e9 Informaci\u00f3n de los Corredores de Apuestas?<\/a><\/div>\n<p><a href=\"http:\/\/www.tragaperrasgratis.com.es\/traga-trucos.html\" rel=\"dofollow\"><img loading=\"lazy\" decoding=\"async\" class=\"alignnone  wp-image-12474\" alt=\"secretos para ganar en las Slots\" src=\"http:\/\/bookmaker-info.com\/es\/wordpress\/wp-content\/uploads\/2014\/03\/hxNChqs.jpg\" width=\"694\" height=\"128\" srcset=\"https:\/\/bookmaker-info.com\/es\/wordpress\/wp-content\/uploads\/2014\/03\/hxNChqs.jpg 694w, https:\/\/bookmaker-info.com\/es\/wordpress\/wp-content\/uploads\/2014\/03\/hxNChqs-300x55.jpg 300w, https:\/\/bookmaker-info.com\/es\/wordpress\/wp-content\/uploads\/2014\/03\/hxNChqs-624x115.jpg 624w\" sizes=\"auto, (max-width: 694px) 100vw, 694px\" \/><\/a><\/p>\n","protected":false},"excerpt":{"rendered":"<p>&#8220;\u00bfEs legal apostar en un casino en l\u00ednea o un corredor de apuestas en l\u00ednea?&#8221; es una pregunta que corre por la mente de muchos que quiere convertirse en jugadores. Para un jugador, la respuesta es simple &#8211; &#8220;si, es legal si donde tu resides no se proh\u00edbe apostar en l\u00ednea&#8221;. Sin embargo, cuando se [&hellip;]<\/p>\n","protected":false},"author":1,"featured_media":0,"parent":0,"menu_order":0,"comment_status":"open","ping_status":"closed","template":"","meta":{"footnotes":""},"class_list":["post-3842","page","type-page","status-publish","hentry"],"_links":{"self":[{"href":"https:\/\/bookmaker-info.com\/es\/wp-json\/wp\/v2\/pages\/3842","targetHints":{"allow":["GET"]}}],"collection":[{"href":"https:\/\/bookmaker-info.com\/es\/wp-json\/wp\/v2\/pages"}],"about":[{"href":"https:\/\/bookmaker-info.com\/es\/wp-json\/wp\/v2\/types\/page"}],"author":[{"embeddable":true,"href":"https:\/\/bookmaker-info.com\/es\/wp-json\/wp\/v2\/users\/1"}],"replies":[{"embeddable":true,"href":"https:\/\/bookmaker-info.com\/es\/wp-json\/wp\/v2\/comments?post=3842"}],"version-history":[{"count":43,"href":"https:\/\/bookmaker-info.com\/es\/wp-json\/wp\/v2\/pages\/3842\/revisions"}],"predecessor-version":[{"id":3848,"href":"https:\/\/bookmaker-info.com\/es\/wp-json\/wp\/v2\/pages\/3842\/revisions\/3848"}],"wp:attachment":[{"href":"https:\/\/bookmaker-info.com\/es\/wp-json\/wp\/v2\/media?parent=3842"}],"curies":[{"name":"wp","href":"https:\/\/api.w.org\/{rel}","templated":true}]}}