{"id":3846,"date":"2014-03-02T18:36:34","date_gmt":"2014-03-02T09:36:34","guid":{"rendered":"http:\/\/bookmaker-info.com\/?page_id=3846"},"modified":"2020-10-28T13:51:42","modified_gmt":"2020-10-28T13:51:42","slug":"bm-5","status":"publish","type":"page","link":"https:\/\/bookmaker-info.com\/es\/bm-5","title":{"rendered":"\u00bfPor qu\u00e9 Informaci\u00f3n de los Corredores de Apuestas?"},"content":{"rendered":"<p>Informaci\u00f3n de los Corredores de Apuestas destaca lo mejor de lo mejor de la industria de los corredores de apuestas en l\u00ednea para que puedas estar tranquilo al jugar en l\u00ednea.<\/p>\n<p>Nosotros proporcionamos:<\/p>\n<ul style=\"margin: -20px 0px 20px 0px;\">\n<li>Informaci\u00f3n detallada sobre c\u00f3mo registrar, depositar, apostar y retirar en los corredores de apuestas en l\u00ednea con mayor reputaci\u00f3n<\/li>\n<li>Actualizaciones diarias de cuotas de los eventos deportivos m\u00e1s importantes<\/li>\n<li>Art\u00edculos de noticias deportivas actualizadas<\/li>\n<li>Ofertas promocionales e informaci\u00f3n extra oportuna<\/li>\n<\/ul>\n<p>Si tienes una pregunta, <a href=\"http:\/\/bookmaker-info.com\/es\/contact\">d\u00ednosla<\/a>.<\/p>\n<p>As\u00ed que ya seas solo un novato cuando se trata de apuestas deportivas o un profesional experimentado, Informaci\u00f3n de los Corredores de Apuestas est\u00e1 aqu\u00ed para asistir de manera que puedas &#8220;llevar tu pasi\u00f3n por el deporte al siguiente nivel!&#8221;<\/p>\n<h2 class=\"title\" style=\"text-align: center;\">Corredores de Apuestas En L\u00ednea Populares<\/h2>\n<div style=\"float: left; text-align: center;\"><a href=\"bet365-registro\"><img decoding=\"async\" alt=\"\" src=\".\/img\/bm5-bet365.png\" width=\"190\"><br \/>\nbet365<\/a><\/div>\n<div style=\"float: left; text-align: center; margin: 0px 0px 0px 20px;\"><a href=\"pinnacle-sports-registro\"><img decoding=\"async\" alt=\"\" src=\".\/img\/bm5-pin.png\" width=\"190\"><br \/>\nPinnacle<\/a><\/div>\n<div style=\"float: left; text-align: center; margin: 0px 0px 0px 20px;\"><a href=\"william-hill-registro\"><img decoding=\"async\" alt=\"\" src=\".\/img\/bm5-will.png\" width=\"190\"><br \/>\nWilliam Hill<\/a><\/div>\n<div class=\"clear\"><\/div>\n<div class=\"side_btn\" style=\"margin: 30px 0px 0px 0px;\"><a class=\"css_btn_class\" style=\"color: #ffffff;\" href=\".\/corredor-de-apuestas\">Paso a Paso: C\u00f3mo Registrarse \u2192 Apostar \u2192 Retirar<\/a><\/div>\n<hr>\n<p>Para detalles sobre corredores de apuestas en l\u00ednea, por favor mira la lista ubicado en la barra lateral derecha (abajo al final si estas usando un tel\u00e9fono inteligente).<\/p>\n<hr>\n<div class=\"bookmaker_link link_hover\"><a href=\"bm-0\">\u00bfQu\u00e9 es un Corredor de Apuestas?<\/a><\/div>\n<div class=\"bookmaker_link link_hover\"><a href=\"bm-1\">Historia de los Corredores de Apuestas: Una Breve Mirada al Pasado<\/a><\/div>\n<div class=\"bookmaker_link link_hover\"><a href=\"bm-2\">La Era de los Corredores de Apuestas En L\u00ednea<\/a><\/div>\n<div class=\"bookmaker_link link_hover\"><a href=\"bm-3\">Comparaci\u00f3n de Pagos por Apuestas: Base en Tierra versus En L\u00ednea<\/a><\/div>\n<div class=\"bookmaker_link link_hover\"><a href=\"bm-4\">\u00bfEs Legal Apostar en un Corredor de Apuestas En L\u00ednea?<\/a><\/div>\n<div class=\"bookmaker_link\">\u00bfPor qu\u00e9 Informaci\u00f3n de los Corredores de Apuestas?<\/div>\n","protected":false},"excerpt":{"rendered":"<p>Informaci\u00f3n de los Corredores de Apuestas destaca lo mejor de lo mejor de la industria de los corredores de apuestas en l\u00ednea para que puedas estar tranquilo al jugar en l\u00ednea. Nosotros proporcionamos: Informaci\u00f3n detallada sobre c\u00f3mo registrar, depositar, apostar y retirar en los corredores de apuestas en l\u00ednea con mayor reputaci\u00f3n Actualizaciones diarias de [&hellip;]<\/p>\n","protected":false},"author":1,"featured_media":0,"parent":0,"menu_order":0,"comment_status":"open","ping_status":"closed","template":"","meta":{"footnotes":""},"class_list":["post-3846","page","type-page","status-publish","hentry"],"_links":{"self":[{"href":"https:\/\/bookmaker-info.com\/es\/wp-json\/wp\/v2\/pages\/3846","targetHints":{"allow":["GET"]}}],"collection":[{"href":"https:\/\/bookmaker-info.com\/es\/wp-json\/wp\/v2\/pages"}],"about":[{"href":"https:\/\/bookmaker-info.com\/es\/wp-json\/wp\/v2\/types\/page"}],"author":[{"embeddable":true,"href":"https:\/\/bookmaker-info.com\/es\/wp-json\/wp\/v2\/users\/1"}],"replies":[{"embeddable":true,"href":"https:\/\/bookmaker-info.com\/es\/wp-json\/wp\/v2\/comments?post=3846"}],"version-history":[{"count":71,"href":"https:\/\/bookmaker-info.com\/es\/wp-json\/wp\/v2\/pages\/3846\/revisions"}],"predecessor-version":[{"id":13161,"href":"https:\/\/bookmaker-info.com\/es\/wp-json\/wp\/v2\/pages\/3846\/revisions\/13161"}],"wp:attachment":[{"href":"https:\/\/bookmaker-info.com\/es\/wp-json\/wp\/v2\/media?parent=3846"}],"curies":[{"name":"wp","href":"https:\/\/api.w.org\/{rel}","templated":true}]}}