{"id":3876,"date":"2014-03-02T19:23:12","date_gmt":"2014-03-02T10:23:12","guid":{"rendered":"http:\/\/bookmaker-info.com\/?page_id=3876"},"modified":"2015-04-06T13:14:04","modified_gmt":"2015-04-06T13:14:04","slug":"bm-1","status":"publish","type":"page","link":"https:\/\/bookmaker-info.com\/es\/bm-1","title":{"rendered":"Historia de los Corredores de Apuestas: Una Breve Mirada al Pasado"},"content":{"rendered":"<p><a href=\"http:\/\/bookmaker-info.com\/en\/wordpress\/wp-content\/uploads\/2014\/03\/Newmarket-Horse-Racetrack.jpg\"><img loading=\"lazy\" decoding=\"async\" class=\"alignnone  wp-image-6645\" title=\"La Pista de Carrera de Newmarket Heath\" alt=\"La Pista de Carrera de Newmarket Heath\" src=\"http:\/\/bookmaker-info.com\/en\/wordpress\/wp-content\/uploads\/2014\/03\/Newmarket-Horse-Racetrack.jpg\" width=\"800\" height=\"517\" srcset=\"https:\/\/bookmaker-info.com\/es\/wordpress\/wp-content\/uploads\/2014\/03\/Newmarket-Horse-Racetrack.jpg 800w, https:\/\/bookmaker-info.com\/es\/wordpress\/wp-content\/uploads\/2014\/03\/Newmarket-Horse-Racetrack-300x193.jpg 300w, https:\/\/bookmaker-info.com\/es\/wordpress\/wp-content\/uploads\/2014\/03\/Newmarket-Horse-Racetrack-624x403.jpg 624w\" sizes=\"auto, (max-width: 800px) 100vw, 800px\" \/><\/a><\/p>\n<p>Se ha reportado que la primera persona que fue llamada un &#8220;corredor de apuestas&#8221; fue Harry Ogden en la d\u00e9cada de 1790, quien oper\u00f3 su negocio desde la pista de carrera de Newmarket Heath en Suffolk County, Inglaterra.<\/p>\n<p>Como resultado de la aprobaci\u00f3n de la Ley del Juego en 1845, todo tipo de apuestas fuera de las pistas de carreras fueron prohibidas en el Reino Unido.<\/p>\n<p>La industria se transform\u00f3 en 1961 cuando el gobierno del Reino Unido legaliz\u00f3 las tiendas de apuestas permitiendo a los apostadores apostar fuera de las pistas de carreras. Esta regulaci\u00f3n cre\u00f3 la fundaci\u00f3n de la industria como la conocemos hoy en d\u00eda, y permiti\u00f3 el crecimiento y la popularidad de las apuestas expandi\u00e9ndose a otros deportes importantes tales como el f\u00fatbol, tenis y el golf.<\/p>\n<p>Para colocar n\u00fameros a lo mucho que ha cambiado la industria en solo 50 a\u00f1os desde que la legalizaci\u00f3n de las tiendas de apuestas fue aprobada, las tiendas de apuestas en el Reino Unido ahora son cuantificadas en m\u00e1s de 9,000 siendo la mayor\u00eda de ellas 3 grandes corredores, operadas y con due\u00f1os de la industria con base en tierra: William Hill, Ladbrokes y Coral.<\/p>\n<p><a href=\"http:\/\/bookmaker-info.com\/en\/wordpress\/wp-content\/uploads\/2014\/03\/william_hill-300x2211.jpg\"><img loading=\"lazy\" decoding=\"async\" class=\"alignnone  wp-image-6640\" title=\"William Hill Tienda de Apuestas\" alt=\"William Hill Tienda de Apuestas\" src=\"http:\/\/bookmaker-info.com\/en\/wordpress\/wp-content\/uploads\/2014\/03\/william_hill-300x2211.jpg\" width=\"260\" height=\"221\" \/><\/a><a href=\"http:\/\/bookmaker-info.com\/en\/wordpress\/wp-content\/uploads\/2014\/08\/Coral.png\"><img loading=\"lazy\" decoding=\"async\" class=\"alignnone  wp-image-6639\" style=\"margin-left: 10px; margin-right: 0px;\" title=\"Coral Tienda de Apuestas\" alt=\"Coral Tienda de Apuestas\" src=\"http:\/\/bookmaker-info.com\/en\/wordpress\/wp-content\/uploads\/2014\/08\/Coral.png\" width=\"343\" height=\"250\" \/><\/a><\/p>\n<div class=\"bookmaker_link link_hover\"><a href=\"bm-0\">\u00bfQu\u00e9 es un Corredor de Apuestas?<\/a><\/div>\n<div class=\"bookmaker_link\">Historia de los Corredores de Apuestas: Una Breve Mirada al Pasado<\/div>\n<div class=\"bookmaker_link link_hover\"><a href=\"bm-2\"><span class=\"red bold\">\u21d2Siguiente<\/span> La Era de los Corredores de Apuestas En L\u00ednea<\/a><\/div>\n<div class=\"bookmaker_link link_hover\"><a href=\"bm-3\">Comparaci\u00f3n de Pagos por Apuestas: Base en Tierra versus En L\u00ednea<\/a><\/div>\n<div class=\"bookmaker_link link_hover\"><a href=\"bm-4\">\u00bfEs Legal Apostar en un Corredor de Apuestas En L\u00ednea?<\/a><\/div>\n<div class=\"bookmaker_link link_hover\"><a href=\"bm-5\">\u00bfPor qu\u00e9 Informaci\u00f3n de los Corredores de Apuestas?<\/a><\/div>\n","protected":false},"excerpt":{"rendered":"<p>Se ha reportado que la primera persona que fue llamada un &#8220;corredor de apuestas&#8221; fue Harry Ogden en la d\u00e9cada de 1790, quien oper\u00f3 su negocio desde la pista de carrera de Newmarket Heath en Suffolk County, Inglaterra. Como resultado de la aprobaci\u00f3n de la Ley del Juego en 1845, todo tipo de apuestas fuera [&hellip;]<\/p>\n","protected":false},"author":1,"featured_media":0,"parent":0,"menu_order":0,"comment_status":"open","ping_status":"closed","template":"","meta":{"footnotes":""},"class_list":["post-3876","page","type-page","status-publish","hentry"],"_links":{"self":[{"href":"https:\/\/bookmaker-info.com\/es\/wp-json\/wp\/v2\/pages\/3876","targetHints":{"allow":["GET"]}}],"collection":[{"href":"https:\/\/bookmaker-info.com\/es\/wp-json\/wp\/v2\/pages"}],"about":[{"href":"https:\/\/bookmaker-info.com\/es\/wp-json\/wp\/v2\/types\/page"}],"author":[{"embeddable":true,"href":"https:\/\/bookmaker-info.com\/es\/wp-json\/wp\/v2\/users\/1"}],"replies":[{"embeddable":true,"href":"https:\/\/bookmaker-info.com\/es\/wp-json\/wp\/v2\/comments?post=3876"}],"version-history":[{"count":31,"href":"https:\/\/bookmaker-info.com\/es\/wp-json\/wp\/v2\/pages\/3876\/revisions"}],"predecessor-version":[{"id":11513,"href":"https:\/\/bookmaker-info.com\/es\/wp-json\/wp\/v2\/pages\/3876\/revisions\/11513"}],"wp:attachment":[{"href":"https:\/\/bookmaker-info.com\/es\/wp-json\/wp\/v2\/media?parent=3876"}],"curies":[{"name":"wp","href":"https:\/\/api.w.org\/{rel}","templated":true}]}}