{"id":415,"date":"2013-07-07T14:21:16","date_gmt":"2013-07-07T14:21:16","guid":{"rendered":"http:\/\/bookmaker-info.com\/?page_id=415"},"modified":"2024-04-30T14:15:19","modified_gmt":"2024-04-30T14:15:19","slug":"pinnacle-sports-registro","status":"publish","type":"page","link":"https:\/\/bookmaker-info.com\/es\/pinnacle-sports-registro","title":{"rendered":"C\u00f3mo Abrir una Cuenta de Pinnacle"},"content":{"rendered":"<h2 class=\"title\">\uff08\uff11\uff09Haz clic en el logotipo o en el v\u00ednculo de abajo para ingresar a Pinnacle<\/h2>\n<p><a href=\"https:\/\/wlpinnacle.adsrv.eacdn.com\/C.ashx?btag=a_11407b_15560c_&amp;affid=10689&amp;siteid=11407&amp;adid=15560&amp;c=\"><img loading=\"lazy\" decoding=\"async\" class=\"alignnone size-full wp-image-12594\" src=\"http:\/\/bookmaker-info.com\/es\/wordpress\/wp-content\/uploads\/2014\/08\/Pinnacle-Logo.png\" alt=\"Pinnacle Logotipo\" width=\"122\" height=\"63\"><\/a><br \/>\n<a href=\"https:\/\/wlpinnacle.adsrv.eacdn.com\/C.ashx?btag=a_11407b_15560c_&amp;affid=10689&amp;siteid=11407&amp;adid=15560&amp;c=\">Pinnacle<\/a><\/p>\n<h2 class=\"title\">\uff08\uff12\uff09Haz clic en el bot\u00f3n verde de \u201cAbra una cuenta\u201d<\/h2>\n<p><a href=\"http:\/\/bookmaker-info.com\/es\/wordpress\/wp-content\/uploads\/2013\/07\/pinnacle_sports_registro_1.png\"><img loading=\"lazy\" decoding=\"async\" class=\"alignnone wp-image-11641\" title=\"Pinnacle Sports Registro\" src=\"http:\/\/bookmaker-info.com\/es\/wordpress\/wp-content\/uploads\/2013\/07\/pinnacle_sports_registro_1.png\" alt=\"Pinnacle Sports Registro\" width=\"879\" height=\"593\" srcset=\"https:\/\/bookmaker-info.com\/es\/wordpress\/wp-content\/uploads\/2013\/07\/pinnacle_sports_registro_1.png 879w, https:\/\/bookmaker-info.com\/es\/wordpress\/wp-content\/uploads\/2013\/07\/pinnacle_sports_registro_1-300x202.png 300w, https:\/\/bookmaker-info.com\/es\/wordpress\/wp-content\/uploads\/2013\/07\/pinnacle_sports_registro_1-624x420.png 624w\" sizes=\"auto, (max-width: 879px) 100vw, 879px\" \/><\/a><\/p>\n<p>Si el sitio no se muestra en tu idioma preferido, puedes cambiar el idioma en la parte superior izquierda de la pantalla seleccionando el idioma de tu preferencia.<\/p>\n<h2 class=\"title\">\uff08\uff13\uff09Despu\u00e9s de hacer clic en \u201cAbra una cuenta\u201d, la pantalla de registro aparecer\u00e1 para que introduzcas tus detalles<\/h2>\n<p><a href=\"http:\/\/bookmaker-info.com\/es\/wordpress\/wp-content\/uploads\/2013\/07\/pinnacle_sports_registro_2.png\"><img loading=\"lazy\" decoding=\"async\" class=\"alignnone wp-image-11642\" title=\"Pinnacle Sports Registro\" src=\"http:\/\/bookmaker-info.com\/es\/wordpress\/wp-content\/uploads\/2013\/07\/pinnacle_sports_registro_2.png\" alt=\"Pinnacle Sports Registro\" width=\"735\" height=\"789\" srcset=\"https:\/\/bookmaker-info.com\/es\/wordpress\/wp-content\/uploads\/2013\/07\/pinnacle_sports_registro_2.png 735w, https:\/\/bookmaker-info.com\/es\/wordpress\/wp-content\/uploads\/2013\/07\/pinnacle_sports_registro_2-279x300.png 279w, https:\/\/bookmaker-info.com\/es\/wordpress\/wp-content\/uploads\/2013\/07\/pinnacle_sports_registro_2-624x669.png 624w\" sizes=\"auto, (max-width: 735px) 100vw, 735px\" \/><\/a><a href=\"http:\/\/bookmaker-info.com\/es\/wordpress\/wp-content\/uploads\/2013\/07\/pinnacle_sports_registro_3.png\"><img loading=\"lazy\" decoding=\"async\" class=\"alignnone size-full wp-image-11643\" title=\"Pinnacle Sports Registro\" src=\"http:\/\/bookmaker-info.com\/es\/wordpress\/wp-content\/uploads\/2013\/07\/pinnacle_sports_registro_3.png\" alt=\"Pinnacle Sports Registro\" width=\"535\" height=\"458\" srcset=\"https:\/\/bookmaker-info.com\/es\/wordpress\/wp-content\/uploads\/2013\/07\/pinnacle_sports_registro_3.png 535w, https:\/\/bookmaker-info.com\/es\/wordpress\/wp-content\/uploads\/2013\/07\/pinnacle_sports_registro_3-300x256.png 300w\" sizes=\"auto, (max-width: 535px) 100vw, 535px\" \/><\/a><\/p>\n<p>Al escoger la divisa de tu cuenta, selecciona la misma divisa del portal de pago (nosotros recomendamos <a href=\"http:\/\/bookmaker-info.com\/es\/neteller-registro\">NETELLER<\/a> y <a href=\"http:\/\/bookmaker-info.com\/es\/skrill-registro\">Skrill<\/a>) para ahorrarte en las tarifas por transacci\u00f3n al depositar o retirar desde tu cuenta de Pinnacle.<\/p>\n<p>Haz clic en el bot\u00f3n verde de \u201cCrear mi cuenta\u201d para completar tu registro.<\/p>\n<h2 class=\"title\">\uff08\uff14\uff09Registro Completado<\/h2>\n<p>Despu\u00e9s de completar tu registro, una pantalla podr\u00eda aparecer pregunt\u00e1ndote por el m\u00e9todo de dep\u00f3sito que prefieres. Como puedes registrar esta informaci\u00f3n despu\u00e9s, puedes omitir esta pantalla en este momento si as\u00ed lo deseas.<\/p>\n<p>Como es el caso de los corredores de apuestas en l\u00ednea, ellos han subcontratado el flujo de dep\u00f3sitos y retiros a portales de pago terceros para minimizar las tarifas asociadas a las transacciones. Hemos explicado en m\u00e1s detalle sobre c\u00f3mo registrarse en dos de los portales de pago m\u00e1s reconocidos de la industria &#8211; <a href=\"http:\/\/bookmaker-info.com\/es\/neteller-registro\">NETELLER<\/a> y <a href=\"http:\/\/bookmaker-info.com\/es\/skrill-registro\">Skrill<\/a> (anteriormente conocido como Moneybookers) en las p\u00e1ginas siguientes para su conveniencia.<\/p>\n<p>\u203b Ten en cuenta que dependiendo del pa\u00eds que introduzcas como tu residencia durante el registro, los m\u00e9todos de dep\u00f3sito\/retiro de NETELLER o Skrill podr\u00edan no estar disponibles para algunos corredores de apuestas en l\u00ednea. En este caso, por favor utiliza un m\u00e9todo diferente para realizar los dep\u00f3sitos y retiros.<\/p>\n<p><a href=\"https:\/\/wlpinnacle.adsrv.eacdn.com\/C.ashx?btag=a_11407b_15560c_&amp;affid=10689&amp;siteid=11407&amp;adid=15560&amp;c=\"><img loading=\"lazy\" decoding=\"async\" class=\"alignnone size-full wp-image-12593\" src=\"http:\/\/bookmaker-info.com\/es\/wordpress\/wp-content\/uploads\/2014\/08\/Pinnacle-Medium.png\" alt=\"Pinnacle Logotipo\" width=\"236\" height=\"62\"><\/a><br \/>\n<a href=\"https:\/\/wlpinnacle.adsrv.eacdn.com\/C.ashx?btag=a_11407b_15560c_&amp;affid=10689&amp;siteid=11407&amp;adid=15560&amp;c=\">Pinnacle<\/a><\/p>\n<p><span style=\"border-radius: 2px; text-indent: 20px; width: auto; padding: 0px 4px 0px 0px; text-align: center; font: bold 11px\/20px 'Helvetica Neue',Helvetica,sans-serif; color: #ffffff; background: #bd081c  no-repeat scroll 3px 50% \/ 14px 14px; position: absolute; opacity: 1; z-index: 8675309; display: none; cursor: pointer;\">Save<\/span><\/p>\n","protected":false},"excerpt":{"rendered":"<p>\uff08\uff11\uff09Haz clic en el logotipo o en el v\u00ednculo de abajo para ingresar a Pinnacle Pinnacle \uff08\uff12\uff09Haz clic en el bot\u00f3n verde de \u201cAbra una cuenta\u201d Si el sitio no se muestra en tu idioma preferido, puedes cambiar el idioma en la parte superior izquierda de la pantalla seleccionando el idioma de tu preferencia. \uff08\uff13\uff09Despu\u00e9s [&hellip;]<\/p>\n","protected":false},"author":1,"featured_media":0,"parent":0,"menu_order":0,"comment_status":"open","ping_status":"closed","template":"","meta":{"footnotes":""},"class_list":["post-415","page","type-page","status-publish","hentry"],"_links":{"self":[{"href":"https:\/\/bookmaker-info.com\/es\/wp-json\/wp\/v2\/pages\/415","targetHints":{"allow":["GET"]}}],"collection":[{"href":"https:\/\/bookmaker-info.com\/es\/wp-json\/wp\/v2\/pages"}],"about":[{"href":"https:\/\/bookmaker-info.com\/es\/wp-json\/wp\/v2\/types\/page"}],"author":[{"embeddable":true,"href":"https:\/\/bookmaker-info.com\/es\/wp-json\/wp\/v2\/users\/1"}],"replies":[{"embeddable":true,"href":"https:\/\/bookmaker-info.com\/es\/wp-json\/wp\/v2\/comments?post=415"}],"version-history":[{"count":31,"href":"https:\/\/bookmaker-info.com\/es\/wp-json\/wp\/v2\/pages\/415\/revisions"}],"predecessor-version":[{"id":13256,"href":"https:\/\/bookmaker-info.com\/es\/wp-json\/wp\/v2\/pages\/415\/revisions\/13256"}],"wp:attachment":[{"href":"https:\/\/bookmaker-info.com\/es\/wp-json\/wp\/v2\/media?parent=415"}],"curies":[{"name":"wp","href":"https:\/\/api.w.org\/{rel}","templated":true}]}}