{"id":419,"date":"2013-07-02T18:53:16","date_gmt":"2013-07-02T09:53:16","guid":{"rendered":"http:\/\/bookmaker-info.com\/?page_id=419"},"modified":"2018-11-30T05:45:35","modified_gmt":"2018-11-30T05:45:35","slug":"neteller-888sport","status":"publish","type":"page","link":"https:\/\/bookmaker-info.com\/es\/neteller-888sport","title":{"rendered":"C\u00f3mo Transferir Dinero desde NETELLER hacia 888sport"},"content":{"rendered":"<h2 class=\"title\">\uff08\uff11\uff09Inicia sesi\u00f3n en 888sport<\/h2>\n<p>Necesitar\u00e1s un balance de <strong>m\u00e1s de \u20ac10 o el equivalente si se usa otra divisa<\/strong> en tu cuenta de NETELLER para transferirlo a tu cuenta de 888sport. Si no has depositado \u20ac10 o el equivalente en tu cuenta de NETELLER, por favor consulta <a href=\"http:\/\/bookmaker-info.com\/es\/neteller-deposito\">esta p\u00e1gina<\/a>.<\/p>\n<p>Si tienes m\u00e1s de \u20ac10 o el equivalente en tu cuenta de NETELLER, haz clic en el v\u00ednculo a continuaci\u00f3n para acceder a 888sport.<\/p>\n<p><a onclick=\"_gaq.push(['_trackEvent', 'Affiliate Links', '888sport', '\/neteller-888sport',, true]);\" href=\"https:\/\/mmwebhandler.aff-online.com\/c\/41262?sr=1115394\" rel=\"nofollow\">888sport<\/a><\/p>\n<p><a href=\"http:\/\/bookmaker-info.com\/es\/wordpress\/wp-content\/uploads\/2013\/07\/888sport_neteller_11.png\"><img loading=\"lazy\" decoding=\"async\" class=\"alignnone size-full wp-image-11732\" alt=\"888sport NETELLER\" src=\"http:\/\/bookmaker-info.com\/es\/wordpress\/wp-content\/uploads\/2013\/07\/888sport_neteller_11.png\" width=\"979\" height=\"205\" srcset=\"https:\/\/bookmaker-info.com\/es\/wordpress\/wp-content\/uploads\/2013\/07\/888sport_neteller_11.png 979w, https:\/\/bookmaker-info.com\/es\/wordpress\/wp-content\/uploads\/2013\/07\/888sport_neteller_11-300x62.png 300w, https:\/\/bookmaker-info.com\/es\/wordpress\/wp-content\/uploads\/2013\/07\/888sport_neteller_11-624x130.png 624w\" sizes=\"auto, (max-width: 979px) 100vw, 979px\" \/><\/a><\/p>\n<p>Si el sitio no se muestra en tu idioma preferido, puedes cambiar el idioma al ir a la parte superior derecha de la pantalla para seleccionar el idioma de tu preferencia.<\/p>\n<p>Despu\u00e9s de introducir tu Nombre de Usuario y Contrase\u00f1a, haz clic en \u201cIniciar Sesi\u00f3n\u201d para iniciar sesi\u00f3n.<\/p>\n<h2 class=\"title\">\uff08\uff12\uff09Haz clic en \u201cCAJERO\u201d en la esquina superior derecha de la pantalla<\/h2>\n<p><a href=\"http:\/\/bookmaker-info.com\/es\/wordpress\/wp-content\/uploads\/2013\/07\/888sport_neteller_2.png\"><img loading=\"lazy\" decoding=\"async\" class=\"alignnone size-full wp-image-11733\" alt=\"888sport NETELLER\" src=\"http:\/\/bookmaker-info.com\/es\/wordpress\/wp-content\/uploads\/2013\/07\/888sport_neteller_2.png\" width=\"984\" height=\"421\" srcset=\"https:\/\/bookmaker-info.com\/es\/wordpress\/wp-content\/uploads\/2013\/07\/888sport_neteller_2.png 984w, https:\/\/bookmaker-info.com\/es\/wordpress\/wp-content\/uploads\/2013\/07\/888sport_neteller_2-300x128.png 300w, https:\/\/bookmaker-info.com\/es\/wordpress\/wp-content\/uploads\/2013\/07\/888sport_neteller_2-624x266.png 624w\" sizes=\"auto, (max-width: 984px) 100vw, 984px\" \/><\/a><\/p>\n<h2 class=\"title\">\uff08\uff13\uff09Completar tu dep\u00f3sito v\u00eda NETELLER<\/h2>\n<p><a href=\"http:\/\/bookmaker-info.com\/es\/wordpress\/wp-content\/uploads\/2013\/07\/888sport_neteller_31.png\"><img loading=\"lazy\" decoding=\"async\" class=\"alignnone size-full wp-image-11734\" alt=\"888sport NETELLER\" src=\"http:\/\/bookmaker-info.com\/es\/wordpress\/wp-content\/uploads\/2013\/07\/888sport_neteller_31.png\" width=\"768\" height=\"505\" srcset=\"https:\/\/bookmaker-info.com\/es\/wordpress\/wp-content\/uploads\/2013\/07\/888sport_neteller_31.png 768w, https:\/\/bookmaker-info.com\/es\/wordpress\/wp-content\/uploads\/2013\/07\/888sport_neteller_31-300x197.png 300w, https:\/\/bookmaker-info.com\/es\/wordpress\/wp-content\/uploads\/2013\/07\/888sport_neteller_31-624x410.png 624w\" sizes=\"auto, (max-width: 768px) 100vw, 768px\" \/><\/a><\/p>\n<p>Despu\u00e9s de seleccionar NETELLER, escoge la cantidad de dinero que te gustar\u00eda depositar (deber\u00eda ser m\u00e1s de \u20ac10 o el equivalente) y luego introduce tus 12 n\u00fameros de identificaci\u00f3n de la cuenta y los 6 n\u00fameros de identificaci\u00f3n segura de NETELLER. Luego, haz clic en \u201cEnviar\u201d para completar la transacci\u00f3n de tu dep\u00f3sito.<\/p>\n<p><a onclick=\"_gaq.push(['_trackEvent', 'Affiliate Links', '888sport', '\/neteller-888sport',, true]);\" href=\"https:\/\/mmwebhandler.aff-online.com\/c\/41262?sr=1115394\" rel=\"nofollow\"><img loading=\"lazy\" decoding=\"async\" style=\"border: 0px none;\" title=\"888sport Logotipo\" alt=\"888sport Logotipo\" src=\"https:\/\/mmwebhandler.888.com\/I\/30657?sr=1115394\" width=\"125\" height=\"125\" \/><\/a><br \/>\n<a onclick=\"_gaq.push(['_trackEvent', 'Affiliate Links', '888sport', '\/neteller-888sport',, true]);\" href=\"https:\/\/mmwebhandler.aff-online.com\/c\/41262?sr=1115394\" rel=\"nofollow\">888sport<\/a><\/p>\n","protected":false},"excerpt":{"rendered":"<p>\uff08\uff11\uff09Inicia sesi\u00f3n en 888sport Necesitar\u00e1s un balance de m\u00e1s de \u20ac10 o el equivalente si se usa otra divisa en tu cuenta de NETELLER para transferirlo a tu cuenta de 888sport. Si no has depositado \u20ac10 o el equivalente en tu cuenta de NETELLER, por favor consulta esta p\u00e1gina. Si tienes m\u00e1s de \u20ac10 o [&hellip;]<\/p>\n","protected":false},"author":1,"featured_media":0,"parent":0,"menu_order":0,"comment_status":"open","ping_status":"closed","template":"","meta":{"footnotes":""},"class_list":["post-419","page","type-page","status-publish","hentry"],"_links":{"self":[{"href":"https:\/\/bookmaker-info.com\/es\/wp-json\/wp\/v2\/pages\/419","targetHints":{"allow":["GET"]}}],"collection":[{"href":"https:\/\/bookmaker-info.com\/es\/wp-json\/wp\/v2\/pages"}],"about":[{"href":"https:\/\/bookmaker-info.com\/es\/wp-json\/wp\/v2\/types\/page"}],"author":[{"embeddable":true,"href":"https:\/\/bookmaker-info.com\/es\/wp-json\/wp\/v2\/users\/1"}],"replies":[{"embeddable":true,"href":"https:\/\/bookmaker-info.com\/es\/wp-json\/wp\/v2\/comments?post=419"}],"version-history":[{"count":31,"href":"https:\/\/bookmaker-info.com\/es\/wp-json\/wp\/v2\/pages\/419\/revisions"}],"predecessor-version":[{"id":13010,"href":"https:\/\/bookmaker-info.com\/es\/wp-json\/wp\/v2\/pages\/419\/revisions\/13010"}],"wp:attachment":[{"href":"https:\/\/bookmaker-info.com\/es\/wp-json\/wp\/v2\/media?parent=419"}],"curies":[{"name":"wp","href":"https:\/\/api.w.org\/{rel}","templated":true}]}}