{"id":435,"date":"2013-07-02T19:55:43","date_gmt":"2013-07-02T10:55:43","guid":{"rendered":"http:\/\/bookmaker-info.com\/?page_id=435"},"modified":"2018-11-30T05:45:15","modified_gmt":"2018-11-30T05:45:15","slug":"888sport-retirada","status":"publish","type":"page","link":"https:\/\/bookmaker-info.com\/es\/888sport-retirada","title":{"rendered":"C\u00f3mo Retirar de mi Cuenta de 888sport"},"content":{"rendered":"<h2 class=\"title\">\uff08\uff11\uff09Inicia sesi\u00f3n en 888sport<\/h2>\n<p><a onclick=\"_gaq.push(['_trackEvent', 'Affiliate Links', '888sport', '\/888sport-retirada',, true]);\" href=\"https:\/\/mmwebhandler.aff-online.com\/c\/41262?sr=1115394\" rel=\"nofollow\">888sport<\/a><\/p>\n<p><a href=\"http:\/\/bookmaker-info.com\/es\/wordpress\/wp-content\/uploads\/2013\/07\/888sport_retirada_1.png\"><img loading=\"lazy\" decoding=\"async\" class=\"alignnone size-full wp-image-12089\" alt=\"888sport Retirada\" src=\"http:\/\/bookmaker-info.com\/es\/wordpress\/wp-content\/uploads\/2013\/07\/888sport_retirada_1.png\" width=\"979\" height=\"205\" srcset=\"https:\/\/bookmaker-info.com\/es\/wordpress\/wp-content\/uploads\/2013\/07\/888sport_retirada_1.png 979w, https:\/\/bookmaker-info.com\/es\/wordpress\/wp-content\/uploads\/2013\/07\/888sport_retirada_1-300x62.png 300w, https:\/\/bookmaker-info.com\/es\/wordpress\/wp-content\/uploads\/2013\/07\/888sport_retirada_1-624x130.png 624w\" sizes=\"auto, (max-width: 979px) 100vw, 979px\" \/><\/a><\/p>\n<p>Si el sitio no se muestra en tu idioma preferido, puedes cambiar el idioma al ir a la parte superior derecha de la pantalla para seleccionar el idioma de tu preferencia.<\/p>\n<p>Despu\u00e9s de introducir tu Nombre de Usuario y Contrase\u00f1a, haz clic en \u201cIniciar Sesi\u00f3n\u201d para iniciar sesi\u00f3n.<\/p>\n<h2 class=\"title\">\uff08\uff12\uff09Haz clic en \u201cCAJERO\u201d en la esquina superior derecha de la pantalla<\/h2>\n<p><a href=\"http:\/\/bookmaker-info.com\/es\/wordpress\/wp-content\/uploads\/2013\/07\/888sport_retirada_2.png\"><img loading=\"lazy\" decoding=\"async\" class=\"alignnone size-full wp-image-12090\" alt=\"888sport Retirada\" src=\"http:\/\/bookmaker-info.com\/es\/wordpress\/wp-content\/uploads\/2013\/07\/888sport_retirada_2.png\" width=\"984\" height=\"421\" srcset=\"https:\/\/bookmaker-info.com\/es\/wordpress\/wp-content\/uploads\/2013\/07\/888sport_retirada_2.png 984w, https:\/\/bookmaker-info.com\/es\/wordpress\/wp-content\/uploads\/2013\/07\/888sport_retirada_2-300x128.png 300w, https:\/\/bookmaker-info.com\/es\/wordpress\/wp-content\/uploads\/2013\/07\/888sport_retirada_2-624x266.png 624w\" sizes=\"auto, (max-width: 984px) 100vw, 984px\" \/><\/a><\/p>\n<h2 class=\"title\">\uff08\uff13\uff09Selecciona \u201cRetirar dinero\u201d en el cajero<\/h2>\n<p><a href=\"http:\/\/bookmaker-info.com\/es\/wordpress\/wp-content\/uploads\/2013\/07\/888sport_retirada_3.png\"><img loading=\"lazy\" decoding=\"async\" class=\"alignnone size-full wp-image-12091\" alt=\"888sport Retirada\" src=\"http:\/\/bookmaker-info.com\/es\/wordpress\/wp-content\/uploads\/2013\/07\/888sport_retirada_3.png\" width=\"768\" height=\"506\" srcset=\"https:\/\/bookmaker-info.com\/es\/wordpress\/wp-content\/uploads\/2013\/07\/888sport_retirada_3.png 768w, https:\/\/bookmaker-info.com\/es\/wordpress\/wp-content\/uploads\/2013\/07\/888sport_retirada_3-300x197.png 300w, https:\/\/bookmaker-info.com\/es\/wordpress\/wp-content\/uploads\/2013\/07\/888sport_retirada_3-624x411.png 624w\" sizes=\"auto, (max-width: 768px) 100vw, 768px\" \/><\/a><\/p>\n<p>Si originalmente hiciste tu dep\u00f3sito v\u00eda <a href=\"http:\/\/bookmaker-info.com\/es\/neteller-registro\">NETELLER<\/a>, necesitar\u00e1s procesar tu retiro a trav\u00e9s de NETELLER tambi\u00e9n. El logotipo de NETELLER se mostrar\u00e1 a la izquierda de la pantalla. Haz clic en el logotipo. Despu\u00e9s de seleccionar NETELLER, escoge la cantidad de dinero que te gustar\u00eda retirar (<strong>m\u00e1s de \u20ac3 o el equivalente si se usa otra divisa<\/strong>) y finaliza la transacci\u00f3n de tu retiro.<\/p>\n<p>Si originalmente hiciste tu dep\u00f3sito v\u00eda <a href=\"http:\/\/bookmaker-info.com\/es\/skrill-registro\">Skrill<\/a> (anteriormente conocido como Moneybookers), necesitar\u00e1s procesar tu retiro a trav\u00e9s de Skrill tambi\u00e9n. El logotipo de Skrill se mostrar\u00e1 a la izquierda de la pantalla. Haz clic en el logotipo. Despu\u00e9s de seleccionar Skrill, escoge la cantidad de dinero que te gustar\u00eda retirar (<strong>m\u00e1s de \u20ac3 o el equivalente si se usa otra divisa<\/strong>) y finaliza la transacci\u00f3n de tu retiro.<\/p>\n<p>\u203b Por favor ten en cuenta que tomar\u00e1 entre <strong>unas pocas horas hasta tres (3) d\u00edas h\u00e1biles<\/strong> para que el pago del retiro se vea reflejado en tu cuenta de NETELLER o Skrill.<\/p>\n<p><a onclick=\"_gaq.push(['_trackEvent', 'Affiliate Links', '888sport', '\/888sport-retirada',, true]);\" href=\"https:\/\/mmwebhandler.aff-online.com\/c\/41262?sr=1115394\" rel=\"nofollow\"><img loading=\"lazy\" decoding=\"async\" style=\"border: 0px none;\" title=\"888sport Logotipo\" alt=\"888sport Logotipo\" src=\"https:\/\/mmwebhandler.888.com\/I\/30657?sr=1115394\" width=\"125\" height=\"125\" \/><\/a><br \/>\n<a onclick=\"_gaq.push(['_trackEvent', 'Affiliate Links', '888sport', '\/888sport-retirada',, true]);\" href=\"https:\/\/mmwebhandler.aff-online.com\/c\/41262?sr=1115394\" rel=\"nofollow\">888sport<\/a><\/p>\n","protected":false},"excerpt":{"rendered":"<p>\uff08\uff11\uff09Inicia sesi\u00f3n en 888sport 888sport Si el sitio no se muestra en tu idioma preferido, puedes cambiar el idioma al ir a la parte superior derecha de la pantalla para seleccionar el idioma de tu preferencia. Despu\u00e9s de introducir tu Nombre de Usuario y Contrase\u00f1a, haz clic en \u201cIniciar Sesi\u00f3n\u201d para iniciar sesi\u00f3n. \uff08\uff12\uff09Haz clic [&hellip;]<\/p>\n","protected":false},"author":1,"featured_media":0,"parent":0,"menu_order":0,"comment_status":"open","ping_status":"closed","template":"","meta":{"footnotes":""},"class_list":["post-435","page","type-page","status-publish","hentry"],"_links":{"self":[{"href":"https:\/\/bookmaker-info.com\/es\/wp-json\/wp\/v2\/pages\/435","targetHints":{"allow":["GET"]}}],"collection":[{"href":"https:\/\/bookmaker-info.com\/es\/wp-json\/wp\/v2\/pages"}],"about":[{"href":"https:\/\/bookmaker-info.com\/es\/wp-json\/wp\/v2\/types\/page"}],"author":[{"embeddable":true,"href":"https:\/\/bookmaker-info.com\/es\/wp-json\/wp\/v2\/users\/1"}],"replies":[{"embeddable":true,"href":"https:\/\/bookmaker-info.com\/es\/wp-json\/wp\/v2\/comments?post=435"}],"version-history":[{"count":27,"href":"https:\/\/bookmaker-info.com\/es\/wp-json\/wp\/v2\/pages\/435\/revisions"}],"predecessor-version":[{"id":13009,"href":"https:\/\/bookmaker-info.com\/es\/wp-json\/wp\/v2\/pages\/435\/revisions\/13009"}],"wp:attachment":[{"href":"https:\/\/bookmaker-info.com\/es\/wp-json\/wp\/v2\/media?parent=435"}],"curies":[{"name":"wp","href":"https:\/\/api.w.org\/{rel}","templated":true}]}}