{"id":4411,"date":"2014-04-05T14:14:17","date_gmt":"2014-04-05T14:14:17","guid":{"rendered":"http:\/\/bookmaker-info.com\/?page_id=4411"},"modified":"2015-05-13T15:53:40","modified_gmt":"2015-05-13T15:53:40","slug":"netbet-registro","status":"publish","type":"page","link":"https:\/\/bookmaker-info.com\/es\/netbet-registro","title":{"rendered":"C\u00f3mo Abrir una Cuenta de NetBet"},"content":{"rendered":"<h2 class=\"title\">\uff08\uff11\uff09Haz clic en el logotipo o en el v\u00ednculo de abajo para ingresar a NetBet<\/h2>\n<p><a onclick=\"_gaq.push(['_trackEvent', 'Affiliate Links', 'NetBet', '\/netbet-registro',, true]);\" href=\"http:\/\/www.livepartners.jp\/affiliate\/tracking\/click\/?id=329046&#038;bid=2235&#038;lang=es&#038;tag=a_4139b_2\"><img loading=\"lazy\" decoding=\"async\" style=\"border: 0px none;\" title=\"NetBet Logotipo\" alt=\"NetBet Logotipo\" src=\"http:\/\/www.livepartners.com\/affiliate\/tracking\/?id=329046&amp;bid=2240\" width=\"150\" height=\"59\" border=\"0\" \/><\/a><br \/>\n<a onclick=\"_gaq.push(['_trackEvent', 'Affiliate Links', 'NetBet', '\/netbet-registro',, true]);\" href=\"http:\/\/www.livepartners.jp\/affiliate\/tracking\/click\/?id=329046&#038;bid=2235&#038;lang=es&#038;tag=a_4139b_2\">NetBet<\/a><\/p>\n<h2>\uff08\uff12\uff09Haz clic en el v\u00ednculo color verde de \u201cReg\u00edstrate\u201d debajo del \u201cNombre de usuario\u201d para crear una cuenta<\/h2>\n<p><a href=\"http:\/\/bookmaker-info.com\/es\/wordpress\/wp-content\/uploads\/2014\/04\/netbet_registro_1.png\"><img loading=\"lazy\" decoding=\"async\" class=\"alignnone  wp-image-11637\" title=\"NetBet Registro\" alt=\"NetBet Registro\" src=\"http:\/\/bookmaker-info.com\/es\/wordpress\/wp-content\/uploads\/2014\/04\/netbet_registro_1.png\" width=\"1116\" height=\"516\" srcset=\"https:\/\/bookmaker-info.com\/es\/wordpress\/wp-content\/uploads\/2014\/04\/netbet_registro_1.png 1116w, https:\/\/bookmaker-info.com\/es\/wordpress\/wp-content\/uploads\/2014\/04\/netbet_registro_1-300x138.png 300w, https:\/\/bookmaker-info.com\/es\/wordpress\/wp-content\/uploads\/2014\/04\/netbet_registro_1-1024x473.png 1024w, https:\/\/bookmaker-info.com\/es\/wordpress\/wp-content\/uploads\/2014\/04\/netbet_registro_1-624x288.png 624w\" sizes=\"auto, (max-width: 1116px) 100vw, 1116px\" \/><\/a><\/p>\n<p>Si el sitio no se muestra en tu idioma preferido, puedes cambiar el idioma en la parte superior de la pantalla seleccionando el idioma de tu preferencia.<\/p>\n<h2 class=\"title\">\uff08\uff13\uff09Despu\u00e9s de hacer clic en \u201cReg\u00edstrate\u201d, la pantalla de registro aparecer\u00e1 para que introduzcas tus detalles<\/h2>\n<p><a href=\"http:\/\/bookmaker-info.com\/es\/wordpress\/wp-content\/uploads\/2014\/04\/netbet_registro_21.png\"><img loading=\"lazy\" decoding=\"async\" class=\"alignnone  wp-image-11639\" title=\"NetBet Registro\" alt=\"NetBet Registro\" src=\"http:\/\/bookmaker-info.com\/es\/wordpress\/wp-content\/uploads\/2014\/04\/netbet_registro_21.png\" width=\"1002\" height=\"688\" srcset=\"https:\/\/bookmaker-info.com\/es\/wordpress\/wp-content\/uploads\/2014\/04\/netbet_registro_21.png 1002w, https:\/\/bookmaker-info.com\/es\/wordpress\/wp-content\/uploads\/2014\/04\/netbet_registro_21-300x205.png 300w, https:\/\/bookmaker-info.com\/es\/wordpress\/wp-content\/uploads\/2014\/04\/netbet_registro_21-624x428.png 624w\" sizes=\"auto, (max-width: 1002px) 100vw, 1002px\" \/><\/a><\/p>\n<p>Al escoger la divisa de tu cuenta, selecciona la misma divisa del portal de pago (nosotros recomendamos <a href=\"http:\/\/bookmaker-info.com\/es\/neteller-registro\">NETELLER<\/a> y <a href=\"http:\/\/bookmaker-info.com\/es\/skrill-registro\">Skrill<\/a>) para ahorrarte en las tarifas por transacci\u00f3n al depositar o retirar desde tu cuenta de NetBet.<\/p>\n<p>Haz clic en el bot\u00f3n verde de \u201cCREA TU CUENTA\u201d para completar su registro.<\/p>\n<h2 class=\"title\">\uff08\uff14\uff09Registro Completado<\/h2>\n<p>Despu\u00e9s de completar tu registro, una pantalla podr\u00eda aparecer pregunt\u00e1ndote por el m\u00e9todo de dep\u00f3sito que prefieres. Como puedes registrar esta informaci\u00f3n despu\u00e9s, puedes omitir esta pantalla en este momento si as\u00ed lo deseas.<\/p>\n<p>Como es el caso de los corredores de apuestas en l\u00ednea, ellos han subcontratado el flujo de dep\u00f3sitos y retiros a portales de pago terceros para minimizar las tarifas asociadas a las transacciones. Hemos explicado en m\u00e1s detalle sobre c\u00f3mo registrarse en dos de los portales de pago m\u00e1s reconocidos de la industria &#8211; <a href=\"http:\/\/bookmaker-info.com\/es\/neteller-registro\">NETELLER<\/a> y <a href=\"http:\/\/bookmaker-info.com\/es\/skrill-registro\">Skrill<\/a> (anteriormente conocido como Moneybookers) en las p\u00e1ginas siguientes para su conveniencia.<\/p>\n<p>\u203b Ten en cuenta que dependiendo del pa\u00eds que introduzcas como tu residencia durante el registro, los m\u00e9todos de dep\u00f3sito\/retiro de NETELLER o Skrill podr\u00edan no estar disponibles para algunos corredores de apuestas en l\u00ednea. En este caso, por favor utiliza un m\u00e9todo diferente para realizar los dep\u00f3sitos y retiros.<\/p>\n<p><a onclick=\"_gaq.push(['_trackEvent', 'Affiliate Links', 'NetBet', '\/netbet-registro',, true]);\" href=\"http:\/\/www.livepartners.jp\/affiliate\/tracking\/click\/?id=329046&#038;bid=2235&#038;lang=es&#038;tag=a_4139b_2\"><img loading=\"lazy\" decoding=\"async\" style=\"border: 0px none;\" title=\"NetBet Logotipo\" alt=\"NetBet Logotipo\" src=\"http:\/\/www.livepartners.com\/affiliate\/tracking\/?id=329046&amp;bid=2240\" width=\"150\" height=\"59\" border=\"0\" \/><\/a><br \/>\n<a onclick=\"_gaq.push(['_trackEvent', 'Affiliate Links', 'NetBet', '\/netbet-registro',, true]);\" href=\"http:\/\/www.livepartners.jp\/affiliate\/tracking\/click\/?id=329046&#038;bid=2235&#038;lang=es&#038;tag=a_4139b_2\">NetBet<\/a><\/p>\n","protected":false},"excerpt":{"rendered":"<p>\uff08\uff11\uff09Haz clic en el logotipo o en el v\u00ednculo de abajo para ingresar a NetBet NetBet \uff08\uff12\uff09Haz clic en el v\u00ednculo color verde de \u201cReg\u00edstrate\u201d debajo del \u201cNombre de usuario\u201d para crear una cuenta Si el sitio no se muestra en tu idioma preferido, puedes cambiar el idioma en la parte superior de la pantalla [&hellip;]<\/p>\n","protected":false},"author":1,"featured_media":0,"parent":0,"menu_order":0,"comment_status":"open","ping_status":"closed","template":"","meta":{"footnotes":""},"class_list":["post-4411","page","type-page","status-publish","hentry"],"_links":{"self":[{"href":"https:\/\/bookmaker-info.com\/es\/wp-json\/wp\/v2\/pages\/4411","targetHints":{"allow":["GET"]}}],"collection":[{"href":"https:\/\/bookmaker-info.com\/es\/wp-json\/wp\/v2\/pages"}],"about":[{"href":"https:\/\/bookmaker-info.com\/es\/wp-json\/wp\/v2\/types\/page"}],"author":[{"embeddable":true,"href":"https:\/\/bookmaker-info.com\/es\/wp-json\/wp\/v2\/users\/1"}],"replies":[{"embeddable":true,"href":"https:\/\/bookmaker-info.com\/es\/wp-json\/wp\/v2\/comments?post=4411"}],"version-history":[{"count":32,"href":"https:\/\/bookmaker-info.com\/es\/wp-json\/wp\/v2\/pages\/4411\/revisions"}],"predecessor-version":[{"id":12378,"href":"https:\/\/bookmaker-info.com\/es\/wp-json\/wp\/v2\/pages\/4411\/revisions\/12378"}],"wp:attachment":[{"href":"https:\/\/bookmaker-info.com\/es\/wp-json\/wp\/v2\/media?parent=4411"}],"curies":[{"name":"wp","href":"https:\/\/api.w.org\/{rel}","templated":true}]}}