{"id":445,"date":"2014-02-02T16:57:20","date_gmt":"2014-02-02T16:57:20","guid":{"rendered":"http:\/\/bookmaker-info.com\/?page_id=445"},"modified":"2015-04-12T08:30:52","modified_gmt":"2015-04-12T08:30:52","slug":"corredor-de-apuestas","status":"publish","type":"page","link":"https:\/\/bookmaker-info.com\/es\/corredor-de-apuestas","title":{"rendered":"Paso a Paso: C\u00f3mo Registrarse \u2192 Apostar \u2192 Retirar"},"content":{"rendered":"<style type=\"text\/css\">\n<!--\n.entry-content img {\n    border-radius: 0;\n    box-shadow: 0 0 0 rgba(0, 0, 0, 0);\n}\n-->\n<\/style>\n<div class=\"bm_info_w\">\n    <img decoding=\"async\" class=\"bm_info_img\" src=\"http:\/\/bookmaker-info.com\/img\/bm_info_bg.jpg\" alt=\"bm_info\" \/><\/p>\n<div class=\"bm_info_5\"><span class=\"bm_info_1\">(5)Juego<\/span><\/div>\n<div class=\"bm_info_6\"><span class=\"bm_info_1\">(6)Retiro<\/span><\/div>\n<div class=\"bm_info_3\"><span class=\"bm_info_1\">(3)Dep\u00f3sito<\/span><\/div>\n<\/div>\n<div class=\"bm_info_w2\">\n<div class=\"bm_info_b\">\n<div class=\"bm_info_t\">Corredor de Apuestas<\/div>\n<p>        <img decoding=\"async\" class=\"bm_info_img\" src=\"http:\/\/bookmaker-info.com\/wordpress\/wp-content\/uploads\/2014\/07\/bet365.jpg\" alt=\"bet365\"><br \/>\n        <img decoding=\"async\" class=\"bm_info_img\" src=\"http:\/\/bookmaker-info.com\/wordpress\/wp-content\/uploads\/2014\/07\/william_hill.jpg\" alt=\"William Hill\"><br \/>\n        <span class=\"bm_info_1\">(1)Registro<\/span>\n    <\/div>\n<div class=\"bm_info_c\">\n<div class=\"bm_info_7\">\n            <img decoding=\"async\" class=\"bm_info_img\" src=\"http:\/\/bookmaker-info.com\/img\/arrow_gray.jpg\" alt=\"\"><br \/>\n            <span class=\"bm_info_1\">Retiro<\/span>\n        <\/div>\n<div class=\"bm_info_4\">\n            <img decoding=\"async\" class=\"bm_info_img\" src=\"http:\/\/bookmaker-info.com\/img\/arrow_red.jpg\" alt=\"\"><br \/>\n            <span class=\"bm_info_1\">(4)Dep\u00f3sito<\/span>\n        <\/div>\n<\/p><\/div>\n<div class=\"bm_info_b\">\n<div class=\"bm_info_t\">Portal de Pago<\/div>\n<p>        <img decoding=\"async\" class=\"bm_info_img\" src=\"http:\/\/bookmaker-info.com\/img\/bm\/neteller.jpg\" alt=\"Neteller\"><br \/>\n        <img decoding=\"async\" class=\"bm_info_img\" src=\"http:\/\/bookmaker-info.com\/es\/wordpress\/wp-content\/uploads\/2014\/07\/Skrill.gif\" alt=\"Skrill\"><br \/>\n        <span class=\"bm_info_1\">(2)Registro<\/span>\n    <\/div>\n<\/div>\n<div class=\"clear\"><\/div>\n<hr \/>\n<div class=\"bookmaker_link link_hover\"><a href=\"corredor-de-apuestas-1\"><span class=\"red bold\">\u21d2Siguiente<\/span> (1) Registro en Corredor de Apuestas En L\u00ednea<\/a><\/div>\n<div class=\"bookmaker_link link_hover\"><a href=\"corredor-de-apuestas-2\">(2) Registro en Portal de Pago En L\u00ednea<\/a><\/div>\n<div class=\"bookmaker_link link_hover\"><a href=\"corredor-de-apuestas-3\">(3) Dep\u00f3sito en Portal de Pago En L\u00ednea<\/a><\/div>\n<div class=\"bookmaker_link link_hover\"><a href=\"corredor-de-apuestas-4\">(4) Dep\u00f3sito en Corredor de Apuestas En L\u00ednea<\/a><\/div>\n<div class=\"bookmaker_link link_hover\"><a href=\"corredor-de-apuestas-5\">(5) Colocando Apuestas<\/a><\/div>\n<div class=\"bookmaker_link link_hover\"><a href=\"corredor-de-apuestas-6\">(6) Retiro<\/a><\/div>\n","protected":false},"excerpt":{"rendered":"<p>(5)Juego (6)Retiro (3)Dep\u00f3sito Corredor de Apuestas (1)Registro Retiro (4)Dep\u00f3sito Portal de Pago (2)Registro \u21d2Siguiente (1) Registro en Corredor de Apuestas En L\u00ednea (2) Registro en Portal de Pago En L\u00ednea (3) Dep\u00f3sito en Portal de Pago En L\u00ednea (4) Dep\u00f3sito en Corredor de Apuestas En L\u00ednea (5) Colocando Apuestas (6) Retiro<\/p>\n","protected":false},"author":1,"featured_media":0,"parent":0,"menu_order":0,"comment_status":"open","ping_status":"closed","template":"","meta":{"footnotes":""},"class_list":["post-445","page","type-page","status-publish","hentry"],"_links":{"self":[{"href":"https:\/\/bookmaker-info.com\/es\/wp-json\/wp\/v2\/pages\/445","targetHints":{"allow":["GET"]}}],"collection":[{"href":"https:\/\/bookmaker-info.com\/es\/wp-json\/wp\/v2\/pages"}],"about":[{"href":"https:\/\/bookmaker-info.com\/es\/wp-json\/wp\/v2\/types\/page"}],"author":[{"embeddable":true,"href":"https:\/\/bookmaker-info.com\/es\/wp-json\/wp\/v2\/users\/1"}],"replies":[{"embeddable":true,"href":"https:\/\/bookmaker-info.com\/es\/wp-json\/wp\/v2\/comments?post=445"}],"version-history":[{"count":40,"href":"https:\/\/bookmaker-info.com\/es\/wp-json\/wp\/v2\/pages\/445\/revisions"}],"predecessor-version":[{"id":12308,"href":"https:\/\/bookmaker-info.com\/es\/wp-json\/wp\/v2\/pages\/445\/revisions\/12308"}],"wp:attachment":[{"href":"https:\/\/bookmaker-info.com\/es\/wp-json\/wp\/v2\/media?parent=445"}],"curies":[{"name":"wp","href":"https:\/\/api.w.org\/{rel}","templated":true}]}}