{"id":5631,"date":"2014-07-23T11:51:13","date_gmt":"2014-07-23T02:51:13","guid":{"rendered":"http:\/\/bookmaker-info.com\/en\/?page_id=5631"},"modified":"2015-05-13T15:55:10","modified_gmt":"2015-05-13T15:55:10","slug":"netbet-apuesta","status":"publish","type":"page","link":"https:\/\/bookmaker-info.com\/es\/netbet-apuesta","title":{"rendered":"C\u00f3mo Apostar en NetBet"},"content":{"rendered":"<h2 class=\"title\">\uff08\uff11\uff09Inicia sesi\u00f3n en NetBet<\/h2>\n<p><a onclick=\"_gaq.push(['_trackEvent', 'Affiliate Links', 'NetBet', '\/netbet-apuesta',, true]);\" href=\"http:\/\/www.livepartners.jp\/affiliate\/tracking\/click\/?id=329046&#038;bid=2235&#038;lang=es&#038;tag=a_4139b_2\">NetBet<\/a><\/p>\n<p><a href=\"http:\/\/bookmaker-info.com\/es\/wordpress\/wp-content\/uploads\/2014\/07\/netbet_apuesta_1.png\"><img loading=\"lazy\" decoding=\"async\" class=\"alignnone size-full wp-image-11954\" alt=\"NetBet Apuesta\" src=\"http:\/\/bookmaker-info.com\/es\/wordpress\/wp-content\/uploads\/2014\/07\/netbet_apuesta_1.png\" width=\"1116\" height=\"516\" srcset=\"https:\/\/bookmaker-info.com\/es\/wordpress\/wp-content\/uploads\/2014\/07\/netbet_apuesta_1.png 1116w, https:\/\/bookmaker-info.com\/es\/wordpress\/wp-content\/uploads\/2014\/07\/netbet_apuesta_1-300x138.png 300w, https:\/\/bookmaker-info.com\/es\/wordpress\/wp-content\/uploads\/2014\/07\/netbet_apuesta_1-1024x473.png 1024w, https:\/\/bookmaker-info.com\/es\/wordpress\/wp-content\/uploads\/2014\/07\/netbet_apuesta_1-624x288.png 624w\" sizes=\"auto, (max-width: 1116px) 100vw, 1116px\" \/><\/a><\/p>\n<p>Despu\u00e9s de introducir tu Nombre de Usuario y Contrase\u00f1a, haz clic en \u201cIniciar sesi\u00f3n\u201d para iniciar sesi\u00f3n.<\/p>\n<h2 class=\"title\">\uff08\uff12\uff09Si la p\u00e1gina de Deportes no se como la predeterminada, haz clic en la pesta\u00f1a de Sport<\/h2>\n<p><a href=\"http:\/\/bookmaker-info.com\/es\/wordpress\/wp-content\/uploads\/2014\/07\/netbet_apuesta_2.png\"><img loading=\"lazy\" decoding=\"async\" class=\"alignnone size-full wp-image-11955\" alt=\"NetBet Apuesta\" src=\"http:\/\/bookmaker-info.com\/es\/wordpress\/wp-content\/uploads\/2014\/07\/netbet_apuesta_2.png\" width=\"849\" height=\"503\" srcset=\"https:\/\/bookmaker-info.com\/es\/wordpress\/wp-content\/uploads\/2014\/07\/netbet_apuesta_2.png 849w, https:\/\/bookmaker-info.com\/es\/wordpress\/wp-content\/uploads\/2014\/07\/netbet_apuesta_2-300x177.png 300w, https:\/\/bookmaker-info.com\/es\/wordpress\/wp-content\/uploads\/2014\/07\/netbet_apuesta_2-624x369.png 624w\" sizes=\"auto, (max-width: 849px) 100vw, 849px\" \/><\/a><\/p>\n<h2 class=\"title\">\uff08\uff13\uff09Selecciona el juego\/partido en el que te gustar\u00eda apostar<\/h2>\n<p><a href=\"http:\/\/bookmaker-info.com\/es\/wordpress\/wp-content\/uploads\/2014\/07\/netbet_apuesta_3.png\"><img loading=\"lazy\" decoding=\"async\" class=\"alignnone size-full wp-image-11956\" alt=\"NetBet Apuesta\" src=\"http:\/\/bookmaker-info.com\/es\/wordpress\/wp-content\/uploads\/2014\/07\/netbet_apuesta_3.png\" width=\"716\" height=\"452\" srcset=\"https:\/\/bookmaker-info.com\/es\/wordpress\/wp-content\/uploads\/2014\/07\/netbet_apuesta_3.png 716w, https:\/\/bookmaker-info.com\/es\/wordpress\/wp-content\/uploads\/2014\/07\/netbet_apuesta_3-300x189.png 300w, https:\/\/bookmaker-info.com\/es\/wordpress\/wp-content\/uploads\/2014\/07\/netbet_apuesta_3-624x393.png 624w\" sizes=\"auto, (max-width: 716px) 100vw, 716px\" \/><\/a><\/p>\n<p>En este ejemplo, te mostraremos c\u00f3mo apostar en un juego de la Liga Premier de Inglaterra. Primero, haz clic en &#8220;Premier League o Liga Premier&#8221; en la lista de deportes a la izquierda de la pantalla.<\/p>\n<h2 class=\"title\">\uff08\uff14\uff09Selecciona el tipo de apuesta<\/h2>\n<p><a href=\"http:\/\/bookmaker-info.com\/es\/wordpress\/wp-content\/uploads\/2014\/07\/netbet_apuesta_4.png\"><img loading=\"lazy\" decoding=\"async\" class=\"alignnone size-full wp-image-11957\" alt=\"NetBet Apuesta\" src=\"http:\/\/bookmaker-info.com\/es\/wordpress\/wp-content\/uploads\/2014\/07\/netbet_apuesta_4.png\" width=\"607\" height=\"348\" srcset=\"https:\/\/bookmaker-info.com\/es\/wordpress\/wp-content\/uploads\/2014\/07\/netbet_apuesta_4.png 607w, https:\/\/bookmaker-info.com\/es\/wordpress\/wp-content\/uploads\/2014\/07\/netbet_apuesta_4-300x171.png 300w\" sizes=\"auto, (max-width: 607px) 100vw, 607px\" \/><\/a><\/p>\n<p>Uno de los tipos de apuestas m\u00e1s f\u00e1ciles de entender es el &#8220;Resultado del Tiempo Completo&#8221; (tambi\u00e9n conocido como Apuesta del Juego o L\u00ednea de Dinero). Un Resultado del Tiempo Completo significa que predices que equipo piensas que ganar\u00e1 o empatar\u00e1. En nuestro ejemplo anterior, tenemos tres opciones ya sea prediciendo 1 &#8211; Casa) que el Swansea gana, 2 &#8211; Visitante) el Liverpool gana o X &#8211; Empate)\u00a0el Swansea empata con el Liverpool. En este ejemplo, escogeremos a Liverpool como ganador, por lo tanto haremos clic en las cuotas 2.00.<\/p>\n<p><a href=\"http:\/\/bookmaker-info.com\/es\/wordpress\/wp-content\/uploads\/2014\/07\/netbet_apuesta_5.png\"><img loading=\"lazy\" decoding=\"async\" class=\"alignnone size-full wp-image-11958\" alt=\"NetBet Apuesta\" src=\"http:\/\/bookmaker-info.com\/es\/wordpress\/wp-content\/uploads\/2014\/07\/netbet_apuesta_5.png\" width=\"771\" height=\"683\" srcset=\"https:\/\/bookmaker-info.com\/es\/wordpress\/wp-content\/uploads\/2014\/07\/netbet_apuesta_5.png 771w, https:\/\/bookmaker-info.com\/es\/wordpress\/wp-content\/uploads\/2014\/07\/netbet_apuesta_5-300x265.png 300w, https:\/\/bookmaker-info.com\/es\/wordpress\/wp-content\/uploads\/2014\/07\/netbet_apuesta_5-624x552.png 624w\" sizes=\"auto, (max-width: 771px) 100vw, 771px\" \/><\/a><\/p>\n<p>\u203b Ten en cuenta que la fecha y la hora del partido est\u00e1n a la izquierda de la pantalla. Para revisar cual zona horaria configurada tienes como predeterminada, por favor ve a la parte superior de la pantalla al lado de la fecha. Si deseas cambiar la zona horaria que se muestra para los juegos\/partidos, por favor haz clic en la hora y selecciona tu zona horaria preferida del cuadro desplegable.<\/p>\n<h2 class=\"title\">\uff08\uff15\uff09Introduce el monto de tu apuesta<\/h2>\n<p><a href=\"http:\/\/bookmaker-info.com\/es\/wordpress\/wp-content\/uploads\/2014\/07\/netbet_apuesta_6.png\"><img loading=\"lazy\" decoding=\"async\" class=\"alignnone size-full wp-image-11959\" alt=\"NetBet Apuesta\" src=\"http:\/\/bookmaker-info.com\/es\/wordpress\/wp-content\/uploads\/2014\/07\/netbet_apuesta_6.png\" width=\"917\" height=\"382\" srcset=\"https:\/\/bookmaker-info.com\/es\/wordpress\/wp-content\/uploads\/2014\/07\/netbet_apuesta_6.png 917w, https:\/\/bookmaker-info.com\/es\/wordpress\/wp-content\/uploads\/2014\/07\/netbet_apuesta_6-300x124.png 300w, https:\/\/bookmaker-info.com\/es\/wordpress\/wp-content\/uploads\/2014\/07\/netbet_apuesta_6-624x259.png 624w\" sizes=\"auto, (max-width: 917px) 100vw, 917px\" \/><\/a><\/p>\n<p>Despu\u00e9s de hacer clic en las cuotas donde te gustar\u00eda apostar, la selecci\u00f3n de tu apuesta se mostrar\u00e1 debajo de \u201cHoja de apuestas\u201d ubicado a la derecha de la pantalla.<\/p>\n<p>Una vez que introduces tu participaci\u00f3n o apuesta (la cantidad de dinero que te gustar\u00eda apostar), la cantidad de dinero (participaci\u00f3n + ganancia) que te ser\u00eda devuelta si ganar\u00e1s la apuesta se mostrar\u00eda autom\u00e1ticamente debajo de \u201cGanancias\u201d.<\/p>\n<p>Una vez que colocaste tu participaci\u00f3n en la apuesta, haz clic en el bot\u00f3n verde de \u201cREALIZA TUS APUESTAS\u201d para finalizar t\u00fa(s) apuesta(s).<\/p>\n<h2 class=\"title\">\u203b Otras Opciones de Apuesta<\/h2>\n<p>Si consultas la captura de pantalla a continuaci\u00f3n ver\u00e1s un &#8220;+112&#8221; a la derecha de las cuotas del juego. Si haces clic en esta pesta\u00f1a, todos los tipos de apuestas disponibles (112 en este ejemplo) se mostrar\u00e1n para este juego en particular.<\/p>\n<p><a href=\"http:\/\/bookmaker-info.com\/es\/wordpress\/wp-content\/uploads\/2014\/07\/netbet_apuesta_7.png\"><img loading=\"lazy\" decoding=\"async\" class=\"alignnone size-full wp-image-11960\" alt=\"NetBet Apuesta\" src=\"http:\/\/bookmaker-info.com\/es\/wordpress\/wp-content\/uploads\/2014\/07\/netbet_apuesta_7.png\" width=\"607\" height=\"348\" srcset=\"https:\/\/bookmaker-info.com\/es\/wordpress\/wp-content\/uploads\/2014\/07\/netbet_apuesta_7.png 607w, https:\/\/bookmaker-info.com\/es\/wordpress\/wp-content\/uploads\/2014\/07\/netbet_apuesta_7-300x171.png 300w\" sizes=\"auto, (max-width: 607px) 100vw, 607px\" \/><\/a><\/p>\n<h2 class=\"title\">Ejemplos de otras opciones de apuesta<\/h2>\n<p><strong>Doble Oportunidad<a href=\"http:\/\/bookmaker-info.com\/es\/wordpress\/wp-content\/uploads\/2014\/07\/netbet_apuesta_8.png\"><img loading=\"lazy\" decoding=\"async\" class=\"alignnone size-full wp-image-11961\" title=\"NetBet Apuesta - Doble Oportunidad\" alt=\"NetBet Apuesta - Doble Oportunidad\" src=\"http:\/\/bookmaker-info.com\/es\/wordpress\/wp-content\/uploads\/2014\/07\/netbet_apuesta_8.png\" width=\"580\" height=\"56\" srcset=\"https:\/\/bookmaker-info.com\/es\/wordpress\/wp-content\/uploads\/2014\/07\/netbet_apuesta_8.png 580w, https:\/\/bookmaker-info.com\/es\/wordpress\/wp-content\/uploads\/2014\/07\/netbet_apuesta_8-300x28.png 300w\" sizes=\"auto, (max-width: 580px) 100vw, 580px\" \/><\/a><\/strong><\/p>\n<p>Una apuesta de \u201cDoble Oportunidad\u201d significa que puedes apostar una vez a dos resultados diferentes tal como, 1) el equipo local gana o empata, 2) el equipo visitante gana o empata, 3) no hay empate, lo que significa que el equipo local gana o el visitante gana.<\/p>\n<p><strong>Resultado Exacto<a href=\"http:\/\/bookmaker-info.com\/es\/wordpress\/wp-content\/uploads\/2014\/07\/netbet_apuesta_9.png\"><img loading=\"lazy\" decoding=\"async\" class=\"alignnone size-full wp-image-11962\" title=\"NetBet Apuesta - Resultado Exacto\" alt=\"NetBet Apuesta - Resultado Exacto\" src=\"http:\/\/bookmaker-info.com\/es\/wordpress\/wp-content\/uploads\/2014\/07\/netbet_apuesta_9.png\" width=\"583\" height=\"310\" srcset=\"https:\/\/bookmaker-info.com\/es\/wordpress\/wp-content\/uploads\/2014\/07\/netbet_apuesta_9.png 583w, https:\/\/bookmaker-info.com\/es\/wordpress\/wp-content\/uploads\/2014\/07\/netbet_apuesta_9-300x159.png 300w\" sizes=\"auto, (max-width: 583px) 100vw, 583px\" \/><\/a><\/strong><\/p>\n<p>Una apuesta de \u201cResultado Exacto\u201d significa que puedes apostarle al que tu piensas que ser\u00e1 el marcador final del partido.<\/p>\n<p><strong>Descanso\/Final<a href=\"http:\/\/bookmaker-info.com\/es\/wordpress\/wp-content\/uploads\/2014\/07\/netbet_apuesta_10.png\"><img loading=\"lazy\" decoding=\"async\" class=\"alignnone size-full wp-image-11963\" title=\"NetBet Apuesta - Descanso\/Final\" alt=\"NetBet Apuesta - Descanso\/Final\" src=\"http:\/\/bookmaker-info.com\/es\/wordpress\/wp-content\/uploads\/2014\/07\/netbet_apuesta_10.png\" width=\"580\" height=\"105\" srcset=\"https:\/\/bookmaker-info.com\/es\/wordpress\/wp-content\/uploads\/2014\/07\/netbet_apuesta_10.png 580w, https:\/\/bookmaker-info.com\/es\/wordpress\/wp-content\/uploads\/2014\/07\/netbet_apuesta_10-300x54.png 300w\" sizes=\"auto, (max-width: 580px) 100vw, 580px\" \/><\/a><\/strong><\/p>\n<p>Una apuesta de\u00a0\u201cDescanso\/Final\u201d significa que puedes apostarle al resultado correcto que piensas se dar\u00e1 en el primer tiempo y tambi\u00e9n en el marcador final. Utilizando el ejemplo de Swansea &#8211; Liverpool, si el marcador en el medio tiempo es de 0-1 y el marcador final es de 2-1, necesitar\u00edas apostar a &#8220;2\/1&#8221; para poder ganar la apuesta.<\/p>\n<p><strong>Total Goles<a href=\"http:\/\/bookmaker-info.com\/es\/wordpress\/wp-content\/uploads\/2014\/07\/netbet_apuesta_11.png\"><img loading=\"lazy\" decoding=\"async\" class=\"alignnone size-full wp-image-11964\" title=\"NetBet Apuesta - Total Goles\" alt=\"NetBet Apuesta - Total Goles\" src=\"http:\/\/bookmaker-info.com\/es\/wordpress\/wp-content\/uploads\/2014\/07\/netbet_apuesta_11.png\" width=\"582\" height=\"165\" srcset=\"https:\/\/bookmaker-info.com\/es\/wordpress\/wp-content\/uploads\/2014\/07\/netbet_apuesta_11.png 582w, https:\/\/bookmaker-info.com\/es\/wordpress\/wp-content\/uploads\/2014\/07\/netbet_apuesta_11-300x85.png 300w\" sizes=\"auto, (max-width: 582px) 100vw, 582px\" \/><\/a><\/strong><\/p>\n<p>Una apuesta de \u201cTotal Goles\u201d que siempre se fija en &#8220;M\u00e1s de X.5&#8221; y &#8220;Menos de X.5&#8221;, significa que apuestas al n\u00famero total de goles que crees ser\u00e1n anotados en un partido. &#8220;M\u00e1s de 2.5&#8221; significa que 3 goles o m\u00e1s ser\u00edan una apuesta ganadora mientras que &#8220;Menos de 2.5&#8221; significa que 2 goles o menos ser\u00edan una apuesta ganadora.<\/p>\n<p><a onclick=\"_gaq.push(['_trackEvent', 'Affiliate Links', 'NetBet', '\/netbet-apuesta',, true]);\" href=\"http:\/\/www.livepartners.jp\/affiliate\/tracking\/click\/?id=329046&#038;bid=2235&#038;lang=es&#038;tag=a_4139b_2\"><img loading=\"lazy\" decoding=\"async\" style=\"border: 0px none;\" title=\"NetBet Logotipo\" alt=\"NetBet Logotipo\" src=\"http:\/\/www.livepartners.com\/affiliate\/tracking\/?id=329046&amp;bid=2240\" width=\"150\" height=\"59\" border=\"0\" \/><\/a><br \/>\n<a onclick=\"_gaq.push(['_trackEvent', 'Affiliate Links', 'NetBet', '\/netbet-apuesta',, true]);\" href=\"http:\/\/www.livepartners.jp\/affiliate\/tracking\/click\/?id=329046&#038;bid=2235&#038;lang=es&#038;tag=a_4139b_2\">NetBet<\/a><\/p>\n","protected":false},"excerpt":{"rendered":"<p>\uff08\uff11\uff09Inicia sesi\u00f3n en NetBet NetBet Despu\u00e9s de introducir tu Nombre de Usuario y Contrase\u00f1a, haz clic en \u201cIniciar sesi\u00f3n\u201d para iniciar sesi\u00f3n. \uff08\uff12\uff09Si la p\u00e1gina de Deportes no se como la predeterminada, haz clic en la pesta\u00f1a de Sport \uff08\uff13\uff09Selecciona el juego\/partido en el que te gustar\u00eda apostar En este ejemplo, te mostraremos c\u00f3mo apostar [&hellip;]<\/p>\n","protected":false},"author":1,"featured_media":0,"parent":0,"menu_order":0,"comment_status":"open","ping_status":"closed","template":"","meta":{"footnotes":""},"class_list":["post-5631","page","type-page","status-publish","hentry"],"_links":{"self":[{"href":"https:\/\/bookmaker-info.com\/es\/wp-json\/wp\/v2\/pages\/5631","targetHints":{"allow":["GET"]}}],"collection":[{"href":"https:\/\/bookmaker-info.com\/es\/wp-json\/wp\/v2\/pages"}],"about":[{"href":"https:\/\/bookmaker-info.com\/es\/wp-json\/wp\/v2\/types\/page"}],"author":[{"embeddable":true,"href":"https:\/\/bookmaker-info.com\/es\/wp-json\/wp\/v2\/users\/1"}],"replies":[{"embeddable":true,"href":"https:\/\/bookmaker-info.com\/es\/wp-json\/wp\/v2\/comments?post=5631"}],"version-history":[{"count":18,"href":"https:\/\/bookmaker-info.com\/es\/wp-json\/wp\/v2\/pages\/5631\/revisions"}],"predecessor-version":[{"id":5635,"href":"https:\/\/bookmaker-info.com\/es\/wp-json\/wp\/v2\/pages\/5631\/revisions\/5635"}],"wp:attachment":[{"href":"https:\/\/bookmaker-info.com\/es\/wp-json\/wp\/v2\/media?parent=5631"}],"curies":[{"name":"wp","href":"https:\/\/api.w.org\/{rel}","templated":true}]}}