{"id":5636,"date":"2014-07-23T11:53:30","date_gmt":"2014-07-23T02:53:30","guid":{"rendered":"http:\/\/bookmaker-info.com\/en\/?page_id=5636"},"modified":"2015-05-13T15:55:47","modified_gmt":"2015-05-13T15:55:47","slug":"neteller-netbet","status":"publish","type":"page","link":"https:\/\/bookmaker-info.com\/es\/neteller-netbet","title":{"rendered":"C\u00f3mo Transferir Dinero desde NETELLER hacia NetBet"},"content":{"rendered":"<h2 class=\"title\">\uff08\uff11\uff09Inicia sesi\u00f3n en NetBet<\/h2>\n<p>Necesitar\u00e1s un balance de <strong>m\u00e1s de US$20 o el equivalente si se usa otra divisa<\/strong> en tu cuenta de NETELLER para transferirlo a tu cuenta de NetBet. Si no has depositado US$20 o el equivalente en tu cuenta de NETELLER, por favor consulta <a href=\"http:\/\/bookmaker-info.com\/es\/neteller-deposito\">esta p\u00e1gina<\/a>.<\/p>\n<p>Si tienes m\u00e1s de US$20 o el equivalente en tu cuenta de NETELLER, haz clic en el v\u00ednculo a continuaci\u00f3n para acceder a NetBet.<\/p>\n<p><a onclick=\"_gaq.push(['_trackEvent', 'Affiliate Links', 'NetBet', '\/neteller-netbet',, true]);\" href=\"http:\/\/www.livepartners.jp\/affiliate\/tracking\/click\/?id=329046&#038;bid=2235&#038;lang=es&#038;tag=a_4139b_2\">NetBet<\/a><\/p>\n<p><a href=\"http:\/\/bookmaker-info.com\/es\/wordpress\/wp-content\/uploads\/2014\/07\/netbet_neteller_11.png\"><img loading=\"lazy\" decoding=\"async\" class=\"alignnone size-full wp-image-11716\" alt=\"NetBet NETELLER\" src=\"http:\/\/bookmaker-info.com\/es\/wordpress\/wp-content\/uploads\/2014\/07\/netbet_neteller_11.png\" width=\"1116\" height=\"516\" srcset=\"https:\/\/bookmaker-info.com\/es\/wordpress\/wp-content\/uploads\/2014\/07\/netbet_neteller_11.png 1116w, https:\/\/bookmaker-info.com\/es\/wordpress\/wp-content\/uploads\/2014\/07\/netbet_neteller_11-300x138.png 300w, https:\/\/bookmaker-info.com\/es\/wordpress\/wp-content\/uploads\/2014\/07\/netbet_neteller_11-1024x473.png 1024w, https:\/\/bookmaker-info.com\/es\/wordpress\/wp-content\/uploads\/2014\/07\/netbet_neteller_11-624x288.png 624w\" sizes=\"auto, (max-width: 1116px) 100vw, 1116px\" \/><\/a><\/p>\n<p>Despu\u00e9s de introducir tu Nombre de Usuario y Contrase\u00f1a, haz clic en \u201cIniciar sesi\u00f3n\u201d para iniciar sesi\u00f3n.<\/p>\n<h2 class=\"title\">\uff08\uff12\uff09Haz clic en el bot\u00f3n de \u201cDep\u00f3sito\u201d en la parte superior de la pantalla<\/h2>\n<p><a href=\"http:\/\/bookmaker-info.com\/es\/wordpress\/wp-content\/uploads\/2014\/07\/netbet_neteller_21.png\"><img loading=\"lazy\" decoding=\"async\" class=\"alignnone size-full wp-image-11717\" alt=\"NetBet NETELLER\" src=\"http:\/\/bookmaker-info.com\/es\/wordpress\/wp-content\/uploads\/2014\/07\/netbet_neteller_21.png\" width=\"1129\" height=\"374\" srcset=\"https:\/\/bookmaker-info.com\/es\/wordpress\/wp-content\/uploads\/2014\/07\/netbet_neteller_21.png 1129w, https:\/\/bookmaker-info.com\/es\/wordpress\/wp-content\/uploads\/2014\/07\/netbet_neteller_21-300x99.png 300w, https:\/\/bookmaker-info.com\/es\/wordpress\/wp-content\/uploads\/2014\/07\/netbet_neteller_21-1024x339.png 1024w, https:\/\/bookmaker-info.com\/es\/wordpress\/wp-content\/uploads\/2014\/07\/netbet_neteller_21-624x206.png 624w\" sizes=\"auto, (max-width: 1129px) 100vw, 1129px\" \/><\/a><\/p>\n<h2 class=\"title\">\uff08\uff13\uff09De los m\u00e9todos de dep\u00f3sito disponibles, selecciona NETELLER<\/h2>\n<p><a href=\"http:\/\/bookmaker-info.com\/es\/wordpress\/wp-content\/uploads\/2014\/07\/netbet_neteller_31.png\"><img loading=\"lazy\" decoding=\"async\" class=\"alignnone size-full wp-image-11718\" alt=\"NetBet NETELLER\" src=\"http:\/\/bookmaker-info.com\/es\/wordpress\/wp-content\/uploads\/2014\/07\/netbet_neteller_31.png\" width=\"788\" height=\"495\" srcset=\"https:\/\/bookmaker-info.com\/es\/wordpress\/wp-content\/uploads\/2014\/07\/netbet_neteller_31.png 788w, https:\/\/bookmaker-info.com\/es\/wordpress\/wp-content\/uploads\/2014\/07\/netbet_neteller_31-300x188.png 300w, https:\/\/bookmaker-info.com\/es\/wordpress\/wp-content\/uploads\/2014\/07\/netbet_neteller_31-624x391.png 624w\" sizes=\"auto, (max-width: 788px) 100vw, 788px\" \/><\/a><\/p>\n<h2 class=\"title\">\uff08\uff14\uff09Completar tu dep\u00f3sito v\u00eda NETELLER<\/h2>\n<p><a href=\"http:\/\/bookmaker-info.com\/es\/wordpress\/wp-content\/uploads\/2014\/07\/netbet_neteller_41.png\"><img loading=\"lazy\" decoding=\"async\" class=\"alignnone size-full wp-image-11719\" alt=\"NetBet NETELLER\" src=\"http:\/\/bookmaker-info.com\/es\/wordpress\/wp-content\/uploads\/2014\/07\/netbet_neteller_41.png\" width=\"740\" height=\"444\" srcset=\"https:\/\/bookmaker-info.com\/es\/wordpress\/wp-content\/uploads\/2014\/07\/netbet_neteller_41.png 740w, https:\/\/bookmaker-info.com\/es\/wordpress\/wp-content\/uploads\/2014\/07\/netbet_neteller_41-300x180.png 300w, https:\/\/bookmaker-info.com\/es\/wordpress\/wp-content\/uploads\/2014\/07\/netbet_neteller_41-624x374.png 624w\" sizes=\"auto, (max-width: 740px) 100vw, 740px\" \/><\/a><\/p>\n<p>Despu\u00e9s de seleccionar NETELLER, introduce tus 12 n\u00fameros de identificaci\u00f3n de NETELLER y los 6 n\u00fameros de identificaci\u00f3n segura de NETELLER. Para la divisa, te recomendamos que selecciones la misma divisa de tu cuenta NETELLER para ahorrarte en comisiones al depositar o retirar de tu cuenta NetBet. Luego, introduce la cantidad que te gustar\u00eda depositar (deber\u00eda ser m\u00e1s de US$20 o el equivalente) y luego haz clic en \u201cRealizar Dep\u00f3sito\u201d para completar la transacci\u00f3n de tu dep\u00f3sito.<\/p>\n<p><a onclick=\"_gaq.push(['_trackEvent', 'Affiliate Links', 'NetBet', '\/neteller-netbet',, true]);\" href=\"http:\/\/www.livepartners.jp\/affiliate\/tracking\/click\/?id=329046&#038;bid=2235&#038;lang=es&#038;tag=a_4139b_2\"><img loading=\"lazy\" decoding=\"async\" style=\"border: 0px none;\" title=\"NetBet Logotipo\" alt=\"NetBet Logotipo\" src=\"http:\/\/www.livepartners.com\/affiliate\/tracking\/?id=329046&amp;bid=2240\" width=\"150\" height=\"59\" border=\"0\" \/><\/a><br \/>\n<a onclick=\"_gaq.push(['_trackEvent', 'Affiliate Links', 'NetBet', '\/neteller-netbet',, true]);\" href=\"http:\/\/www.livepartners.jp\/affiliate\/tracking\/click\/?id=329046&#038;bid=2235&#038;lang=es&#038;tag=a_4139b_2\">NetBet<\/a><\/p>\n","protected":false},"excerpt":{"rendered":"<p>\uff08\uff11\uff09Inicia sesi\u00f3n en NetBet Necesitar\u00e1s un balance de m\u00e1s de US$20 o el equivalente si se usa otra divisa en tu cuenta de NETELLER para transferirlo a tu cuenta de NetBet. Si no has depositado US$20 o el equivalente en tu cuenta de NETELLER, por favor consulta esta p\u00e1gina. Si tienes m\u00e1s de US$20 o [&hellip;]<\/p>\n","protected":false},"author":1,"featured_media":0,"parent":0,"menu_order":0,"comment_status":"open","ping_status":"closed","template":"","meta":{"footnotes":""},"class_list":["post-5636","page","type-page","status-publish","hentry"],"_links":{"self":[{"href":"https:\/\/bookmaker-info.com\/es\/wp-json\/wp\/v2\/pages\/5636","targetHints":{"allow":["GET"]}}],"collection":[{"href":"https:\/\/bookmaker-info.com\/es\/wp-json\/wp\/v2\/pages"}],"about":[{"href":"https:\/\/bookmaker-info.com\/es\/wp-json\/wp\/v2\/types\/page"}],"author":[{"embeddable":true,"href":"https:\/\/bookmaker-info.com\/es\/wp-json\/wp\/v2\/users\/1"}],"replies":[{"embeddable":true,"href":"https:\/\/bookmaker-info.com\/es\/wp-json\/wp\/v2\/comments?post=5636"}],"version-history":[{"count":15,"href":"https:\/\/bookmaker-info.com\/es\/wp-json\/wp\/v2\/pages\/5636\/revisions"}],"predecessor-version":[{"id":12381,"href":"https:\/\/bookmaker-info.com\/es\/wp-json\/wp\/v2\/pages\/5636\/revisions\/12381"}],"wp:attachment":[{"href":"https:\/\/bookmaker-info.com\/es\/wp-json\/wp\/v2\/media?parent=5636"}],"curies":[{"name":"wp","href":"https:\/\/api.w.org\/{rel}","templated":true}]}}