{"id":5638,"date":"2014-07-23T11:55:53","date_gmt":"2014-07-23T02:55:53","guid":{"rendered":"http:\/\/bookmaker-info.com\/en\/?page_id=5638"},"modified":"2015-05-13T15:55:30","modified_gmt":"2015-05-13T15:55:30","slug":"netbet-retirada","status":"publish","type":"page","link":"https:\/\/bookmaker-info.com\/es\/netbet-retirada","title":{"rendered":"C\u00f3mo Retirar de mi Cuenta de NetBet"},"content":{"rendered":"<h2 class=\"title\">\uff08\uff11\uff09Inicia sesi\u00f3n en NetBet<\/h2>\n<p><a onclick=\"_gaq.push(['_trackEvent', 'Affiliate Links', 'NetBet', '\/netbet-retirada',, true]);\" href=\"http:\/\/www.livepartners.jp\/affiliate\/tracking\/click\/?id=329046&#038;bid=2235&#038;lang=es&#038;tag=a_4139b_2\">NetBet<\/a><\/p>\n<p><a href=\"http:\/\/bookmaker-info.com\/es\/wordpress\/wp-content\/uploads\/2014\/07\/netbet_retirada_1.png\"><img loading=\"lazy\" decoding=\"async\" class=\"alignnone size-full wp-image-12106\" alt=\"Netbet Retirada\" src=\"http:\/\/bookmaker-info.com\/es\/wordpress\/wp-content\/uploads\/2014\/07\/netbet_retirada_1.png\" width=\"1116\" height=\"516\" srcset=\"https:\/\/bookmaker-info.com\/es\/wordpress\/wp-content\/uploads\/2014\/07\/netbet_retirada_1.png 1116w, https:\/\/bookmaker-info.com\/es\/wordpress\/wp-content\/uploads\/2014\/07\/netbet_retirada_1-300x138.png 300w, https:\/\/bookmaker-info.com\/es\/wordpress\/wp-content\/uploads\/2014\/07\/netbet_retirada_1-1024x473.png 1024w, https:\/\/bookmaker-info.com\/es\/wordpress\/wp-content\/uploads\/2014\/07\/netbet_retirada_1-624x288.png 624w\" sizes=\"auto, (max-width: 1116px) 100vw, 1116px\" \/><\/a><\/p>\n<p>Despu\u00e9s de introducir tu Nombre de Usuario y Contrase\u00f1a, haz clic en \u201cIniciar sesi\u00f3n\u201d para iniciar sesi\u00f3n.<\/p>\n<h2 class=\"title\">\uff08\uff12\uff09Haz clic en el bot\u00f3n de \u201cDep\u00f3sito\u201d en la parte superior de la pantalla<\/h2>\n<p><a href=\"http:\/\/bookmaker-info.com\/es\/wordpress\/wp-content\/uploads\/2014\/07\/netbet_retirada_2.png\"><img loading=\"lazy\" decoding=\"async\" class=\"alignnone size-full wp-image-12107\" alt=\"Netbet Retirada\" src=\"http:\/\/bookmaker-info.com\/es\/wordpress\/wp-content\/uploads\/2014\/07\/netbet_retirada_2.png\" width=\"1129\" height=\"374\" srcset=\"https:\/\/bookmaker-info.com\/es\/wordpress\/wp-content\/uploads\/2014\/07\/netbet_retirada_2.png 1129w, https:\/\/bookmaker-info.com\/es\/wordpress\/wp-content\/uploads\/2014\/07\/netbet_retirada_2-300x99.png 300w, https:\/\/bookmaker-info.com\/es\/wordpress\/wp-content\/uploads\/2014\/07\/netbet_retirada_2-1024x339.png 1024w, https:\/\/bookmaker-info.com\/es\/wordpress\/wp-content\/uploads\/2014\/07\/netbet_retirada_2-624x206.png 624w\" sizes=\"auto, (max-width: 1129px) 100vw, 1129px\" \/><\/a><\/p>\n<h2 class=\"title\">\uff08\uff13\uff09Selecciona \u201cRetiro\u201d en la pantalla de Cajero<\/h2>\n<p><a href=\"http:\/\/bookmaker-info.com\/es\/wordpress\/wp-content\/uploads\/2014\/07\/netbet_retirada_3.png\"><img loading=\"lazy\" decoding=\"async\" class=\"alignnone size-full wp-image-12108\" alt=\"Netbet Retirada\" src=\"http:\/\/bookmaker-info.com\/es\/wordpress\/wp-content\/uploads\/2014\/07\/netbet_retirada_3.png\" width=\"784\" height=\"494\" srcset=\"https:\/\/bookmaker-info.com\/es\/wordpress\/wp-content\/uploads\/2014\/07\/netbet_retirada_3.png 784w, https:\/\/bookmaker-info.com\/es\/wordpress\/wp-content\/uploads\/2014\/07\/netbet_retirada_3-300x189.png 300w, https:\/\/bookmaker-info.com\/es\/wordpress\/wp-content\/uploads\/2014\/07\/netbet_retirada_3-624x393.png 624w\" sizes=\"auto, (max-width: 784px) 100vw, 784px\" \/><\/a><\/p>\n<h2 class=\"title\">\uff08\uff14\uff09Si originalmente hiciste tu dep\u00f3sito v\u00eda NETELLER<\/h2>\n<p><a href=\"http:\/\/bookmaker-info.com\/es\/wordpress\/wp-content\/uploads\/2014\/07\/netbet_retirada_4.png\"><img loading=\"lazy\" decoding=\"async\" class=\"alignnone size-full wp-image-12109\" alt=\"Netbet Retirada\" src=\"http:\/\/bookmaker-info.com\/es\/wordpress\/wp-content\/uploads\/2014\/07\/netbet_retirada_4.png\" width=\"791\" height=\"818\" srcset=\"https:\/\/bookmaker-info.com\/es\/wordpress\/wp-content\/uploads\/2014\/07\/netbet_retirada_4.png 791w, https:\/\/bookmaker-info.com\/es\/wordpress\/wp-content\/uploads\/2014\/07\/netbet_retirada_4-290x300.png 290w, https:\/\/bookmaker-info.com\/es\/wordpress\/wp-content\/uploads\/2014\/07\/netbet_retirada_4-624x645.png 624w\" sizes=\"auto, (max-width: 791px) 100vw, 791px\" \/><\/a><\/p>\n<p>Si originalmente hiciste tu dep\u00f3sito v\u00eda <a href=\"http:\/\/bookmaker-info.com\/es\/neteller-registro\">NETELLER<\/a>, necesitar\u00e1s procesar tu retiro a trav\u00e9s de NETELLER tambi\u00e9n. Primero haz clic en el logotipo de NETELLER.<\/p>\n<p>Luego, introduce la cantidad que te gustar\u00eda retirar (<strong>m\u00e1s de US$20 o el equivalente si se usa otra divisa<\/strong>) y haz clic en el bot\u00f3n de \u201cREALIZAR RETIRO\u201d para procesar tu transacci\u00f3n de retiro.<\/p>\n<p>\u203b Por favor ten en cuenta que tomar\u00e1 entre <strong>unas pocas horas hasta cuatro (4) d\u00edas h\u00e1biles<\/strong> para que el pago del retiro se vea reflejado en tu cuenta de NETELLER.<\/p>\n<h2 class=\"title\">\uff08\uff15\uff09Si originalmente hiciste tu dep\u00f3sito v\u00eda Skrill<\/h2>\n<p><a href=\"http:\/\/bookmaker-info.com\/es\/wordpress\/wp-content\/uploads\/2014\/07\/netbet_retirada_5.png\"><img loading=\"lazy\" decoding=\"async\" class=\"alignnone size-full wp-image-12110\" alt=\"Netbet Retirada\" src=\"http:\/\/bookmaker-info.com\/es\/wordpress\/wp-content\/uploads\/2014\/07\/netbet_retirada_5.png\" width=\"791\" height=\"818\" srcset=\"https:\/\/bookmaker-info.com\/es\/wordpress\/wp-content\/uploads\/2014\/07\/netbet_retirada_5.png 791w, https:\/\/bookmaker-info.com\/es\/wordpress\/wp-content\/uploads\/2014\/07\/netbet_retirada_5-290x300.png 290w, https:\/\/bookmaker-info.com\/es\/wordpress\/wp-content\/uploads\/2014\/07\/netbet_retirada_5-624x645.png 624w\" sizes=\"auto, (max-width: 791px) 100vw, 791px\" \/><\/a><\/p>\n<p>Si originalmente hiciste tu dep\u00f3sito v\u00eda <a href=\"http:\/\/bookmaker-info.com\/es\/skrill-registro\">Skrill<\/a> (anteriormente conocido como Moneybookers), necesitar\u00e1s procesar tu retiro a trav\u00e9s de Skrill tambi\u00e9n. Primero haz clic en el logotipo de Skrill.<\/p>\n<p>Luego, introduce la cantidad que te gustar\u00eda retirar (<strong>m\u00e1s de US$20 o el equivalente si se usa otra divisa<\/strong>) y haz clic en el bot\u00f3n de \u201cREALIZAR RETIRO\u201d para procesar tu transacci\u00f3n de retiro.<\/p>\n<p>\u203b Por favor ten en cuenta que tomar\u00e1 entre <strong>unas pocas horas hasta cuatro (4) d\u00edas h\u00e1biles<\/strong> para que el pago del retiro se vea reflejado en tu cuenta de Skrill.<\/p>\n<p><a onclick=\"_gaq.push(['_trackEvent', 'Affiliate Links', 'NetBet', '\/netbet-retirada',, true]);\" href=\"http:\/\/www.livepartners.jp\/affiliate\/tracking\/click\/?id=329046&#038;bid=2235&#038;lang=es&#038;tag=a_4139b_2\"><img loading=\"lazy\" decoding=\"async\" style=\"border: 0px none;\" title=\"NetBet Logotipo\" alt=\"NetBet Logotipo\" src=\"http:\/\/www.livepartners.com\/affiliate\/tracking\/?id=329046&amp;bid=2240\" width=\"150\" height=\"59\" border=\"0\" \/><\/a><br \/>\n<a onclick=\"_gaq.push(['_trackEvent', 'Affiliate Links', 'NetBet', '\/netbet-retirada',, true]);\" href=\"http:\/\/www.livepartners.jp\/affiliate\/tracking\/click\/?id=329046&#038;bid=2235&#038;lang=es&#038;tag=a_4139b_2\">NetBet<\/a><\/p>\n","protected":false},"excerpt":{"rendered":"<p>\uff08\uff11\uff09Inicia sesi\u00f3n en NetBet NetBet Despu\u00e9s de introducir tu Nombre de Usuario y Contrase\u00f1a, haz clic en \u201cIniciar sesi\u00f3n\u201d para iniciar sesi\u00f3n. \uff08\uff12\uff09Haz clic en el bot\u00f3n de \u201cDep\u00f3sito\u201d en la parte superior de la pantalla \uff08\uff13\uff09Selecciona \u201cRetiro\u201d en la pantalla de Cajero \uff08\uff14\uff09Si originalmente hiciste tu dep\u00f3sito v\u00eda NETELLER Si originalmente hiciste tu dep\u00f3sito [&hellip;]<\/p>\n","protected":false},"author":1,"featured_media":0,"parent":0,"menu_order":0,"comment_status":"open","ping_status":"closed","template":"","meta":{"footnotes":""},"class_list":["post-5638","page","type-page","status-publish","hentry"],"_links":{"self":[{"href":"https:\/\/bookmaker-info.com\/es\/wp-json\/wp\/v2\/pages\/5638","targetHints":{"allow":["GET"]}}],"collection":[{"href":"https:\/\/bookmaker-info.com\/es\/wp-json\/wp\/v2\/pages"}],"about":[{"href":"https:\/\/bookmaker-info.com\/es\/wp-json\/wp\/v2\/types\/page"}],"author":[{"embeddable":true,"href":"https:\/\/bookmaker-info.com\/es\/wp-json\/wp\/v2\/users\/1"}],"replies":[{"embeddable":true,"href":"https:\/\/bookmaker-info.com\/es\/wp-json\/wp\/v2\/comments?post=5638"}],"version-history":[{"count":18,"href":"https:\/\/bookmaker-info.com\/es\/wp-json\/wp\/v2\/pages\/5638\/revisions"}],"predecessor-version":[{"id":12380,"href":"https:\/\/bookmaker-info.com\/es\/wp-json\/wp\/v2\/pages\/5638\/revisions\/12380"}],"wp:attachment":[{"href":"https:\/\/bookmaker-info.com\/es\/wp-json\/wp\/v2\/media?parent=5638"}],"curies":[{"name":"wp","href":"https:\/\/api.w.org\/{rel}","templated":true}]}}