{"id":587,"date":"2013-07-12T00:17:40","date_gmt":"2013-07-12T00:17:40","guid":{"rendered":"http:\/\/bookmaker-info.com\/?page_id=587"},"modified":"2024-04-30T14:15:32","modified_gmt":"2024-04-30T14:15:32","slug":"neteller-pinnacle-sports","status":"publish","type":"page","link":"https:\/\/bookmaker-info.com\/es\/neteller-pinnacle-sports","title":{"rendered":"C\u00f3mo Transferir Dinero desde NETELLER hacia Pinnacle"},"content":{"rendered":"<h2 class=\"title\">\uff08\uff11\uff09Inicia sesi\u00f3n en Pinnacle<\/h2>\n<p>Necesitar\u00e1s un balance de <strong>m\u00e1s de US$10\/\u20ac10\/\u00a310 o el equivalente si se usa otra divisa<\/strong> en tu cuenta de NETELLER para transferirlo a tu cuenta de Pinnacle. Si no has depositado US$10\/\u20ac10\/\u00a310 o el equivalente en tu cuenta de NETELLER, por favor consulta <a href=\"http:\/\/bookmaker-info.com\/es\/neteller-deposito\">esta p\u00e1gina<\/a>.<\/p>\n<p>Si tienes m\u00e1s de US$10\/\u20ac10\/\u00a310 o el equivalente en tu cuenta de NETELLER, haz clic en el v\u00ednculo a continuaci\u00f3n para acceder a Pinnacle.<\/p>\n<p><a onclick=\"_gaq.push(['_trackEvent', 'Affiliate Links', 'Pinnacle Sports', '\/neteller-pinnacle-sports',, true]);\" href=\"https:\/\/wlpinnacle.adsrv.eacdn.com\/C.ashx?btag=a_11407b_15560c_&amp;affid=10689&amp;siteid=11407&amp;adid=15560&amp;c=\">Pinnacle<\/a><\/p>\n<p><a href=\"http:\/\/bookmaker-info.com\/es\/wordpress\/wp-content\/uploads\/2013\/07\/pinnacle_sports_neteller_11.png\"><img loading=\"lazy\" decoding=\"async\" class=\"alignnone size-full wp-image-11711\" alt=\"Pinnacle Sports NETELLER\" src=\"http:\/\/bookmaker-info.com\/es\/wordpress\/wp-content\/uploads\/2013\/07\/pinnacle_sports_neteller_11.png\" width=\"879\" height=\"593\" srcset=\"https:\/\/bookmaker-info.com\/es\/wordpress\/wp-content\/uploads\/2013\/07\/pinnacle_sports_neteller_11.png 879w, https:\/\/bookmaker-info.com\/es\/wordpress\/wp-content\/uploads\/2013\/07\/pinnacle_sports_neteller_11-300x202.png 300w, https:\/\/bookmaker-info.com\/es\/wordpress\/wp-content\/uploads\/2013\/07\/pinnacle_sports_neteller_11-624x420.png 624w\" sizes=\"auto, (max-width: 879px) 100vw, 879px\" \/><\/a><\/p>\n<p>Despu\u00e9s de introducir tu ID del cliente y Contrase\u00f1a, haz clic en \u201cIniciar sesi\u00f3n\u201d para iniciar sesi\u00f3n.<\/p>\n<h2 class=\"title\">\uff08\uff12\uff09Haz clic en \u201cIngreso\/Reintegro\u201d en la secci\u00f3n superior de la pantalla<\/h2>\n<p><a href=\"http:\/\/bookmaker-info.com\/es\/wordpress\/wp-content\/uploads\/2013\/07\/pinnacle_sports_neteller_21.png\"><img loading=\"lazy\" decoding=\"async\" class=\"alignnone size-full wp-image-11712\" alt=\"Pinnacle Sports NETELLER\" src=\"http:\/\/bookmaker-info.com\/es\/wordpress\/wp-content\/uploads\/2013\/07\/pinnacle_sports_neteller_21.png\" width=\"984\" height=\"343\" srcset=\"https:\/\/bookmaker-info.com\/es\/wordpress\/wp-content\/uploads\/2013\/07\/pinnacle_sports_neteller_21.png 984w, https:\/\/bookmaker-info.com\/es\/wordpress\/wp-content\/uploads\/2013\/07\/pinnacle_sports_neteller_21-300x104.png 300w, https:\/\/bookmaker-info.com\/es\/wordpress\/wp-content\/uploads\/2013\/07\/pinnacle_sports_neteller_21-624x217.png 624w\" sizes=\"auto, (max-width: 984px) 100vw, 984px\" \/><\/a><\/p>\n<h2 class=\"title\">\uff08\uff13\uff09De los m\u00e9todos de dep\u00f3sito disponibles, selecciona NETELLER<\/h2>\n<p><a href=\"http:\/\/bookmaker-info.com\/es\/wordpress\/wp-content\/uploads\/2013\/07\/pinnacle_sports_neteller_31.png\"><img loading=\"lazy\" decoding=\"async\" class=\"alignnone size-full wp-image-11713\" alt=\"Pinnacle Sports NETELLER\" src=\"http:\/\/bookmaker-info.com\/es\/wordpress\/wp-content\/uploads\/2013\/07\/pinnacle_sports_neteller_31.png\" width=\"971\" height=\"312\" srcset=\"https:\/\/bookmaker-info.com\/es\/wordpress\/wp-content\/uploads\/2013\/07\/pinnacle_sports_neteller_31.png 971w, https:\/\/bookmaker-info.com\/es\/wordpress\/wp-content\/uploads\/2013\/07\/pinnacle_sports_neteller_31-300x96.png 300w, https:\/\/bookmaker-info.com\/es\/wordpress\/wp-content\/uploads\/2013\/07\/pinnacle_sports_neteller_31-624x200.png 624w\" sizes=\"auto, (max-width: 971px) 100vw, 971px\" \/><\/a><\/p>\n<p>Despu\u00e9s de seleccionar NETELLER, introduce los 12 n\u00fameros de identificaci\u00f3n de tu cuenta NETELLER y los 6 n\u00fameros de identificaci\u00f3n segura de NETELLER, seguido de la cantidad que te gustar\u00eda depositar (deber\u00eda ser m\u00e1s de US$10\/\u20ac10\/\u00a310 o el equivalente) como se muestra en la imagen a continuaci\u00f3n. Para la divisa, selecciona la misma divisa que tu cuenta de NETELLER. Por \u00faltimo, haz clic en el bot\u00f3n verde de \u201cEnviar\u201d para completar tu transacci\u00f3n de dep\u00f3sito.<\/p>\n<p><a href=\"http:\/\/bookmaker-info.com\/es\/wordpress\/wp-content\/uploads\/2013\/07\/pinnacle_sports_neteller_41.png\"><img loading=\"lazy\" decoding=\"async\" class=\"alignnone size-full wp-image-11714\" alt=\"Pinnacle Sports NETELLER\" src=\"http:\/\/bookmaker-info.com\/es\/wordpress\/wp-content\/uploads\/2013\/07\/pinnacle_sports_neteller_41.png\" width=\"974\" height=\"380\" srcset=\"https:\/\/bookmaker-info.com\/es\/wordpress\/wp-content\/uploads\/2013\/07\/pinnacle_sports_neteller_41.png 974w, https:\/\/bookmaker-info.com\/es\/wordpress\/wp-content\/uploads\/2013\/07\/pinnacle_sports_neteller_41-300x117.png 300w, https:\/\/bookmaker-info.com\/es\/wordpress\/wp-content\/uploads\/2013\/07\/pinnacle_sports_neteller_41-624x243.png 624w\" sizes=\"auto, (max-width: 974px) 100vw, 974px\" \/><\/a><\/p>\n<p><a href=\"https:\/\/wlpinnacle.adsrv.eacdn.com\/C.ashx?btag=a_11407b_15560c_&amp;affid=10689&amp;siteid=11407&amp;adid=15560&amp;c=\"><img loading=\"lazy\" decoding=\"async\" src=\"http:\/\/bookmaker-info.com\/es\/wordpress\/wp-content\/uploads\/2014\/08\/Pinnacle-Medium.png\" alt=\"Pinnacle Logotipo\" width=\"236\" height=\"62\" class=\"alignnone size-full wp-image-12593\"><\/a><br \/>\n<a href=\"https:\/\/wlpinnacle.adsrv.eacdn.com\/C.ashx?btag=a_11407b_15560c_&amp;affid=10689&amp;siteid=11407&amp;adid=15560&amp;c=\">Pinnacle<\/a><\/p>\n","protected":false},"excerpt":{"rendered":"<p>\uff08\uff11\uff09Inicia sesi\u00f3n en Pinnacle Necesitar\u00e1s un balance de m\u00e1s de US$10\/\u20ac10\/\u00a310 o el equivalente si se usa otra divisa en tu cuenta de NETELLER para transferirlo a tu cuenta de Pinnacle. Si no has depositado US$10\/\u20ac10\/\u00a310 o el equivalente en tu cuenta de NETELLER, por favor consulta esta p\u00e1gina. Si tienes m\u00e1s de US$10\/\u20ac10\/\u00a310 o [&hellip;]<\/p>\n","protected":false},"author":1,"featured_media":0,"parent":0,"menu_order":0,"comment_status":"open","ping_status":"closed","template":"","meta":{"footnotes":""},"class_list":["post-587","page","type-page","status-publish","hentry"],"_links":{"self":[{"href":"https:\/\/bookmaker-info.com\/es\/wp-json\/wp\/v2\/pages\/587","targetHints":{"allow":["GET"]}}],"collection":[{"href":"https:\/\/bookmaker-info.com\/es\/wp-json\/wp\/v2\/pages"}],"about":[{"href":"https:\/\/bookmaker-info.com\/es\/wp-json\/wp\/v2\/types\/page"}],"author":[{"embeddable":true,"href":"https:\/\/bookmaker-info.com\/es\/wp-json\/wp\/v2\/users\/1"}],"replies":[{"embeddable":true,"href":"https:\/\/bookmaker-info.com\/es\/wp-json\/wp\/v2\/comments?post=587"}],"version-history":[{"count":23,"href":"https:\/\/bookmaker-info.com\/es\/wp-json\/wp\/v2\/pages\/587\/revisions"}],"predecessor-version":[{"id":13260,"href":"https:\/\/bookmaker-info.com\/es\/wp-json\/wp\/v2\/pages\/587\/revisions\/13260"}],"wp:attachment":[{"href":"https:\/\/bookmaker-info.com\/es\/wp-json\/wp\/v2\/media?parent=587"}],"curies":[{"name":"wp","href":"https:\/\/api.w.org\/{rel}","templated":true}]}}