{"id":596,"date":"2013-07-12T23:04:43","date_gmt":"2013-07-12T23:04:43","guid":{"rendered":"http:\/\/bookmaker-info.com\/?page_id=596"},"modified":"2024-04-30T14:15:37","modified_gmt":"2024-04-30T14:15:37","slug":"skrill-pinnacle-sports","status":"publish","type":"page","link":"https:\/\/bookmaker-info.com\/es\/skrill-pinnacle-sports","title":{"rendered":"C\u00f3mo Transferir Dinero desde Skrill hacia Pinnacle"},"content":{"rendered":"<h2 class=\"title\">\uff08\uff11\uff09Inicia sesi\u00f3n en Pinnacle<\/h2>\n<p>Necesitar\u00e1s un balance de <strong>m\u00e1s de US$10\/\u20ac10\/\u00a310 o el equivalente si se usa otra divisa<\/strong> en tu cuenta de Skrill (anteriormente conocido como Moneybookers) para transferirlo a tu cuenta de Pinnacle. Si no has depositado US$10\/\u20ac10\/\u00a310 o el equivalente en tu cuenta de Skrill, por favor consulta <a href=\"http:\/\/bookmaker-info.com\/es\/skrill-deposito\">esta p\u00e1gina<\/a>.<\/p>\n<p>Si tienes m\u00e1s de US$10\/\u20ac10\/\u00a310 o el equivalente en tu cuenta de Skrill, haz clic en el v\u00ednculo a continuaci\u00f3n para acceder a Pinnacle.<\/p>\n<p><a href=\"https:\/\/wlpinnacle.adsrv.eacdn.com\/C.ashx?btag=a_11407b_15560c_&amp;affid=10689&amp;siteid=11407&amp;adid=15560&amp;c=\">Pinnacle<\/a><\/p>\n<p><a href=\"http:\/\/bookmaker-info.com\/es\/wordpress\/wp-content\/uploads\/2013\/07\/pinnacle_sports_skrill_11.png\"><img loading=\"lazy\" decoding=\"async\" class=\"alignnone size-full wp-image-11813\" src=\"http:\/\/bookmaker-info.com\/es\/wordpress\/wp-content\/uploads\/2013\/07\/pinnacle_sports_skrill_11.png\" alt=\"Pinnacle Sports Skrill\" width=\"879\" height=\"593\" srcset=\"https:\/\/bookmaker-info.com\/es\/wordpress\/wp-content\/uploads\/2013\/07\/pinnacle_sports_skrill_11.png 879w, https:\/\/bookmaker-info.com\/es\/wordpress\/wp-content\/uploads\/2013\/07\/pinnacle_sports_skrill_11-300x202.png 300w, https:\/\/bookmaker-info.com\/es\/wordpress\/wp-content\/uploads\/2013\/07\/pinnacle_sports_skrill_11-624x420.png 624w\" sizes=\"auto, (max-width: 879px) 100vw, 879px\" \/><\/a><\/p>\n<p>Despu\u00e9s de introducir tu ID del cliente y Contrase\u00f1a, haz clic en \u201cIniciar sesi\u00f3n\u201d para iniciar sesi\u00f3n.<\/p>\n<h2 class=\"title\">\uff08\uff12\uff09Haz clic en \u201cIngreso\/Reintegro\u201d en la secci\u00f3n superior de la pantalla<\/h2>\n<p><a href=\"http:\/\/bookmaker-info.com\/es\/wordpress\/wp-content\/uploads\/2013\/07\/pinnacle_sports_skrill_21.png\"><img loading=\"lazy\" decoding=\"async\" class=\"alignnone size-full wp-image-11814\" src=\"http:\/\/bookmaker-info.com\/es\/wordpress\/wp-content\/uploads\/2013\/07\/pinnacle_sports_skrill_21.png\" alt=\"Pinnacle Sports Skrill\" width=\"984\" height=\"343\" srcset=\"https:\/\/bookmaker-info.com\/es\/wordpress\/wp-content\/uploads\/2013\/07\/pinnacle_sports_skrill_21.png 984w, https:\/\/bookmaker-info.com\/es\/wordpress\/wp-content\/uploads\/2013\/07\/pinnacle_sports_skrill_21-300x104.png 300w, https:\/\/bookmaker-info.com\/es\/wordpress\/wp-content\/uploads\/2013\/07\/pinnacle_sports_skrill_21-624x217.png 624w\" sizes=\"auto, (max-width: 984px) 100vw, 984px\" \/><\/a><\/p>\n<h2 class=\"title\">\uff08\uff13\uff09De los m\u00e9todos de dep\u00f3sito disponibles, selecciona Skrill<\/h2>\n<p><a href=\"http:\/\/bookmaker-info.com\/es\/wordpress\/wp-content\/uploads\/2013\/07\/pinnacle_sports_skrill_31.png\"><img loading=\"lazy\" decoding=\"async\" class=\"alignnone size-full wp-image-11815\" src=\"http:\/\/bookmaker-info.com\/es\/wordpress\/wp-content\/uploads\/2013\/07\/pinnacle_sports_skrill_31.png\" alt=\"Pinnacle Sports Skrill\" width=\"971\" height=\"312\" srcset=\"https:\/\/bookmaker-info.com\/es\/wordpress\/wp-content\/uploads\/2013\/07\/pinnacle_sports_skrill_31.png 971w, https:\/\/bookmaker-info.com\/es\/wordpress\/wp-content\/uploads\/2013\/07\/pinnacle_sports_skrill_31-300x96.png 300w, https:\/\/bookmaker-info.com\/es\/wordpress\/wp-content\/uploads\/2013\/07\/pinnacle_sports_skrill_31-624x200.png 624w\" sizes=\"auto, (max-width: 971px) 100vw, 971px\" \/><\/a><\/p>\n<p>Despu\u00e9s de seleccionar Skrill, introduce la cantidad que te gustar\u00eda depositar (deber\u00eda ser m\u00e1s de US$10\/\u20ac10\/\u00a310 o el equivalente). Luego, haz clic en el bot\u00f3n verde de \u201cEnviar\u201d.<\/p>\n<p><a href=\"http:\/\/bookmaker-info.com\/es\/wordpress\/wp-content\/uploads\/2013\/07\/pinnacle_sports_skrill_41.png\"><img loading=\"lazy\" decoding=\"async\" class=\"alignnone size-full wp-image-11816\" src=\"http:\/\/bookmaker-info.com\/es\/wordpress\/wp-content\/uploads\/2013\/07\/pinnacle_sports_skrill_41.png\" alt=\"Pinnacle Sports Skrill\" width=\"972\" height=\"373\" srcset=\"https:\/\/bookmaker-info.com\/es\/wordpress\/wp-content\/uploads\/2013\/07\/pinnacle_sports_skrill_41.png 972w, https:\/\/bookmaker-info.com\/es\/wordpress\/wp-content\/uploads\/2013\/07\/pinnacle_sports_skrill_41-300x115.png 300w, https:\/\/bookmaker-info.com\/es\/wordpress\/wp-content\/uploads\/2013\/07\/pinnacle_sports_skrill_41-624x239.png 624w\" sizes=\"auto, (max-width: 972px) 100vw, 972px\" \/><\/a><\/p>\n<h2 class=\"title\">\uff08\uff14\uff09Despues de hacer clic en \u201cEnviar\u201d, ser\u00e1s llevado hacia la p\u00e1gina de Skrill<\/h2>\n<p><a href=\"http:\/\/bookmaker-info.com\/es\/wordpress\/wp-content\/uploads\/2013\/07\/pinnacle_sports_skrill_51.png\"><img loading=\"lazy\" decoding=\"async\" class=\"alignnone size-full wp-image-11817\" src=\"http:\/\/bookmaker-info.com\/es\/wordpress\/wp-content\/uploads\/2013\/07\/pinnacle_sports_skrill_51.png\" alt=\"Pinnacle Sports Skrill\" width=\"778\" height=\"522\" srcset=\"https:\/\/bookmaker-info.com\/es\/wordpress\/wp-content\/uploads\/2013\/07\/pinnacle_sports_skrill_51.png 778w, https:\/\/bookmaker-info.com\/es\/wordpress\/wp-content\/uploads\/2013\/07\/pinnacle_sports_skrill_51-300x201.png 300w, https:\/\/bookmaker-info.com\/es\/wordpress\/wp-content\/uploads\/2013\/07\/pinnacle_sports_skrill_51-624x418.png 624w\" sizes=\"auto, (max-width: 778px) 100vw, 778px\" \/><\/a><\/p>\n<p>En la siguiente p\u00e1gina, te pedir\u00e1n que introduzcas los detalles de tu tarjeta de cr\u00e9dito. Por favor haz caso omiso de esto y despl\u00e1zate hacia el final de la pantalla y haz clic en \u201cYa tengo una cuenta en Skrill\u201d como se muestra en la imagen de arriba.<\/p>\n<h2 class=\"title\">\uff08\uff15\uff09Inicia sesi\u00f3n en tu cuenta de Skrill<\/h2>\n<p><a href=\"http:\/\/bookmaker-info.com\/es\/wordpress\/wp-content\/uploads\/2013\/07\/pinnacle_sports_skrill_61.png\"><img loading=\"lazy\" decoding=\"async\" class=\"alignnone size-full wp-image-11818\" src=\"http:\/\/bookmaker-info.com\/es\/wordpress\/wp-content\/uploads\/2013\/07\/pinnacle_sports_skrill_61.png\" alt=\"Pinnacle Sports Skrill\" width=\"778\" height=\"423\" srcset=\"https:\/\/bookmaker-info.com\/es\/wordpress\/wp-content\/uploads\/2013\/07\/pinnacle_sports_skrill_61.png 778w, https:\/\/bookmaker-info.com\/es\/wordpress\/wp-content\/uploads\/2013\/07\/pinnacle_sports_skrill_61-300x163.png 300w, https:\/\/bookmaker-info.com\/es\/wordpress\/wp-content\/uploads\/2013\/07\/pinnacle_sports_skrill_61-624x339.png 624w\" sizes=\"auto, (max-width: 778px) 100vw, 778px\" \/><\/a><\/p>\n<p>En la siguiente p\u00e1gina, inicia sesi\u00f3n en tu cuenta de Skrill introduciendo tu correo electr\u00f3nico de Skrill y la contrase\u00f1a para completar tu transacci\u00f3n de dep\u00f3sito.<\/p>\n<p>\u203b Por favor ten en cuenta que t\u00fa correo electr\u00f3nico de Skrill debe ser el mismo que registraste en Pinnacle. Si este no es el caso, puedes agregar tu correo electr\u00f3nico registrado de Pinnacle como un segundo correo electr\u00f3nico en Skrill al seguir los pasos que se indican a continuaci\u00f3n.<\/p>\n<h2 class=\"title\">\uff08\uff11\uff09Inicia sesi\u00f3n en Skrill<\/h2>\n<p><a href=\"http:\/\/bookmaker-info.com\/es\/wordpress\/wp-content\/uploads\/2013\/07\/pinnacle_sports_skrill_71.png\"><img loading=\"lazy\" decoding=\"async\" class=\"alignnone size-full wp-image-11819\" src=\"http:\/\/bookmaker-info.com\/es\/wordpress\/wp-content\/uploads\/2013\/07\/pinnacle_sports_skrill_71.png\" alt=\"Pinnacle Sports Skrill\" width=\"1196\" height=\"409\" srcset=\"https:\/\/bookmaker-info.com\/es\/wordpress\/wp-content\/uploads\/2013\/07\/pinnacle_sports_skrill_71.png 1196w, https:\/\/bookmaker-info.com\/es\/wordpress\/wp-content\/uploads\/2013\/07\/pinnacle_sports_skrill_71-300x102.png 300w, https:\/\/bookmaker-info.com\/es\/wordpress\/wp-content\/uploads\/2013\/07\/pinnacle_sports_skrill_71-1024x350.png 1024w, https:\/\/bookmaker-info.com\/es\/wordpress\/wp-content\/uploads\/2013\/07\/pinnacle_sports_skrill_71-624x213.png 624w\" sizes=\"auto, (max-width: 1196px) 100vw, 1196px\" \/><\/a><\/p>\n<p>Luego de iniciar sesi\u00f3n, haz clic en \u201cAjustes\u201d.<\/p>\n<h2 class=\"title\">\uff08\uff12\uff09Navega hacia la pesta\u00f1a de Informaci\u00f3n Personal<\/h2>\n<p><a href=\"http:\/\/bookmaker-info.com\/es\/wordpress\/wp-content\/uploads\/2013\/07\/pinnacle_sports_skrill_8.png\"><img loading=\"lazy\" decoding=\"async\" class=\"alignnone size-full wp-image-11820\" src=\"http:\/\/bookmaker-info.com\/es\/wordpress\/wp-content\/uploads\/2013\/07\/pinnacle_sports_skrill_8.png\" alt=\"Pinnacle Sports Skrill\" width=\"787\" height=\"560\" srcset=\"https:\/\/bookmaker-info.com\/es\/wordpress\/wp-content\/uploads\/2013\/07\/pinnacle_sports_skrill_8.png 787w, https:\/\/bookmaker-info.com\/es\/wordpress\/wp-content\/uploads\/2013\/07\/pinnacle_sports_skrill_8-300x213.png 300w, https:\/\/bookmaker-info.com\/es\/wordpress\/wp-content\/uploads\/2013\/07\/pinnacle_sports_skrill_8-624x444.png 624w\" sizes=\"auto, (max-width: 787px) 100vw, 787px\" \/><\/a><\/p>\n<p>Una vez que has entrado a la pesta\u00f1a de \u201cInformaci\u00f3n Personal\u201d, haz clic en \u201cEditar\u201d en la secci\u00f3n de correo electr\u00f3nico para agregar otra direcci\u00f3n de correo electr\u00f3nico como se muestra en la imagen a continuaci\u00f3n.<\/p>\n<p><a href=\"http:\/\/bookmaker-info.com\/es\/wordpress\/wp-content\/uploads\/2013\/07\/pinnacle_sports_skrill_91.png\"><img loading=\"lazy\" decoding=\"async\" class=\"alignnone size-full wp-image-11821\" src=\"http:\/\/bookmaker-info.com\/es\/wordpress\/wp-content\/uploads\/2013\/07\/pinnacle_sports_skrill_91.png\" alt=\"Pinnacle Sports Skrill\" width=\"774\" height=\"668\" srcset=\"https:\/\/bookmaker-info.com\/es\/wordpress\/wp-content\/uploads\/2013\/07\/pinnacle_sports_skrill_91.png 774w, https:\/\/bookmaker-info.com\/es\/wordpress\/wp-content\/uploads\/2013\/07\/pinnacle_sports_skrill_91-300x258.png 300w, https:\/\/bookmaker-info.com\/es\/wordpress\/wp-content\/uploads\/2013\/07\/pinnacle_sports_skrill_91-624x538.png 624w\" sizes=\"auto, (max-width: 774px) 100vw, 774px\" \/><\/a><\/p>\n<p><a href=\"https:\/\/wlpinnacle.adsrv.eacdn.com\/C.ashx?btag=a_11407b_15560c_&amp;affid=10689&amp;siteid=11407&amp;adid=15560&amp;c=\"><img loading=\"lazy\" decoding=\"async\" class=\"alignnone size-full wp-image-12593\" src=\"http:\/\/bookmaker-info.com\/es\/wordpress\/wp-content\/uploads\/2014\/08\/Pinnacle-Medium.png\" alt=\"Pinnacle Logotipo\" width=\"236\" height=\"62\"><\/a><br \/>\n<a href=\"https:\/\/wlpinnacle.adsrv.eacdn.com\/C.ashx?btag=a_11407b_15560c_&amp;affid=10689&amp;siteid=11407&amp;adid=15560&amp;c=\">Pinnacle<\/a><\/p>\n<p><span style=\"border-radius: 2px; text-indent: 20px; width: auto; padding: 0px 4px 0px 0px; text-align: center; font: bold 11px\/20px 'Helvetica Neue',Helvetica,sans-serif; color: #ffffff; background: #bd081c no-repeat scroll 3px 50% \/ 14px 14px; position: absolute; opacity: 1; z-index: 8675309; display: none; cursor: pointer;\">Save<\/span><\/p>\n<p><span style=\"border-radius: 2px; text-indent: 20px; width: auto; padding: 0px 4px 0px 0px; text-align: center; font: bold 11px\/20px 'Helvetica Neue',Helvetica,sans-serif; color: #ffffff; background: #bd081c  no-repeat scroll 3px 50% \/ 14px 14px; position: absolute; opacity: 1; z-index: 8675309; display: none; cursor: pointer;\">Save<\/span><\/p>\n","protected":false},"excerpt":{"rendered":"<p>\uff08\uff11\uff09Inicia sesi\u00f3n en Pinnacle Necesitar\u00e1s un balance de m\u00e1s de US$10\/\u20ac10\/\u00a310 o el equivalente si se usa otra divisa en tu cuenta de Skrill (anteriormente conocido como Moneybookers) para transferirlo a tu cuenta de Pinnacle. Si no has depositado US$10\/\u20ac10\/\u00a310 o el equivalente en tu cuenta de Skrill, por favor consulta esta p\u00e1gina. Si tienes [&hellip;]<\/p>\n","protected":false},"author":1,"featured_media":0,"parent":0,"menu_order":0,"comment_status":"open","ping_status":"closed","template":"","meta":{"footnotes":""},"class_list":["post-596","page","type-page","status-publish","hentry"],"_links":{"self":[{"href":"https:\/\/bookmaker-info.com\/es\/wp-json\/wp\/v2\/pages\/596","targetHints":{"allow":["GET"]}}],"collection":[{"href":"https:\/\/bookmaker-info.com\/es\/wp-json\/wp\/v2\/pages"}],"about":[{"href":"https:\/\/bookmaker-info.com\/es\/wp-json\/wp\/v2\/types\/page"}],"author":[{"embeddable":true,"href":"https:\/\/bookmaker-info.com\/es\/wp-json\/wp\/v2\/users\/1"}],"replies":[{"embeddable":true,"href":"https:\/\/bookmaker-info.com\/es\/wp-json\/wp\/v2\/comments?post=596"}],"version-history":[{"count":24,"href":"https:\/\/bookmaker-info.com\/es\/wp-json\/wp\/v2\/pages\/596\/revisions"}],"predecessor-version":[{"id":13261,"href":"https:\/\/bookmaker-info.com\/es\/wp-json\/wp\/v2\/pages\/596\/revisions\/13261"}],"wp:attachment":[{"href":"https:\/\/bookmaker-info.com\/es\/wp-json\/wp\/v2\/media?parent=596"}],"curies":[{"name":"wp","href":"https:\/\/api.w.org\/{rel}","templated":true}]}}