{"id":606,"date":"2013-07-13T19:03:06","date_gmt":"2013-07-13T10:03:06","guid":{"rendered":"http:\/\/bookmaker-info.com\/?page_id=606"},"modified":"2020-02-03T09:19:11","modified_gmt":"2020-02-03T09:19:11","slug":"neteller-william-hill","status":"publish","type":"page","link":"https:\/\/bookmaker-info.com\/es\/neteller-william-hill","title":{"rendered":"C\u00f3mo Transferir Dinero desde NETELLER hacia William Hill"},"content":{"rendered":"<h2 class=\"title\">\uff08\uff11\uff09Inicia sesi\u00f3n en William Hill<\/h2>\n<p>Necesitar\u00e1s un balance de <strong>m\u00e1s de \u00a310 o el equivalente si se usa otra divisa<\/strong> en tu cuenta de NETELLER para transferirlo a tu cuenta de William Hill. Si no has depositado \u00a310 o el equivalente en tu cuenta de NETELLER, por favor consulta <a href=\"http:\/\/bookmaker-info.com\/es\/neteller-deposito\">esta p\u00e1gina<\/a>.<\/p>\n<p>Si tienes m\u00e1s de \u00a310 o el equivalente en tu cuenta de NETELLER, haz clic en el v\u00ednculo a continuaci\u00f3n para acceder a William Hill.<\/p>\n<p><a href=\"https:\/\/campaigns.williamhill.com\/C.ashx?btag=a_35862b_793c_&amp;affid=1597071&amp;siteid=35862&amp;adid=793&amp;c=\">William Hill<\/a><\/p>\n<p><a href=\"http:\/\/bookmaker-info.com\/es\/wordpress\/wp-content\/uploads\/2013\/07\/william_hill_neteller_11.png\"><img loading=\"lazy\" decoding=\"async\" class=\"alignnone size-full wp-image-11695\" src=\"http:\/\/bookmaker-info.com\/es\/wordpress\/wp-content\/uploads\/2013\/07\/william_hill_neteller_11.png\" alt=\"William Hill NETELLER\" width=\"993\" height=\"266\" srcset=\"https:\/\/bookmaker-info.com\/es\/wordpress\/wp-content\/uploads\/2013\/07\/william_hill_neteller_11.png 993w, https:\/\/bookmaker-info.com\/es\/wordpress\/wp-content\/uploads\/2013\/07\/william_hill_neteller_11-300x80.png 300w, https:\/\/bookmaker-info.com\/es\/wordpress\/wp-content\/uploads\/2013\/07\/william_hill_neteller_11-624x167.png 624w\" sizes=\"auto, (max-width: 993px) 100vw, 993px\" \/><\/a><\/p>\n<p>Si el sitio no se muestra en tu idioma preferido, puedes cambiar el idioma al ir a&nbsp;la esquina superior derecha de la pantalla para seleccionar el idioma de tu preferencia.<\/p>\n<p>Despu\u00e9s de introducir tu Nombre de Usuario y Contrase\u00f1a, haz clic en \u201cInciar\u201d para iniciar sesi\u00f3n.<\/p>\n<h2 class=\"title\">\uff08\uff12\uff09Haz clic en \u201cDep\u00f3sitos\u201d en la esquina superior derecha de la pantalla<\/h2>\n<h2 class=\"title\"><a href=\"http:\/\/bookmaker-info.com\/es\/wordpress\/wp-content\/uploads\/2013\/07\/william_hill_neteller_21.png\"><img loading=\"lazy\" decoding=\"async\" class=\"alignnone size-full wp-image-11696\" src=\"http:\/\/bookmaker-info.com\/es\/wordpress\/wp-content\/uploads\/2013\/07\/william_hill_neteller_21.png\" alt=\"William Hill NETELLER\" width=\"994\" height=\"269\" srcset=\"https:\/\/bookmaker-info.com\/es\/wordpress\/wp-content\/uploads\/2013\/07\/william_hill_neteller_21.png 994w, https:\/\/bookmaker-info.com\/es\/wordpress\/wp-content\/uploads\/2013\/07\/william_hill_neteller_21-300x81.png 300w, https:\/\/bookmaker-info.com\/es\/wordpress\/wp-content\/uploads\/2013\/07\/william_hill_neteller_21-624x168.png 624w\" sizes=\"auto, (max-width: 994px) 100vw, 994px\" \/><\/a><\/h2>\n<p>Luego de iniciar sesi\u00f3n, la parte superior de la pantalla cambiar\u00e1 y aparecer\u00e1 el link \u201cDep\u00f3sitos\u201d, ubicado a la izquierda del icono del correo. Haz clic en \u201cDep\u00f3sitos\u201d.<\/p>\n<h2 class=\"title\">\uff08\uff13\uff09De los m\u00e9todos de dep\u00f3sito disponibles, selecciona NETELLER<\/h2>\n<p><a href=\"http:\/\/bookmaker-info.com\/es\/wordpress\/wp-content\/uploads\/2013\/07\/william_hill_neteller_31.png\"><img loading=\"lazy\" decoding=\"async\" class=\"alignnone size-full wp-image-11697\" src=\"http:\/\/bookmaker-info.com\/es\/wordpress\/wp-content\/uploads\/2013\/07\/william_hill_neteller_31.png\" alt=\"William Hill NETELLER\" width=\"788\" height=\"544\" srcset=\"https:\/\/bookmaker-info.com\/es\/wordpress\/wp-content\/uploads\/2013\/07\/william_hill_neteller_31.png 788w, https:\/\/bookmaker-info.com\/es\/wordpress\/wp-content\/uploads\/2013\/07\/william_hill_neteller_31-300x207.png 300w, https:\/\/bookmaker-info.com\/es\/wordpress\/wp-content\/uploads\/2013\/07\/william_hill_neteller_31-624x430.png 624w\" sizes=\"auto, (max-width: 788px) 100vw, 788px\" \/><\/a><\/p>\n<p>Despu\u00e9s de seleccionar NETELLER, introduce tus 12 n\u00fameros de identificaci\u00f3n de tu cuenta NETELLER y los 6 n\u00fameros de identificaci\u00f3n segura NETELLER seguido de la cantidad que te gustar\u00eda depositar (deber\u00eda ser m\u00e1s de \u00a310 o el equivalente). Luego haz clic en \u201cDepositar\u201d para completar la transacci\u00f3n de tu dep\u00f3sito.<\/p>\n<p><a href=\"https:\/\/campaigns.williamhill.com\/C.ashx?btag=a_35862b_793c_&amp;affid=1597071&amp;siteid=35862&amp;adid=793&amp;c=\"><img loading=\"lazy\" decoding=\"async\" class=\"alignnone size-full wp-image-2772\" title=\"William Hill Logotipo\" src=\"http:\/\/bookmaker-info.com\/wordpress\/wp-content\/uploads\/2013\/06\/whLogo2.jpg\" alt=\"William Hill Logotipo\" width=\"212\" height=\"77\"><br \/>\n<\/a><a href=\"https:\/\/campaigns.williamhill.com\/C.ashx?btag=a_35862b_793c_&amp;affid=1597071&amp;siteid=35862&amp;adid=793&amp;c=\">William Hill<\/a><\/p>\n","protected":false},"excerpt":{"rendered":"<p>\uff08\uff11\uff09Inicia sesi\u00f3n en William Hill Necesitar\u00e1s un balance de m\u00e1s de \u00a310 o el equivalente si se usa otra divisa en tu cuenta de NETELLER para transferirlo a tu cuenta de William Hill. Si no has depositado \u00a310 o el equivalente en tu cuenta de NETELLER, por favor consulta esta p\u00e1gina. Si tienes m\u00e1s de [&hellip;]<\/p>\n","protected":false},"author":1,"featured_media":0,"parent":0,"menu_order":0,"comment_status":"open","ping_status":"closed","template":"","meta":{"footnotes":""},"class_list":["post-606","page","type-page","status-publish","hentry"],"_links":{"self":[{"href":"https:\/\/bookmaker-info.com\/es\/wp-json\/wp\/v2\/pages\/606","targetHints":{"allow":["GET"]}}],"collection":[{"href":"https:\/\/bookmaker-info.com\/es\/wp-json\/wp\/v2\/pages"}],"about":[{"href":"https:\/\/bookmaker-info.com\/es\/wp-json\/wp\/v2\/types\/page"}],"author":[{"embeddable":true,"href":"https:\/\/bookmaker-info.com\/es\/wp-json\/wp\/v2\/users\/1"}],"replies":[{"embeddable":true,"href":"https:\/\/bookmaker-info.com\/es\/wp-json\/wp\/v2\/comments?post=606"}],"version-history":[{"count":28,"href":"https:\/\/bookmaker-info.com\/es\/wp-json\/wp\/v2\/pages\/606\/revisions"}],"predecessor-version":[{"id":13142,"href":"https:\/\/bookmaker-info.com\/es\/wp-json\/wp\/v2\/pages\/606\/revisions\/13142"}],"wp:attachment":[{"href":"https:\/\/bookmaker-info.com\/es\/wp-json\/wp\/v2\/media?parent=606"}],"curies":[{"name":"wp","href":"https:\/\/api.w.org\/{rel}","templated":true}]}}