{"id":63,"date":"2013-06-08T21:05:50","date_gmt":"2013-06-08T21:05:50","guid":{"rendered":"http:\/\/bookmaker-info.com\/?page_id=63"},"modified":"2021-05-20T01:58:42","modified_gmt":"2021-05-20T01:58:42","slug":"bet365-registro","status":"publish","type":"page","link":"https:\/\/bookmaker-info.com\/es\/bet365-registro","title":{"rendered":"C\u00f3mo Abrir una Cuenta de bet365"},"content":{"rendered":"<h2 class=\"title\">\uff08\uff11\uff09Haz clic en el logotipo o en el v\u00ednculo de abajo para ingresar a bet365<\/h2>\n<p><a href=\"http:\/\/www.bet365.com\/home\/?affiliate=365_372111\"><img loading=\"lazy\" decoding=\"async\" class=\"size-full wp-image-12880 alignnone\" src=\"http:\/\/bookmaker-info.com\/es\/wordpress\/wp-content\/uploads\/2018\/01\/Bet365-Logo.png\" alt=\"\" width=\"125\" height=\"64\"><\/a><br \/>\n<a href=\"http:\/\/www.bet365.com\/home\/?affiliate=365_372111\">bet365<\/a> (Publicidad)<\/p>\n<h2 class=\"title\">\uff08\uff12\uff09Haz clic en \u201cRegistrarse\u201d<\/h2>\n<p>\u201cRegistrarse\u201d deber\u00eda estar en la parte superior derecha de la pantalla debajo de \u201cUsuario\u201d.<br \/>\n<img loading=\"lazy\" decoding=\"async\" class=\"alignleft size-full wp-image-13074\" src=\"http:\/\/bookmaker-info.com\/es\/wordpress\/wp-content\/uploads\/2013\/06\/bet365_register_001_es.jpg\" alt=\"bet365_register_001_es\" width=\"645\" height=\"100\" srcset=\"https:\/\/bookmaker-info.com\/es\/wordpress\/wp-content\/uploads\/2013\/06\/bet365_register_001_es.jpg 645w, https:\/\/bookmaker-info.com\/es\/wordpress\/wp-content\/uploads\/2013\/06\/bet365_register_001_es-300x47.jpg 300w, https:\/\/bookmaker-info.com\/es\/wordpress\/wp-content\/uploads\/2013\/06\/bet365_register_001_es-624x97.jpg 624w\" sizes=\"auto, (max-width: 645px) 100vw, 645px\" \/><\/p>\n<h2 class=\"title\">\uff08\uff13\uff09Despu\u00e9s de hacer clic en \u201cRegistrarse\u201d, aparecer\u00e1 la siguiente pantalla para que introduzcas tus detalles<\/h2>\n<p>Haz clic en el bot\u00f3n verde de \u201cRegistrarse\u201d para completar tu registro.<br \/>\n<img loading=\"lazy\" decoding=\"async\" class=\"alignleft size-full wp-image-13075\" src=\"http:\/\/bookmaker-info.com\/es\/wordpress\/wp-content\/uploads\/2013\/06\/bet365_register_002_es.jpg\" alt=\"bet365_register_002_es\" width=\"1184\" height=\"2644\" srcset=\"https:\/\/bookmaker-info.com\/es\/wordpress\/wp-content\/uploads\/2013\/06\/bet365_register_002_es.jpg 1184w, https:\/\/bookmaker-info.com\/es\/wordpress\/wp-content\/uploads\/2013\/06\/bet365_register_002_es-134x300.jpg 134w, https:\/\/bookmaker-info.com\/es\/wordpress\/wp-content\/uploads\/2013\/06\/bet365_register_002_es-768x1715.jpg 768w, https:\/\/bookmaker-info.com\/es\/wordpress\/wp-content\/uploads\/2013\/06\/bet365_register_002_es-459x1024.jpg 459w, https:\/\/bookmaker-info.com\/es\/wordpress\/wp-content\/uploads\/2013\/06\/bet365_register_002_es-624x1393.jpg 624w\" sizes=\"auto, (max-width: 1184px) 100vw, 1184px\" \/><\/p>\n<h2 class=\"title\">\uff08\uff14\uff09Registro Completado<\/h2>\n<p>Despu\u00e9s de completar tu registro, una pantalla podr\u00eda aparecer pregunt\u00e1ndote por el m\u00e9todo de dep\u00f3sito que prefieres. Como puedes registrar esta informaci\u00f3n despu\u00e9s, puedes omitir esta pantalla en este momento si as\u00ed lo deseas.<\/p>\n<p>Como es el caso de los corredores de apuestas en l\u00ednea, ellos han subcontratado el flujo de dep\u00f3sitos y retiros a portales de pago terceros para minimizar las tarifas asociadas a las transacciones. Hemos explicado en m\u00e1s detalle sobre c\u00f3mo registrarse en dos de los portales de pago m\u00e1s reconocidos de la industria &#8211; <a href=\"http:\/\/bookmaker-info.com\/es\/neteller-registro\">NETELLER<\/a> y <a href=\"http:\/\/bookmaker-info.com\/es\/skrill-registro\">Skrill<\/a> (anteriormente conocido como Moneybookers) en las p\u00e1ginas siguientes para su conveniencia.<\/p>\n<p>\u203b Ten en cuenta que dependiendo del pa\u00eds que introduzcas como tu residencia durante el registro, los m\u00e9todos de dep\u00f3sito\/retiro de NETELLER o Skrill podr\u00edan no estar disponibles para algunos corredores de apuestas en l\u00ednea. En este caso, por favor utiliza un m\u00e9todo diferente para realizar los dep\u00f3sitos y retiros.<\/p>\n<p><a href=\"http:\/\/www.bet365.com\/home\/?affiliate=365_372111\"><img loading=\"lazy\" decoding=\"async\" class=\"size-full wp-image-12880 alignnone\" src=\"http:\/\/bookmaker-info.com\/es\/wordpress\/wp-content\/uploads\/2018\/01\/Bet365-Logo.png\" alt=\"\" width=\"125\" height=\"64\"><\/a><br \/>\n<a href=\"http:\/\/www.bet365.com\/home\/?affiliate=365_372111\">bet365<\/a><\/p>\n","protected":false},"excerpt":{"rendered":"<p>\uff08\uff11\uff09Haz clic en el logotipo o en el v\u00ednculo de abajo para ingresar a bet365 bet365 (Publicidad) \uff08\uff12\uff09Haz clic en \u201cRegistrarse\u201d \u201cRegistrarse\u201d deber\u00eda estar en la parte superior derecha de la pantalla debajo de \u201cUsuario\u201d. \uff08\uff13\uff09Despu\u00e9s de hacer clic en \u201cRegistrarse\u201d, aparecer\u00e1 la siguiente pantalla para que introduzcas tus detalles Haz clic en el bot\u00f3n [&hellip;]<\/p>\n","protected":false},"author":1,"featured_media":0,"parent":0,"menu_order":0,"comment_status":"open","ping_status":"closed","template":"","meta":{"footnotes":""},"class_list":["post-63","page","type-page","status-publish","hentry"],"_links":{"self":[{"href":"https:\/\/bookmaker-info.com\/es\/wp-json\/wp\/v2\/pages\/63","targetHints":{"allow":["GET"]}}],"collection":[{"href":"https:\/\/bookmaker-info.com\/es\/wp-json\/wp\/v2\/pages"}],"about":[{"href":"https:\/\/bookmaker-info.com\/es\/wp-json\/wp\/v2\/types\/page"}],"author":[{"embeddable":true,"href":"https:\/\/bookmaker-info.com\/es\/wp-json\/wp\/v2\/users\/1"}],"replies":[{"embeddable":true,"href":"https:\/\/bookmaker-info.com\/es\/wp-json\/wp\/v2\/comments?post=63"}],"version-history":[{"count":52,"href":"https:\/\/bookmaker-info.com\/es\/wp-json\/wp\/v2\/pages\/63\/revisions"}],"predecessor-version":[{"id":13190,"href":"https:\/\/bookmaker-info.com\/es\/wp-json\/wp\/v2\/pages\/63\/revisions\/13190"}],"wp:attachment":[{"href":"https:\/\/bookmaker-info.com\/es\/wp-json\/wp\/v2\/media?parent=63"}],"curies":[{"name":"wp","href":"https:\/\/api.w.org\/{rel}","templated":true}]}}