{"id":646,"date":"2013-07-18T16:41:24","date_gmt":"2013-07-18T16:41:24","guid":{"rendered":"http:\/\/bookmaker-info.com\/?page_id=646"},"modified":"2024-04-30T14:15:24","modified_gmt":"2024-04-30T14:15:24","slug":"pinnacle-sports-apuesta","status":"publish","type":"page","link":"https:\/\/bookmaker-info.com\/es\/pinnacle-sports-apuesta","title":{"rendered":"C\u00f3mo Apostar en Pinnacle"},"content":{"rendered":"<h2 class=\"title\">\uff08\uff11\uff09Inicia sesi\u00f3n en Pinnacle<\/h2>\n<p><a href=\"https:\/\/wlpinnacle.adsrv.eacdn.com\/C.ashx?btag=a_11407b_15560c_&amp;affid=10689&amp;siteid=11407&amp;adid=15560&amp;c=\">Pinnacle<\/a><\/p>\n<p><a href=\"http:\/\/bookmaker-info.com\/es\/wordpress\/wp-content\/uploads\/2013\/07\/pinnacle_sports_apuesta_1.png\"><img loading=\"lazy\" decoding=\"async\" class=\"alignnone size-full wp-image-11932\" src=\"http:\/\/bookmaker-info.com\/es\/wordpress\/wp-content\/uploads\/2013\/07\/pinnacle_sports_apuesta_1.png\" alt=\"Pinnacle Sports Apuesta\" width=\"879\" height=\"593\" srcset=\"https:\/\/bookmaker-info.com\/es\/wordpress\/wp-content\/uploads\/2013\/07\/pinnacle_sports_apuesta_1.png 879w, https:\/\/bookmaker-info.com\/es\/wordpress\/wp-content\/uploads\/2013\/07\/pinnacle_sports_apuesta_1-300x202.png 300w, https:\/\/bookmaker-info.com\/es\/wordpress\/wp-content\/uploads\/2013\/07\/pinnacle_sports_apuesta_1-624x420.png 624w\" sizes=\"auto, (max-width: 879px) 100vw, 879px\" \/><\/a><\/p>\n<p>Despu\u00e9s de introducir tu ID del cliente y Contrase\u00f1a, haz clic en \u201cIniciar sesi\u00f3n\u201d para iniciar sesi\u00f3n.<\/p>\n<h2 class=\"title\">\uff08\uff12\uff09Selecciona tu men\u00fa de apuestas preferido: Vista Cl\u00e1sica<\/h2>\n<p><a href=\"http:\/\/bookmaker-info.com\/es\/wordpress\/wp-content\/uploads\/2013\/07\/pinnacle_sports_apuesta_2.png\"><img loading=\"lazy\" decoding=\"async\" class=\"alignnone size-full wp-image-11933\" src=\"http:\/\/bookmaker-info.com\/es\/wordpress\/wp-content\/uploads\/2013\/07\/pinnacle_sports_apuesta_2.png\" alt=\"Pinnacle Sports Apuesta\" width=\"638\" height=\"337\" srcset=\"https:\/\/bookmaker-info.com\/es\/wordpress\/wp-content\/uploads\/2013\/07\/pinnacle_sports_apuesta_2.png 638w, https:\/\/bookmaker-info.com\/es\/wordpress\/wp-content\/uploads\/2013\/07\/pinnacle_sports_apuesta_2-300x158.png 300w, https:\/\/bookmaker-info.com\/es\/wordpress\/wp-content\/uploads\/2013\/07\/pinnacle_sports_apuesta_2-624x329.png 624w\" sizes=\"auto, (max-width: 638px) 100vw, 638px\" \/><\/a><\/p>\n<p>Pinnacle ofrece dos vistas de men\u00fa de apuestas diferentes (Vista Cl\u00e1sica y Vista Asi\u00e1tica). Para c\u00f3mo apostar en la Vista Cl\u00e1sica, por favor consulta la #3-6. Para c\u00f3mo apostar en la Vista Asi\u00e1tica, por favor consulta la #7-10.<\/p>\n<h2 class=\"title\">\uff08\uff13\uff09Vista Cl\u00e1sica: Selecciona el juego\/partido en el que te gustar\u00eda apostar<\/h2>\n<p><a href=\"http:\/\/bookmaker-info.com\/es\/wordpress\/wp-content\/uploads\/2013\/07\/pinnacle_sports_apuesta_3.png\"><img loading=\"lazy\" decoding=\"async\" class=\"alignnone size-full wp-image-11934\" src=\"http:\/\/bookmaker-info.com\/es\/wordpress\/wp-content\/uploads\/2013\/07\/pinnacle_sports_apuesta_3.png\" alt=\"Pinnacle Sports Apuesta\" width=\"583\" height=\"336\" srcset=\"https:\/\/bookmaker-info.com\/es\/wordpress\/wp-content\/uploads\/2013\/07\/pinnacle_sports_apuesta_3.png 583w, https:\/\/bookmaker-info.com\/es\/wordpress\/wp-content\/uploads\/2013\/07\/pinnacle_sports_apuesta_3-300x172.png 300w\" sizes=\"auto, (max-width: 583px) 100vw, 583px\" \/><\/a><\/p>\n<p>En este ejemplo, te mostraremos c\u00f3mo apostar en un juego de la Liga Premier de Inglaterra. Primero, haz clic en \u201cInicio de apuestas\u201d ubicado en la parte superior izquierda de la pantalla.<\/p>\n<p><a href=\"http:\/\/bookmaker-info.com\/es\/wordpress\/wp-content\/uploads\/2013\/07\/pinnacle_sports_apuesta_4.png\"><img loading=\"lazy\" decoding=\"async\" class=\"alignnone size-full wp-image-11935\" src=\"http:\/\/bookmaker-info.com\/es\/wordpress\/wp-content\/uploads\/2013\/07\/pinnacle_sports_apuesta_4.png\" alt=\"Pinnacle Sports Apuesta\" width=\"955\" height=\"887\" srcset=\"https:\/\/bookmaker-info.com\/es\/wordpress\/wp-content\/uploads\/2013\/07\/pinnacle_sports_apuesta_4.png 955w, https:\/\/bookmaker-info.com\/es\/wordpress\/wp-content\/uploads\/2013\/07\/pinnacle_sports_apuesta_4-300x278.png 300w, https:\/\/bookmaker-info.com\/es\/wordpress\/wp-content\/uploads\/2013\/07\/pinnacle_sports_apuesta_4-624x579.png 624w\" sizes=\"auto, (max-width: 955px) 100vw, 955px\" \/><\/a><\/p>\n<p>Despl\u00e1zate hasta la lista de mercados de F\u00fatbol y haz clic en el \u201c+\u201d al lado de Inglaterra, seguido de hacer clic en Inglaterra \u2013 Premier League o Liga Premier.<\/p>\n<h2 class=\"title\">\uff08\uff14\uff09Vista Cl\u00e1sica: Selecciona el tipo de apuesta<\/h2>\n<p><a href=\"http:\/\/bookmaker-info.com\/es\/wordpress\/wp-content\/uploads\/2013\/07\/pinnacle_sports_apuesta_5.png\"><img loading=\"lazy\" decoding=\"async\" class=\"alignnone size-full wp-image-11936\" src=\"http:\/\/bookmaker-info.com\/es\/wordpress\/wp-content\/uploads\/2013\/07\/pinnacle_sports_apuesta_5.png\" alt=\"Pinnacle Sports Apuesta\" width=\"913\" height=\"624\" srcset=\"https:\/\/bookmaker-info.com\/es\/wordpress\/wp-content\/uploads\/2013\/07\/pinnacle_sports_apuesta_5.png 913w, https:\/\/bookmaker-info.com\/es\/wordpress\/wp-content\/uploads\/2013\/07\/pinnacle_sports_apuesta_5-300x205.png 300w, https:\/\/bookmaker-info.com\/es\/wordpress\/wp-content\/uploads\/2013\/07\/pinnacle_sports_apuesta_5-624x426.png 624w\" sizes=\"auto, (max-width: 913px) 100vw, 913px\" \/><\/a><\/p>\n<p>Uno de los tipos de apuestas m\u00e1s f\u00e1ciles de entender es el &#8220;Resultado del Tiempo Completo&#8221; (tambi\u00e9n conocido como Apuesta del Juego o L\u00ednea de Dinero). Un Resultado del Tiempo Completo significa que predices que equipo piensas que ganar\u00e1 o empatar\u00e1. En nuestro ejemplo anterior, tenemos tres opciones ya sea prediciendo 1 &#8211; Casa) que el Manchester City gana, 2 &#8211; Visitante) el W.B.A gana o X &#8211; Empate)&nbsp;el Manchester City empata con el W.B.A. En este ejemplo, escogeremos a&nbsp;Manchester City como ganador, por lo tanto haremos clic en las cuotas 1.32.<\/p>\n<p><a href=\"http:\/\/bookmaker-info.com\/es\/wordpress\/wp-content\/uploads\/2013\/07\/pinnacle_sports_apuesta_6.png\"><img loading=\"lazy\" decoding=\"async\" class=\"alignnone size-full wp-image-11937\" src=\"http:\/\/bookmaker-info.com\/es\/wordpress\/wp-content\/uploads\/2013\/07\/pinnacle_sports_apuesta_6.png\" alt=\"Pinnacle Sports Apuesta\" width=\"913\" height=\"624\" srcset=\"https:\/\/bookmaker-info.com\/es\/wordpress\/wp-content\/uploads\/2013\/07\/pinnacle_sports_apuesta_6.png 913w, https:\/\/bookmaker-info.com\/es\/wordpress\/wp-content\/uploads\/2013\/07\/pinnacle_sports_apuesta_6-300x205.png 300w, https:\/\/bookmaker-info.com\/es\/wordpress\/wp-content\/uploads\/2013\/07\/pinnacle_sports_apuesta_6-624x426.png 624w\" sizes=\"auto, (max-width: 913px) 100vw, 913px\" \/><\/a><\/p>\n<p>\u203b Ten en cuenta que la fecha y la hora del partido est\u00e1n a la izquierda de la pantalla. La fecha y la hora predeterminadas se muestran como Hora del Pac\u00edfico (PT o HP), lo cual ser\u00eda GMT-7 durante Marzo\/Abril hasta Octubre\/Noviembre y GMT-8 durante Octubre\/Noviembre hasta Marzo\/Abril. Mientras estas en la Vista Cl\u00e1sica, no podr\u00e1s cambiar esta configuraci\u00f3n. Si quieres ver las fechas y horas de los juegos\/partidos en una zona horaria distinta, por favor cambia la vista a la vista Asi\u00e1tica y consulta de #7-10 para m\u00e1s detalles.<\/p>\n<h2 class=\"title\">\uff08\uff15\uff09Vista Cl\u00e1sica: Introduce el monto de tu apuesta<\/h2>\n<p><a href=\"http:\/\/bookmaker-info.com\/es\/wordpress\/wp-content\/uploads\/2013\/07\/pinnacle_sports_apuesta_7.png\"><img loading=\"lazy\" decoding=\"async\" class=\"alignnone size-full wp-image-11938\" src=\"http:\/\/bookmaker-info.com\/es\/wordpress\/wp-content\/uploads\/2013\/07\/pinnacle_sports_apuesta_7.png\" alt=\"Pinnacle Sports Apuesta\" width=\"917\" height=\"352\" srcset=\"https:\/\/bookmaker-info.com\/es\/wordpress\/wp-content\/uploads\/2013\/07\/pinnacle_sports_apuesta_7.png 917w, https:\/\/bookmaker-info.com\/es\/wordpress\/wp-content\/uploads\/2013\/07\/pinnacle_sports_apuesta_7-300x115.png 300w, https:\/\/bookmaker-info.com\/es\/wordpress\/wp-content\/uploads\/2013\/07\/pinnacle_sports_apuesta_7-624x239.png 624w\" sizes=\"auto, (max-width: 917px) 100vw, 917px\" \/><\/a><\/p>\n<p>Introduce la cantidad que te gustar\u00eda apostar a la izquierda de donde se muestran las cuotas.<\/p>\n<p>Una vez que introduces tu participaci\u00f3n en la apuesta (la cantidad de dinero que te gustar\u00eda apostar), la cantidad de ganancia que ganar\u00edas en la apuesta se muestra autom\u00e1ticamente debajo de la secci\u00f3n de Ganancia M\u00e1x en la ventana peque\u00f1a que aparece.<\/p>\n<p>Ten en mente que la cantidad que se muestra en la secci\u00f3n de \u201cGanancia M\u00e1x\u201d es solamente tu ganancia si tu apuesta es ganadora. Si ganas tu apuesta, la ganancia en la secci\u00f3n de \u201cGanancia M\u00e1x\u201d m\u00e1s la cantidad de tu participaci\u00f3n combinada te ser\u00e1 devuelta.<\/p>\n<p>Una vez que has introducido la participaci\u00f3n para tu(s) apuesta(s), haz clic en el bot\u00f3n verde de \u201cEnviar apuestas\u201d.<\/p>\n<h2 class=\"title\">\uff08\uff16\uff09Vista Cl\u00e1sica: Haz clic en el bot\u00f3n verde de \u201cConfirmar Apuestas\u201d<\/h2>\n<p><a href=\"http:\/\/bookmaker-info.com\/es\/wordpress\/wp-content\/uploads\/2013\/07\/pinnacle_sports_apuesta_8.png\"><img loading=\"lazy\" decoding=\"async\" class=\"alignnone size-full wp-image-11939\" src=\"http:\/\/bookmaker-info.com\/es\/wordpress\/wp-content\/uploads\/2013\/07\/pinnacle_sports_apuesta_8.png\" alt=\"Pinnacle Sports Apuesta\" width=\"878\" height=\"147\" srcset=\"https:\/\/bookmaker-info.com\/es\/wordpress\/wp-content\/uploads\/2013\/07\/pinnacle_sports_apuesta_8.png 878w, https:\/\/bookmaker-info.com\/es\/wordpress\/wp-content\/uploads\/2013\/07\/pinnacle_sports_apuesta_8-300x50.png 300w, https:\/\/bookmaker-info.com\/es\/wordpress\/wp-content\/uploads\/2013\/07\/pinnacle_sports_apuesta_8-624x104.png 624w\" sizes=\"auto, (max-width: 878px) 100vw, 878px\" \/><\/a><\/p>\n<p>En la pantalla siguiente, haz clic en el bot\u00f3n verde de \u201cConfirmar Apuestas\u201d para finalizar tu(s) apuesta(s).<\/p>\n<h2 class=\"title\">\uff08\uff17\uff09Selecciona tu men\u00fa de apuestas preferido: Vista Asi\u00e1tica<\/h2>\n<p><a href=\"http:\/\/bookmaker-info.com\/es\/wordpress\/wp-content\/uploads\/2013\/07\/pinnacle_sports_apuesta_9.png\"><img loading=\"lazy\" decoding=\"async\" class=\"alignnone size-full wp-image-11940\" src=\"http:\/\/bookmaker-info.com\/es\/wordpress\/wp-content\/uploads\/2013\/07\/pinnacle_sports_apuesta_9.png\" alt=\"Pinnacle Sports Apuesta\" width=\"638\" height=\"337\" srcset=\"https:\/\/bookmaker-info.com\/es\/wordpress\/wp-content\/uploads\/2013\/07\/pinnacle_sports_apuesta_9.png 638w, https:\/\/bookmaker-info.com\/es\/wordpress\/wp-content\/uploads\/2013\/07\/pinnacle_sports_apuesta_9-300x158.png 300w, https:\/\/bookmaker-info.com\/es\/wordpress\/wp-content\/uploads\/2013\/07\/pinnacle_sports_apuesta_9-624x329.png 624w\" sizes=\"auto, (max-width: 638px) 100vw, 638px\" \/><\/a><\/p>\n<h2 class=\"title\">\uff08\uff18\uff09Vista Asi\u00e1tica: Selecciona el juego\/partido en el que te gustar\u00eda apostar<\/h2>\n<p>En este ejemplo, te mostraremos c\u00f3mo apostar en un juego de la Liga Premier de Inglaterra.<\/p>\n<p><a href=\"http:\/\/bookmaker-info.com\/es\/wordpress\/wp-content\/uploads\/2013\/07\/pinnacle_sports_apuesta_10.png\"><img loading=\"lazy\" decoding=\"async\" class=\"alignnone size-full wp-image-11941\" src=\"http:\/\/bookmaker-info.com\/es\/wordpress\/wp-content\/uploads\/2013\/07\/pinnacle_sports_apuesta_10.png\" alt=\"Pinnacle Sports Apuesta\" width=\"966\" height=\"548\" srcset=\"https:\/\/bookmaker-info.com\/es\/wordpress\/wp-content\/uploads\/2013\/07\/pinnacle_sports_apuesta_10.png 966w, https:\/\/bookmaker-info.com\/es\/wordpress\/wp-content\/uploads\/2013\/07\/pinnacle_sports_apuesta_10-300x170.png 300w, https:\/\/bookmaker-info.com\/es\/wordpress\/wp-content\/uploads\/2013\/07\/pinnacle_sports_apuesta_10-624x353.png 624w\" sizes=\"auto, (max-width: 966px) 100vw, 966px\" \/><\/a><\/p>\n<p>Despl\u00e1zate hasta la lista de mercados de F\u00fatbol y haz clic en L\u00ednea de Dinero. Luego, haz clic en \u201cSeleccionar ligas\u201d seguido de insertar la marca de verificaci\u00f3n al lado de England \u2013 Premier League o Liga Premier y haz clic en \u201cAceptar\u201d.<\/p>\n<h2 class=\"title\">\uff08\uff19\uff09Vista Asi\u00e1tica: Selecciona el tipo de apuesta<\/h2>\n<p><a href=\"http:\/\/bookmaker-info.com\/es\/wordpress\/wp-content\/uploads\/2013\/07\/pinnacle_sports_apuesta_11.png\"><img loading=\"lazy\" decoding=\"async\" class=\"alignnone size-full wp-image-11942\" src=\"http:\/\/bookmaker-info.com\/es\/wordpress\/wp-content\/uploads\/2013\/07\/pinnacle_sports_apuesta_11.png\" alt=\"Pinnacle Sports Apuesta\" width=\"714\" height=\"441\" srcset=\"https:\/\/bookmaker-info.com\/es\/wordpress\/wp-content\/uploads\/2013\/07\/pinnacle_sports_apuesta_11.png 714w, https:\/\/bookmaker-info.com\/es\/wordpress\/wp-content\/uploads\/2013\/07\/pinnacle_sports_apuesta_11-300x185.png 300w, https:\/\/bookmaker-info.com\/es\/wordpress\/wp-content\/uploads\/2013\/07\/pinnacle_sports_apuesta_11-624x385.png 624w\" sizes=\"auto, (max-width: 714px) 100vw, 714px\" \/><\/a><\/p>\n<p>Uno de los tipos de apuestas m\u00e1s f\u00e1ciles de entender es el &#8220;Resultado del Tiempo Completo&#8221; (tambi\u00e9n conocido como Apuesta del Juego o L\u00ednea de Dinero). Un Resultado del Tiempo Completo significa que predices que equipo piensas que ganar\u00e1 o empatar\u00e1. En nuestro ejemplo anterior, tenemos tres opciones ya sea prediciendo 1 &#8211; Casa) que el&nbsp;Manchester City gana, 2 &#8211; Visitante) el W.B.A gana o X &#8211; Empate) o&nbsp;Manchester City empata con el W.B.A. En este ejemplo, escogeremos a&nbsp;Manchester City como ganador, por lo tanto haremos clic en las cuotas 1.32.<\/p>\n<p><a href=\"http:\/\/bookmaker-info.com\/es\/wordpress\/wp-content\/uploads\/2013\/07\/pinnacle_sports_apuesta_12.png\"><img loading=\"lazy\" decoding=\"async\" class=\"alignnone size-full wp-image-11943\" src=\"http:\/\/bookmaker-info.com\/es\/wordpress\/wp-content\/uploads\/2013\/07\/pinnacle_sports_apuesta_12.png\" alt=\"Pinnacle Sports Apuesta\" width=\"714\" height=\"441\" srcset=\"https:\/\/bookmaker-info.com\/es\/wordpress\/wp-content\/uploads\/2013\/07\/pinnacle_sports_apuesta_12.png 714w, https:\/\/bookmaker-info.com\/es\/wordpress\/wp-content\/uploads\/2013\/07\/pinnacle_sports_apuesta_12-300x185.png 300w, https:\/\/bookmaker-info.com\/es\/wordpress\/wp-content\/uploads\/2013\/07\/pinnacle_sports_apuesta_12-624x385.png 624w\" sizes=\"auto, (max-width: 714px) 100vw, 714px\" \/><\/a><\/p>\n<p>\u203b Ten en cuenta que la fecha y la hora del partido est\u00e1n a la izquierda de la pantalla. La fecha y la hora predeterminadas se muestran como Hora del Pac\u00edfico (PT o HP), lo cual ser\u00eda GMT-7 durante Marzo\/Abril hasta Octubre\/Noviembre y GMT-8 durante Octubre\/Noviembre hasta Marzo\/Abril).<\/p>\n<p><a href=\"http:\/\/bookmaker-info.com\/es\/wordpress\/wp-content\/uploads\/2013\/07\/pinnacle_sports_apuesta_13.png\"><img loading=\"lazy\" decoding=\"async\" class=\"alignnone size-full wp-image-11944\" src=\"http:\/\/bookmaker-info.com\/es\/wordpress\/wp-content\/uploads\/2013\/07\/pinnacle_sports_apuesta_13.png\" alt=\"Pinnacle Sports Apuesta\" width=\"1003\" height=\"113\" srcset=\"https:\/\/bookmaker-info.com\/es\/wordpress\/wp-content\/uploads\/2013\/07\/pinnacle_sports_apuesta_13.png 1003w, https:\/\/bookmaker-info.com\/es\/wordpress\/wp-content\/uploads\/2013\/07\/pinnacle_sports_apuesta_13-300x33.png 300w, https:\/\/bookmaker-info.com\/es\/wordpress\/wp-content\/uploads\/2013\/07\/pinnacle_sports_apuesta_13-624x70.png 624w\" sizes=\"auto, (max-width: 1003px) 100vw, 1003px\" \/><\/a><\/p>\n<p>Para cambiar tu zona horaria preferida, haz clic en \u201cM\u00e1s\u201d en la parte superior derecha de la pantalla seguido de \u201cConfiguraci\u00f3n\u201d.<\/p>\n<p><a href=\"http:\/\/bookmaker-info.com\/es\/wordpress\/wp-content\/uploads\/2013\/07\/pinnacle_sports_apuesta_14.png\"><img loading=\"lazy\" decoding=\"async\" class=\"alignnone size-full wp-image-11945\" src=\"http:\/\/bookmaker-info.com\/es\/wordpress\/wp-content\/uploads\/2013\/07\/pinnacle_sports_apuesta_14.png\" alt=\"Pinnacle Sports Apuesta\" width=\"715\" height=\"450\" srcset=\"https:\/\/bookmaker-info.com\/es\/wordpress\/wp-content\/uploads\/2013\/07\/pinnacle_sports_apuesta_14.png 715w, https:\/\/bookmaker-info.com\/es\/wordpress\/wp-content\/uploads\/2013\/07\/pinnacle_sports_apuesta_14-300x188.png 300w, https:\/\/bookmaker-info.com\/es\/wordpress\/wp-content\/uploads\/2013\/07\/pinnacle_sports_apuesta_14-624x392.png 624w\" sizes=\"auto, (max-width: 715px) 100vw, 715px\" \/><\/a><\/p>\n<p>Del men\u00fa de \u201cConfiguraci\u00f3n\u201d, podr\u00e1s cambiar la zona horaria de tu preferencia de la secci\u00f3n de Zona Horaria en la pantalla. Para finalizar el cambio, haz clic en el bot\u00f3n de \u201dGuardar configuraci\u00f3n\u201d en la parte inferior de la pantalla.<\/p>\n<h2 class=\"title\">\uff08\uff11\uff10\uff09Vista Asi\u00e1tica: Introduce el monto de tu apuesta<\/h2>\n<p><a href=\"http:\/\/bookmaker-info.com\/es\/wordpress\/wp-content\/uploads\/2013\/07\/pinnacle_sports_apuesta_15.png\"><img loading=\"lazy\" decoding=\"async\" class=\"alignnone size-full wp-image-11946\" src=\"http:\/\/bookmaker-info.com\/es\/wordpress\/wp-content\/uploads\/2013\/07\/pinnacle_sports_apuesta_15.png\" alt=\"Pinnacle Sports Apuesta\" width=\"964\" height=\"485\" srcset=\"https:\/\/bookmaker-info.com\/es\/wordpress\/wp-content\/uploads\/2013\/07\/pinnacle_sports_apuesta_15.png 964w, https:\/\/bookmaker-info.com\/es\/wordpress\/wp-content\/uploads\/2013\/07\/pinnacle_sports_apuesta_15-300x150.png 300w, https:\/\/bookmaker-info.com\/es\/wordpress\/wp-content\/uploads\/2013\/07\/pinnacle_sports_apuesta_15-624x313.png 624w\" sizes=\"auto, (max-width: 964px) 100vw, 964px\" \/><\/a><\/p>\n<p>Despu\u00e9s de hacer clic en las cuotas en que te gustar\u00eda apostar, la selecci\u00f3n de tu apuesta se mostrar\u00e1 debajo de \u201cTicket\u201d ubicado a la izquierda de la pantalla.<\/p>\n<p>Si el bot\u00f3n de radio de \u201cArriesgar\u201d es seleccionado, la figura que introduces para tu participaci\u00f3n ser\u00e1 la cantidad de dinero que te gustar\u00eda apostar. Despu\u00e9s de introducir tu participaci\u00f3n en la apuesta, la cantidad de dinero (participaci\u00f3n + ganancia) que ser\u00eda devuelta si ganaras la apuesta, se mostrar\u00e1 autom\u00e1ticamente debajo de \u201cReintegro M\u00e1x\u201d.<\/p>\n<p>Ten en mente que la cantidad que se muestra debajo de \u201cReintegro M\u00e1x\u201d es tu ganancia de la apuesta ganadora m\u00e1s la cantidad de tu participaci\u00f3n combinadas.<\/p>\n<p><a href=\"http:\/\/bookmaker-info.com\/es\/wordpress\/wp-content\/uploads\/2013\/07\/pinnacle_sports_apuesta_16.png\"><img loading=\"lazy\" decoding=\"async\" class=\"alignnone size-full wp-image-11947\" src=\"http:\/\/bookmaker-info.com\/es\/wordpress\/wp-content\/uploads\/2013\/07\/pinnacle_sports_apuesta_16.png\" alt=\"Pinnacle Sports Apuesta\" width=\"964\" height=\"479\" srcset=\"https:\/\/bookmaker-info.com\/es\/wordpress\/wp-content\/uploads\/2013\/07\/pinnacle_sports_apuesta_16.png 964w, https:\/\/bookmaker-info.com\/es\/wordpress\/wp-content\/uploads\/2013\/07\/pinnacle_sports_apuesta_16-300x149.png 300w, https:\/\/bookmaker-info.com\/es\/wordpress\/wp-content\/uploads\/2013\/07\/pinnacle_sports_apuesta_16-624x310.png 624w\" sizes=\"auto, (max-width: 964px) 100vw, 964px\" \/><\/a><\/p>\n<p>Si prefirieras colocar una apuesta para ganar cierta cantidad de dinero, selecciona la opci\u00f3n del bot\u00f3n de radio de \u201cGanar\u201d e introduce la cantidad de dinero que te gustar\u00eda ganar en una apuesta en particular en el cuadro de texto de Participaci\u00f3n. Despu\u00e9s de introducir una figura, consulta la figura de \u201cReintegro M\u00e1x\u201d para ver la cantidad de dinero (participaci\u00f3n + ganancia) que te ser\u00eda devuelta si ganaras la apuesta. Esta figura ser\u00e1 calculada autom\u00e1ticamente debajo de \u201cReintegro M\u00e1x\u201d.<\/p>\n<p>Una vez que colocaste tu participaci\u00f3n en la apuesta, haz clic en el bot\u00f3n verde de \u201cRealizar apuesta\u201d para finalizar t\u00fa(s) apuesta(s).<\/p>\n<h2 class=\"title\">\u203b Otras Opciones de Apuesta (Asian View)<\/h2>\n<p>Si consultas la captura de pantalla a continuaci\u00f3n ver\u00e1s un &#8220;+3&#8221; a la derecha de las cuotas del juego. Si haces clic en esta pesta\u00f1a, todos los tipos de apuestas disponibles (3 en este ejemplo) se mostrar\u00e1n para este juego en particular.<\/p>\n<p><a href=\"http:\/\/bookmaker-info.com\/es\/wordpress\/wp-content\/uploads\/2013\/07\/pinnacle_sports_apuesta_17.png\"><img loading=\"lazy\" decoding=\"async\" class=\"alignnone wp-image-11948\" title=\"Pinnacle Sports Apuesta - Otras Opciones de Apuesta\" src=\"http:\/\/bookmaker-info.com\/es\/wordpress\/wp-content\/uploads\/2013\/07\/pinnacle_sports_apuesta_17.png\" alt=\"Pinnacle Sports Apuesta - Otras Opciones de Apuesta\" width=\"714\" height=\"515\" srcset=\"https:\/\/bookmaker-info.com\/es\/wordpress\/wp-content\/uploads\/2013\/07\/pinnacle_sports_apuesta_17.png 714w, https:\/\/bookmaker-info.com\/es\/wordpress\/wp-content\/uploads\/2013\/07\/pinnacle_sports_apuesta_17-300x216.png 300w, https:\/\/bookmaker-info.com\/es\/wordpress\/wp-content\/uploads\/2013\/07\/pinnacle_sports_apuesta_17-624x450.png 624w\" sizes=\"auto, (max-width: 714px) 100vw, 714px\" \/><\/a><\/p>\n<p><a href=\"https:\/\/wlpinnacle.adsrv.eacdn.com\/C.ashx?btag=a_11407b_15560c_&amp;affid=10689&amp;siteid=11407&amp;adid=15560&amp;c=\"><img loading=\"lazy\" decoding=\"async\" class=\"alignnone size-full wp-image-12593\" src=\"http:\/\/bookmaker-info.com\/es\/wordpress\/wp-content\/uploads\/2014\/08\/Pinnacle-Medium.png\" alt=\"Pinnacle Logotipo\" width=\"236\" height=\"62\"><\/a><br \/>\n<a href=\"https:\/\/wlpinnacle.adsrv.eacdn.com\/C.ashx?btag=a_11407b_15560c_&amp;affid=10689&amp;siteid=11407&amp;adid=15560&amp;c=\">Pinnacle<\/a><\/p>\n<p><span style=\"border-radius: 2px; text-indent: 20px; width: auto; padding: 0px 4px 0px 0px; text-align: center; font: bold 11px\/20px 'Helvetica Neue',Helvetica,sans-serif; color: #ffffff; background: #bd081c  no-repeat scroll 3px 50% \/ 14px 14px; position: absolute; opacity: 1; z-index: 8675309; display: none; cursor: pointer;\">Save<\/span><\/p>\n","protected":false},"excerpt":{"rendered":"<p>\uff08\uff11\uff09Inicia sesi\u00f3n en Pinnacle Pinnacle Despu\u00e9s de introducir tu ID del cliente y Contrase\u00f1a, haz clic en \u201cIniciar sesi\u00f3n\u201d para iniciar sesi\u00f3n. \uff08\uff12\uff09Selecciona tu men\u00fa de apuestas preferido: Vista Cl\u00e1sica Pinnacle ofrece dos vistas de men\u00fa de apuestas diferentes (Vista Cl\u00e1sica y Vista Asi\u00e1tica). Para c\u00f3mo apostar en la Vista Cl\u00e1sica, por favor consulta la [&hellip;]<\/p>\n","protected":false},"author":1,"featured_media":0,"parent":0,"menu_order":0,"comment_status":"open","ping_status":"closed","template":"","meta":{"footnotes":""},"class_list":["post-646","page","type-page","status-publish","hentry"],"_links":{"self":[{"href":"https:\/\/bookmaker-info.com\/es\/wp-json\/wp\/v2\/pages\/646","targetHints":{"allow":["GET"]}}],"collection":[{"href":"https:\/\/bookmaker-info.com\/es\/wp-json\/wp\/v2\/pages"}],"about":[{"href":"https:\/\/bookmaker-info.com\/es\/wp-json\/wp\/v2\/types\/page"}],"author":[{"embeddable":true,"href":"https:\/\/bookmaker-info.com\/es\/wp-json\/wp\/v2\/users\/1"}],"replies":[{"embeddable":true,"href":"https:\/\/bookmaker-info.com\/es\/wp-json\/wp\/v2\/comments?post=646"}],"version-history":[{"count":34,"href":"https:\/\/bookmaker-info.com\/es\/wp-json\/wp\/v2\/pages\/646\/revisions"}],"predecessor-version":[{"id":13258,"href":"https:\/\/bookmaker-info.com\/es\/wp-json\/wp\/v2\/pages\/646\/revisions\/13258"}],"wp:attachment":[{"href":"https:\/\/bookmaker-info.com\/es\/wp-json\/wp\/v2\/media?parent=646"}],"curies":[{"name":"wp","href":"https:\/\/api.w.org\/{rel}","templated":true}]}}