{"id":6745,"date":"2014-08-06T11:31:34","date_gmt":"2014-08-06T02:31:34","guid":{"rendered":"http:\/\/bookmaker-info.com\/en\/?page_id=6745"},"modified":"2024-01-31T01:48:48","modified_gmt":"2024-01-31T01:48:48","slug":"10bet-perfil","status":"publish","type":"page","link":"https:\/\/bookmaker-info.com\/es\/10bet-perfil","title":{"rendered":"Perfil 10Bet"},"content":{"rendered":"<p style=\"text-align: center;\"><a href=\"https:\/\/track.10bet.com\/C.ashx?btag=a_25776b_5968c_&amp;affid=1671098&amp;siteid=25776&amp;adid=5968&amp;c=\"><img loading=\"lazy\" decoding=\"async\" class=\"alignnone size-full wp-image-34922\" src=\"https:\/\/bookmaker-info.com\/en\/wordpress\/wp-content\/uploads\/2023\/08\/10bet-gray-400x400-1.png\" alt=\"\" width=\"400\" height=\"400\"><\/a><\/p>\n<h2>10Bet<\/h2>\n<p><strong>Ubicaci\u00f3n:<\/strong> Inglaterra<br \/>\n<strong>Establecido:<\/strong> 2003<br \/>\n<strong>Tipo:<\/strong> Compa\u00f1\u00eda de Propiedad Privada<br \/>\n<strong>Licencia para el Juego:<\/strong> Reino Unido, Suecia, <a href=\"https:\/\/es.wikipedia.org\/wiki\/Malta\">Malta<\/a><\/p>\n<table id=\"page_table\">\n<tbody>\n<tr>\n<th style=\"text-align: center;\" colspan=\"7\"><span style=\"font-size: medium;\">10Bet Informaci\u00f3n de Dep\u00f3sito y Retiro<\/span><\/th>\n<\/tr>\n<tr>\n<th style=\"text-align: center;\"><span class=\"font_small\">Forma de Pago<\/span><\/th>\n<th style=\"text-align: center;\"><span class=\"font_small\">Dep\u00f3sito M\u00ednimo<\/span><\/th>\n<th style=\"text-align: center;\"><span class=\"font_small\">Duraci\u00f3n de Dep\u00f3sito<\/span><\/th>\n<th style=\"text-align: center;\"><span class=\"font_small\">Tarifa de Dep\u00f3sito<\/span><\/th>\n<th style=\"text-align: center;\"><span class=\"font_small\">Retiro M\u00ednimo<\/span><\/th>\n<th style=\"text-align: center;\"><span class=\"font_small\">Duraci\u00f3n de Retiro<\/span><\/th>\n<th style=\"text-align: center;\"><span class=\"font_small\">Tarifa de Retiro<\/span><\/th>\n<\/tr>\n<tr>\n<td style=\"text-align: center;\"><img decoding=\"async\" src=\"http:\/\/bookmaker-info.com\/en\/wordpress\/wp-content\/uploads\/2014\/08\/neteller.jpg\" alt=\"NETELLER\"><\/td>\n<td style=\"text-align: center;\">\u20ac10<\/td>\n<td style=\"text-align: center;\">Instant\u00e1neamente<\/td>\n<td style=\"text-align: center;\">Ninguno<\/td>\n<td style=\"text-align: center;\">\u20ac25<\/td>\n<td style=\"text-align: center;\">1~2 D\u00edas<\/td>\n<td style=\"text-align: center;\">Ninguno<\/td>\n<\/tr>\n<tr>\n<td style=\"text-align: center;\"><img decoding=\"async\" src=\"http:\/\/bookmaker-info.com\/en\/wordpress\/wp-content\/uploads\/2014\/07\/Skrill.gif\" alt=\"Skrill\"><\/td>\n<td style=\"text-align: center;\">\u20ac10<\/td>\n<td style=\"text-align: center;\">Instant\u00e1neamente<\/td>\n<td style=\"text-align: center;\">Ninguno<\/td>\n<td style=\"text-align: center;\">\u20ac25<\/td>\n<td style=\"text-align: center;\">1~2 D\u00edas<\/td>\n<td style=\"text-align: center;\">Ninguno<\/td>\n<\/tr>\n<\/tbody>\n<\/table>\n<p>\u203b\u3000No hay un l\u00edmite m\u00e1ximo de transacciones de retiro a trav\u00e9s de NETELLER o Skrill<br \/>\n\u203b\u3000Si no eres un VIP del Casino, un l\u00edmite de retiro semanal m\u00e1ximo de \u20ac2,000 ser\u00e1 fijado en las ganancias de los juegos y del casino<br \/>\n\u203b\u3000Si no reinviertes la cantidad de tu dep\u00f3sito al menos 3 veces antes de retirar, te podr\u00edan cobrar una tarifa por proceso de retiro<\/p>\n<table id=\"page_table\">\n<tbody>\n<tr>\n<th style=\"text-align: center;\" colspan=\"3\"><span style=\"font-size: medium;\">10Bet Divisas para Apostar<\/span><\/th>\n<\/tr>\n<tr>\n<td style=\"text-align: center;\">D\u00f3lar Australiano (AUD)<\/td>\n<td style=\"text-align: center;\">D\u00f3lar de Hong Kong (HKD)<\/td>\n<td style=\"text-align: center;\">Renminbi de China (RMB)<\/td>\n<\/tr>\n<tr>\n<td style=\"text-align: center;\">D\u00f3lar Canadiense (CAD)<\/td>\n<td style=\"text-align: center;\">Yen Japon\u00e9s (JPY)<\/td>\n<td style=\"text-align: center;\">Corona Sueca (SEK)<\/td>\n<\/tr>\n<tr>\n<td style=\"text-align: center;\">Corona Danesa (DKK)<\/td>\n<td style=\"text-align: center;\">Ringgit Malasio (MYR)<\/td>\n<td style=\"text-align: center;\">D\u00f3lar de Singapur (SGD)<\/td>\n<\/tr>\n<tr>\n<td style=\"text-align: center;\">Euro (EUR)<\/td>\n<td style=\"text-align: center;\">Corona Noruega (NOK)<\/td>\n<td style=\"text-align: center;\">D\u00f3lar Estadounidense (USD)<\/td>\n<\/tr>\n<tr>\n<td style=\"text-align: center;\">Libra Brit\u00e1nica (GBP)<\/td>\n<td style=\"text-align: center;\">Zloty Polaco (PLN)<\/td>\n<td style=\"text-align: center;\">Rand Sudafricano (ZAR)<\/td>\n<\/tr>\n<\/tbody>\n<\/table>\n<table>\n<tbody>\n<tr>\n<th style=\"text-align: center;\" colspan=\"3\"><span style=\"font-size: medium;\">10Bet Historia de los Patrocinadores de Deportes Profesionales<\/span><\/th>\n<\/tr>\n<tr>\n<th style=\"text-align: center;\"><span class=\"font_small\">Nombre de Liga\u30fbNombre del Equipo<\/span><\/th>\n<th style=\"text-align: center;\"><span class=\"font_small\">A\u00f1o<\/span><\/th>\n<th style=\"text-align: center;\"><span class=\"font_small\">Deportes<\/span><\/th>\n<\/tr>\n<tr>\n<td style=\"text-align: center;\"><a href=\"https:\/\/es.wikipedia.org\/wiki\/West_Bromwich_Albion_Football_Club\">West Bromwich Albion F.C.<\/a><\/td>\n<td style=\"text-align: center;\">2018-presente<\/td>\n<td style=\"text-align: center;\">Inglaterra &#8211; F\u00fatbol<\/td>\n<\/tr>\n<tr>\n<td style=\"text-align: center;\"><a href=\"https:\/\/es.wikipedia.org\/wiki\/Blackburn_Rovers_Football_Club\">Blackburn Rovers F.C.<\/a><\/td>\n<td style=\"text-align: center;\">2018-presente<\/td>\n<td style=\"text-align: center;\">Inglaterra &#8211; F\u00fatbol<\/td>\n<\/tr>\n<tr>\n<td style=\"text-align: center;\"><a href=\"https:\/\/es.wikipedia.org\/wiki\/VfL_Wolfsburgo\">VfL Wolfsburgo<\/a><\/td>\n<td style=\"text-align: center;\">2017-presente<\/td>\n<td style=\"text-align: center;\">Alemania &#8211; F\u00fatbol<\/td>\n<\/tr>\n<\/tbody>\n<\/table>\n<h3>\u00bfPorque 10Bet?<\/h3>\n<ul>\n<li>Especializada en deportes Europeos<\/li>\n<li>Soporte con chat en vivo las 24 horas<\/li>\n<li>Apuestas durante el juego<\/li>\n<li>Juegos de casino con mano en vivo<\/li>\n<\/ul>\n<p>S\u00f3lido en los deportes Europeos, 10Bet es uno de los pocos corredores de apuestas en l\u00ednea de la industria que ha adquirido una licencia de juego en el Reino Unido. Con regulaciones estrictas en su lugar fijadas por la comisi\u00f3n de apuestas del Reino Unido, los jugadores pueden estar tranquilos y en paz sabiendo que estan jugando con un corredor de apuestas confiable en 10Bet.<\/p>\n<div class=\"bookmaker_link link_hover\"><a href=\"http:\/\/bookmaker-info.com\/es\/10bet-registro\">C\u00f3mo Abrir una Cuenta de 10Bet<\/a><\/div>\n<div class=\"bookmaker_link link_hover\"><a href=\"http:\/\/bookmaker-info.com\/es\/neteller-10bet\">C\u00f3mo Transferir Dinero desde NETELLER hacia 10Bet<\/a><\/div>\n<div class=\"bookmaker_link link_hover\"><a href=\"http:\/\/bookmaker-info.com\/es\/skrill-10bet\">C\u00f3mo Transferir Dinero desde Skrill hacia 10Bet<\/a><\/div>\n<div class=\"bookmaker_link link_hover\"><a href=\"http:\/\/bookmaker-info.com\/es\/10bet-apuesta\">C\u00f3mo Apostar en 10Bet<\/a><\/div>\n<div class=\"bookmaker_link link_hover\"><a href=\"http:\/\/bookmaker-info.com\/es\/10bet-retirada\">C\u00f3mo Retirar de mi Cuenta de 10Bet<\/a><\/div>\n<p><span style=\"border-radius: 2px; text-indent: 20px; width: auto; padding: 0px 4px 0px 0px; text-align: center; font: bold 11px\/20px 'Helvetica Neue',Helvetica,sans-serif; color: #ffffff; background: #bd081c no-repeat scroll 3px 50% \/ 14px 14px; position: absolute; opacity: 1; z-index: 8675309; display: none; cursor: pointer;\">Save<\/span><\/p>\n","protected":false},"excerpt":{"rendered":"<p>10Bet Ubicaci\u00f3n: Inglaterra Establecido: 2003 Tipo: Compa\u00f1\u00eda de Propiedad Privada Licencia para el Juego: Reino Unido, Suecia, Malta 10Bet Informaci\u00f3n de Dep\u00f3sito y Retiro Forma de Pago Dep\u00f3sito M\u00ednimo Duraci\u00f3n de Dep\u00f3sito Tarifa de Dep\u00f3sito Retiro M\u00ednimo Duraci\u00f3n de Retiro Tarifa de Retiro \u20ac10 Instant\u00e1neamente Ninguno \u20ac25 1~2 D\u00edas Ninguno \u20ac10 Instant\u00e1neamente Ninguno \u20ac25 1~2 [&hellip;]<\/p>\n","protected":false},"author":1,"featured_media":0,"parent":0,"menu_order":0,"comment_status":"open","ping_status":"closed","template":"","meta":{"footnotes":""},"class_list":["post-6745","page","type-page","status-publish","hentry"],"_links":{"self":[{"href":"https:\/\/bookmaker-info.com\/es\/wp-json\/wp\/v2\/pages\/6745","targetHints":{"allow":["GET"]}}],"collection":[{"href":"https:\/\/bookmaker-info.com\/es\/wp-json\/wp\/v2\/pages"}],"about":[{"href":"https:\/\/bookmaker-info.com\/es\/wp-json\/wp\/v2\/types\/page"}],"author":[{"embeddable":true,"href":"https:\/\/bookmaker-info.com\/es\/wp-json\/wp\/v2\/users\/1"}],"replies":[{"embeddable":true,"href":"https:\/\/bookmaker-info.com\/es\/wp-json\/wp\/v2\/comments?post=6745"}],"version-history":[{"count":41,"href":"https:\/\/bookmaker-info.com\/es\/wp-json\/wp\/v2\/pages\/6745\/revisions"}],"predecessor-version":[{"id":13245,"href":"https:\/\/bookmaker-info.com\/es\/wp-json\/wp\/v2\/pages\/6745\/revisions\/13245"}],"wp:attachment":[{"href":"https:\/\/bookmaker-info.com\/es\/wp-json\/wp\/v2\/media?parent=6745"}],"curies":[{"name":"wp","href":"https:\/\/api.w.org\/{rel}","templated":true}]}}