{"id":6748,"date":"2014-08-06T11:43:59","date_gmt":"2014-08-06T02:43:59","guid":{"rendered":"http:\/\/bookmaker-info.com\/en\/?page_id=6748"},"modified":"2018-11-30T05:46:04","modified_gmt":"2018-11-30T05:46:04","slug":"888sport-perfil","status":"publish","type":"page","link":"https:\/\/bookmaker-info.com\/es\/888sport-perfil","title":{"rendered":"Perfil 888sport"},"content":{"rendered":"<div align=\"center\"><a href=\"https:\/\/mmwebhandler.aff-online.com\/c\/41262?sr=1115394\" rel=\"nofollow\"><img loading=\"lazy\" decoding=\"async\" title=\"888sport Logotipo\" src=\"http:\/\/bookmaker-info.com\/en\/wordpress\/wp-content\/uploads\/2014\/08\/888sport.jpg\" alt=\"888sport Logotipo\" width=\"312\" height=\"312\" \/><\/a><\/div>\n<h2>888<\/h2>\n<p><strong>Ubicaci\u00f3n:<\/strong> Gibraltar<br \/>\n<strong>Establecido:<\/strong> 1997<br \/>\n<strong>Tipo:<\/strong> Empresa que Cotiza en la Bolsa (Bolsa de Valores de Londres)<br \/>\n<strong>Licencia para el Juego:<\/strong> <a href=\"http:\/\/es.wikipedia.org\/wiki\/Gibraltar\">Gibraltar<\/a><\/p>\n<table id=\"page_table\">\n<tbody>\n<tr>\n<th style=\"text-align: center;\" colspan=\"7\"><span style=\"font-size: medium;\">888 Informaci\u00f3n de Dep\u00f3sito y Retiro<\/span><\/th>\n<\/tr>\n<tr>\n<th style=\"text-align: center;\"><span class=\"font_small\">Forma de Pago<\/span><\/th>\n<th style=\"text-align: center;\"><span class=\"font_small\">Dep\u00f3sito M\u00ednimo<\/span><\/th>\n<th style=\"text-align: center;\"><span class=\"font_small\">Duraci\u00f3n de Dep\u00f3sito<\/span><\/th>\n<th style=\"text-align: center;\"><span class=\"font_small\">Tarifa de Dep\u00f3sito<\/span><\/th>\n<th style=\"text-align: center;\"><span class=\"font_small\">Retiro M\u00ednimo<\/span><\/th>\n<th style=\"text-align: center;\"><span class=\"font_small\">Duraci\u00f3n de Retiro<\/span><\/th>\n<th style=\"text-align: center;\"><span class=\"font_small\">Tarifa de Retiro<\/span><\/th>\n<\/tr>\n<tr>\n<td style=\"text-align: center;\"><img decoding=\"async\" src=\"http:\/\/bookmaker-info.com\/en\/wordpress\/wp-content\/uploads\/2014\/08\/neteller.jpg\" alt=\"NETELLER\" \/><\/td>\n<td style=\"text-align: center;\">\u20ac10<\/td>\n<td style=\"text-align: center;\">Instant\u00e1neamente<\/td>\n<td style=\"text-align: center;\">Ninguno<\/td>\n<td style=\"text-align: center;\">\u20ac3<\/td>\n<td style=\"text-align: center;\">2~3 D\u00edas H\u00e1biles<\/td>\n<td style=\"text-align: center;\">Ninguno<\/td>\n<\/tr>\n<tr>\n<td style=\"text-align: center;\"><img decoding=\"async\" src=\"http:\/\/bookmaker-info.com\/en\/wordpress\/wp-content\/uploads\/2014\/07\/Skrill.gif\" alt=\"Skrill\" \/><\/td>\n<td style=\"text-align: center;\">\u20ac10<\/td>\n<td style=\"text-align: center;\">Instant\u00e1neamente<\/td>\n<td style=\"text-align: center;\">Ninguno<\/td>\n<td style=\"text-align: center;\">\u20ac3<\/td>\n<td style=\"text-align: center;\">2~3 D\u00edas H\u00e1biles<\/td>\n<td style=\"text-align: center;\">Ninguno<\/td>\n<\/tr>\n<\/tbody>\n<\/table>\n<p>\u203b\u3000El dep\u00f3sito m\u00e1ximo v\u00eda NETELLER y Skrill variar\u00e1 seg\u00fan cada jugador<br \/>\n\u203b\u3000No hay un l\u00edmite m\u00e1ximo de transacciones de retiro por ganancias en los corredores de apuestas deportivas a trav\u00e9s de NETELLER o Skrill<br \/>\n\u203b\u3000Un l\u00edmite de retiro mensual de US$30,000 podr\u00eda ser aplicado en las ganancias del casino<\/p>\n<table id=\"page_table\">\n<tbody>\n<tr>\n<th style=\"text-align: center;\" colspan=\"3\"><span style=\"font-size: medium;\">888 Divisas para Apostar<\/span><\/th>\n<\/tr>\n<tr>\n<td style=\"text-align: center;\">Emiratos \u00c1rabes Unidos Dirham (AED)<\/td>\n<td style=\"text-align: center;\">Libra Brit\u00e1nica (GBP)<\/td>\n<td style=\"text-align: center;\">Zloty Polaco (PLN)<\/td>\n<\/tr>\n<tr>\n<td style=\"text-align: center;\">D\u00f3lar Australiano (AUD)<\/td>\n<td style=\"text-align: center;\">Forint de Hungr\u00eda (HUF)<\/td>\n<td style=\"text-align: center;\">Leu Rumano (RON)<\/td>\n<\/tr>\n<tr>\n<td style=\"text-align: center;\">D\u00f3lar Canadiense (CAD)<\/td>\n<td style=\"text-align: center;\">Yen Japon\u00e9s (JPY)<\/td>\n<td style=\"text-align: center;\">Rublo Ruso (RUB)<\/td>\n<\/tr>\n<tr>\n<td style=\"text-align: center;\">Franco Suizo (CHF)<\/td>\n<td style=\"text-align: center;\">Dinar de Kuwaiti (KWD)<\/td>\n<td style=\"text-align: center;\">Riyal Saud\u00ed (SAR)<\/td>\n<\/tr>\n<tr>\n<td style=\"text-align: center;\">Peso Chileno (CLP)<\/td>\n<td style=\"text-align: center;\">Peso Mexicano (MXN)<\/td>\n<td style=\"text-align: center;\">Corona Sueca (SEK)<\/td>\n<\/tr>\n<tr>\n<td style=\"text-align: center;\">Corona Danesa (DKK)<\/td>\n<td style=\"text-align: center;\">Ringgit Malasio (MYR)<\/td>\n<td style=\"text-align: center;\">D\u00f3lar Estadounidense (USD)<\/td>\n<\/tr>\n<tr>\n<td style=\"text-align: center;\">Euro (EUR)<\/td>\n<td style=\"text-align: center;\">D\u00f3lar Neozeland\u00e9s (NZD)<\/td>\n<td style=\"text-align: center;\"><\/td>\n<\/tr>\n<\/tbody>\n<\/table>\n<table id=\"page_table\">\n<tbody>\n<tr>\n<th style=\"text-align: center;\" colspan=\"3\"><span style=\"font-size: medium;\">888 Historia de los Patrocinadores de Deportes Profesionales<\/span><\/th>\n<\/tr>\n<tr>\n<th style=\"text-align: center;\"><span class=\"font_small\">Nombre de Liga\u30fbNombre del Equipo<\/span><\/th>\n<th style=\"text-align: center;\"><span class=\"font_small\">A\u00f1o<\/span><\/th>\n<th style=\"text-align: center;\"><span class=\"font_small\">Deportes<\/span><\/th>\n<\/tr>\n<tr>\n<td style=\"text-align: center;\"><a href=\"https:\/\/es.wikipedia.org\/wiki\/Brentford_Football_Club\">Brentford F.C.<\/a><\/td>\n<td style=\"text-align: center;\">2016-presente<\/td>\n<td style=\"text-align: center;\">Inglaterra &#8211; F\u00fatbol<\/td>\n<\/tr>\n<tr>\n<td style=\"text-align: center;\"><a href=\"https:\/\/es.wikipedia.org\/wiki\/Birmingham_City_Football_Club\">Birmingham City F.C.<\/a><\/td>\n<td style=\"text-align: center;\">2016-presente<\/td>\n<td style=\"text-align: center;\">Inglaterra &#8211; F\u00fatbol<\/td>\n<\/tr>\n<tr>\n<td style=\"text-align: center;\"><a href=\"https:\/\/es.wikipedia.org\/wiki\/Preston_North_End_Football_Club\">Preston North End F.C.<\/a><\/td>\n<td style=\"text-align: center;\">2016-presente<\/td>\n<td style=\"text-align: center;\">Inglaterra &#8211; F\u00fatbol<\/td>\n<\/tr>\n<tr>\n<td style=\"text-align: center;\"><a href=\"https:\/\/es.wikipedia.org\/wiki\/Nottingham_Forest_Football_Club\">Nottingham Forest F.C.<\/a><\/td>\n<td style=\"text-align: center;\">2016-presente<\/td>\n<td style=\"text-align: center;\">Inglaterra &#8211; F\u00fatbol<\/td>\n<\/tr>\n<tr>\n<td style=\"text-align: center;\"><a href=\"http:\/\/www.worldsnooker.com\/page\/WorldGrandPrixIndex\">World Grand Prix<\/a><\/td>\n<td style=\"text-align: center;\">2015<\/td>\n<td style=\"text-align: center;\">Reino Unido &#8211; Snooker<\/td>\n<\/tr>\n<tr>\n<td style=\"text-align: center;\"><a href=\"http:\/\/en.wikipedia.org\/wiki\/Tingle_Creek_Chase\">Tingle Creek Chase<\/a><\/td>\n<td style=\"text-align: center;\">2014<\/td>\n<td style=\"text-align: center;\">Inglaterra &#8211; Carreras de Caballos<\/td>\n<\/tr>\n<tr>\n<td style=\"text-align: center;\"><a href=\"http:\/\/www.championofchampionssnooker.co.uk\/\">Champion of Champions<\/a><\/td>\n<td style=\"text-align: center;\">2013<\/td>\n<td style=\"text-align: center;\">Inglaterra &#8211; Snooker<\/td>\n<\/tr>\n<tr>\n<td style=\"text-align: center;\"><a href=\"http:\/\/www.pdc.tv\/mccoys-premier-league-darts\">Premier League Darts<\/a><\/td>\n<td style=\"text-align: center;\">2005 &amp; 2011<\/td>\n<td style=\"text-align: center;\">Inglaterra &#8211; Dardos<\/td>\n<\/tr>\n<tr>\n<td style=\"text-align: center;\"><a href=\"http:\/\/www.sevillafc.es\/nuevaweb\/inicio\">Sevilla FC<\/a><\/td>\n<td style=\"text-align: center;\">2006-2009<\/td>\n<td style=\"text-align: center;\">Espa\u00f1a &#8211; F\u00fatbol<\/td>\n<\/tr>\n<tr>\n<td style=\"text-align: center;\"><a href=\"http:\/\/www.worldsnooker.com\/page\/Home\">World Snooker Championship<\/a><\/td>\n<td style=\"text-align: center;\">2006-2008<\/td>\n<td style=\"text-align: center;\">Inglaterra &#8211; Snooker<\/td>\n<\/tr>\n<tr>\n<td style=\"text-align: center;\"><a href=\"http:\/\/www.mfc.co.uk\/page\/Home\">Middlesbrough F.C.<\/a><\/td>\n<td style=\"text-align: center;\">2004-2007<\/td>\n<td style=\"text-align: center;\">Inglaterra &#8211; F\u00fatbol<\/td>\n<\/tr>\n<\/tbody>\n<\/table>\n<table id=\"page_table\">\n<tbody>\n<tr>\n<th style=\"text-align: center;\" colspan=\"2\"><span style=\"font-size: medium;\">888 Historia de Ganadoras de Premios de eGaming Review (EGR)<\/span><\/th>\n<\/tr>\n<tr>\n<th style=\"text-align: center;\"><span class=\"font_small\">Categor\u00eda<\/span><\/th>\n<th style=\"text-align: center;\"><span class=\"font_small\">A\u00f1o<\/span><\/th>\n<\/tr>\n<tr>\n<td style=\"text-align: center;\">Operator of the Year<\/td>\n<td style=\"text-align: center;\">2013<\/td>\n<\/tr>\n<tr>\n<td style=\"text-align: center;\">Poker Operator of the Year<\/td>\n<td style=\"text-align: center;\">2011-2013<\/td>\n<\/tr>\n<tr>\n<td style=\"text-align: center;\">Casino Operator of the Year<\/td>\n<td style=\"text-align: center;\">2009 &amp; 2013<\/td>\n<\/tr>\n<tr>\n<td style=\"text-align: center;\">Socially Responsible Operator of the Year<\/td>\n<td style=\"text-align: center;\">2010<\/td>\n<\/tr>\n<\/tbody>\n<\/table>\n<h3>\u00bfPorque 888?<\/h3>\n<ul>\n<li>Especializada en deportes Europeos<\/li>\n<li>Catalogado en la Bolsa de Valores de Londres<\/li>\n<li>Apuestas durante el juego<\/li>\n<li>Juegos de casino con mano en vivo<\/li>\n<\/ul>\n<p>888 es una de las marcas m\u00e1s confiables de la industria de las apuestas en l\u00ednea, habiendo existido durante casi 20 a\u00f1os. Abasteciendo el Mercado Europeo, 888 se destaca del resto de sus competidores ofreciendo cuotas en eventos del nicho de mercado como de pista y campo y nataci\u00f3n por nombrar unos pocos. Con juegos fuertes de bingo, casino y marcas de p\u00f3ker adicionalmente a sus apuestas deportivas, puedes jugar con confianza en la Bolsa de Valores de Londres catalogado como 888.<\/p>\n<div class=\"bookmaker_link link_hover\"><a href=\"http:\/\/bookmaker-info.com\/es\/888sport-registro\">C\u00f3mo Abrir una Cuenta de 888sport<\/a><\/div>\n<div class=\"bookmaker_link link_hover\"><a href=\"http:\/\/bookmaker-info.com\/es\/neteller-888sport\">C\u00f3mo Transferir Dinero desde NETELLER hacia 888sport<\/a><\/div>\n<div class=\"bookmaker_link link_hover\"><a href=\"http:\/\/bookmaker-info.com\/es\/skrill-888sport\">C\u00f3mo Transferir Dinero desde Skrill hacia 888sport<\/a><\/div>\n<div class=\"bookmaker_link link_hover\"><a href=\"http:\/\/bookmaker-info.com\/es\/888sport-apuesta\">C\u00f3mo Apostar en 888sport<\/a><\/div>\n<div class=\"bookmaker_link link_hover\"><a href=\"http:\/\/bookmaker-info.com\/es\/888sport-retirada\">C\u00f3mo Retirar de mi Cuenta de 888sport<\/a><\/div>\n<p><span style=\"border-radius: 2px; text-indent: 20px; width: auto; padding: 0px 4px 0px 0px; text-align: center; font: bold 11px\/20px 'Helvetica Neue',Helvetica,sans-serif; color: #ffffff; background: #bd081c  no-repeat scroll 3px 50% \/ 14px 14px; position: absolute; opacity: 1; z-index: 8675309; display: none; cursor: pointer;\">Save<\/span><\/p>\n","protected":false},"excerpt":{"rendered":"<p>888 Ubicaci\u00f3n: Gibraltar Establecido: 1997 Tipo: Empresa que Cotiza en la Bolsa (Bolsa de Valores de Londres) Licencia para el Juego: Gibraltar 888 Informaci\u00f3n de Dep\u00f3sito y Retiro Forma de Pago Dep\u00f3sito M\u00ednimo Duraci\u00f3n de Dep\u00f3sito Tarifa de Dep\u00f3sito Retiro M\u00ednimo Duraci\u00f3n de Retiro Tarifa de Retiro \u20ac10 Instant\u00e1neamente Ninguno \u20ac3 2~3 D\u00edas H\u00e1biles Ninguno [&hellip;]<\/p>\n","protected":false},"author":1,"featured_media":0,"parent":0,"menu_order":0,"comment_status":"open","ping_status":"closed","template":"","meta":{"footnotes":""},"class_list":["post-6748","page","type-page","status-publish","hentry"],"_links":{"self":[{"href":"https:\/\/bookmaker-info.com\/es\/wp-json\/wp\/v2\/pages\/6748","targetHints":{"allow":["GET"]}}],"collection":[{"href":"https:\/\/bookmaker-info.com\/es\/wp-json\/wp\/v2\/pages"}],"about":[{"href":"https:\/\/bookmaker-info.com\/es\/wp-json\/wp\/v2\/types\/page"}],"author":[{"embeddable":true,"href":"https:\/\/bookmaker-info.com\/es\/wp-json\/wp\/v2\/users\/1"}],"replies":[{"embeddable":true,"href":"https:\/\/bookmaker-info.com\/es\/wp-json\/wp\/v2\/comments?post=6748"}],"version-history":[{"count":29,"href":"https:\/\/bookmaker-info.com\/es\/wp-json\/wp\/v2\/pages\/6748\/revisions"}],"predecessor-version":[{"id":13011,"href":"https:\/\/bookmaker-info.com\/es\/wp-json\/wp\/v2\/pages\/6748\/revisions\/13011"}],"wp:attachment":[{"href":"https:\/\/bookmaker-info.com\/es\/wp-json\/wp\/v2\/media?parent=6748"}],"curies":[{"name":"wp","href":"https:\/\/api.w.org\/{rel}","templated":true}]}}