{"id":6756,"date":"2014-08-06T11:32:25","date_gmt":"2014-08-06T02:32:25","guid":{"rendered":"http:\/\/bookmaker-info.com\/en\/?page_id=6756"},"modified":"2015-08-07T01:29:23","modified_gmt":"2015-08-07T01:29:23","slug":"netbet-perfil","status":"publish","type":"page","link":"https:\/\/bookmaker-info.com\/es\/netbet-perfil","title":{"rendered":"Perfil NetBet"},"content":{"rendered":"<p><a onclick=\"_gaq.push(['_trackEvent', 'Affiliate Links', 'NetBet', '\/netbet-perfil',, true]);\" href=\"http:\/\/www.livepartners.jp\/affiliate\/tracking\/click\/?id=329046&#038;bid=2235&#038;lang=es&#038;tag=a_4139b_2\"><img loading=\"lazy\" decoding=\"async\" title=\"NetBet Logotipo\" alt=\"NetBet Logotipo\" src=\"http:\/\/bookmaker-info.com\/en\/wordpress\/wp-content\/uploads\/2014\/08\/netbet.jpg\" width=\"800\" height=\"200\" \/><\/a><\/p>\n<h2>NetBet<\/h2>\n<p><strong>Ubicaci\u00f3n:<\/strong> Inglaterra<br \/>\n<strong>Establecido:<\/strong> 2001<br \/>\n<strong>Tipo:<\/strong> Compa\u00f1\u00eda de Propiedad Privada<br \/>\n<strong>Licencia para el Juego:<\/strong> <a href=\"http:\/\/es.wikipedia.org\/wiki\/Malta\">Malta<\/a><\/p>\n<table id=\"page_table\">\n<tbody>\n<tr>\n<th style=\"text-align: center;\" colspan=\"7\"><span style=\"font-size: medium;\">NetBet Informaci\u00f3n de Dep\u00f3sito y Retiro<\/span><\/th>\n<\/tr>\n<tr>\n<th style=\"text-align: center;\"><span class=\"font_small\">Forma de Pago<\/span><\/th>\n<th style=\"text-align: center;\"><span class=\"font_small\">Dep\u00f3sito M\u00ednimo<\/span><\/th>\n<th style=\"text-align: center;\"><span class=\"font_small\">Duraci\u00f3n de Dep\u00f3sito<\/span><\/th>\n<th style=\"text-align: center;\"><span class=\"font_small\">Tarifa de Dep\u00f3sito<\/span><\/th>\n<th style=\"text-align: center;\"><span class=\"font_small\">Retiro M\u00ednimo<\/span><\/th>\n<th style=\"text-align: center;\"><span class=\"font_small\">Duraci\u00f3n de Retiro<\/span><\/th>\n<th style=\"text-align: center;\"><span class=\"font_small\">Tarifa de Retiro<\/span><\/th>\n<\/tr>\n<tr>\n<td style=\"text-align: center;\"><img decoding=\"async\" alt=\"NETELLER\" src=\"http:\/\/bookmaker-info.com\/en\/wordpress\/wp-content\/uploads\/2014\/08\/neteller.jpg\" \/><\/td>\n<td style=\"text-align: center;\">US$20<\/td>\n<td style=\"text-align: center;\">Instant\u00e1neamente<\/td>\n<td style=\"text-align: center;\">Ninguno<\/td>\n<td style=\"text-align: center;\">US$20<\/td>\n<td style=\"text-align: center;\">2~4 D\u00edas H\u00e1biles<\/td>\n<td style=\"text-align: center;\">Ninguno<\/td>\n<\/tr>\n<tr>\n<td style=\"text-align: center;\"><img decoding=\"async\" alt=\"Skrill\" src=\"http:\/\/bookmaker-info.com\/en\/wordpress\/wp-content\/uploads\/2014\/07\/Skrill.gif\" \/><\/td>\n<td style=\"text-align: center;\">US$20<\/td>\n<td style=\"text-align: center;\">Instant\u00e1neamente<\/td>\n<td style=\"text-align: center;\">Ninguno<\/td>\n<td style=\"text-align: center;\">US$20<\/td>\n<td style=\"text-align: center;\">2~4 D\u00edas H\u00e1biles<\/td>\n<td style=\"text-align: center;\">Ninguno<\/td>\n<\/tr>\n<\/tbody>\n<\/table>\n<p>\u203b\u3000Dep\u00f3sito M\u00e1ximo (por cada transacci\u00f3n de NETELLER) \uff1d US$5,000, Dep\u00f3sito M\u00e1ximo (por cada transacci\u00f3n de Skrill) \uff1d US$4,000<br \/>\n\u203b\u3000No hay un l\u00edmite m\u00e1ximo de transacciones de retiro a trav\u00e9s de NETELLER o Skrill<\/p>\n<table id=\"page_table\">\n<tbody>\n<tr>\n<th style=\"text-align: center;\" colspan=\"3\"><span style=\"font-size: medium;\">NetBet Divisas para Apostar<\/span><\/th>\n<\/tr>\n<tr>\n<td style=\"text-align: center;\">Franco Suizo (CHF)<\/td>\n<td style=\"text-align: center;\">Libra Brit\u00e1nica (GBP)<\/td>\n<td style=\"text-align: center;\">D\u00f3lar Estadounidense (USD)<\/td>\n<\/tr>\n<tr>\n<td style=\"text-align: center;\">Euro (EUR)<\/td>\n<td style=\"text-align: center;\">Leu Rumano (RON)<\/td>\n<td style=\"text-align: center;\"><\/td>\n<\/tr>\n<\/tbody>\n<\/table>\n<table id=\"page_table\">\n<tbody>\n<tr>\n<th style=\"text-align: center;\" colspan=\"3\"><span style=\"font-size: medium;\">NetBet Historia de los Patrocinadores de Deportes Profesionales<\/span><\/th>\n<\/tr>\n<tr>\n<th style=\"text-align: center;\"><span class=\"font_small\">Nombre de Liga\u30fbNombre del Equipo<\/span><\/th>\n<th style=\"text-align: center;\"><span class=\"font_small\">A\u00f1o<\/span><\/th>\n<th style=\"text-align: center;\"><span class=\"font_small\">Deportes<\/span><\/th>\n<\/tr>\n<tr>\n<td style=\"text-align: center;\"><a href=\"https:\/\/es.wikipedia.org\/wiki\/GFCO_Ajaccio\">Gaz\u00e9lec Ajaccio<\/a><\/td>\n<td style=\"text-align: center;\">2015-presente<\/td>\n<td style=\"text-align: center;\">Francia &#8211; F\u00fatbol<\/td>\n<\/tr>\n<tr>\n<td style=\"text-align: center;\"><a href=\"https:\/\/es.wikipedia.org\/wiki\/West_Bromwich_Albion_Football_Club\">West Bromwich Albion F.C.<\/a><\/td>\n<td style=\"text-align: center;\">2015-presente<\/td>\n<td style=\"text-align: center;\">Inglaterra \u2013 F\u00fatbol<\/td>\n<\/tr>\n<tr>\n<td style=\"text-align: center;\"><a href=\"http:\/\/es.wikipedia.org\/wiki\/OGC_Niza\">OGC Niza<\/a><\/td>\n<td style=\"text-align: center;\">2014-presente<\/td>\n<td style=\"text-align: center;\">Francia &#8211; F\u00fatbol<\/td>\n<\/tr>\n<tr>\n<td style=\"text-align: center;\"><a href=\"http:\/\/es.wikipedia.org\/wiki\/Lille_Olympique_Sporting_Club\">Lille Olympique Sporting Club<\/a><\/td>\n<td style=\"text-align: center;\">2014-presente<\/td>\n<td style=\"text-align: center;\">Francia &#8211; F\u00fatbol<\/td>\n<\/tr>\n<tr>\n<td style=\"text-align: center;\"><a href=\"http:\/\/es.wikipedia.org\/wiki\/Montpellier_H%C3%A9rault_Sport_Club\">Montpellier H\u00e9rault Sport Club<\/a><\/td>\n<td style=\"text-align: center;\">2013-2014<\/td>\n<td style=\"text-align: center;\">Francia &#8211; F\u00fatbol<\/td>\n<\/tr>\n<\/tbody>\n<\/table>\n<h3>\u00bfPorque NetBet?<\/h3>\n<ul>\n<li>Especializada en deportes Europeos<\/li>\n<li>Apuestas durante el juego<\/li>\n<li>Juegos de casino con mano en vivo<\/li>\n<li>Soporte con chat en vivo (8:00 a.m. &#8211; 12:00 a.m. GMT+1)<\/li>\n<\/ul>\n<p>Enfocado en lo que ofrece el deporte Europeo, NetBet es fuerte en el nichos de mercado tal como el Tour de Francia y el balonmano, por nombrar unos pocos. Con el lanzamiento de una campa\u00f1a para ganar \u00a31 mill\u00f3n durante la Copa Mundial de Brasil 2014, titulada apropiadamente &#8220;Mill\u00f3n Brasile\u00f1o&#8221;, NetBet, es uno de los corredores de apuestas m\u00e1s creativos cuando se trata de promociones.<\/p>\n<div class=\"bookmaker_link link_hover\"><a href=\"http:\/\/bookmaker-info.com\/es\/netbet-registro\">C\u00f3mo Abrir una Cuenta de NetBet<\/a><\/div>\n<div class=\"bookmaker_link link_hover\"><a href=\"http:\/\/bookmaker-info.com\/es\/neteller-netbet\">C\u00f3mo Transferir Dinero desde NETELLER hacia NetBet<\/a><\/div>\n<div class=\"bookmaker_link link_hover\"><a href=\"http:\/\/bookmaker-info.com\/es\/skrill-netbet\">C\u00f3mo Transferir Dinero desde Skrill hacia NetBet<\/a><\/div>\n<div class=\"bookmaker_link link_hover\"><a href=\"http:\/\/bookmaker-info.com\/es\/netbet-apuesta\">C\u00f3mo Apostar en NetBet<\/a><\/div>\n<div class=\"bookmaker_link link_hover\"><a href=\"http:\/\/bookmaker-info.com\/es\/netbet-retirada\">C\u00f3mo Retirar de mi Cuenta de NetBet<\/a><\/div>\n","protected":false},"excerpt":{"rendered":"<p>NetBet Ubicaci\u00f3n: Inglaterra Establecido: 2001 Tipo: Compa\u00f1\u00eda de Propiedad Privada Licencia para el Juego: Malta NetBet Informaci\u00f3n de Dep\u00f3sito y Retiro Forma de Pago Dep\u00f3sito M\u00ednimo Duraci\u00f3n de Dep\u00f3sito Tarifa de Dep\u00f3sito Retiro M\u00ednimo Duraci\u00f3n de Retiro Tarifa de Retiro US$20 Instant\u00e1neamente Ninguno US$20 2~4 D\u00edas H\u00e1biles Ninguno US$20 Instant\u00e1neamente Ninguno US$20 2~4 D\u00edas H\u00e1biles [&hellip;]<\/p>\n","protected":false},"author":1,"featured_media":0,"parent":0,"menu_order":0,"comment_status":"open","ping_status":"closed","template":"","meta":{"footnotes":""},"class_list":["post-6756","page","type-page","status-publish","hentry"],"_links":{"self":[{"href":"https:\/\/bookmaker-info.com\/es\/wp-json\/wp\/v2\/pages\/6756","targetHints":{"allow":["GET"]}}],"collection":[{"href":"https:\/\/bookmaker-info.com\/es\/wp-json\/wp\/v2\/pages"}],"about":[{"href":"https:\/\/bookmaker-info.com\/es\/wp-json\/wp\/v2\/types\/page"}],"author":[{"embeddable":true,"href":"https:\/\/bookmaker-info.com\/es\/wp-json\/wp\/v2\/users\/1"}],"replies":[{"embeddable":true,"href":"https:\/\/bookmaker-info.com\/es\/wp-json\/wp\/v2\/comments?post=6756"}],"version-history":[{"count":27,"href":"https:\/\/bookmaker-info.com\/es\/wp-json\/wp\/v2\/pages\/6756\/revisions"}],"predecessor-version":[{"id":6875,"href":"https:\/\/bookmaker-info.com\/es\/wp-json\/wp\/v2\/pages\/6756\/revisions\/6875"}],"wp:attachment":[{"href":"https:\/\/bookmaker-info.com\/es\/wp-json\/wp\/v2\/media?parent=6756"}],"curies":[{"name":"wp","href":"https:\/\/api.w.org\/{rel}","templated":true}]}}