{"id":6758,"date":"2014-08-06T11:32:42","date_gmt":"2014-08-06T11:32:42","guid":{"rendered":"http:\/\/bookmaker-info.com\/en\/?page_id=6758"},"modified":"2024-04-30T14:15:41","modified_gmt":"2024-04-30T14:15:41","slug":"pinnacle-sports-perfil","status":"publish","type":"page","link":"https:\/\/bookmaker-info.com\/es\/pinnacle-sports-perfil","title":{"rendered":"Perfil Pinnacle"},"content":{"rendered":"<p><a href=\"https:\/\/wlpinnacle.adsrv.eacdn.com\/C.ashx?btag=a_11407b_15560c_&amp;affid=10689&amp;siteid=11407&amp;adid=15560&amp;c=\"><img loading=\"lazy\" decoding=\"async\" class=\"alignnone size-full wp-image-12592\" src=\"http:\/\/bookmaker-info.com\/es\/wordpress\/wp-content\/uploads\/2014\/08\/Pinnacle-Large.png\" alt=\"Pinnacle Logotipo\" width=\"672\" height=\"151\" srcset=\"https:\/\/bookmaker-info.com\/es\/wordpress\/wp-content\/uploads\/2014\/08\/Pinnacle-Large.png 672w, https:\/\/bookmaker-info.com\/es\/wordpress\/wp-content\/uploads\/2014\/08\/Pinnacle-Large-300x67.png 300w, https:\/\/bookmaker-info.com\/es\/wordpress\/wp-content\/uploads\/2014\/08\/Pinnacle-Large-624x140.png 624w\" sizes=\"auto, (max-width: 672px) 100vw, 672px\" \/><\/a><\/p>\n<h2>Pinnacle<\/h2>\n<p><strong>Ubicaci\u00f3n:<\/strong> Curazao<br \/>\n<strong>Establecido:<\/strong> 1998<br \/>\n<strong>Tipo:<\/strong> Compa\u00f1\u00eda de Propiedad Privada<br \/>\n<strong>Licencia para el Juego:<\/strong> <a href=\"http:\/\/es.wikipedia.org\/wiki\/Curazao\">Curazao<\/a>, <a href=\"http:\/\/es.wikipedia.org\/wiki\/Malta\">Malta<\/a><\/p>\n<table id=\"page_table\">\n<tbody>\n<tr>\n<th style=\"text-align: center;\" colspan=\"7\"><span style=\"font-size: medium;\">Pinnacle Informaci\u00f3n de Dep\u00f3sito y Retiro<\/span><\/th>\n<\/tr>\n<tr>\n<th style=\"text-align: center;\"><span class=\"font_small\">Forma de Pago<\/span><\/th>\n<th style=\"text-align: center;\"><span class=\"font_small\">Dep\u00f3sito M\u00ednimo<\/span><\/th>\n<th style=\"text-align: center;\"><span class=\"font_small\">Duraci\u00f3n de Dep\u00f3sito<\/span><\/th>\n<th style=\"text-align: center;\"><span class=\"font_small\">Tarifa de Dep\u00f3sito<\/span><\/th>\n<th style=\"text-align: center;\"><span class=\"font_small\">Retiro M\u00ednimo<\/span><\/th>\n<th style=\"text-align: center;\"><span class=\"font_small\">Duraci\u00f3n de Retiro<\/span><\/th>\n<th style=\"text-align: center;\"><span class=\"font_small\">Tarifa de Retiro<\/span><\/th>\n<\/tr>\n<tr>\n<td style=\"text-align: center;\"><img decoding=\"async\" src=\"http:\/\/bookmaker-info.com\/en\/wordpress\/wp-content\/uploads\/2014\/08\/neteller.jpg\" alt=\"NETELLER\"><\/td>\n<td style=\"text-align: center;\">US$10<\/td>\n<td style=\"text-align: center;\">Instant\u00e1neamente<\/td>\n<td style=\"text-align: center;\">Ninguno<\/td>\n<td style=\"text-align: center;\">US$10<\/td>\n<td style=\"text-align: center;\">1 D\u00eda H\u00e1bil<\/td>\n<td style=\"text-align: center;\">Ninguno*<\/td>\n<\/tr>\n<tr>\n<td style=\"text-align: center;\"><img decoding=\"async\" src=\"http:\/\/bookmaker-info.com\/en\/wordpress\/wp-content\/uploads\/2014\/07\/Skrill.gif\" alt=\"Skrill\"><\/td>\n<td style=\"text-align: center;\">US$10<\/td>\n<td style=\"text-align: center;\">Instant\u00e1neamente<\/td>\n<td style=\"text-align: center;\">Ninguno<\/td>\n<td style=\"text-align: center;\">US$10<\/td>\n<td style=\"text-align: center;\">1 D\u00eda H\u00e1bil<\/td>\n<td style=\"text-align: center;\">Ninguno*<\/td>\n<\/tr>\n<\/tbody>\n<\/table>\n<p>\u203b\u3000Dep\u00f3sito M\u00e1ximo (por cada transacci\u00f3n de NETELLER) \uff1d US$50,000\/\u20ac37,500\/\u00a337,500, Dep\u00f3sito M\u00e1ximo (por cada transacci\u00f3n de Skrill) variar\u00e1 seg\u00fan cada jugador<br \/>\n\u203b\u3000Retiro M\u00e1ximo (por cada transacci\u00f3n de NETELLER) \uff1d US$50,000\/\u20ac37,500\/\u00a337,500, Retiro M\u00e1ximo (por cada transacci\u00f3n de Skrill) \uff1d US$60,000\/\u20ac50,000\/\u00a335,000<br \/>\n\u203b\u3000A los jugadores se les permite un retiro gratis cada mes. Los retiros m\u00faltiples en cualquier mes ser\u00e1n estimados con una tarifa de proceso de retiro de US$15\/\u20ac12\/\u00a38<br \/>\n\u203b\u3000Si no reinviertes la cantidad de tu dep\u00f3sito al menos 5 veces antes de retirar, te cobrar\u00e1n una multa de 3% en tu retiro <em>*el retiro mensual gratis no est\u00e1 sujeto al requerimiento de reinversi\u00f3n<\/em><\/p>\n<table id=\"page_table\">\n<tbody>\n<tr>\n<th style=\"text-align: center;\" colspan=\"3\"><span style=\"font-size: medium;\">Pinnacle Divisas para Apostar<\/span><\/th>\n<\/tr>\n<tr>\n<td style=\"text-align: center;\">D\u00f3lar Australiano (AUD)<\/td>\n<td style=\"text-align: center;\">D\u00f3lar de Hong Kong (HKD)<\/td>\n<td style=\"text-align: center;\">Renminbi de China (RMB)<\/td>\n<\/tr>\n<tr>\n<td style=\"text-align: center;\">Real Brasile\u00f1o (BRL)<\/td>\n<td style=\"text-align: center;\">Yen Japon\u00e9s (JPY)<\/td>\n<td style=\"text-align: center;\">Rublo Ruso (RUB)<\/td>\n<\/tr>\n<tr>\n<td style=\"text-align: center;\">D\u00f3lar Canadiense (CAD)<\/td>\n<td style=\"text-align: center;\">Won Surcoreano (KRW)<\/td>\n<td style=\"text-align: center;\">Corona Sueca (SEK)<\/td>\n<\/tr>\n<tr>\n<td style=\"text-align: center;\">Peso Colombiano (COP)<\/td>\n<td style=\"text-align: center;\">Peso Mexicano (MXN)<\/td>\n<td style=\"text-align: center;\">D\u00f3lar de Singapur (SGD)<\/td>\n<\/tr>\n<tr>\n<td style=\"text-align: center;\">Corona Checa (CZK)<\/td>\n<td style=\"text-align: center;\">Ringgit Malasio (MYR)<\/td>\n<td style=\"text-align: center;\">Baht Tailand\u00e9s (THB)<\/td>\n<\/tr>\n<tr>\n<td style=\"text-align: center;\">Corona Danesa (DKK)<\/td>\n<td style=\"text-align: center;\">Corona Noruega (NOK)<\/td>\n<td style=\"text-align: center;\">Nuevo D\u00f3lar Taiwan\u00e9s (TWD)<\/td>\n<\/tr>\n<tr>\n<td style=\"text-align: center;\">Euro (EUR)<\/td>\n<td style=\"text-align: center;\">D\u00f3lar Neozeland\u00e9s (NZD)<\/td>\n<td style=\"text-align: center;\">&nbsp;D\u00f3lar Estadounidense (USD)<\/td>\n<\/tr>\n<tr>\n<td style=\"text-align: center;\">Libra Brit\u00e1nica (GBP)<\/td>\n<td style=\"text-align: center;\">Zloty Polaco (PLN)<\/td>\n<td style=\"text-align: center;\"><\/td>\n<\/tr>\n<\/tbody>\n<\/table>\n<p>Para ver algunos ejemplos de los l\u00edmites de apuesta ofrecidos por Pinnacle, por favor consulte la tabla siguiente:<\/p>\n<table id=\"page_table\">\n<tbody>\n<tr>\n<th style=\"text-align: center;\" colspan=\"4\"><span style=\"font-size: medium;\">Pinnacle L\u00edmites M\u00e1ximos de Apuestas<\/span><\/th>\n<\/tr>\n<tr>\n<th style=\"text-align: center;\"><span class=\"font_small\">Nombre de Liga<\/span><\/th>\n<th style=\"text-align: center;\"><span class=\"font_small\">Handicap<\/span><\/th>\n<th style=\"text-align: center;\"><span class=\"font_small\">L\u00ednea de Dinero (1X2)<\/span><\/th>\n<th style=\"text-align: center;\"><span class=\"font_small\">Total<\/span><\/th>\n<\/tr>\n<tr>\n<td style=\"text-align: center;\"><strong>NBA<\/strong><\/td>\n<td style=\"text-align: center;\">\u00a350,000<\/td>\n<td style=\"text-align: center;\">\u00a320,000<\/td>\n<td style=\"text-align: center;\">\u00a320,000<\/td>\n<\/tr>\n<tr>\n<td style=\"text-align: center;\"><strong>NHL<\/strong><\/td>\n<td style=\"text-align: center;\">\u00a35,000<\/td>\n<td style=\"text-align: center;\">\u00a310,000<\/td>\n<td style=\"text-align: center;\">\u00a35,000<\/td>\n<\/tr>\n<tr>\n<td style=\"text-align: center;\"><strong>MLB<\/strong><\/td>\n<td style=\"text-align: center;\">\u00a320,000<\/td>\n<td style=\"text-align: center;\">\u00a330,000<\/td>\n<td style=\"text-align: center;\">\u00a310,000<\/td>\n<\/tr>\n<tr>\n<td style=\"text-align: center;\"><strong>NFL<\/strong><\/td>\n<td style=\"text-align: center;\">\u00a350,000<\/td>\n<td style=\"text-align: center;\">\u00a320,000<\/td>\n<td style=\"text-align: center;\">\u00a330,000<\/td>\n<\/tr>\n<\/tbody>\n<\/table>\n<table id=\"page_table\">\n<tbody>\n<tr>\n<th style=\"text-align: center;\" colspan=\"3\"><span style=\"font-size: medium;\">Pinnacle Historia de los Patrocinadores de Deportes Profesionales<\/span><\/th>\n<\/tr>\n<tr>\n<th style=\"text-align: center;\"><span class=\"font_small\">Nombre de Liga\u30fbNombre del Equipo<\/span><\/th>\n<th style=\"text-align: center;\"><span class=\"font_small\">A\u00f1o<\/span><\/th>\n<th style=\"text-align: center;\"><span class=\"font_small\">Deportes<\/span><\/th>\n<\/tr>\n<tr>\n<td style=\"text-align: center;\"><a href=\"http:\/\/es.wikipedia.org\/wiki\/West_Ham_United_Football_Club\">West Ham United F.C.<\/a><\/td>\n<td style=\"text-align: center;\">2006-2008<\/td>\n<td style=\"text-align: center;\">Inglaterra &#8211; F\u00fatbol<\/td>\n<\/tr>\n<\/tbody>\n<\/table>\n<h3>\u00bfPorque Pinnacle?<\/h3>\n<ul>\n<li>L\u00edmites Altos de Apuestas<\/li>\n<li>M\u00e1rgenes de Apuestas Bajas (Por ejemplo, jugo reducido\/bajo vigor)<\/li>\n<li>Proceso de pago r\u00e1pidos<\/li>\n<li>Especializado en Deportes Norteamericanos<\/li>\n<li>Juegos de casino con mano en vivo<\/li>\n<\/ul>\n<p>\u00bfEst\u00e1s buscando una selecci\u00f3n amplia de cuotas en deportes norteamericanos, &#8220;Jugo Reducido&#8221;, y l\u00edmites de apuestas altas? Si es as\u00ed no busques m\u00e1s sino en Pinnacle.<\/p>\n<p>Para aquellos que no conocen a bookmaker lingo, &#8220;Jugo Reducido&#8221; significa que por cada US$100 que quieras ganar, debes apostar US$105 comparado a la industria est\u00e1ndar de arriesgar US$110 por cada US$100. Esto se reduce a un descuento de 50% comparado a las cuotas est\u00e1ndar ofertadas que encontrar\u00e1s en otros corredores de apuestas. En general, el &#8220;Jugo Reducido&#8221; proporciona un valor mejor para los jugadores al disminuir los m\u00e1rgenes del corredor de apuestas.<\/p>\n<p>Pero no es todo en lo que Pinnacle se diferencia del resto, sino con la relaci\u00f3n de velocidad de los pagos o retiros. Al usar uno de portales de pago en l\u00ednea tales como NETELLER o Skrill, los pagos son procesados normalmente en unas pocas horas pero a veces inclusive es tan r\u00e1pido como solo unos pocos minutos. Si quieres obtener tu dinero lo m\u00e1s pronto posible, tu mejor opci\u00f3n es Pinnacle incuestionablemente.<\/p>\n<div class=\"bookmaker_link link_hover\"><a href=\"http:\/\/bookmaker-info.com\/es\/pinnacle-sports-registro\">C\u00f3mo Abrir una Cuenta de Pinnacle<\/a><\/div>\n<div class=\"bookmaker_link link_hover\"><a href=\"http:\/\/bookmaker-info.com\/es\/neteller-pinnacle-sports\">C\u00f3mo Transferir Dinero desde NETELLER hacia Pinnacle<\/a><\/div>\n<div class=\"bookmaker_link link_hover\"><a href=\"http:\/\/bookmaker-info.com\/es\/skrill-pinnacle-sports\">C\u00f3mo Transferir Dinero desde Skrill hacia Pinnacle<\/a><\/div>\n<div class=\"bookmaker_link link_hover\"><a href=\"http:\/\/bookmaker-info.com\/es\/pinnacle-sports-apuesta\">C\u00f3mo Apostar en Pinnacle<\/a><\/div>\n<div class=\"bookmaker_link link_hover\"><a href=\"http:\/\/bookmaker-info.com\/es\/pinnacle-sports-retirada\">C\u00f3mo Retirar de mi Cuenta de Pinnacle<\/a><\/div>\n<p><span style=\"border-radius: 2px; text-indent: 20px; width: auto; padding: 0px 4px 0px 0px; text-align: center; font: bold 11px\/20px 'Helvetica Neue',Helvetica,sans-serif; color: #ffffff; background: #bd081c no-repeat scroll 3px 50% \/ 14px 14px; position: absolute; opacity: 1; z-index: 8675309; display: none; cursor: pointer;\">Save<\/span><\/p>\n","protected":false},"excerpt":{"rendered":"<p>Pinnacle Ubicaci\u00f3n: Curazao Establecido: 1998 Tipo: Compa\u00f1\u00eda de Propiedad Privada Licencia para el Juego: Curazao, Malta Pinnacle Informaci\u00f3n de Dep\u00f3sito y Retiro Forma de Pago Dep\u00f3sito M\u00ednimo Duraci\u00f3n de Dep\u00f3sito Tarifa de Dep\u00f3sito Retiro M\u00ednimo Duraci\u00f3n de Retiro Tarifa de Retiro US$10 Instant\u00e1neamente Ninguno US$10 1 D\u00eda H\u00e1bil Ninguno* US$10 Instant\u00e1neamente Ninguno US$10 1 D\u00eda [&hellip;]<\/p>\n","protected":false},"author":1,"featured_media":0,"parent":0,"menu_order":0,"comment_status":"open","ping_status":"closed","template":"","meta":{"footnotes":""},"class_list":["post-6758","page","type-page","status-publish","hentry"],"_links":{"self":[{"href":"https:\/\/bookmaker-info.com\/es\/wp-json\/wp\/v2\/pages\/6758","targetHints":{"allow":["GET"]}}],"collection":[{"href":"https:\/\/bookmaker-info.com\/es\/wp-json\/wp\/v2\/pages"}],"about":[{"href":"https:\/\/bookmaker-info.com\/es\/wp-json\/wp\/v2\/types\/page"}],"author":[{"embeddable":true,"href":"https:\/\/bookmaker-info.com\/es\/wp-json\/wp\/v2\/users\/1"}],"replies":[{"embeddable":true,"href":"https:\/\/bookmaker-info.com\/es\/wp-json\/wp\/v2\/comments?post=6758"}],"version-history":[{"count":27,"href":"https:\/\/bookmaker-info.com\/es\/wp-json\/wp\/v2\/pages\/6758\/revisions"}],"predecessor-version":[{"id":13262,"href":"https:\/\/bookmaker-info.com\/es\/wp-json\/wp\/v2\/pages\/6758\/revisions\/13262"}],"wp:attachment":[{"href":"https:\/\/bookmaker-info.com\/es\/wp-json\/wp\/v2\/media?parent=6758"}],"curies":[{"name":"wp","href":"https:\/\/api.w.org\/{rel}","templated":true}]}}