{"id":6762,"date":"2014-08-06T11:58:54","date_gmt":"2014-08-06T02:58:54","guid":{"rendered":"http:\/\/bookmaker-info.com\/en\/?page_id=6762"},"modified":"2021-03-11T04:05:26","modified_gmt":"2021-03-11T04:05:26","slug":"william-hill-perfil","status":"publish","type":"page","link":"https:\/\/bookmaker-info.com\/es\/william-hill-perfil","title":{"rendered":"Perfil William Hill"},"content":{"rendered":"<p><a href=\"https:\/\/campaigns.williamhill.com\/C.ashx?btag=a_35862b_793c_&amp;affid=1597071&amp;siteid=35862&amp;adid=793&amp;c=\"><img loading=\"lazy\" decoding=\"async\" title=\"William Hill Logotipo\" src=\"http:\/\/bookmaker-info.com\/en\/wordpress\/wp-content\/uploads\/2014\/08\/william-hill.jpg\" alt=\"William Hill Logotipo\" width=\"800\" height=\"182\" \/><\/a><\/p>\n<h2>William Hill<\/h2>\n<p><strong>Ubicaci\u00f3n:<\/strong> Inglaterra, Gibraltar (negocios en l\u00ednea)<br \/>\n<strong>Establecido:<\/strong> 1934<br \/>\n<strong>Tipo:<\/strong> Compa\u00f1\u00eda de Propiedad Privada<br \/>\n<strong>Licencia para el Juego:<\/strong> <a href=\"http:\/\/es.wikipedia.org\/wiki\/Gibraltar\">Gibraltar<\/a>, <a href=\"https:\/\/es.wikipedia.org\/wiki\/Malta\">Malta<\/a><\/p>\n<table id=\"page_table\">\n<tbody>\n<tr>\n<th style=\"text-align: center;\" colspan=\"7\"><span style=\"font-size: medium;\">William Hill Informaci\u00f3n de Dep\u00f3sito y Retiro<\/span><\/th>\n<\/tr>\n<tr>\n<th style=\"text-align: center;\"><span class=\"font_small\">Forma de Pago<\/span><\/th>\n<th style=\"text-align: center;\"><span class=\"font_small\">Dep\u00f3sito M\u00ednimo<\/span><\/th>\n<th style=\"text-align: center;\"><span class=\"font_small\">Duraci\u00f3n de Dep\u00f3sito<\/span><\/th>\n<th style=\"text-align: center;\"><span class=\"font_small\">Tarifa de Dep\u00f3sito<\/span><\/th>\n<th style=\"text-align: center;\"><span class=\"font_small\">Retiro M\u00ednimo<\/span><\/th>\n<th style=\"text-align: center;\"><span class=\"font_small\">Duraci\u00f3n de Retiro<\/span><\/th>\n<th style=\"text-align: center;\"><span class=\"font_small\">Tarifa de Retiro<\/span><\/th>\n<\/tr>\n<tr>\n<td style=\"text-align: center;\"><img decoding=\"async\" src=\"http:\/\/bookmaker-info.com\/en\/wordpress\/wp-content\/uploads\/2014\/08\/neteller.jpg\" alt=\"NETELLER\" \/><\/td>\n<td style=\"text-align: center;\">\u00a310<\/td>\n<td style=\"text-align: center;\">Instant\u00e1neamente<\/td>\n<td style=\"text-align: center;\">Ninguno<\/td>\n<td style=\"text-align: center;\">\u00a35<\/td>\n<td style=\"text-align: center;\">1 D\u00eda H\u00e1bil<\/td>\n<td style=\"text-align: center;\">Ninguno<\/td>\n<\/tr>\n<tr>\n<td style=\"text-align: center;\"><img decoding=\"async\" src=\"http:\/\/bookmaker-info.com\/en\/wordpress\/wp-content\/uploads\/2014\/07\/Skrill.gif\" alt=\"Skrill\" \/><\/td>\n<td style=\"text-align: center;\">\u00a310<\/td>\n<td style=\"text-align: center;\">Instant\u00e1neamente<\/td>\n<td style=\"text-align: center;\">Ninguno<\/td>\n<td style=\"text-align: center;\">\u00a35<\/td>\n<td style=\"text-align: center;\">1 D\u00eda H\u00e1bil<\/td>\n<td style=\"text-align: center;\">Ninguno<\/td>\n<\/tr>\n<\/tbody>\n<\/table>\n<p>\u203b\u3000Dep\u00f3sito M\u00e1ximo (por cada transacci\u00f3n de NETELLER) \uff1d \u00a325,000, Dep\u00f3sito M\u00e1ximo (por cada transacci\u00f3n de Skrill) \uff1d \u00a380,000<br \/>\n\u203b\u3000Retiro M\u00e1ximo (por cada transacci\u00f3n de NETELLER) \uff1d \u00a330,000, Retiro M\u00e1ximo (por cada transacci\u00f3n de Skrill) \uff1d \u00a380,000<\/p>\n<table id=\"page_table\">\n<tbody>\n<tr>\n<th style=\"text-align: center;\" colspan=\"3\"><span style=\"font-size: medium;\">William Hill Divisas para Apostar<\/span><\/th>\n<\/tr>\n<tr>\n<td style=\"text-align: center;\">D\u00f3lar Australiano (AUD)<\/td>\n<td style=\"text-align: center;\">Euro (EUR)<\/td>\n<td style=\"text-align: center;\">Corona Sueca (SEK)<\/td>\n<\/tr>\n<tr>\n<td style=\"text-align: center;\">D\u00f3lar Canadiense (CAD)<\/td>\n<td style=\"text-align: center;\">Libra Brit\u00e1nica (GBP)<\/td>\n<td style=\"text-align: center;\">D\u00f3lar de Singapur (SGD)<\/td>\n<\/tr>\n<tr>\n<td style=\"text-align: center;\">Franco Suizo (CHF)<\/td>\n<td style=\"text-align: center;\">D\u00f3lar de Hong Kong (HKD)<\/td>\n<td style=\"text-align: center;\">D\u00f3lar Estadounidense (USD)<\/td>\n<\/tr>\n<tr>\n<td style=\"text-align: center;\">Corona Danesa (DKK)<\/td>\n<td style=\"text-align: center;\">Yen Japon\u00e9s (JPY)<\/td>\n<td style=\"text-align: center;\"><\/td>\n<\/tr>\n<\/tbody>\n<\/table>\n<table id=\"page_table\">\n<tbody>\n<tr>\n<th style=\"text-align: center;\" colspan=\"3\"><span style=\"font-size: medium;\">William Hill Historia de los Patrocinadores de Deportes Profesionales<\/span><\/th>\n<\/tr>\n<tr>\n<th style=\"text-align: center;\"><span class=\"font_small\">Nombre de Liga\u30fbNombre del Equipo<\/span><\/th>\n<th style=\"text-align: center;\"><span class=\"font_small\">A\u00f1o<\/span><\/th>\n<th style=\"text-align: center;\"><span class=\"font_small\">Deportes<\/span><\/th>\n<\/tr>\n<tr>\n<td style=\"text-align: center;\"><a href=\"https:\/\/es.wikipedia.org\/wiki\/Chelsea_Football_Club\">Chelsea F.C.<\/a><\/td>\n<td style=\"text-align: center;\">2016-current<\/td>\n<td style=\"text-align: center;\">Inglaterra &#8211; F\u00fatbol<\/td>\n<\/tr>\n<tr>\n<td style=\"text-align: center;\"><a href=\"https:\/\/es.wikipedia.org\/wiki\/Tottenham_Hotspur_Football_Club\">Tottenham Hotspur F.C.<\/a><\/td>\n<td style=\"text-align: center;\">2016-presente<\/td>\n<td style=\"text-align: center;\">Inglaterra &#8211; F\u00fatbol<\/td>\n<\/tr>\n<tr>\n<td style=\"text-align: center;\"><a href=\"https:\/\/es.wikipedia.org\/wiki\/Everton_Football_Club\">Everton F.C.<\/a><\/td>\n<td style=\"text-align: center;\">2016-presente<\/td>\n<td style=\"text-align: center;\">Inglaterra &#8211; F\u00fatbol<\/td>\n<\/tr>\n<tr>\n<td style=\"text-align: center;\"><a href=\"https:\/\/es.wikipedia.org\/wiki\/Abierto_de_Australia\">Abierto de Australia<\/a><\/td>\n<td style=\"text-align: center;\">2016-presente<\/td>\n<td style=\"text-align: center;\">Australia &#8211; Tenis<\/td>\n<\/tr>\n<tr>\n<td style=\"text-align: center;\"><a href=\"http:\/\/es.wikipedia.org\/wiki\/Aston_Villa_Football_Club\">Aston Villa F.C.<\/a><\/td>\n<td style=\"text-align: center;\">2014-2015<\/td>\n<td style=\"text-align: center;\">Inglaterra &#8211; F\u00fatbol<\/td>\n<\/tr>\n<tr>\n<td style=\"text-align: center;\"><a href=\"http:\/\/es.wikipedia.org\/wiki\/Crystal_Palace_Football_Club\">Crystal Palace F.C.<\/a><\/td>\n<td style=\"text-align: center;\">2014-presente<\/td>\n<td style=\"text-align: center;\">Inglaterra &#8211; F\u00fatbol<\/td>\n<\/tr>\n<tr>\n<td style=\"text-align: center;\"><a href=\"http:\/\/es.wikipedia.org\/wiki\/Southampton_Football_Club\">Southampton F.C.<\/a><\/td>\n<td style=\"text-align: center;\">2014-presente<\/td>\n<td style=\"text-align: center;\">Inglaterra &#8211; F\u00fatbol<\/td>\n<\/tr>\n<tr>\n<td style=\"text-align: center;\"><a href=\"http:\/\/en.wikipedia.org\/wiki\/World_Professional_Darts_Championship\">World Professional Darts Championship<\/a><\/td>\n<td style=\"text-align: center;\">2014-presente<\/td>\n<td style=\"text-align: center;\">Inglaterra &#8211; Dardos<\/td>\n<\/tr>\n<tr>\n<td style=\"text-align: center;\"><a href=\"http:\/\/es.wikipedia.org\/wiki\/Selecci%C3%B3n_de_f%C3%BAtbol_de_Inglaterra\">England National Football Team<\/a><\/td>\n<td style=\"text-align: center;\">2012-2014<\/td>\n<td style=\"text-align: center;\">Inglaterra &#8211; F\u00fatbol<\/td>\n<\/tr>\n<tr>\n<td style=\"text-align: center;\"><a href=\"http:\/\/es.wikipedia.org\/wiki\/Copa_de_Escocia\">Copa de Escocia<\/a><\/td>\n<td style=\"text-align: center;\">2011-presente<\/td>\n<td style=\"text-align: center;\">Escocia &#8211; F\u00fatbol<\/td>\n<\/tr>\n<tr>\n<td style=\"text-align: center;\"><a href=\"http:\/\/en.wikipedia.org\/wiki\/Grand_Slam_of_Darts\">Grand Slam of Darts<\/a><\/td>\n<td style=\"text-align: center;\">2011-2013<\/td>\n<td style=\"text-align: center;\">Inglaterra &#8211; Dardos<\/td>\n<\/tr>\n<tr>\n<td style=\"text-align: center;\"><a href=\"http:\/\/es.wikipedia.org\/wiki\/Campeonato_del_Reino_Unido_%28snooker%29\">Campeonato del Reino Unido<\/a><\/td>\n<td style=\"text-align: center;\">2011-2013<\/td>\n<td style=\"text-align: center;\">Inglaterra &#8211; Snooker<\/td>\n<\/tr>\n<tr>\n<td style=\"text-align: center;\"><a href=\"http:\/\/en.wikipedia.org\/wiki\/King_George_VI_Chase\">King George VI Chase<\/a><\/td>\n<td style=\"text-align: center;\">2009-presente<\/td>\n<td style=\"text-align: center;\">Inglaterra &#8211; Carreras de Caballos<\/td>\n<\/tr>\n<tr>\n<td style=\"text-align: center;\"><a href=\"http:\/\/www.malagacf.com\/es\">M\u00e1laga CF<\/a><\/td>\n<td style=\"text-align: center;\">2009-2010<\/td>\n<td style=\"text-align: center;\">Espa\u00f1a &#8211; F\u00fatbol<\/td>\n<\/tr>\n<\/tbody>\n<\/table>\n<table id=\"page_table\">\n<tbody>\n<tr>\n<th style=\"text-align: center;\" colspan=\"2\"><span style=\"font-size: medium;\">William Hill Historia de Ganadoras de Premios de eGaming Review (EGR)<\/span><\/th>\n<\/tr>\n<tr>\n<th style=\"text-align: center;\"><span class=\"font_small\">Categor\u00eda<\/span><\/th>\n<th style=\"text-align: center;\"><span class=\"font_small\">A\u00f1o<\/span><\/th>\n<\/tr>\n<tr>\n<td style=\"text-align: center;\">In-Play Sports Operator of the Year<\/td>\n<td style=\"text-align: center;\">2015<\/td>\n<\/tr>\n<tr>\n<td style=\"text-align: center;\">In-House Product of the Year<\/td>\n<td style=\"text-align: center;\">2015<\/td>\n<\/tr>\n<tr>\n<td style=\"text-align: center;\">Casino Operator of the Year<\/td>\n<td style=\"text-align: center;\">2014<\/td>\n<\/tr>\n<tr>\n<td style=\"text-align: center;\">Marketing Campaign of the Year<\/td>\n<td style=\"text-align: center;\">2014<\/td>\n<\/tr>\n<tr>\n<td style=\"text-align: center;\">Outstanding Contribution to the Industry<\/td>\n<td style=\"text-align: center;\">2013<\/td>\n<\/tr>\n<tr>\n<td style=\"text-align: center;\">Slots Operator of the Year<\/td>\n<td style=\"text-align: center;\">2012 &amp; 2014<\/td>\n<\/tr>\n<tr>\n<td style=\"text-align: center;\">Sports Betting Operator of the Year<\/td>\n<td style=\"text-align: center;\">2011<\/td>\n<\/tr>\n<tr>\n<td style=\"text-align: center;\">Operator of the Year<\/td>\n<td style=\"text-align: center;\">2011 &amp; 2014<\/td>\n<\/tr>\n<\/tbody>\n<\/table>\n<h3>\u00bfPorque William Hill?<\/h3>\n<ul>\n<li>Apuestas durante el juego<\/li>\n<li>Transmisi\u00f3n en vivo de eventos deportivos<\/li>\n<li>Juegos de casino con mano en vivo<\/li>\n<li>Soporte con chat en vivo las 24 horas<\/li>\n<li>Catalogado en la Bolsa de Valores de Londres<\/li>\n<\/ul>\n<p>Como uno de los &#8220;3 grandes&#8221; del Reino Unido cuando se trata de corredores de apuestas y tambi\u00e9n catalogado en la Bolsa de Valores de Londres, William Hill es una de las marcas m\u00e1s confiables no solamente en l\u00ednea sino tambi\u00e9n basadas en tierra de la industria de los corredores de apuestas. Muy s\u00f3lido en el mercado de las carreras de caballos y galgos del Reino Unido, William Hill ha estado operando como corredor de apuestas por m\u00e1s de 80 a\u00f1os. Con la transmisi\u00f3n en vivo de eventos deportivos llevados a cabo mundialmente disponible para los jugadores, puedes estar seguro de experimentar los \u00faltimos avances de la industria mientras juegas en William Hill.<\/p>\n<div class=\"bookmaker_link link_hover\"><a href=\"http:\/\/bookmaker-info.com\/es\/william-hill-registro\">C\u00f3mo Abrir una Cuenta de William Hill<\/a><\/div>\n<div class=\"bookmaker_link link_hover\"><a href=\"http:\/\/bookmaker-info.com\/es\/neteller-william-hill\">C\u00f3mo Transferir Dinero desde NETELLER hacia William Hill<\/a><\/div>\n<div class=\"bookmaker_link link_hover\"><a href=\"http:\/\/bookmaker-info.com\/es\/skrill-william-hill\">C\u00f3mo Transferir Dinero desde Skrill hacia William Hill<\/a><\/div>\n<div class=\"bookmaker_link link_hover\"><a href=\"http:\/\/bookmaker-info.com\/es\/william-hill-apuesta\">C\u00f3mo Apostar en William Hill<\/a><\/div>\n<div class=\"bookmaker_link link_hover\"><a href=\"http:\/\/bookmaker-info.com\/es\/william-hill-retirada\">C\u00f3mo Retirar de mi Cuenta de William Hill<\/a><\/div>\n<p><span style=\"border-radius: 2px; text-indent: 20px; width: auto; padding: 0px 4px 0px 0px; text-align: center; font: bold 11px\/20px 'Helvetica Neue',Helvetica,sans-serif; color: #ffffff; background: #bd081c no-repeat scroll 3px 50% \/ 14px 14px; position: absolute; opacity: 1; z-index: 8675309; display: none; cursor: pointer;\">Save<\/span><\/p>\n<p><span style=\"border-radius: 2px; text-indent: 20px; width: auto; padding: 0px 4px 0px 0px; text-align: center; font: bold 11px\/20px 'Helvetica Neue',Helvetica,sans-serif; color: #ffffff; background: #bd081c no-repeat scroll 3px 50% \/ 14px 14px; position: absolute; opacity: 1; z-index: 8675309; display: none; cursor: pointer;\">Save<\/span><\/p>\n","protected":false},"excerpt":{"rendered":"<p>William Hill Ubicaci\u00f3n: Inglaterra, Gibraltar (negocios en l\u00ednea) Establecido: 1934 Tipo: Compa\u00f1\u00eda de Propiedad Privada Licencia para el Juego: Gibraltar, Malta William Hill Informaci\u00f3n de Dep\u00f3sito y Retiro Forma de Pago Dep\u00f3sito M\u00ednimo Duraci\u00f3n de Dep\u00f3sito Tarifa de Dep\u00f3sito Retiro M\u00ednimo Duraci\u00f3n de Retiro Tarifa de Retiro \u00a310 Instant\u00e1neamente Ninguno \u00a35 1 D\u00eda H\u00e1bil Ninguno [&hellip;]<\/p>\n","protected":false},"author":1,"featured_media":0,"parent":0,"menu_order":0,"comment_status":"open","ping_status":"closed","template":"","meta":{"footnotes":""},"class_list":["post-6762","page","type-page","status-publish","hentry"],"_links":{"self":[{"href":"https:\/\/bookmaker-info.com\/es\/wp-json\/wp\/v2\/pages\/6762","targetHints":{"allow":["GET"]}}],"collection":[{"href":"https:\/\/bookmaker-info.com\/es\/wp-json\/wp\/v2\/pages"}],"about":[{"href":"https:\/\/bookmaker-info.com\/es\/wp-json\/wp\/v2\/types\/page"}],"author":[{"embeddable":true,"href":"https:\/\/bookmaker-info.com\/es\/wp-json\/wp\/v2\/users\/1"}],"replies":[{"embeddable":true,"href":"https:\/\/bookmaker-info.com\/es\/wp-json\/wp\/v2\/comments?post=6762"}],"version-history":[{"count":36,"href":"https:\/\/bookmaker-info.com\/es\/wp-json\/wp\/v2\/pages\/6762\/revisions"}],"predecessor-version":[{"id":13187,"href":"https:\/\/bookmaker-info.com\/es\/wp-json\/wp\/v2\/pages\/6762\/revisions\/13187"}],"wp:attachment":[{"href":"https:\/\/bookmaker-info.com\/es\/wp-json\/wp\/v2\/media?parent=6762"}],"curies":[{"name":"wp","href":"https:\/\/api.w.org\/{rel}","templated":true}]}}