{"id":77,"date":"2013-06-09T02:36:26","date_gmt":"2013-06-09T02:36:26","guid":{"rendered":"http:\/\/bookmaker-info.com\/?page_id=77"},"modified":"2020-01-11T04:58:32","modified_gmt":"2020-01-11T04:58:32","slug":"neteller-registro","status":"publish","type":"page","link":"https:\/\/bookmaker-info.com\/es\/neteller-registro","title":{"rendered":"C\u00f3mo Abrir una Cuenta de NETELLER"},"content":{"rendered":"<h2 class=\"title\">\uff08\uff11\uff09Haz clic en el logotipo o en el v\u00ednculo de abajo para ingresar a NETELLER<\/h2>\n<p><a href=\"https:\/\/www.neteller.com\/es\"><br \/>\n<\/a><a href=\"http:\/\/wlnetelleragents.adsrv.eacdn.com\/C.ashx?btag=a_44958b_500c_&amp;affid=15036&amp;siteid=44958&amp;adid=500&amp;c=\"><img loading=\"lazy\" decoding=\"async\" class=\"alignnone wp-image-13023 size-full\" src=\"http:\/\/bookmaker-info.com\/es\/wordpress\/wp-content\/uploads\/2013\/06\/Neteller-Logo-Small.jpg\" alt=\"Neteller Logo\" width=\"200\" height=\"200\" srcset=\"https:\/\/bookmaker-info.com\/es\/wordpress\/wp-content\/uploads\/2013\/06\/Neteller-Logo-Small.jpg 200w, https:\/\/bookmaker-info.com\/es\/wordpress\/wp-content\/uploads\/2013\/06\/Neteller-Logo-Small-150x150.jpg 150w\" sizes=\"auto, (max-width: 200px) 100vw, 200px\" \/><\/a><br \/>\n<a href=\"http:\/\/wlnetelleragents.adsrv.eacdn.com\/C.ashx?btag=a_44958b_500c_&amp;affid=15036&amp;siteid=44958&amp;adid=500&amp;c=\">NETELLER<\/a><\/p>\n<h2 class=\"title\">\uff08\uff12\uff09Haz clic en \u201cReg\u00edstrese gratuitamente\u201d en la mitad de la pantalla<\/h2>\n<p><a href=\"http:\/\/bookmaker-info.com\/es\/wordpress\/wp-content\/uploads\/2013\/06\/neteller_registro_1.png\"><img loading=\"lazy\" decoding=\"async\" class=\"alignnone size-full wp-image-12168\" src=\"http:\/\/bookmaker-info.com\/es\/wordpress\/wp-content\/uploads\/2013\/06\/neteller_registro_1.png\" alt=\"NETELLER Registro\" width=\"955\" height=\"631\" srcset=\"https:\/\/bookmaker-info.com\/es\/wordpress\/wp-content\/uploads\/2013\/06\/neteller_registro_1.png 955w, https:\/\/bookmaker-info.com\/es\/wordpress\/wp-content\/uploads\/2013\/06\/neteller_registro_1-300x198.png 300w, https:\/\/bookmaker-info.com\/es\/wordpress\/wp-content\/uploads\/2013\/06\/neteller_registro_1-624x412.png 624w\" sizes=\"auto, (max-width: 955px) 100vw, 955px\" \/><\/a><\/p>\n<p>Si el sitio no se muestra en tu idioma preferido, puedes cambiar el idioma al ir a la esquina superior derecha de la pantalla para seleccionar el idioma de tu preferencia.<\/p>\n<h2 class=\"title\">\uff08\uff13\uff09Despu\u00e9s de hacer clic en \u201cReg\u00edstrese gratuitamente\u201d, la pantalla de registro aparecer\u00e1 para que introduzcas tus detalles<\/h2>\n<p><a href=\"http:\/\/bookmaker-info.com\/es\/wordpress\/wp-content\/uploads\/2013\/06\/neteller_registro_2.png\"><img loading=\"lazy\" decoding=\"async\" class=\"alignnone size-full wp-image-12169\" src=\"http:\/\/bookmaker-info.com\/es\/wordpress\/wp-content\/uploads\/2013\/06\/neteller_registro_2.png\" alt=\"NETELLER Registro\" width=\"950\" height=\"529\" srcset=\"https:\/\/bookmaker-info.com\/es\/wordpress\/wp-content\/uploads\/2013\/06\/neteller_registro_2.png 950w, https:\/\/bookmaker-info.com\/es\/wordpress\/wp-content\/uploads\/2013\/06\/neteller_registro_2-300x167.png 300w, https:\/\/bookmaker-info.com\/es\/wordpress\/wp-content\/uploads\/2013\/06\/neteller_registro_2-624x347.png 624w\" sizes=\"auto, (max-width: 950px) 100vw, 950px\" \/><\/a><\/p>\n<p>Cuando escoja la moneda para su cuenta, le recomendamos que seleccione la misma moneda que la que tiene registrada con sus corredores de apuestas en l\u00ednea para ahorrar en las tarifas de transacci\u00f3n al depositar y retirar.<\/p>\n<p>Haz clic en \u201cContinuar\u201d para seguir hacia la siguiente pantalla.<\/p>\n<h2 class=\"title\">\uff08\uff14\uff09Ingrese su informaci\u00f3n personal<\/h2>\n<p><a href=\"http:\/\/bookmaker-info.com\/es\/wordpress\/wp-content\/uploads\/2013\/06\/neteller_registro_3.png\"><img loading=\"lazy\" decoding=\"async\" class=\"alignnone size-full wp-image-12170\" src=\"http:\/\/bookmaker-info.com\/es\/wordpress\/wp-content\/uploads\/2013\/06\/neteller_registro_3.png\" alt=\"NETELLER Registro\" width=\"679\" height=\"748\" srcset=\"https:\/\/bookmaker-info.com\/es\/wordpress\/wp-content\/uploads\/2013\/06\/neteller_registro_3.png 679w, https:\/\/bookmaker-info.com\/es\/wordpress\/wp-content\/uploads\/2013\/06\/neteller_registro_3-272x300.png 272w, https:\/\/bookmaker-info.com\/es\/wordpress\/wp-content\/uploads\/2013\/06\/neteller_registro_3-624x687.png 624w\" sizes=\"auto, (max-width: 679px) 100vw, 679px\" \/><\/a><\/p>\n<p>Haz clic en \u201cContinuar\u201d para seguir hacia la siguiente pantalla.<\/p>\n<h2>\uff08\uff15\uff09Confirme las respuestas para su pregunta de seguridad<\/h2>\n<p><a href=\"http:\/\/bookmaker-info.com\/es\/wordpress\/wp-content\/uploads\/2013\/06\/neteller_registro_4.png\"><img loading=\"lazy\" decoding=\"async\" class=\"alignnone size-full wp-image-12171\" src=\"http:\/\/bookmaker-info.com\/es\/wordpress\/wp-content\/uploads\/2013\/06\/neteller_registro_4.png\" alt=\"NETELLER Registro\" width=\"515\" height=\"292\" srcset=\"https:\/\/bookmaker-info.com\/es\/wordpress\/wp-content\/uploads\/2013\/06\/neteller_registro_4.png 515w, https:\/\/bookmaker-info.com\/es\/wordpress\/wp-content\/uploads\/2013\/06\/neteller_registro_4-300x170.png 300w\" sizes=\"auto, (max-width: 515px) 100vw, 515px\" \/><\/a><\/p>\n<p>Haz clic en \u201cContinuar\u201d para seguir hacia la siguiente pantalla.<\/p>\n<h2>\uff08\uff16\uff09Registro Completado<\/h2>\n<p>Despu\u00e9s de completar su registro, se mostrar\u00e1 una pantalla con su ID de cuenta de 12 d\u00edgitos y con ID de Seguridad de 6 d\u00edgitos. Le recomendamos que guarde estos detalles en un lugar seguro para su futura referencia cuando desee ingresar a y utilizar su cuenta NETELLER.<\/p>\n<p>Despu\u00e9s de completar tu registro, una pantalla podr\u00eda aparecer pregunt\u00e1ndote por el m\u00e9todo de dep\u00f3sito que prefieres. Como puedes registrar esta informaci\u00f3n despu\u00e9s, puedes omitir esta pantalla en este momento si as\u00ed lo deseas.<\/p>\n<p><a href=\"https:\/\/www.neteller.com\/es\"><br \/>\n<\/a><a href=\"http:\/\/wlnetelleragents.adsrv.eacdn.com\/C.ashx?btag=a_44958b_500c_&amp;affid=15036&amp;siteid=44958&amp;adid=500&amp;c=\"><img loading=\"lazy\" decoding=\"async\" class=\"alignnone wp-image-13023 size-full\" src=\"http:\/\/bookmaker-info.com\/es\/wordpress\/wp-content\/uploads\/2013\/06\/Neteller-Logo-Small.jpg\" alt=\"Neteller Logo\" width=\"200\" height=\"200\" srcset=\"https:\/\/bookmaker-info.com\/es\/wordpress\/wp-content\/uploads\/2013\/06\/Neteller-Logo-Small.jpg 200w, https:\/\/bookmaker-info.com\/es\/wordpress\/wp-content\/uploads\/2013\/06\/Neteller-Logo-Small-150x150.jpg 150w\" sizes=\"auto, (max-width: 200px) 100vw, 200px\" \/><\/a><br \/>\n<a href=\"http:\/\/wlnetelleragents.adsrv.eacdn.com\/C.ashx?btag=a_44958b_500c_&amp;affid=15036&amp;siteid=44958&amp;adid=500&amp;c=\">NETELLER<\/a><\/p>\n","protected":false},"excerpt":{"rendered":"<p>\uff08\uff11\uff09Haz clic en el logotipo o en el v\u00ednculo de abajo para ingresar a NETELLER NETELLER \uff08\uff12\uff09Haz clic en \u201cReg\u00edstrese gratuitamente\u201d en la mitad de la pantalla Si el sitio no se muestra en tu idioma preferido, puedes cambiar el idioma al ir a la esquina superior derecha de la pantalla para seleccionar el idioma [&hellip;]<\/p>\n","protected":false},"author":1,"featured_media":0,"parent":0,"menu_order":0,"comment_status":"open","ping_status":"closed","template":"","meta":{"footnotes":""},"class_list":["post-77","page","type-page","status-publish","hentry"],"_links":{"self":[{"href":"https:\/\/bookmaker-info.com\/es\/wp-json\/wp\/v2\/pages\/77","targetHints":{"allow":["GET"]}}],"collection":[{"href":"https:\/\/bookmaker-info.com\/es\/wp-json\/wp\/v2\/pages"}],"about":[{"href":"https:\/\/bookmaker-info.com\/es\/wp-json\/wp\/v2\/types\/page"}],"author":[{"embeddable":true,"href":"https:\/\/bookmaker-info.com\/es\/wp-json\/wp\/v2\/users\/1"}],"replies":[{"embeddable":true,"href":"https:\/\/bookmaker-info.com\/es\/wp-json\/wp\/v2\/comments?post=77"}],"version-history":[{"count":40,"href":"https:\/\/bookmaker-info.com\/es\/wp-json\/wp\/v2\/pages\/77\/revisions"}],"predecessor-version":[{"id":13134,"href":"https:\/\/bookmaker-info.com\/es\/wp-json\/wp\/v2\/pages\/77\/revisions\/13134"}],"wp:attachment":[{"href":"https:\/\/bookmaker-info.com\/es\/wp-json\/wp\/v2\/media?parent=77"}],"curies":[{"name":"wp","href":"https:\/\/api.w.org\/{rel}","templated":true}]}}