{"id":773,"date":"2013-07-28T19:33:41","date_gmt":"2013-07-28T10:33:41","guid":{"rendered":"http:\/\/bookmaker-info.com\/?page_id=773"},"modified":"2020-02-03T09:18:25","modified_gmt":"2020-02-03T09:18:25","slug":"william-hill-apuesta","status":"publish","type":"page","link":"https:\/\/bookmaker-info.com\/es\/william-hill-apuesta","title":{"rendered":"C\u00f3mo Apostar en William Hill"},"content":{"rendered":"<h2 class=\"title\">\uff08\uff11\uff09Inicia sesi\u00f3n en William Hill<\/h2>\n<p><a href=\"https:\/\/campaigns.williamhill.com\/C.ashx?btag=a_35862b_793c_&amp;affid=1597071&amp;siteid=35862&amp;adid=793&amp;c=\">William Hill<\/a><\/p>\n<p><a href=\"http:\/\/bookmaker-info.com\/es\/wordpress\/wp-content\/uploads\/2013\/07\/william_hill_apuesta_1.png\"><img loading=\"lazy\" decoding=\"async\" class=\"alignnone size-full wp-image-11878\" src=\"http:\/\/bookmaker-info.com\/es\/wordpress\/wp-content\/uploads\/2013\/07\/william_hill_apuesta_1.png\" alt=\"William Hill Apuesta\" width=\"993\" height=\"266\" srcset=\"https:\/\/bookmaker-info.com\/es\/wordpress\/wp-content\/uploads\/2013\/07\/william_hill_apuesta_1.png 993w, https:\/\/bookmaker-info.com\/es\/wordpress\/wp-content\/uploads\/2013\/07\/william_hill_apuesta_1-300x80.png 300w, https:\/\/bookmaker-info.com\/es\/wordpress\/wp-content\/uploads\/2013\/07\/william_hill_apuesta_1-624x167.png 624w\" sizes=\"auto, (max-width: 993px) 100vw, 993px\" \/><\/a><\/p>\n<p>Si el sitio no se muestra en tu idioma preferido, puedes cambiar el idioma al ir a la esquina superior derecha de la pantalla para seleccionar el idioma de tu preferencia.<\/p>\n<p>Despu\u00e9s de introducir tu Nombre de Usuario y Contrase\u00f1a, haz clic en \u201cInciar\u201d para iniciar sesi\u00f3n.<\/p>\n<h2 class=\"title\">\uff08\uff12\uff09Haz clic en \u201cDeportes\u201d en la pesta\u00f1a del men\u00fa en la esquina superior izquierda<\/h2>\n<p><a href=\"http:\/\/bookmaker-info.com\/es\/wordpress\/wp-content\/uploads\/2013\/07\/william_hill_apuesta_2.png\"><img loading=\"lazy\" decoding=\"async\" class=\"alignnone size-full wp-image-11879\" src=\"http:\/\/bookmaker-info.com\/es\/wordpress\/wp-content\/uploads\/2013\/07\/william_hill_apuesta_2.png\" alt=\"William Hill Apuesta\" width=\"993\" height=\"268\" srcset=\"https:\/\/bookmaker-info.com\/es\/wordpress\/wp-content\/uploads\/2013\/07\/william_hill_apuesta_2.png 993w, https:\/\/bookmaker-info.com\/es\/wordpress\/wp-content\/uploads\/2013\/07\/william_hill_apuesta_2-300x80.png 300w, https:\/\/bookmaker-info.com\/es\/wordpress\/wp-content\/uploads\/2013\/07\/william_hill_apuesta_2-624x168.png 624w\" sizes=\"auto, (max-width: 993px) 100vw, 993px\" \/><\/a><\/p>\n<p>Luego de hacer clic en \u201cDeportes\u201d, muchas categor\u00edas de deportes aparecer\u00e1n en la parte superior de la pantalla.<\/p>\n<p>En este ejemplo, te mostraremos c\u00f3mo apostar en un juego de la Liga Premier de Inglaterra. Primero, haz clic en \u201cF\u00fatbol\u201d en la lista de deportes ubicada en la parte superior de la pantalla.<\/p>\n<p><a href=\"http:\/\/bookmaker-info.com\/es\/wordpress\/wp-content\/uploads\/2013\/07\/william_hill_apuesta_3.png\"><img loading=\"lazy\" decoding=\"async\" class=\"alignnone size-full wp-image-11880\" src=\"http:\/\/bookmaker-info.com\/es\/wordpress\/wp-content\/uploads\/2013\/07\/william_hill_apuesta_3.png\" alt=\"William Hill Apuesta\" width=\"658\" height=\"508\" srcset=\"https:\/\/bookmaker-info.com\/es\/wordpress\/wp-content\/uploads\/2013\/07\/william_hill_apuesta_3.png 658w, https:\/\/bookmaker-info.com\/es\/wordpress\/wp-content\/uploads\/2013\/07\/william_hill_apuesta_3-300x231.png 300w, https:\/\/bookmaker-info.com\/es\/wordpress\/wp-content\/uploads\/2013\/07\/william_hill_apuesta_3-624x481.png 624w\" sizes=\"auto, (max-width: 658px) 100vw, 658px\" \/><\/a><\/p>\n<p>Luego haz clic en \u201cLigas y torneos\u201d y luego despl\u00e1zate hacia abajo, en la lista de ligas y selecciona Inglaterra &#8211; Premier League.<\/p>\n<h2 class=\"title\">\uff08\uff13\uff09Selecciona el tipo de apuesta<\/h2>\n<p><a href=\"http:\/\/bookmaker-info.com\/es\/wordpress\/wp-content\/uploads\/2013\/07\/william_hill_apuesta_4.png\"><img loading=\"lazy\" decoding=\"async\" class=\"alignnone size-full wp-image-11881\" src=\"http:\/\/bookmaker-info.com\/es\/wordpress\/wp-content\/uploads\/2013\/07\/william_hill_apuesta_4.png\" alt=\"William Hill Apuesta\" width=\"646\" height=\"322\" srcset=\"https:\/\/bookmaker-info.com\/es\/wordpress\/wp-content\/uploads\/2013\/07\/william_hill_apuesta_4.png 646w, https:\/\/bookmaker-info.com\/es\/wordpress\/wp-content\/uploads\/2013\/07\/william_hill_apuesta_4-300x149.png 300w, https:\/\/bookmaker-info.com\/es\/wordpress\/wp-content\/uploads\/2013\/07\/william_hill_apuesta_4-624x311.png 624w\" sizes=\"auto, (max-width: 646px) 100vw, 646px\" \/><\/a><\/p>\n<p>Uno de los tipos de apuestas m\u00e1s f\u00e1ciles de entender es el &#8220;Resultado del Tiempo Completo&#8221; (tambi\u00e9n conocido como Apuesta del Juego o L\u00ednea de Dinero). Un Resultado del Tiempo Completo significa que predices que equipo piensas que ganar\u00e1 o empatar\u00e1. En nuestro ejemplo anterior, tenemos tres opciones ya sea prediciendo 1 &#8211; Casa) que el Man City gana, 2 &#8211; Visitante) el West Brom gana o X &#8211; Empate)&nbsp;el Man City empata con el West Brom. En este ejemplo, escogeremos a Man City como ganador, por lo tanto haremos clic en las cuotas 1.33.<\/p>\n<p><a href=\"http:\/\/bookmaker-info.com\/es\/wordpress\/wp-content\/uploads\/2013\/07\/william_hill_apuesta_5.png\"><img loading=\"lazy\" decoding=\"async\" class=\"alignnone size-full wp-image-11882\" src=\"http:\/\/bookmaker-info.com\/es\/wordpress\/wp-content\/uploads\/2013\/07\/william_hill_apuesta_5.png\" alt=\"William Hill Apuesta\" width=\"646\" height=\"322\" srcset=\"https:\/\/bookmaker-info.com\/es\/wordpress\/wp-content\/uploads\/2013\/07\/william_hill_apuesta_5.png 646w, https:\/\/bookmaker-info.com\/es\/wordpress\/wp-content\/uploads\/2013\/07\/william_hill_apuesta_5-300x149.png 300w, https:\/\/bookmaker-info.com\/es\/wordpress\/wp-content\/uploads\/2013\/07\/william_hill_apuesta_5-624x311.png 624w\" sizes=\"auto, (max-width: 646px) 100vw, 646px\" \/><\/a><\/p>\n<p>\u203b Ten en cuenta que la fecha y la hora del partido est\u00e1n a la izquierda de la pantalla. La fecha y hora se muestran seg\u00fan la zona horaria que tu seleccionaste la primera vez que entraste al sitio. Para cambiar tu zona de horario preferida, haz clic en \u201cMi cuenta\u201d en la parte superior de la pantalla.<\/p>\n<p><a href=\"http:\/\/bookmaker-info.com\/es\/wordpress\/wp-content\/uploads\/2013\/07\/william_hill_apuesta_6.png\"><img loading=\"lazy\" decoding=\"async\" class=\"alignnone size-full wp-image-11883\" src=\"http:\/\/bookmaker-info.com\/es\/wordpress\/wp-content\/uploads\/2013\/07\/william_hill_apuesta_6.png\" alt=\"William Hill Apuesta\" width=\"994\" height=\"269\" srcset=\"https:\/\/bookmaker-info.com\/es\/wordpress\/wp-content\/uploads\/2013\/07\/william_hill_apuesta_6.png 994w, https:\/\/bookmaker-info.com\/es\/wordpress\/wp-content\/uploads\/2013\/07\/william_hill_apuesta_6-300x81.png 300w, https:\/\/bookmaker-info.com\/es\/wordpress\/wp-content\/uploads\/2013\/07\/william_hill_apuesta_6-624x168.png 624w\" sizes=\"auto, (max-width: 994px) 100vw, 994px\" \/><\/a><\/p>\n<p>Luego haga clic en \u201cActualizar datos de la cuenta\u201d en la pantalla de Resumen de mi cuenta.<\/p>\n<p><a href=\"http:\/\/bookmaker-info.com\/es\/wordpress\/wp-content\/uploads\/2013\/07\/william_hill_apuesta_7.png\"><img loading=\"lazy\" decoding=\"async\" class=\"alignnone size-full wp-image-11884\" src=\"http:\/\/bookmaker-info.com\/es\/wordpress\/wp-content\/uploads\/2013\/07\/william_hill_apuesta_7.png\" alt=\"William Hill Apuesta\" width=\"548\" height=\"416\" srcset=\"https:\/\/bookmaker-info.com\/es\/wordpress\/wp-content\/uploads\/2013\/07\/william_hill_apuesta_7.png 548w, https:\/\/bookmaker-info.com\/es\/wordpress\/wp-content\/uploads\/2013\/07\/william_hill_apuesta_7-300x227.png 300w\" sizes=\"auto, (max-width: 548px) 100vw, 548px\" \/><\/a><\/p>\n<p>Desde la pantalla de \u201cActualizar datos de cuenta y preferencias\u201d, podr\u00e1s cambiar tu zona horaria preferida en la secci\u00f3n de \u201cZonas horarias\u201d. Para finalizar el cambio, haga clic en \u201cActualizar datos\u201d al final.<\/p>\n<p><a href=\"http:\/\/bookmaker-info.com\/es\/wordpress\/wp-content\/uploads\/2013\/07\/william_hill_apuesta_8.png\"><img loading=\"lazy\" decoding=\"async\" class=\"alignnone size-full wp-image-11885\" src=\"http:\/\/bookmaker-info.com\/es\/wordpress\/wp-content\/uploads\/2013\/07\/william_hill_apuesta_8.png\" alt=\"William Hill Apuesta\" width=\"822\" height=\"885\" srcset=\"https:\/\/bookmaker-info.com\/es\/wordpress\/wp-content\/uploads\/2013\/07\/william_hill_apuesta_8.png 822w, https:\/\/bookmaker-info.com\/es\/wordpress\/wp-content\/uploads\/2013\/07\/william_hill_apuesta_8-278x300.png 278w, https:\/\/bookmaker-info.com\/es\/wordpress\/wp-content\/uploads\/2013\/07\/william_hill_apuesta_8-624x671.png 624w\" sizes=\"auto, (max-width: 822px) 100vw, 822px\" \/><\/a><\/p>\n<h2 class=\"title\">\uff08\uff14\uff09Introduce el monto de tu apuesta<\/h2>\n<p>Despu\u00e9s de hacer clic en las cuotas donde te gustar\u00eda apostar, la selecci\u00f3n de tu apuesta se mostrar\u00e1 debajo de \u201cCup\u00f3n\u201d ubicado a la derecha de la pantalla.<\/p>\n<p><a href=\"http:\/\/bookmaker-info.com\/es\/wordpress\/wp-content\/uploads\/2013\/07\/william_hill_apuesta_9.png\"><img loading=\"lazy\" decoding=\"async\" class=\"alignnone size-full wp-image-11886\" src=\"http:\/\/bookmaker-info.com\/es\/wordpress\/wp-content\/uploads\/2013\/07\/william_hill_apuesta_9.png\" alt=\"William Hill Apuesta\" width=\"966\" height=\"390\" srcset=\"https:\/\/bookmaker-info.com\/es\/wordpress\/wp-content\/uploads\/2013\/07\/william_hill_apuesta_9.png 966w, https:\/\/bookmaker-info.com\/es\/wordpress\/wp-content\/uploads\/2013\/07\/william_hill_apuesta_9-300x121.png 300w, https:\/\/bookmaker-info.com\/es\/wordpress\/wp-content\/uploads\/2013\/07\/william_hill_apuesta_9-624x251.png 624w\" sizes=\"auto, (max-width: 966px) 100vw, 966px\" \/><\/a><\/p>\n<p>Una vez que introduces tu participaci\u00f3n o apuesta (la cantidad de dinero que te gustar\u00eda apostar), la cantidad de dinero (participaci\u00f3n + ganancia) que te ser\u00eda devuelta si ganar\u00e1s la apuesta se mostrar\u00eda autom\u00e1ticamente debajo de \u201cGanancia potencial\u201d.<\/p>\n<p>Una vez que colocaste tu participaci\u00f3n en la apuesta, haz clic en el bot\u00f3n verde de \u201cHACER APUESTA\u201d para finalizar t\u00fa(s) apuesta(s).<\/p>\n<h2 class=\"title\">\u203b Otras Opciones de Apuesta<\/h2>\n<p>Si consultas la captura de pantalla a continuaci\u00f3n ver\u00e1s un &#8220;+143 Apuestas&#8221; a la derecha de las cuotas del juego. Si haces clic en esta pesta\u00f1a, todos los tipos de apuestas disponibles (143 en este ejemplo) se mostrar\u00e1n para este juego en particular.<\/p>\n<p><a href=\"http:\/\/bookmaker-info.com\/es\/wordpress\/wp-content\/uploads\/2013\/07\/william_hill_apuesta_10.png\"><img loading=\"lazy\" decoding=\"async\" class=\"alignnone size-full wp-image-11887\" src=\"http:\/\/bookmaker-info.com\/es\/wordpress\/wp-content\/uploads\/2013\/07\/william_hill_apuesta_10.png\" alt=\"William Hill Apuesta\" width=\"646\" height=\"322\" srcset=\"https:\/\/bookmaker-info.com\/es\/wordpress\/wp-content\/uploads\/2013\/07\/william_hill_apuesta_10.png 646w, https:\/\/bookmaker-info.com\/es\/wordpress\/wp-content\/uploads\/2013\/07\/william_hill_apuesta_10-300x149.png 300w, https:\/\/bookmaker-info.com\/es\/wordpress\/wp-content\/uploads\/2013\/07\/william_hill_apuesta_10-624x311.png 624w\" sizes=\"auto, (max-width: 646px) 100vw, 646px\" \/><\/a><\/p>\n<h2 class=\"title\">Ejemplos de otras opciones de apuesta<\/h2>\n<p><strong>Doble Oportunidad<a href=\"http:\/\/bookmaker-info.com\/es\/wordpress\/wp-content\/uploads\/2013\/07\/william_hill_apuesta_11.png\"><img loading=\"lazy\" decoding=\"async\" class=\"alignnone wp-image-11888\" title=\"William Hill Apuesta - Doble Oportunidad\" src=\"http:\/\/bookmaker-info.com\/es\/wordpress\/wp-content\/uploads\/2013\/07\/william_hill_apuesta_11.png\" alt=\"William Hill Apuesta - Doble Oportunidad\" width=\"634\" height=\"43\" srcset=\"https:\/\/bookmaker-info.com\/es\/wordpress\/wp-content\/uploads\/2013\/07\/william_hill_apuesta_11.png 634w, https:\/\/bookmaker-info.com\/es\/wordpress\/wp-content\/uploads\/2013\/07\/william_hill_apuesta_11-300x20.png 300w, https:\/\/bookmaker-info.com\/es\/wordpress\/wp-content\/uploads\/2013\/07\/william_hill_apuesta_11-624x42.png 624w\" sizes=\"auto, (max-width: 634px) 100vw, 634px\" \/><\/a><\/strong><\/p>\n<p>Una apuesta de \u201cDoble Oportunidad\u201d significa que puedes apostar una vez a dos resultados diferentes tal como, 1) el equipo local gana o empata, 2) el equipo visitante gana o empata, 3) no hay empate, lo que significa que el equipo local gana o el visitante gana.<\/p>\n<p><strong>Resultado Exacto<a href=\"http:\/\/bookmaker-info.com\/es\/wordpress\/wp-content\/uploads\/2013\/07\/william_hill_apuesta_12.png\"><img loading=\"lazy\" decoding=\"async\" class=\"alignnone wp-image-11889\" title=\"William Hill Apuesta - Resultado Exacto\" src=\"http:\/\/bookmaker-info.com\/es\/wordpress\/wp-content\/uploads\/2013\/07\/william_hill_apuesta_12.png\" alt=\"William Hill Apuesta - Resultado Exacto\" width=\"634\" height=\"268\" srcset=\"https:\/\/bookmaker-info.com\/es\/wordpress\/wp-content\/uploads\/2013\/07\/william_hill_apuesta_12.png 634w, https:\/\/bookmaker-info.com\/es\/wordpress\/wp-content\/uploads\/2013\/07\/william_hill_apuesta_12-300x126.png 300w, https:\/\/bookmaker-info.com\/es\/wordpress\/wp-content\/uploads\/2013\/07\/william_hill_apuesta_12-624x263.png 624w\" sizes=\"auto, (max-width: 634px) 100vw, 634px\" \/><\/a><\/strong><\/p>\n<p>Una apuesta de \u201cResultado Exacto\u201d significa que puedes apostarle al que tu piensas que ser\u00e1 el marcador final del partido.<\/p>\n<p><strong>Doble Resultado<a href=\"http:\/\/bookmaker-info.com\/es\/wordpress\/wp-content\/uploads\/2013\/07\/william_hill_apuesta_13.png\"><img loading=\"lazy\" decoding=\"async\" class=\"alignnone wp-image-11890\" title=\"William Hill Apuesta - Doble Resultado\" src=\"http:\/\/bookmaker-info.com\/es\/wordpress\/wp-content\/uploads\/2013\/07\/william_hill_apuesta_13.png\" alt=\"William Hill Apuesta - Doble Resultado\" width=\"633\" height=\"89\" srcset=\"https:\/\/bookmaker-info.com\/es\/wordpress\/wp-content\/uploads\/2013\/07\/william_hill_apuesta_13.png 633w, https:\/\/bookmaker-info.com\/es\/wordpress\/wp-content\/uploads\/2013\/07\/william_hill_apuesta_13-300x42.png 300w, https:\/\/bookmaker-info.com\/es\/wordpress\/wp-content\/uploads\/2013\/07\/william_hill_apuesta_13-624x87.png 624w\" sizes=\"auto, (max-width: 633px) 100vw, 633px\" \/><\/a><\/strong><\/p>\n<p>Una apuesta de \u201cDoble Resultado&#8221; o &#8220;Descanso\/Final\u201d significa que puedes apostarle al resultado correcto que piensas se dar\u00e1 en el primer tiempo y tambi\u00e9n en el marcador final. Utilizando el ejemplo de Man City &#8211; West Brom, si el marcador en el medio tiempo es de 0-1 y el marcador final es de 2-1, necesitar\u00edas apostar a &#8220;West Brom\/Man City&#8221; para poder ganar la apuesta.<\/p>\n<p><strong>Total de Goles del Partido M\u00e1s\/Menos<a href=\"http:\/\/bookmaker-info.com\/es\/wordpress\/wp-content\/uploads\/2013\/07\/william_hill_apuesta_14.png\"><img loading=\"lazy\" decoding=\"async\" class=\"alignnone wp-image-11891\" title=\"William Hill Apuesta - Total de Goles del Partido M\u00e1s\/Menos\" src=\"http:\/\/bookmaker-info.com\/es\/wordpress\/wp-content\/uploads\/2013\/07\/william_hill_apuesta_14.png\" alt=\"William Hill Apuesta - Total de Goles del Partido M\u00e1s\/Menos\" width=\"634\" height=\"163\" srcset=\"https:\/\/bookmaker-info.com\/es\/wordpress\/wp-content\/uploads\/2013\/07\/william_hill_apuesta_14.png 634w, https:\/\/bookmaker-info.com\/es\/wordpress\/wp-content\/uploads\/2013\/07\/william_hill_apuesta_14-300x77.png 300w, https:\/\/bookmaker-info.com\/es\/wordpress\/wp-content\/uploads\/2013\/07\/william_hill_apuesta_14-624x160.png 624w\" sizes=\"auto, (max-width: 634px) 100vw, 634px\" \/><\/a><\/strong><\/p>\n<p>Una apuesta de \u201cTotal de Goles del Partido M\u00e1s\/Menos\u201d que siempre se fija en &#8220;M\u00e1s de X.5&#8221; y &#8220;Menos de X.5&#8221;, significa que apuestas al n\u00famero total de goles que crees ser\u00e1n anotados en un partido. &#8220;M\u00e1s de 2.5&#8221; significa que 3 goles o m\u00e1s ser\u00edan una apuesta ganadora mientras que &#8220;Menos de 2.5&#8221; significa que 2 goles o menos ser\u00edan una apuesta ganadora.<\/p>\n<p><strong>Victoria Sin Empate<a href=\"http:\/\/bookmaker-info.com\/es\/wordpress\/wp-content\/uploads\/2013\/07\/william_hill_apuesta_15.png\"><img loading=\"lazy\" decoding=\"async\" class=\"alignnone wp-image-11892\" title=\"William Hill Apuesta - Victoria Sin Empate\" src=\"http:\/\/bookmaker-info.com\/es\/wordpress\/wp-content\/uploads\/2013\/07\/william_hill_apuesta_15.png\" alt=\"William Hill Apuesta - Victoria Sin Empate\" width=\"634\" height=\"43\" srcset=\"https:\/\/bookmaker-info.com\/es\/wordpress\/wp-content\/uploads\/2013\/07\/william_hill_apuesta_15.png 634w, https:\/\/bookmaker-info.com\/es\/wordpress\/wp-content\/uploads\/2013\/07\/william_hill_apuesta_15-300x20.png 300w, https:\/\/bookmaker-info.com\/es\/wordpress\/wp-content\/uploads\/2013\/07\/william_hill_apuesta_15-624x42.png 624w\" sizes=\"auto, (max-width: 634px) 100vw, 634px\" \/><\/a><\/strong><\/p>\n<p>Una apuesta de&nbsp;\u201cVictoria Sin Empate\u201d significa que apostaste en el equipo que piensas que ganar\u00e1. Si el resultado es un empate, entonces tu participaci\u00f3n o apuesta ser\u00e1 reembolsada y no incurrir\u00e1 en ninguna p\u00e9rdida.<\/p>\n<p><a href=\"https:\/\/campaigns.williamhill.com\/C.ashx?btag=a_35862b_793c_&amp;affid=1597071&amp;siteid=35862&amp;adid=793&amp;c=\"><img loading=\"lazy\" decoding=\"async\" class=\"alignnone size-full wp-image-2772\" title=\"William Hill Logotipo\" src=\"http:\/\/bookmaker-info.com\/wordpress\/wp-content\/uploads\/2013\/06\/whLogo2.jpg\" alt=\"William Hill Logotipo\" width=\"212\" height=\"77\"><br \/>\n<\/a><a href=\"https:\/\/campaigns.williamhill.com\/C.ashx?btag=a_35862b_793c_&amp;affid=1597071&amp;siteid=35862&amp;adid=793&amp;c=\">William Hill<\/a><\/p>\n","protected":false},"excerpt":{"rendered":"<p>\uff08\uff11\uff09Inicia sesi\u00f3n en William Hill William Hill Si el sitio no se muestra en tu idioma preferido, puedes cambiar el idioma al ir a la esquina superior derecha de la pantalla para seleccionar el idioma de tu preferencia. Despu\u00e9s de introducir tu Nombre de Usuario y Contrase\u00f1a, haz clic en \u201cInciar\u201d para iniciar sesi\u00f3n. \uff08\uff12\uff09Haz [&hellip;]<\/p>\n","protected":false},"author":1,"featured_media":0,"parent":0,"menu_order":0,"comment_status":"open","ping_status":"closed","template":"","meta":{"footnotes":""},"class_list":["post-773","page","type-page","status-publish","hentry"],"_links":{"self":[{"href":"https:\/\/bookmaker-info.com\/es\/wp-json\/wp\/v2\/pages\/773","targetHints":{"allow":["GET"]}}],"collection":[{"href":"https:\/\/bookmaker-info.com\/es\/wp-json\/wp\/v2\/pages"}],"about":[{"href":"https:\/\/bookmaker-info.com\/es\/wp-json\/wp\/v2\/types\/page"}],"author":[{"embeddable":true,"href":"https:\/\/bookmaker-info.com\/es\/wp-json\/wp\/v2\/users\/1"}],"replies":[{"embeddable":true,"href":"https:\/\/bookmaker-info.com\/es\/wp-json\/wp\/v2\/comments?post=773"}],"version-history":[{"count":34,"href":"https:\/\/bookmaker-info.com\/es\/wp-json\/wp\/v2\/pages\/773\/revisions"}],"predecessor-version":[{"id":13140,"href":"https:\/\/bookmaker-info.com\/es\/wp-json\/wp\/v2\/pages\/773\/revisions\/13140"}],"wp:attachment":[{"href":"https:\/\/bookmaker-info.com\/es\/wp-json\/wp\/v2\/media?parent=773"}],"curies":[{"name":"wp","href":"https:\/\/api.w.org\/{rel}","templated":true}]}}