{"id":7841,"date":"2014-08-25T11:26:16","date_gmt":"2014-08-25T02:26:16","guid":{"rendered":"http:\/\/bookmaker-info.com\/en\/?page_id=7841"},"modified":"2020-01-11T04:59:41","modified_gmt":"2020-01-11T04:59:41","slug":"neteller-perfil","status":"publish","type":"page","link":"https:\/\/bookmaker-info.com\/es\/neteller-perfil","title":{"rendered":"Perfil NETELLER"},"content":{"rendered":"<p style=\"text-align: center;\"><a href=\"http:\/\/wlnetelleragents.adsrv.eacdn.com\/C.ashx?btag=a_44958b_500c_&amp;affid=15036&amp;siteid=44958&amp;adid=500&amp;c=\"><img loading=\"lazy\" decoding=\"async\" class=\"aligncenter wp-image-7856 size-full\" title=\"NETELLER Logotipo\" src=\"http:\/\/bookmaker-info.com\/es\/wordpress\/wp-content\/uploads\/2014\/08\/neteller-logo-big.jpg\" alt=\"NETELLER Logotipo\" width=\"560\" height=\"252\" srcset=\"https:\/\/bookmaker-info.com\/es\/wordpress\/wp-content\/uploads\/2014\/08\/neteller-logo-big.jpg 560w, https:\/\/bookmaker-info.com\/es\/wordpress\/wp-content\/uploads\/2014\/08\/neteller-logo-big-300x135.jpg 300w\" sizes=\"auto, (max-width: 560px) 100vw, 560px\" \/><\/a><\/p>\n<h2>NETELLER<\/h2>\n<p><strong>Ubicaci\u00f3n:<\/strong> <a href=\"http:\/\/es.wikipedia.org\/wiki\/Isla_de_Man\">Isla de Man<\/a><br \/>\n<strong>Establecido: <\/strong>1999<br \/>\n<strong>Tipo:<\/strong> Empresa que Cotiza en la Bolsa (Bolsa de Valores de Londres)<br \/>\n<strong>Regulado Por:<\/strong> <a href=\"http:\/\/www.fca.org.uk\/\">Financial Conduct Authority (FCA)<\/a><\/p>\n<table id=\"page_table\">\n<tbody>\n<tr>\n<th style=\"text-align: center;\" colspan=\"3\"><span style=\"font-size: medium;\">NETELLER Divisas<\/span><\/th>\n<\/tr>\n<tr>\n<td style=\"text-align: center;\">D\u00f3lar Australiano (AUD)<\/td>\n<td style=\"text-align: center;\">Forint de Hungr\u00eda (HUF)<\/td>\n<td style=\"text-align: center;\">Zloty Polaco (PLN)<\/td>\n<\/tr>\n<tr>\n<td style=\"text-align: center;\">Lev B\u00falgaro (BGN)<\/td>\n<td style=\"text-align: center;\">Rupia de la India (INR)<\/td>\n<td style=\"text-align: center;\">Leu Rumano (RON)<\/td>\n<\/tr>\n<tr>\n<td style=\"text-align: center;\">Real de Brasil (BRL)<\/td>\n<td style=\"text-align: center;\">Yen Japon\u00e9s (JPY)<\/td>\n<td style=\"text-align: center;\">Rublo Ruso (RUB)<\/td>\n<\/tr>\n<tr>\n<td style=\"text-align: center;\">D\u00f3lar Canadiense (CAD)<\/td>\n<td style=\"text-align: center;\">Won Surcoreano (KRW)<\/td>\n<td style=\"text-align: center;\">Corona Sueca (SEK)<\/td>\n<\/tr>\n<tr>\n<td style=\"text-align: center;\">Franco Suizo (CHF)<\/td>\n<td style=\"text-align: center;\">Litas Lituania (LTL)<\/td>\n<td style=\"text-align: center;\">D\u00f3lar de Singapur (SGD)<\/td>\n<\/tr>\n<tr>\n<td style=\"text-align: center;\">Corona Danesa (DKK)<\/td>\n<td style=\"text-align: center;\">Dirham Marroqu\u00ed (MAD)<\/td>\n<td style=\"text-align: center;\">Dinar Tunecino (TND)<\/td>\n<\/tr>\n<tr>\n<td style=\"text-align: center;\">Corona Estonia (EEK)<\/td>\n<td style=\"text-align: center;\">Peso Mexicano (MXN)<\/td>\n<td style=\"text-align: center;\">Nuevo D\u00f3lar Taiwan\u00e9s (TWD)<\/td>\n<\/tr>\n<tr>\n<td style=\"text-align: center;\">Euro (EUR)<\/td>\n<td style=\"text-align: center;\">Ringgit Malasio (MYR)<\/td>\n<td style=\"text-align: center;\">D\u00f3lar Estadounidense (USD)<\/td>\n<\/tr>\n<tr>\n<td style=\"text-align: center;\">Libra Brit\u00e1nica (GBP)<\/td>\n<td style=\"text-align: center;\">Corona Noruega (NOK)<\/td>\n<td style=\"text-align: center;\">Rand Sudafricano (ZAR)<\/td>\n<\/tr>\n<\/tbody>\n<\/table>\n<h3>\u00bfPorque NETELLER?<\/h3>\n<p>Disponible en 15 idiomas, NETELLER es un conveniente m\u00e9todo de transferencia que le permite depositar y retirar fondos desde cualquier lugar desde cantidades peque\u00f1as a grandes de dinero (por ejemplo, US$10,000\/\u20ac10,000\/\u00a310,000 o m\u00e1s) hacia y desde corredores de apuestas en l\u00ednea de manera eficiente. Adem\u00e1s de NETELLER (y Skrill), la \u00fanica otra opci\u00f3n disponible para los jugadores que quieren transferir grandes cantidades de dinero ser\u00eda mediante una transferencia bancaria internacional. Como las transferencias bancarias internacionales toman tiempo y est\u00e1n sujetas a altas tarifas por transferencia, recomendamos NETELLER para poder realizar transferencias de dinero hacia y desde corredores de apuestas en l\u00ednea.<\/p>\n<p><img loading=\"lazy\" decoding=\"async\" class=\" wp-image-7868 alignright\" title=\"NETELLER Net+ Prepaid MasterCard\" src=\"http:\/\/bookmaker-info.com\/en\/wordpress\/wp-content\/uploads\/2014\/08\/neteller_card.png\" alt=\"NETELLER Net+ Prepaid MasterCard\" width=\"240\" height=\"150\" srcset=\"https:\/\/bookmaker-info.com\/es\/wordpress\/wp-content\/uploads\/2014\/08\/neteller_card.png 485w, https:\/\/bookmaker-info.com\/es\/wordpress\/wp-content\/uploads\/2014\/08\/neteller_card-300x189.png 300w\" sizes=\"auto, (max-width: 240px) 100vw, 240px\" \/>Otra ventaja de crear una cuenta NETELLER es que usted puede solicitar una tarjeta de d\u00e9bito MasterCard prepago que puede usar para retirar fondos de su cuenta desde cajeros autom\u00e1ticos en todo el mundo. Los beneficios y tarifas asociadas con la tarjeta de d\u00e9bito MasterCard prepago NETELLER (Net+) son las siguientes:<\/p>\n<div style=\"text-indent: 10px;\"><strong>Beneficios:<\/strong><\/div>\n<ul>\n<li>Sin cuotas anuales, mensuales o por falta inactividad<\/li>\n<li>Los tarjetahabientes pueden retirar hasta US$3,300 (o su equivalente) de ATMs a la vez <em>*L\u00edmite de US$500 para tarjetahabientes de US Discover<\/em><\/li>\n<\/ul>\n<div style=\"text-indent: 10px;\"><strong>Tarifas:<\/strong><\/div>\n<ul>\n<li>Si su tarjeta Net+ est\u00e1 en una moneda diferente a su cuenta NETELLER, se le cobrar\u00e1 la tasa NETELLER de conversi\u00f3n de moneda del 2.95% por cada transacci\u00f3n Net+<\/li>\n<li>Si realiza una transacci\u00f3n Net+ en una moneda diferente a la de su tarjeta Net+, se le cobrar\u00e1 una tasa conversi\u00f3n de moneda del 2.95%<\/li>\n<li>Si su cuenta NETELLER est\u00e1 en una moneda diferente a su tarjeta Net+, y usted usa su tarjeta para realizar de nuevo transacciones en una moneda distinta, se le cobrar\u00e1 la tasa de conversi\u00f3n de moneda dos veces<\/li>\n<\/ul>\n<div style=\"text-indent: 10px;\"><strong>Recomendaci\u00f3n:<\/strong><\/div>\n<ul>\n<li>Para ahorrar dinero en las tasas de conversi\u00f3n de moneda cuando use su tarjeta prepago Net+, le recomendamos que escoja la misma moneda para sus transacciones en ATM y Punto de Venta (POS) si est\u00e1 disponible, o en la moneda de su cuenta NETELLER si su moneda ATM y POS no est\u00e1n disponibles<\/li>\n<\/ul>\n<div>Pero eso no es todo. Adem\u00e1s de la conveniencia y de contar con una tarjeta de d\u00e9bito de prepago, NETELLER incluye otros beneficios:<\/div>\n<ul>\n<li>Pagar en una tienda o transferir fondos con cualquier comerciante es gratuito <em>*si se hace en la misma moneda<\/em><\/li>\n<li>Recibir dinero no tiene costo<\/li>\n<li>Subir fondos a su cuenta NETELLER usualmente es gratis, pero algunas opciones incluyen un peque\u00f1o cobro <em>*en este momento no existen opciones gratuitas para due\u00f1os de cuentas en los EE.UU.<\/em><\/li>\n<li>Su cuenta NETELLER es gratuita siempre y cuando cuente con un balance y realice una transacci\u00f3n por lo menos cada 14 meses<\/li>\n<li>Los miembros VIP pagan tarifas tan bajas como del 1.25% para cambios de moneda <em>*detalles del programa VIP disponibles <a href=\"http:\/\/www.neteller.com\/es\/vip-es\/\">aqu\u00ed<\/a><\/em><\/li>\n<\/ul>\n<p>Si se necesita una conversi\u00f3n de moneda cuando usa su cuenta NETELLER para transferir fondos en l\u00ednea, considere que NETELLER agregar\u00e1 un cobr\u00f3 del 2.95% para cubrir las tarifas asociadas con dicha transacci\u00f3n.<\/p>\n<p>\u203b\u3000Como las tarifas de conversi\u00f3n de moneda pueden ser costosas, recomendamos que la moneda de su cuenta NETELLER y la moneda de su(s) cuenta(s) de apuestas en l\u00ednea sea la misma. Al seguir nuestra recomendaci\u00f3n, usted tendr\u00e1 acceso a m\u00e1s fondos con los cuales jugar en l\u00ednea, adem\u00e1s de que podr\u00e1 recibir sus fondos por completo cuando est\u00e9 listo para realizar un retiro.<\/p>\n<div class=\"bookmaker_link link_hover\"><a href=\"http:\/\/bookmaker-info.com\/es\/neteller-registro\">C\u00f3mo Abrir una Cuenta de NETELLER<\/a><\/div>\n<div class=\"bookmaker_link link_hover\"><a href=\"http:\/\/bookmaker-info.com\/es\/neteller-deposito\">C\u00f3mo Depositar en mi Cuenta de NETELLER<\/a><\/div>\n<div class=\"bookmaker_link link_hover\"><a href=\"http:\/\/bookmaker-info.com\/es\/neteller-retirada\">C\u00f3mo Retirar de mi Cuenta de NETELLER<\/a><\/div>\n","protected":false},"excerpt":{"rendered":"<p>NETELLER Ubicaci\u00f3n: Isla de Man Establecido: 1999 Tipo: Empresa que Cotiza en la Bolsa (Bolsa de Valores de Londres) Regulado Por: Financial Conduct Authority (FCA) NETELLER Divisas D\u00f3lar Australiano (AUD) Forint de Hungr\u00eda (HUF) Zloty Polaco (PLN) Lev B\u00falgaro (BGN) Rupia de la India (INR) Leu Rumano (RON) Real de Brasil (BRL) Yen Japon\u00e9s (JPY) [&hellip;]<\/p>\n","protected":false},"author":1,"featured_media":0,"parent":0,"menu_order":0,"comment_status":"open","ping_status":"closed","template":"","meta":{"footnotes":""},"class_list":["post-7841","page","type-page","status-publish","hentry"],"_links":{"self":[{"href":"https:\/\/bookmaker-info.com\/es\/wp-json\/wp\/v2\/pages\/7841","targetHints":{"allow":["GET"]}}],"collection":[{"href":"https:\/\/bookmaker-info.com\/es\/wp-json\/wp\/v2\/pages"}],"about":[{"href":"https:\/\/bookmaker-info.com\/es\/wp-json\/wp\/v2\/types\/page"}],"author":[{"embeddable":true,"href":"https:\/\/bookmaker-info.com\/es\/wp-json\/wp\/v2\/users\/1"}],"replies":[{"embeddable":true,"href":"https:\/\/bookmaker-info.com\/es\/wp-json\/wp\/v2\/comments?post=7841"}],"version-history":[{"count":32,"href":"https:\/\/bookmaker-info.com\/es\/wp-json\/wp\/v2\/pages\/7841\/revisions"}],"predecessor-version":[{"id":13137,"href":"https:\/\/bookmaker-info.com\/es\/wp-json\/wp\/v2\/pages\/7841\/revisions\/13137"}],"wp:attachment":[{"href":"https:\/\/bookmaker-info.com\/es\/wp-json\/wp\/v2\/media?parent=7841"}],"curies":[{"name":"wp","href":"https:\/\/api.w.org\/{rel}","templated":true}]}}