{"id":7842,"date":"2014-08-25T11:26:14","date_gmt":"2014-08-25T02:26:14","guid":{"rendered":"http:\/\/bookmaker-info.com\/en\/?page_id=7842"},"modified":"2020-01-11T04:26:56","modified_gmt":"2020-01-11T04:26:56","slug":"skrill-perfil","status":"publish","type":"page","link":"https:\/\/bookmaker-info.com\/es\/skrill-perfil","title":{"rendered":"Perfil Skrill"},"content":{"rendered":"<p><a href=\"https:\/\/account.skrill.com\/signup\/query?promo_id=16282954&amp;rid=47834868\"><img loading=\"lazy\" decoding=\"async\" class=\"alignnone wp-image-7864\" title=\"Skrill Logotipo\" src=\"http:\/\/bookmaker-info.com\/en\/wordpress\/wp-content\/uploads\/2014\/08\/skrill-logo.jpg\" alt=\"Skrill Logotipo\" width=\"730\" height=\"333\" srcset=\"https:\/\/bookmaker-info.com\/es\/wordpress\/wp-content\/uploads\/2014\/08\/skrill-logo.jpg 730w, https:\/\/bookmaker-info.com\/es\/wordpress\/wp-content\/uploads\/2014\/08\/skrill-logo-300x136.jpg 300w, https:\/\/bookmaker-info.com\/es\/wordpress\/wp-content\/uploads\/2014\/08\/skrill-logo-624x284.jpg 624w\" sizes=\"auto, (max-width: 730px) 100vw, 730px\" \/><\/a><\/p>\n<h2>Skrill<\/h2>\n<p><strong>Ubicaci\u00f3n:<\/strong> Inglaterra<br \/>\n<strong>Establecido:<\/strong> 2001<br \/>\n<strong>Tipo:<\/strong> Compa\u00f1\u00eda de Propiedad Privada<br \/>\n<strong>Regulado Por:<\/strong> <a href=\"http:\/\/www.fca.org.uk\/\">Financial Conduct Authority (FCA)<\/a><\/p>\n<table id=\"page_table\">\n<tbody>\n<tr>\n<th style=\"text-align: center;\" colspan=\"3\"><span style=\"font-size: medium;\">Skrill Divisas<\/span><\/th>\n<\/tr>\n<tr>\n<td style=\"text-align: center;\">Emiratos \u00c1rabes Unidos Dirham (AED)<\/td>\n<td style=\"text-align: center;\">Nuevo Shequel Israel\u00ed (ILS)<\/td>\n<td style=\"text-align: center;\">Zloty Polaco (PLN)<\/td>\n<\/tr>\n<tr>\n<td style=\"text-align: center;\">D\u00f3lar Australiano (AUD)<\/td>\n<td style=\"text-align: center;\">Rupia de la India (INR)<\/td>\n<td style=\"text-align: center;\">Rial Qatari (QAR)<\/td>\n<\/tr>\n<tr>\n<td style=\"text-align: center;\">Lev B\u00falgaro (BGN)<\/td>\n<td style=\"text-align: center;\">Corona Islandesa (ISK)<\/td>\n<td style=\"text-align: center;\">Leu Rumano (RON)<\/td>\n<\/tr>\n<tr>\n<td style=\"text-align: center;\">Dinar de Bahr\u00e9in (BHD)<\/td>\n<td style=\"text-align: center;\">Dinar Jordano (JOD)<\/td>\n<td style=\"text-align: center;\">Dinar Serbio (RSD)<\/td>\n<\/tr>\n<tr>\n<td style=\"text-align: center;\">D\u00f3lar Canadiense (CAD)<\/td>\n<td style=\"text-align: center;\">Yen Japon\u00e9s (JPY)<\/td>\n<td style=\"text-align: center;\">Riyal Saud\u00ed (SAR)<\/td>\n<\/tr>\n<tr>\n<td style=\"text-align: center;\">Franco Suizo (CHF)<\/td>\n<td style=\"text-align: center;\">Won Surcoreano (KRW)<\/td>\n<td style=\"text-align: center;\">Corona Sueca (SEK)<\/td>\n<\/tr>\n<tr>\n<td style=\"text-align: center;\">Corona Checa (CZK)<\/td>\n<td style=\"text-align: center;\">Dinar de Kuwaiti (KWD)<\/td>\n<td style=\"text-align: center;\">D\u00f3lar de Singapur (SGD)<\/td>\n<\/tr>\n<tr>\n<td style=\"text-align: center;\">Corona Danesa (DKK)<\/td>\n<td style=\"text-align: center;\">Litas Lituania (LTL)<\/td>\n<td style=\"text-align: center;\">Baht Tailand\u00e9s (THB)<\/td>\n<\/tr>\n<tr>\n<td style=\"text-align: center;\">Euro (EUR)<\/td>\n<td style=\"text-align: center;\">Moroccan Dirham (MAD)<\/td>\n<td style=\"text-align: center;\">Dinar Tunecino (TND)<\/td>\n<\/tr>\n<tr>\n<td style=\"text-align: center;\">Libra Brit\u00e1nica (GBP)<\/td>\n<td style=\"text-align: center;\">Ringgit Malasio (MYR)<\/td>\n<td style=\"text-align: center;\">Lira Turca (TRY)<\/td>\n<\/tr>\n<tr>\n<td style=\"text-align: center;\">D\u00f3lar de Hong Kong (HKD)<\/td>\n<td style=\"text-align: center;\">Corona Noruega (NOK)<\/td>\n<td style=\"text-align: center;\">Nuevo D\u00f3lar Taiwan\u00e9s (TWD)<\/td>\n<\/tr>\n<tr>\n<td style=\"text-align: center;\">Kuna Croata (HRK)<\/td>\n<td style=\"text-align: center;\">D\u00f3lar Neozeland\u00e9s (NZD)<\/td>\n<td style=\"text-align: center;\">D\u00f3lar Estadounidense (USD)<\/td>\n<\/tr>\n<tr>\n<td style=\"text-align: center;\">Forint de Hungr\u00eda (HUF)<\/td>\n<td style=\"text-align: center;\">Rial Omani (OMR)<\/td>\n<td style=\"text-align: center;\">Rand Sudafricano (ZAR)<\/td>\n<\/tr>\n<\/tbody>\n<\/table>\n<h3>\u00bfPorque Skrill?<\/h3>\n<p>Disponible en 12 idiomas Skrill (anteriormente Moneybookers) es un conveniente m\u00e9todo de transferencia que le permite depositar y retirar fondos desde cualquier lugar desde cantidades peque\u00f1as a grandes de dinero (por ejemplo, US$10,000\/\u20ac10,000\/\u00a310,000 o m\u00e1s) hacia y desde corredores de apuestas en l\u00ednea de manera eficiente. Adem\u00e1s de Skrill (y NETELLER), la \u00fanica otra opci\u00f3n disponible para los jugadores que quieren transferir grandes cantidades de dinero ser\u00eda mediante una transferencia bancaria internacional. Como las transferencias bancarias internacionales toman tiempo y est\u00e1n sujetas a altas tarifas por transferencia, recomendamos Skrill para poder realizar transferencias de dinero hacia y desde corredores de apuestas en l\u00ednea.<\/p>\n<p><img loading=\"lazy\" decoding=\"async\" class=\" wp-image-7871 alignright\" title=\"Skrill Prepaid MasterCard\" src=\"http:\/\/bookmaker-info.com\/en\/wordpress\/wp-content\/uploads\/2014\/08\/skrill_prepaid_mastercard.png\" alt=\"Skrill Prepaid MasterCard\" width=\"240\" height=\"150\" \/>Otra ventaja de crear una cuenta Skrill es que usted puede solicitar una tarjeta de d\u00e9bito MasterCard prepago que puede usar para retirar fondos de su cuenta desde cajeros autom\u00e1ticos en todo el mundo. Los beneficios y tarifas asociadas con la tarjeta de d\u00e9bito MasterCard prepago Skrill son las siguientes:<\/p>\n<div style=\"text-indent: 10px;\"><strong>Beneficios:<\/strong><\/div>\n<ul>\n<li>Compras en l\u00ednea y compras normales sin costo<\/li>\n<li>Tarjetas disponibles en EUR, GBP, PLN o USD para su uso a nivel mundial<\/li>\n<\/ul>\n<div style=\"text-indent: 10px;\"><strong>Tarifas:<\/strong><\/div>\n<ul>\n<li>Tarifa fija de \u20ac1.80 para transacciones locales o en el extranjero <em>*los ATM locales podr\u00edan aplicar un cobro adicional<\/em><\/li>\n<li>Tasa de conversi\u00f3n de moneda extranjera fija del 2.49%<\/li>\n<li>Tarifa de \u20ac10 por a\u00f1o por la tarjeta<\/li>\n<\/ul>\n<div>Pero eso no es todo. Adem\u00e1s de la conveniencia y de contar con una tarjeta de d\u00e9bito de prepago, Skrill incluye otros beneficios:<\/div>\n<ul>\n<li>Enviar dinero cuesta 1% de la cantidad enviada, pero solamente puede cobrarse un m\u00e1ximo de \u20ac10<\/li>\n<li>Pagar en una tienda o transferir fondos con cualquier comerciante es gratuito <em>*si se hace en la misma moneda<\/em><\/li>\n<li>Recibir dinero no tiene costo<\/li>\n<li>Subir fondos a su cuenta Skrill usualmente es gratis, pero algunas opciones incluyen un peque\u00f1o cobro<\/li>\n<li>Su cuenta Skrill es gratuita para uso personal si ingresa la misma o realiza una transacci\u00f3n por lo menos cada 12 meses <em>*si usted no lo hace, se aplicar\u00e1 una tarifa de EUR 1.00 (o su equivalente) que ser\u00e1 tomado <span style=\"text-decoration: underline;\">cada mes<\/span> de los fondos en su cuenta<\/em><\/li>\n<\/ul>\n<div>Tome nota que Skrill agregar\u00e1 los siguientes cobros para cubrir todas las transacciones relacionadas con conversi\u00f3n de monedas cuando se transfiera dinero de su cuenta en l\u00ednea:<\/div>\n<ul>\n<li>Cobro del 2.99% para transferencias entre monedas USD, GBP, EUR, CAD o PLN<\/li>\n<li>Cobro del 3.99% para transferencias entre monedas USD, GBP, EUR, CAD y PLN y cualquier otra moneda<\/li>\n<li>Cobro del 4.99% para transferencias de cualquier otra moneda<\/li>\n<\/ul>\n<p>\u203b\u3000Como las tarifas de conversi\u00f3n de moneda pueden ser costosas, recomendamos que la moneda de su cuenta Skrill y la moneda de su(s) cuenta(s) de apuestas en l\u00ednea sea la misma. Al seguir nuestra recomendaci\u00f3n, usted tendr\u00e1 acceso a m\u00e1s fondos con los cuales jugar en l\u00ednea, adem\u00e1s de que podr\u00e1 recibir sus fondos por completo cuando est\u00e9 listo para realizar un retiro.<\/p>\n<p>Y antes de que realice alguna transferencia de dinero desde su cuenta Skrill, usted siempre puede revisar las tarifas de la cartera digital Skrill por adelantado al ingresar su pa\u00eds y moneda en la conveniente calculadora que Skrill proporciona en la p\u00e1gina contenida en la liga de abajo.<br \/>\n<a href=\"https:\/\/skrill.com\/es\/personal\/tarifas\/\">https:\/\/skrill.com\/es\/personal\/tarifas\/<\/a><\/p>\n<div class=\"bookmaker_link link_hover\"><a href=\"http:\/\/bookmaker-info.com\/es\/skrill-registro\">C\u00f3mo Abrir una Cuenta de Skrill<\/a><\/div>\n<div class=\"bookmaker_link link_hover\"><a href=\"http:\/\/bookmaker-info.com\/es\/skrill-deposito\">C\u00f3mo Depositar en mi Cuenta de Skrill<\/a><\/div>\n<div class=\"bookmaker_link link_hover\"><a href=\"http:\/\/bookmaker-info.com\/es\/skrill-retirada\">C\u00f3mo Retirar de mi Cuenta de Skrill<\/a><\/div>\n","protected":false},"excerpt":{"rendered":"<p>Skrill Ubicaci\u00f3n: Inglaterra Establecido: 2001 Tipo: Compa\u00f1\u00eda de Propiedad Privada Regulado Por: Financial Conduct Authority (FCA) Skrill Divisas Emiratos \u00c1rabes Unidos Dirham (AED) Nuevo Shequel Israel\u00ed (ILS) Zloty Polaco (PLN) D\u00f3lar Australiano (AUD) Rupia de la India (INR) Rial Qatari (QAR) Lev B\u00falgaro (BGN) Corona Islandesa (ISK) Leu Rumano (RON) Dinar de Bahr\u00e9in (BHD) Dinar [&hellip;]<\/p>\n","protected":false},"author":1,"featured_media":0,"parent":0,"menu_order":0,"comment_status":"open","ping_status":"closed","template":"","meta":{"footnotes":""},"class_list":["post-7842","page","type-page","status-publish","hentry"],"_links":{"self":[{"href":"https:\/\/bookmaker-info.com\/es\/wp-json\/wp\/v2\/pages\/7842","targetHints":{"allow":["GET"]}}],"collection":[{"href":"https:\/\/bookmaker-info.com\/es\/wp-json\/wp\/v2\/pages"}],"about":[{"href":"https:\/\/bookmaker-info.com\/es\/wp-json\/wp\/v2\/types\/page"}],"author":[{"embeddable":true,"href":"https:\/\/bookmaker-info.com\/es\/wp-json\/wp\/v2\/users\/1"}],"replies":[{"embeddable":true,"href":"https:\/\/bookmaker-info.com\/es\/wp-json\/wp\/v2\/comments?post=7842"}],"version-history":[{"count":18,"href":"https:\/\/bookmaker-info.com\/es\/wp-json\/wp\/v2\/pages\/7842\/revisions"}],"predecessor-version":[{"id":13133,"href":"https:\/\/bookmaker-info.com\/es\/wp-json\/wp\/v2\/pages\/7842\/revisions\/13133"}],"wp:attachment":[{"href":"https:\/\/bookmaker-info.com\/es\/wp-json\/wp\/v2\/media?parent=7842"}],"curies":[{"name":"wp","href":"https:\/\/api.w.org\/{rel}","templated":true}]}}