{"id":7896,"date":"2014-08-29T19:38:24","date_gmt":"2014-08-29T19:38:24","guid":{"rendered":"http:\/\/bookmaker-info.com\/en\/?page_id=7896"},"modified":"2015-05-13T16:10:33","modified_gmt":"2015-05-13T16:10:33","slug":"unibet-registro","status":"publish","type":"page","link":"https:\/\/bookmaker-info.com\/es\/unibet-registro","title":{"rendered":"C\u00f3mo Abrir una Cuenta de Unibet"},"content":{"rendered":"<h2 class=\"title\">\uff08\uff11\uff09Haz clic en el logotipo o en el v\u00ednculo de abajo para ingresar a Unibet<\/h2>\n<p><a onclick=\"_gaq.push(['_trackEvent', 'Affiliate Links', 'Unibet', '\/unibet-registro',, true]);\" href=\"http:\/\/adserving.unibet.com\/redirect.aspx?pid=297196&#038;bid=14809\"><img loading=\"lazy\" decoding=\"async\" style=\"border: 0px none;\" title=\"Unibet Logotipo\" alt=\"Unibet Logotipo\" src=\"https:\/\/banners.unibet.com\/media\/Player-Account_Logos_EN_150x84_1234.jpg\" width=\"150\" height=\"84\" border=\"0\" \/><\/a><br \/>\n<a onclick=\"_gaq.push(['_trackEvent', 'Affiliate Links', 'Unibet', '\/unibet-registro',, true]);\" href=\"http:\/\/adserving.unibet.com\/redirect.aspx?pid=297196&#038;bid=14809\">Unibet<\/a><\/p>\n<h2 class=\"title\">\uff08\uff12\uff09Haz clic en \u201cReg\u00edstrate\u201d en la parte superior derecha de la pantalla<\/h2>\n<p><a href=\"http:\/\/bookmaker-info.com\/es\/wordpress\/wp-content\/uploads\/2014\/08\/unibet_registro_1.png\"><img loading=\"lazy\" decoding=\"async\" class=\"alignnone  wp-image-11651\" title=\"Unibet Registro\" alt=\"Unibet Registro\" src=\"http:\/\/bookmaker-info.com\/es\/wordpress\/wp-content\/uploads\/2014\/08\/unibet_registro_1.png\" width=\"1216\" height=\"666\" srcset=\"https:\/\/bookmaker-info.com\/es\/wordpress\/wp-content\/uploads\/2014\/08\/unibet_registro_1.png 1216w, https:\/\/bookmaker-info.com\/es\/wordpress\/wp-content\/uploads\/2014\/08\/unibet_registro_1-300x164.png 300w, https:\/\/bookmaker-info.com\/es\/wordpress\/wp-content\/uploads\/2014\/08\/unibet_registro_1-1024x560.png 1024w, https:\/\/bookmaker-info.com\/es\/wordpress\/wp-content\/uploads\/2014\/08\/unibet_registro_1-624x341.png 624w\" sizes=\"auto, (max-width: 1216px) 100vw, 1216px\" \/><\/a><\/p>\n<p>Si el sitio no se muestra en tu idioma preferido, puedes cambiar el idioma en la parte superior derecha de la pantalla seleccionando el idioma de tu preferencia.<\/p>\n<h2 class=\"title\">\uff08\uff13\uff09Despu\u00e9s de hacer clic en \u201cReg\u00edstrate\u201d, la pantalla de registro aparecer\u00e1 para que introduzcas tus detalles<\/h2>\n<p><a href=\"http:\/\/bookmaker-info.com\/es\/wordpress\/wp-content\/uploads\/2014\/08\/unibet_registro_2.png\"><img loading=\"lazy\" decoding=\"async\" class=\"alignnone size-full wp-image-11652\" title=\"Unibet Registro\" alt=\"Unibet Registro\" src=\"http:\/\/bookmaker-info.com\/es\/wordpress\/wp-content\/uploads\/2014\/08\/unibet_registro_2.png\" width=\"482\" height=\"605\" srcset=\"https:\/\/bookmaker-info.com\/es\/wordpress\/wp-content\/uploads\/2014\/08\/unibet_registro_2.png 482w, https:\/\/bookmaker-info.com\/es\/wordpress\/wp-content\/uploads\/2014\/08\/unibet_registro_2-239x300.png 239w\" sizes=\"auto, (max-width: 482px) 100vw, 482px\" \/><\/a><\/p>\n<p>Despu\u00e9s de introducir tus detalles, haz clic en \u201cContinuar\u201d para seguir hacia la siguiente pantalla.<\/p>\n<p><a href=\"http:\/\/bookmaker-info.com\/es\/wordpress\/wp-content\/uploads\/2014\/08\/unibet_registro_31.png\"><img loading=\"lazy\" decoding=\"async\" class=\"alignnone size-full wp-image-11657\" title=\"Unibet Registro\" alt=\"Unibet Registro\" src=\"http:\/\/bookmaker-info.com\/es\/wordpress\/wp-content\/uploads\/2014\/08\/unibet_registro_31.png\" width=\"480\" height=\"677\" srcset=\"https:\/\/bookmaker-info.com\/es\/wordpress\/wp-content\/uploads\/2014\/08\/unibet_registro_31.png 480w, https:\/\/bookmaker-info.com\/es\/wordpress\/wp-content\/uploads\/2014\/08\/unibet_registro_31-212x300.png 212w\" sizes=\"auto, (max-width: 480px) 100vw, 480px\" \/><\/a><\/p>\n<p>Al escoger la divisa de tu cuenta, selecciona la misma divisa del portal de pago (nosotros recomendamos <a href=\"http:\/\/bookmaker-info.com\/es\/neteller-registro\">NETELLER<\/a> y <a href=\"http:\/\/bookmaker-info.com\/es\/skrill-registro\">Skrill<\/a>) para ahorrarte en las tarifas por transacci\u00f3n al depositar o retirar desde tu cuenta de Unibet.<\/p>\n<p>Despu\u00e9s de introducir tus detalles, haz clic en \u201cContinuar\u201d para seguir hacia la siguiente pantalla.<\/p>\n<p><a href=\"http:\/\/bookmaker-info.com\/es\/wordpress\/wp-content\/uploads\/2014\/08\/unibet_registro_4.png\"><img loading=\"lazy\" decoding=\"async\" class=\"alignnone size-full wp-image-11654\" title=\"Unibet Registro\" alt=\"Unibet Registro\" src=\"http:\/\/bookmaker-info.com\/es\/wordpress\/wp-content\/uploads\/2014\/08\/unibet_registro_4.png\" width=\"481\" height=\"633\" srcset=\"https:\/\/bookmaker-info.com\/es\/wordpress\/wp-content\/uploads\/2014\/08\/unibet_registro_4.png 481w, https:\/\/bookmaker-info.com\/es\/wordpress\/wp-content\/uploads\/2014\/08\/unibet_registro_4-227x300.png 227w\" sizes=\"auto, (max-width: 481px) 100vw, 481px\" \/><\/a><\/p>\n<p>Despu\u00e9s de introducir tus detalles, haz clic en \u201cContinuar\u201d para seguir hacia la siguiente pantalla.<\/p>\n<p><a href=\"http:\/\/bookmaker-info.com\/es\/wordpress\/wp-content\/uploads\/2014\/08\/unibet_registro_5.png\"><img loading=\"lazy\" decoding=\"async\" class=\"alignnone size-full wp-image-11655\" title=\"Unibet Registro\" alt=\"Unibet Registro\" src=\"http:\/\/bookmaker-info.com\/es\/wordpress\/wp-content\/uploads\/2014\/08\/unibet_registro_5.png\" width=\"481\" height=\"422\" srcset=\"https:\/\/bookmaker-info.com\/es\/wordpress\/wp-content\/uploads\/2014\/08\/unibet_registro_5.png 481w, https:\/\/bookmaker-info.com\/es\/wordpress\/wp-content\/uploads\/2014\/08\/unibet_registro_5-300x263.png 300w\" sizes=\"auto, (max-width: 481px) 100vw, 481px\" \/><\/a><\/p>\n<p>Haz clic en bot\u00f3n amarillo de \u201cUnirse\u201d para completar tu registro.<\/p>\n<h2 class=\"title\">\uff08\uff14\uff09Registro Completado<\/h2>\n<p><a href=\"http:\/\/bookmaker-info.com\/es\/wordpress\/wp-content\/uploads\/2014\/08\/unibet_registro_6.png\"><img loading=\"lazy\" decoding=\"async\" class=\"alignnone  wp-image-11656\" title=\"Unibet Registro\" alt=\"Unibet Registro\" src=\"http:\/\/bookmaker-info.com\/es\/wordpress\/wp-content\/uploads\/2014\/08\/unibet_registro_6.png\" width=\"880\" height=\"766\" srcset=\"https:\/\/bookmaker-info.com\/es\/wordpress\/wp-content\/uploads\/2014\/08\/unibet_registro_6.png 880w, https:\/\/bookmaker-info.com\/es\/wordpress\/wp-content\/uploads\/2014\/08\/unibet_registro_6-300x261.png 300w, https:\/\/bookmaker-info.com\/es\/wordpress\/wp-content\/uploads\/2014\/08\/unibet_registro_6-624x543.png 624w\" sizes=\"auto, (max-width: 880px) 100vw, 880px\" \/><\/a><\/p>\n<p>Despu\u00e9s de completar tu registro, una pantalla podr\u00eda aparecer pregunt\u00e1ndote por el m\u00e9todo de dep\u00f3sito que prefieres. Como puedes registrar esta informaci\u00f3n despu\u00e9s, puedes omitir esta pantalla en este momento si as\u00ed lo deseas.<\/p>\n<p>Como es el caso de los corredores de apuestas en l\u00ednea, ellos han subcontratado el flujo de dep\u00f3sitos y retiros a portales de pago terceros para minimizar las tarifas asociadas a las transacciones. Hemos explicado en m\u00e1s detalle sobre c\u00f3mo registrarse en dos de los portales de pago m\u00e1s reconocidos de la industria &#8211; <a href=\"http:\/\/bookmaker-info.com\/es\/neteller-registro\">NETELLER<\/a> y <a href=\"http:\/\/bookmaker-info.com\/es\/skrill-registro\">Skrill<\/a> (anteriormente conocido como Moneybookers) en las p\u00e1ginas siguientes para su conveniencia.<\/p>\n<p>\u203b Ten en cuenta que dependiendo del pa\u00eds que introduzcas como tu residencia durante el registro, los m\u00e9todos de dep\u00f3sito\/retiro de NETELLER o Skrill podr\u00edan no estar disponibles para algunos corredores de apuestas en l\u00ednea. En este caso, por favor utiliza un m\u00e9todo diferente para realizar los dep\u00f3sitos y retiros.<\/p>\n<p><a onclick=\"_gaq.push(['_trackEvent', 'Affiliate Links', 'Unibet', '\/unibet-registro',, true]);\" href=\"http:\/\/adserving.unibet.com\/redirect.aspx?pid=297196&#038;bid=14809\"><img loading=\"lazy\" decoding=\"async\" style=\"border: 0px none;\" title=\"Unibet Logotipo\" alt=\"Unibet Logotipo\" src=\"https:\/\/banners.unibet.com\/media\/Player-Account_Logos_EN_150x84_1234.jpg\" width=\"150\" height=\"84\" border=\"0\" \/><\/a><br \/>\n<a onclick=\"_gaq.push(['_trackEvent', 'Affiliate Links', 'Unibet', '\/unibet-registro',, true]);\" href=\"http:\/\/adserving.unibet.com\/redirect.aspx?pid=297196&#038;bid=14809\">Unibet<\/a><\/p>\n","protected":false},"excerpt":{"rendered":"<p>\uff08\uff11\uff09Haz clic en el logotipo o en el v\u00ednculo de abajo para ingresar a Unibet Unibet \uff08\uff12\uff09Haz clic en \u201cReg\u00edstrate\u201d en la parte superior derecha de la pantalla Si el sitio no se muestra en tu idioma preferido, puedes cambiar el idioma en la parte superior derecha de la pantalla seleccionando el idioma de tu [&hellip;]<\/p>\n","protected":false},"author":1,"featured_media":0,"parent":0,"menu_order":0,"comment_status":"open","ping_status":"closed","template":"","meta":{"footnotes":""},"class_list":["post-7896","page","type-page","status-publish","hentry"],"_links":{"self":[{"href":"https:\/\/bookmaker-info.com\/es\/wp-json\/wp\/v2\/pages\/7896","targetHints":{"allow":["GET"]}}],"collection":[{"href":"https:\/\/bookmaker-info.com\/es\/wp-json\/wp\/v2\/pages"}],"about":[{"href":"https:\/\/bookmaker-info.com\/es\/wp-json\/wp\/v2\/types\/page"}],"author":[{"embeddable":true,"href":"https:\/\/bookmaker-info.com\/es\/wp-json\/wp\/v2\/users\/1"}],"replies":[{"embeddable":true,"href":"https:\/\/bookmaker-info.com\/es\/wp-json\/wp\/v2\/comments?post=7896"}],"version-history":[{"count":15,"href":"https:\/\/bookmaker-info.com\/es\/wp-json\/wp\/v2\/pages\/7896\/revisions"}],"predecessor-version":[{"id":12397,"href":"https:\/\/bookmaker-info.com\/es\/wp-json\/wp\/v2\/pages\/7896\/revisions\/12397"}],"wp:attachment":[{"href":"https:\/\/bookmaker-info.com\/es\/wp-json\/wp\/v2\/media?parent=7896"}],"curies":[{"name":"wp","href":"https:\/\/api.w.org\/{rel}","templated":true}]}}