{"id":7898,"date":"2014-08-29T19:39:10","date_gmt":"2014-08-29T10:39:10","guid":{"rendered":"http:\/\/bookmaker-info.com\/en\/?page_id=7898"},"modified":"2015-05-13T16:10:57","modified_gmt":"2015-05-13T16:10:57","slug":"unibet-apuesta","status":"publish","type":"page","link":"https:\/\/bookmaker-info.com\/es\/unibet-apuesta","title":{"rendered":"C\u00f3mo Apostar en Unibet"},"content":{"rendered":"<h2 class=\"title\">\uff08\uff11\uff09Inicia sesi\u00f3n en Unibet<\/h2>\n<p><a onclick=\"_gaq.push(['_trackEvent', 'Affiliate Links', 'Unibet', '\/unibet-apuesta',, true]);\" href=\"http:\/\/adserving.unibet.com\/redirect.aspx?pid=297196&#038;bid=14809\" target=\"_blank\">Unibet<\/a><\/p>\n<p><a href=\"http:\/\/bookmaker-info.com\/es\/wordpress\/wp-content\/uploads\/2014\/08\/unibet_apuesta_1.png\"><img loading=\"lazy\" decoding=\"async\" class=\"alignnone size-full wp-image-11894\" alt=\"Unibet Apuesta\" src=\"http:\/\/bookmaker-info.com\/es\/wordpress\/wp-content\/uploads\/2014\/08\/unibet_apuesta_1.png\" width=\"1216\" height=\"666\" srcset=\"https:\/\/bookmaker-info.com\/es\/wordpress\/wp-content\/uploads\/2014\/08\/unibet_apuesta_1.png 1216w, https:\/\/bookmaker-info.com\/es\/wordpress\/wp-content\/uploads\/2014\/08\/unibet_apuesta_1-300x164.png 300w, https:\/\/bookmaker-info.com\/es\/wordpress\/wp-content\/uploads\/2014\/08\/unibet_apuesta_1-1024x560.png 1024w, https:\/\/bookmaker-info.com\/es\/wordpress\/wp-content\/uploads\/2014\/08\/unibet_apuesta_1-624x341.png 624w\" sizes=\"auto, (max-width: 1216px) 100vw, 1216px\" \/><\/a><\/p>\n<p>Despu\u00e9s de introducir tu Nombre de Usuario y Contrase\u00f1a, haz clic en \u201cIniciar Sesi\u00f3n\u201d para iniciar sesi\u00f3n.<\/p>\n<h2 class=\"title\">\uff08\uff12\uff09Haz clic en \u201cAPUESTAS\u201d en la pesta\u00f1a del men\u00fa en la esquina superior izquierda<\/h2>\n<p><a href=\"http:\/\/bookmaker-info.com\/es\/wordpress\/wp-content\/uploads\/2014\/08\/unibet_apuesta_2.png\"><img loading=\"lazy\" decoding=\"async\" class=\"alignnone size-full wp-image-11895\" alt=\"Unibet Apuesta\" src=\"http:\/\/bookmaker-info.com\/es\/wordpress\/wp-content\/uploads\/2014\/08\/unibet_apuesta_2.png\" width=\"715\" height=\"769\" srcset=\"https:\/\/bookmaker-info.com\/es\/wordpress\/wp-content\/uploads\/2014\/08\/unibet_apuesta_2.png 715w, https:\/\/bookmaker-info.com\/es\/wordpress\/wp-content\/uploads\/2014\/08\/unibet_apuesta_2-278x300.png 278w, https:\/\/bookmaker-info.com\/es\/wordpress\/wp-content\/uploads\/2014\/08\/unibet_apuesta_2-624x671.png 624w\" sizes=\"auto, (max-width: 715px) 100vw, 715px\" \/><\/a><\/p>\n<h2 class=\"title\">\uff08\uff13\uff09Selecciona el juego\/partido en el que te gustar\u00eda apostar<\/h2>\n<p><a href=\"http:\/\/bookmaker-info.com\/es\/wordpress\/wp-content\/uploads\/2014\/08\/unibet_apuesta_3.png\"><img loading=\"lazy\" decoding=\"async\" class=\"alignnone size-full wp-image-11896\" alt=\"Unibet Apuesta\" src=\"http:\/\/bookmaker-info.com\/es\/wordpress\/wp-content\/uploads\/2014\/08\/unibet_apuesta_3.png\" width=\"898\" height=\"778\" srcset=\"https:\/\/bookmaker-info.com\/es\/wordpress\/wp-content\/uploads\/2014\/08\/unibet_apuesta_3.png 898w, https:\/\/bookmaker-info.com\/es\/wordpress\/wp-content\/uploads\/2014\/08\/unibet_apuesta_3-300x259.png 300w, https:\/\/bookmaker-info.com\/es\/wordpress\/wp-content\/uploads\/2014\/08\/unibet_apuesta_3-624x540.png 624w\" sizes=\"auto, (max-width: 898px) 100vw, 898px\" \/><\/a><\/p>\n<p>En este ejemplo, te mostraremos c\u00f3mo apostar en un juego de la Liga Premier de Inglaterra. Primero, haz clic en &#8220;F\u00fatbol&#8221; seguido de &#8220;Inglaterra&#8221; y luego \u201cPremier League\u201d de la lista de deportes a la izquierda de la pantalla.<\/p>\n<h2 class=\"title\">\uff08\uff14\uff09Selecciona el tipo de apuesta<\/h2>\n<p><a href=\"http:\/\/bookmaker-info.com\/es\/wordpress\/wp-content\/uploads\/2014\/08\/unibet_apuesta_4.png\"><img loading=\"lazy\" decoding=\"async\" class=\"alignnone size-full wp-image-11897\" alt=\"Unibet Apuesta\" src=\"http:\/\/bookmaker-info.com\/es\/wordpress\/wp-content\/uploads\/2014\/08\/unibet_apuesta_4.png\" width=\"612\" height=\"447\" srcset=\"https:\/\/bookmaker-info.com\/es\/wordpress\/wp-content\/uploads\/2014\/08\/unibet_apuesta_4.png 612w, https:\/\/bookmaker-info.com\/es\/wordpress\/wp-content\/uploads\/2014\/08\/unibet_apuesta_4-300x219.png 300w\" sizes=\"auto, (max-width: 612px) 100vw, 612px\" \/><\/a><\/p>\n<p>Uno de los tipos de apuestas m\u00e1s f\u00e1ciles de entender es el &#8220;Resultado del Tiempo Completo&#8221; (tambi\u00e9n conocido como Apuesta del Juego o L\u00ednea de Dinero). Un Resultado del Tiempo Completo significa que predices que equipo piensas que ganar\u00e1 o empatar\u00e1. En nuestro ejemplo anterior, tenemos tres opciones ya sea prediciendo 1 &#8211; Casa) que el Manchester City gana, 2 &#8211; Visitante) el West Bromwich gana o X &#8211; Empate)\u00a0el Manchester City empata con el West Bromwich. En este ejemplo, escogeremos a\u00a0Manchester City como ganador, por lo tanto haremos clic en las cuotas 1.32.<\/p>\n<p><a href=\"http:\/\/bookmaker-info.com\/es\/wordpress\/wp-content\/uploads\/2014\/08\/unibet_apuesta_5.png\"><img loading=\"lazy\" decoding=\"async\" class=\"alignnone size-full wp-image-11898\" alt=\"Unibet Apuesta\" src=\"http:\/\/bookmaker-info.com\/es\/wordpress\/wp-content\/uploads\/2014\/08\/unibet_apuesta_5.png\" width=\"612\" height=\"447\" srcset=\"https:\/\/bookmaker-info.com\/es\/wordpress\/wp-content\/uploads\/2014\/08\/unibet_apuesta_5.png 612w, https:\/\/bookmaker-info.com\/es\/wordpress\/wp-content\/uploads\/2014\/08\/unibet_apuesta_5-300x219.png 300w\" sizes=\"auto, (max-width: 612px) 100vw, 612px\" \/><\/a><\/p>\n<p>\u203b Ten en cuenta que la fecha y la hora del partido est\u00e1n a la izquierda de la pantalla. La fecha y la hora se muestran en base a la zona horaria actual de tu computadora. La \u00fanica manera de que la configuraci\u00f3n de la zona horaria se pueda cambiar es si cambias la configuraci\u00f3n predeterminada de tu computador a una zona horaria distinta y luego inicias sesi\u00f3n de nuevo en Unibet.<\/p>\n<h2 class=\"title\">\uff08\uff15\uff09Introduce el monto de tu apuesta<\/h2>\n<p><a href=\"http:\/\/bookmaker-info.com\/es\/wordpress\/wp-content\/uploads\/2014\/08\/unibet_apuesta_6.png\"><img loading=\"lazy\" decoding=\"async\" class=\"alignnone size-full wp-image-11899\" alt=\"Unibet Apuesta\" src=\"http:\/\/bookmaker-info.com\/es\/wordpress\/wp-content\/uploads\/2014\/08\/unibet_apuesta_6.png\" width=\"813\" height=\"338\" srcset=\"https:\/\/bookmaker-info.com\/es\/wordpress\/wp-content\/uploads\/2014\/08\/unibet_apuesta_6.png 813w, https:\/\/bookmaker-info.com\/es\/wordpress\/wp-content\/uploads\/2014\/08\/unibet_apuesta_6-300x124.png 300w, https:\/\/bookmaker-info.com\/es\/wordpress\/wp-content\/uploads\/2014\/08\/unibet_apuesta_6-624x259.png 624w\" sizes=\"auto, (max-width: 813px) 100vw, 813px\" \/><\/a><\/p>\n<p>Despu\u00e9s de hacer clic en las cuotas donde te gustar\u00eda apostar, la selecci\u00f3n de tu apuesta se mostrar\u00e1 debajo de \u201cBoleto de Apuestas\u201d ubicado a la derecha de la pantalla.<\/p>\n<p>Una vez que introduces tu participaci\u00f3n o apuesta (la cantidad de dinero que te gustar\u00eda apostar), la cantidad de dinero (participaci\u00f3n + ganancia) que te ser\u00eda devuelta si ganar\u00e1s la apuesta se mostrar\u00eda autom\u00e1ticamente debajo de \u201cGanancia potencial\u201d.<\/p>\n<p>Una vez que colocaste tu participaci\u00f3n en la apuesta, haz clic en el bot\u00f3n rojo de \u201cApostar\u201d para finalizar t\u00fa(s) apuesta(s).<\/p>\n<h2 class=\"title\">\u203b Otras Opciones de Apuesta<\/h2>\n<p>Si consultas la captura de pantalla a continuaci\u00f3n, ver\u00e1s un &#8220;+117&#8221; a la izquierda de las cuotas del juego. Si haces clic en esta pesta\u00f1a, todos los tipos de apuestas disponibles (117 en este ejemplo) se mostrar\u00e1n para este juego en particular.<\/p>\n<p><a href=\"http:\/\/bookmaker-info.com\/es\/wordpress\/wp-content\/uploads\/2014\/08\/unibet_apuesta_7.png\"><img loading=\"lazy\" decoding=\"async\" class=\"alignnone size-full wp-image-11900\" alt=\"Unibet Apuesta\" src=\"http:\/\/bookmaker-info.com\/es\/wordpress\/wp-content\/uploads\/2014\/08\/unibet_apuesta_7.png\" width=\"612\" height=\"447\" srcset=\"https:\/\/bookmaker-info.com\/es\/wordpress\/wp-content\/uploads\/2014\/08\/unibet_apuesta_7.png 612w, https:\/\/bookmaker-info.com\/es\/wordpress\/wp-content\/uploads\/2014\/08\/unibet_apuesta_7-300x219.png 300w\" sizes=\"auto, (max-width: 612px) 100vw, 612px\" \/><\/a><\/p>\n<h2 class=\"title\">Ejemplos de otras opciones de apuesta<\/h2>\n<p><strong>Doble Oportunidad<a href=\"http:\/\/bookmaker-info.com\/es\/wordpress\/wp-content\/uploads\/2014\/08\/unibet_apuesta_8.png\"><img loading=\"lazy\" decoding=\"async\" class=\"alignnone size-full wp-image-11901\" title=\"Unibet Apuesta - Doble Oportunidad\" alt=\"Unibet Apuesta - Doble Oportunidad\" src=\"http:\/\/bookmaker-info.com\/es\/wordpress\/wp-content\/uploads\/2014\/08\/unibet_apuesta_8.png\" width=\"536\" height=\"59\" srcset=\"https:\/\/bookmaker-info.com\/es\/wordpress\/wp-content\/uploads\/2014\/08\/unibet_apuesta_8.png 536w, https:\/\/bookmaker-info.com\/es\/wordpress\/wp-content\/uploads\/2014\/08\/unibet_apuesta_8-300x33.png 300w\" sizes=\"auto, (max-width: 536px) 100vw, 536px\" \/><\/a><\/strong><\/p>\n<p>Una apuesta de \u201cDoble Oportunidad\u201d significa que puedes apostar una vez a dos resultados diferentes tal como, 1) el equipo local gana o empata, 2) el equipo visitante gana o empata, 3) no hay empate, lo que significa que el equipo local gana o el visitante gana.<\/p>\n<p><strong>Resultado Correcto<a href=\"http:\/\/bookmaker-info.com\/es\/wordpress\/wp-content\/uploads\/2014\/08\/unibet_apuesta_9.png\"><img loading=\"lazy\" decoding=\"async\" class=\"alignnone size-full wp-image-11902\" title=\"Unibet Apuesta - Resultado Correcto\" alt=\"Unibet Apuesta - Resultado Correcto\" src=\"http:\/\/bookmaker-info.com\/es\/wordpress\/wp-content\/uploads\/2014\/08\/unibet_apuesta_9.png\" width=\"534\" height=\"280\" srcset=\"https:\/\/bookmaker-info.com\/es\/wordpress\/wp-content\/uploads\/2014\/08\/unibet_apuesta_9.png 534w, https:\/\/bookmaker-info.com\/es\/wordpress\/wp-content\/uploads\/2014\/08\/unibet_apuesta_9-300x157.png 300w\" sizes=\"auto, (max-width: 534px) 100vw, 534px\" \/><\/a><\/strong><\/p>\n<p>Una apuesta de \u201cResultado Correcto\u201d significa que puedes apostarle al que tu piensas que ser\u00e1 el marcador final del partido.<\/p>\n<p><strong>Descanso\/Final del Partido<a href=\"http:\/\/bookmaker-info.com\/es\/wordpress\/wp-content\/uploads\/2014\/08\/unibet_apuesta_10.png\"><img loading=\"lazy\" decoding=\"async\" class=\"alignnone size-full wp-image-11903\" title=\"Unibet Apuesta - Descanso\/Final del Partido\" alt=\"Unibet Apuesta - Descanso\/Final del Partido\" src=\"http:\/\/bookmaker-info.com\/es\/wordpress\/wp-content\/uploads\/2014\/08\/unibet_apuesta_10.png\" width=\"533\" height=\"108\" srcset=\"https:\/\/bookmaker-info.com\/es\/wordpress\/wp-content\/uploads\/2014\/08\/unibet_apuesta_10.png 533w, https:\/\/bookmaker-info.com\/es\/wordpress\/wp-content\/uploads\/2014\/08\/unibet_apuesta_10-300x60.png 300w\" sizes=\"auto, (max-width: 533px) 100vw, 533px\" \/><\/a><\/strong><\/p>\n<p>Una apuesta de\u00a0\u201cDescanso\/Final del Partido\u201d significa que puedes apostarle al resultado correcto que piensas se dar\u00e1 en el primer tiempo y tambi\u00e9n en el marcador final. Utilizando el ejemplo de Manchester City &#8211; West Bromwich, si el marcador en el medio tiempo es de 0-1 y el marcador final es de 2-1, necesitar\u00edas apostar a &#8220;visitante\/Local&#8221; para poder ganar la apuesta.<\/p>\n<p><strong>Total de Goles<br \/>\n<a href=\"http:\/\/bookmaker-info.com\/es\/wordpress\/wp-content\/uploads\/2014\/08\/unibet_apuesta_11.png\"><img loading=\"lazy\" decoding=\"async\" class=\"alignnone size-full wp-image-11904\" title=\"Unibet Apuesta - Total de Goles\" alt=\"Unibet Apuesta - Total de Goles\" src=\"http:\/\/bookmaker-info.com\/es\/wordpress\/wp-content\/uploads\/2014\/08\/unibet_apuesta_11.png\" width=\"537\" height=\"207\" srcset=\"https:\/\/bookmaker-info.com\/es\/wordpress\/wp-content\/uploads\/2014\/08\/unibet_apuesta_11.png 537w, https:\/\/bookmaker-info.com\/es\/wordpress\/wp-content\/uploads\/2014\/08\/unibet_apuesta_11-300x115.png 300w\" sizes=\"auto, (max-width: 537px) 100vw, 537px\" \/><\/a><\/strong><\/p>\n<p>Una apuesta de \u201cTotal de Goles\u201d que siempre se fija en &#8220;M\u00e1s de X.5&#8221; y &#8220;Menos de X.5&#8221;, significa que apuestas al n\u00famero total de goles que crees ser\u00e1n anotados en un partido. &#8220;M\u00e1s de 2.5&#8221; significa que 3 goles o m\u00e1s ser\u00edan una apuesta ganadora mientras que &#8220;Menos de 2.5&#8221; significa que 2 goles o menos ser\u00edan una apuesta ganadora.<\/p>\n<p><strong>Apuesta Sin Empate<br \/>\n<a href=\"http:\/\/bookmaker-info.com\/es\/wordpress\/wp-content\/uploads\/2014\/08\/unibet_apuesta_12.png\"><img loading=\"lazy\" decoding=\"async\" class=\"alignnone size-full wp-image-11905\" title=\"Unibet Apuesta - Apuesta Sin Empate\" alt=\"Unibet Apuesta - Apuesta Sin Empate\" src=\"http:\/\/bookmaker-info.com\/es\/wordpress\/wp-content\/uploads\/2014\/08\/unibet_apuesta_12.png\" width=\"535\" height=\"59\" srcset=\"https:\/\/bookmaker-info.com\/es\/wordpress\/wp-content\/uploads\/2014\/08\/unibet_apuesta_12.png 535w, https:\/\/bookmaker-info.com\/es\/wordpress\/wp-content\/uploads\/2014\/08\/unibet_apuesta_12-300x33.png 300w\" sizes=\"auto, (max-width: 535px) 100vw, 535px\" \/><\/a><\/strong><\/p>\n<p>Una apuesta de\u00a0\u201cApuesta Sin Empate\u201d significa que apostaste en el equipo que piensas que ganar\u00e1. Si el resultado es un empate, entonces tu participaci\u00f3n o apuesta ser\u00e1 reembolsada y no incurrir\u00e1 en ninguna p\u00e9rdida.<\/p>\n<p><strong>H\u00e1ndicap Asi\u00e1tico<a href=\"http:\/\/bookmaker-info.com\/es\/wordpress\/wp-content\/uploads\/2014\/08\/unibet_apuesta_13.png\"><img loading=\"lazy\" decoding=\"async\" class=\"alignnone size-full wp-image-11906\" title=\"Unibet Apuesta - H\u00e1ndicap Asi\u00e1tico\" alt=\"Unibet Apuesta - H\u00e1ndicap Asi\u00e1tico\" src=\"http:\/\/bookmaker-info.com\/es\/wordpress\/wp-content\/uploads\/2014\/08\/unibet_apuesta_13.png\" width=\"536\" height=\"435\" srcset=\"https:\/\/bookmaker-info.com\/es\/wordpress\/wp-content\/uploads\/2014\/08\/unibet_apuesta_13.png 536w, https:\/\/bookmaker-info.com\/es\/wordpress\/wp-content\/uploads\/2014\/08\/unibet_apuesta_13-300x243.png 300w\" sizes=\"auto, (max-width: 536px) 100vw, 536px\" \/><\/a><\/strong><\/p>\n<p>Para una explicaci\u00f3n sobre el H\u00e1ndicap Asi\u00e1tico, por favor visita <a href=\"http:\/\/es.wikipedia.org\/wiki\/H%C3%A1ndicap_asi%C3%A1tico\">Wikipedia<\/a> o consulte la tabla siguiente.<\/p>\n<table border=\"2\">\n<tbody>\n<tr>\n<th style=\"text-align: center;\">H\u00e1ndicap<\/th>\n<th style=\"text-align: center;\">Resultado del Equipo<\/th>\n<th style=\"text-align: center;\">Resultado de la Apuesta<\/th>\n<th style=\"text-align: center;\">H\u00e1ndicap<\/th>\n<th style=\"text-align: center;\">Resultado del Equipo<\/th>\n<th style=\"text-align: center;\">Resultado de la Apuesta<\/th>\n<\/tr>\n<tr>\n<th style=\"text-align: center; vertical-align: middle;\" rowspan=\"3\">0<\/th>\n<td style=\"text-align: center;\">Gana<\/td>\n<td style=\"text-align: center;\">Gana<\/td>\n<th style=\"text-align: center; vertical-align: middle;\" rowspan=\"3\">0<\/th>\n<td style=\"text-align: center;\">Gana<\/td>\n<td style=\"text-align: center;\">Gana<\/td>\n<\/tr>\n<tr>\n<td style=\"text-align: center;\">Empata<\/td>\n<td style=\"text-align: center;\">Reembolso de la Apuesta<\/td>\n<td style=\"text-align: center;\">Empata<\/td>\n<td style=\"text-align: center;\">Reembolso de la Apuesta<\/td>\n<\/tr>\n<tr>\n<td style=\"text-align: center;\">Pierde<\/td>\n<td style=\"text-align: center;\">Pierde<\/td>\n<td style=\"text-align: center;\">Pierde<\/td>\n<td style=\"text-align: center;\">Pierde<\/td>\n<\/tr>\n<tr>\n<th style=\"text-align: center; vertical-align: middle;\" rowspan=\"3\">&#8211; 0.25<\/th>\n<td style=\"text-align: center;\">Gana<\/td>\n<td style=\"text-align: center;\">Gana<\/td>\n<th style=\"text-align: center; vertical-align: middle;\" rowspan=\"3\">+ 0.25<\/th>\n<td style=\"text-align: center;\">Gana<\/td>\n<td style=\"text-align: center;\">Gana<\/td>\n<\/tr>\n<tr>\n<td style=\"text-align: center;\">Empata<\/td>\n<td style=\"text-align: center;\">Media p\u00e9rdida<\/td>\n<td style=\"text-align: center;\">Empata<\/td>\n<td style=\"text-align: center;\">Media ganancia<\/td>\n<\/tr>\n<tr>\n<td style=\"text-align: center;\">Pierde<\/td>\n<td style=\"text-align: center;\">Pierde<\/td>\n<td style=\"text-align: center;\">Pierde<\/td>\n<td style=\"text-align: center;\">Pierde<\/td>\n<\/tr>\n<tr>\n<th style=\"text-align: center; vertical-align: middle;\" rowspan=\"3\">&#8211; 0.50<\/th>\n<td style=\"text-align: center;\">Gana<\/td>\n<td style=\"text-align: center;\">Gana<\/td>\n<th style=\"text-align: center; vertical-align: middle;\" rowspan=\"3\">+ 0.50<\/th>\n<td style=\"text-align: center;\">Gana<\/td>\n<td style=\"text-align: center;\">Gana<\/td>\n<\/tr>\n<tr>\n<td style=\"text-align: center;\">Empata<\/td>\n<td style=\"text-align: center;\">Pierde<\/td>\n<td style=\"text-align: center;\">Empata<\/td>\n<td style=\"text-align: center;\">Gana<\/td>\n<\/tr>\n<tr>\n<td style=\"text-align: center;\">Pierde<\/td>\n<td style=\"text-align: center;\">Pierde<\/td>\n<td style=\"text-align: center;\">Pierde<\/td>\n<td style=\"text-align: center;\">Pierde<\/td>\n<\/tr>\n<tr>\n<th style=\"text-align: center; vertical-align: middle;\" rowspan=\"4\">&#8211; 0.75<\/th>\n<td style=\"text-align: center;\">Ganar por 2+<\/td>\n<td style=\"text-align: center;\">Gana<\/td>\n<th style=\"text-align: center; vertical-align: middle;\" rowspan=\"4\">+ 0.75<\/th>\n<td style=\"text-align: center;\">Gana<\/td>\n<td style=\"text-align: center;\">Gana<\/td>\n<\/tr>\n<tr>\n<td style=\"text-align: center;\">Ganar por 1<\/td>\n<td style=\"text-align: center;\">Media ganancia<\/td>\n<td style=\"text-align: center;\">Empata<\/td>\n<td style=\"text-align: center;\">Gana<\/td>\n<\/tr>\n<tr>\n<td style=\"text-align: center;\">Empata<\/td>\n<td style=\"text-align: center;\">Pierde<\/td>\n<td style=\"text-align: center;\">Perder por 1<\/td>\n<td style=\"text-align: center;\">Media p\u00e9rdida<\/td>\n<\/tr>\n<tr>\n<td style=\"text-align: center;\">Pierde<\/td>\n<td style=\"text-align: center;\">Pierde<\/td>\n<td style=\"text-align: center;\">Perder por 2+<\/td>\n<td style=\"text-align: center;\">Pierde<\/td>\n<\/tr>\n<tr>\n<th style=\"text-align: center; vertical-align: middle;\" rowspan=\"4\">&#8211; 1.00<\/th>\n<td style=\"text-align: center;\">Ganar por 2+<\/td>\n<td style=\"text-align: center;\">Gana<\/td>\n<th style=\"text-align: center; vertical-align: middle;\" rowspan=\"4\">+ 1.00<\/th>\n<td style=\"text-align: center;\">Gana<\/td>\n<td style=\"text-align: center;\">Gana<\/td>\n<\/tr>\n<tr>\n<td style=\"text-align: center;\">Ganar por 1<\/td>\n<td style=\"text-align: center;\">Reembolso de la Apuesta<\/td>\n<td style=\"text-align: center;\">Empata<\/td>\n<td style=\"text-align: center;\">Gana<\/td>\n<\/tr>\n<tr>\n<td style=\"text-align: center;\">Empata<\/td>\n<td style=\"text-align: center;\">Pierde<\/td>\n<td style=\"text-align: center;\">Perder por 1<\/td>\n<td style=\"text-align: center;\">Reembolso de la Apuesta<\/td>\n<\/tr>\n<tr>\n<td style=\"text-align: center;\">Pierde<\/td>\n<td style=\"text-align: center;\">Pierde<\/td>\n<td style=\"text-align: center;\">Perder por 2+<\/td>\n<td style=\"text-align: center;\">Pierde<\/td>\n<\/tr>\n<tr>\n<th style=\"text-align: center; vertical-align: middle;\" rowspan=\"4\">&#8211; 1.25<\/th>\n<td style=\"text-align: center;\">Ganar por 2+<\/td>\n<td style=\"text-align: center;\">Gana<\/td>\n<th style=\"text-align: center; vertical-align: middle;\" rowspan=\"4\">+ 1.25<\/th>\n<td style=\"text-align: center;\">Gana<\/td>\n<td style=\"text-align: center;\">Gana<\/td>\n<\/tr>\n<tr>\n<td style=\"text-align: center;\">Ganar por 1<\/td>\n<td style=\"text-align: center;\">Media p\u00e9rdida<\/td>\n<td style=\"text-align: center;\">Empata<\/td>\n<td style=\"text-align: center;\">Gana<\/td>\n<\/tr>\n<tr>\n<td style=\"text-align: center;\">Empata<\/td>\n<td style=\"text-align: center;\">Pierde<\/td>\n<td style=\"text-align: center;\">Perder por 1<\/td>\n<td style=\"text-align: center;\">Media ganancia<\/td>\n<\/tr>\n<tr>\n<td style=\"text-align: center;\">Pierde<\/td>\n<td style=\"text-align: center;\">Pierde<\/td>\n<td style=\"text-align: center;\">Perder por 2+<\/td>\n<td style=\"text-align: center;\">Pierde<\/td>\n<\/tr>\n<tr>\n<th style=\"text-align: center; vertical-align: middle;\" rowspan=\"4\">&#8211; 1.50<\/th>\n<td style=\"text-align: center;\">Ganar por 2+<\/td>\n<td style=\"text-align: center;\">Gana<\/td>\n<th style=\"text-align: center; vertical-align: middle;\" rowspan=\"4\">+ 1.50<\/th>\n<td style=\"text-align: center;\">Gana<\/td>\n<td style=\"text-align: center;\">Gana<\/td>\n<\/tr>\n<tr>\n<td style=\"text-align: center;\">Ganar por 1<\/td>\n<td style=\"text-align: center;\">Pierde<\/td>\n<td style=\"text-align: center;\">Empata<\/td>\n<td style=\"text-align: center;\">Gana<\/td>\n<\/tr>\n<tr>\n<td style=\"text-align: center;\">Empata<\/td>\n<td style=\"text-align: center;\">Pierde<\/td>\n<td style=\"text-align: center;\">Perder por 1<\/td>\n<td style=\"text-align: center;\">Gana<\/td>\n<\/tr>\n<tr>\n<td style=\"text-align: center;\">Pierde<\/td>\n<td style=\"text-align: center;\">Pierde<\/td>\n<td style=\"text-align: center;\">Perder por 2+<\/td>\n<td style=\"text-align: center;\">Pierde<\/td>\n<\/tr>\n<tr>\n<th style=\"text-align: center; vertical-align: middle;\" rowspan=\"5\">&#8211; 1.75<\/th>\n<td style=\"text-align: center;\">Ganar por 3+<\/td>\n<td style=\"text-align: center;\">Gana<\/td>\n<th style=\"text-align: center; vertical-align: middle;\" rowspan=\"5\">+ 1.75<\/th>\n<td style=\"text-align: center;\">Gana<\/td>\n<td style=\"text-align: center;\">Gana<\/td>\n<\/tr>\n<tr>\n<td style=\"text-align: center;\">Ganar por 2<\/td>\n<td style=\"text-align: center;\">Media ganancia<\/td>\n<td style=\"text-align: center;\">Empata<\/td>\n<td style=\"text-align: center;\">Gana<\/td>\n<\/tr>\n<tr>\n<td style=\"text-align: center;\">Ganar por 1<\/td>\n<td style=\"text-align: center;\">Pierde<\/td>\n<td style=\"text-align: center;\">Perder por 1<\/td>\n<td style=\"text-align: center;\">Gana<\/td>\n<\/tr>\n<tr>\n<td style=\"text-align: center;\">Empata<\/td>\n<td style=\"text-align: center;\">Pierde<\/td>\n<td style=\"text-align: center;\">Perder por 2<\/td>\n<td style=\"text-align: center;\">Media p\u00e9rdida<\/td>\n<\/tr>\n<tr>\n<td style=\"text-align: center;\">Pierde<\/td>\n<td style=\"text-align: center;\">Pierde<\/td>\n<td style=\"text-align: center;\">Perder por 3+<\/td>\n<td style=\"text-align: center;\">Pierde<\/td>\n<\/tr>\n<tr>\n<th style=\"text-align: center; vertical-align: middle;\" rowspan=\"5\">&#8211; 2.00<\/th>\n<td style=\"text-align: center;\">Ganar por 3+<\/td>\n<td style=\"text-align: center;\">Gana<\/td>\n<th style=\"text-align: center; vertical-align: middle;\" rowspan=\"5\">+ 2.00<\/th>\n<td style=\"text-align: center;\">Gana<\/td>\n<td style=\"text-align: center;\">Gana<\/td>\n<\/tr>\n<tr>\n<td style=\"text-align: center;\">Ganar por 2<\/td>\n<td style=\"text-align: center;\">Reembolso de la Apuesta<\/td>\n<td style=\"text-align: center;\">Empata<\/td>\n<td style=\"text-align: center;\">Gana<\/td>\n<\/tr>\n<tr>\n<td style=\"text-align: center;\">Ganar por 1<\/td>\n<td style=\"text-align: center;\">Pierde<\/td>\n<td style=\"text-align: center;\">Perder por 1<\/td>\n<td style=\"text-align: center;\">Gana<\/td>\n<\/tr>\n<tr>\n<td style=\"text-align: center;\">Empata<\/td>\n<td style=\"text-align: center;\">Pierde<\/td>\n<td style=\"text-align: center;\">Perder por 2<\/td>\n<td style=\"text-align: center;\">Reembolso de la Apuesta<\/td>\n<\/tr>\n<tr>\n<td style=\"text-align: center;\">Pierde<\/td>\n<td style=\"text-align: center;\">Pierde<\/td>\n<td style=\"text-align: center;\">Perder por 3+<\/td>\n<td style=\"text-align: center;\">Pierde<\/td>\n<\/tr>\n<\/tbody>\n<\/table>\n<p><a onclick=\"_gaq.push(['_trackEvent', 'Affiliate Links', 'Unibet', '\/unibet-apuesta',, true]);\" href=\"http:\/\/adserving.unibet.com\/redirect.aspx?pid=297196&#038;bid=14809\"><img loading=\"lazy\" decoding=\"async\" style=\"border: 0px none;\" title=\"Unibet Logotipo\" alt=\"Unibet Logotipo\" src=\"https:\/\/banners.unibet.com\/media\/Player-Account_Logos_EN_150x84_1234.jpg\" width=\"150\" height=\"84\" border=\"0\" \/><\/a><br \/>\n<a onclick=\"_gaq.push(['_trackEvent', 'Affiliate Links', 'Unibet', '\/unibet-apuesta',, true]);\" href=\"http:\/\/adserving.unibet.com\/redirect.aspx?pid=297196&#038;bid=14809\" target=\"_blank\">Unibet<\/a><\/p>\n","protected":false},"excerpt":{"rendered":"<p>\uff08\uff11\uff09Inicia sesi\u00f3n en Unibet Unibet Despu\u00e9s de introducir tu Nombre de Usuario y Contrase\u00f1a, haz clic en \u201cIniciar Sesi\u00f3n\u201d para iniciar sesi\u00f3n. \uff08\uff12\uff09Haz clic en \u201cAPUESTAS\u201d en la pesta\u00f1a del men\u00fa en la esquina superior izquierda \uff08\uff13\uff09Selecciona el juego\/partido en el que te gustar\u00eda apostar En este ejemplo, te mostraremos c\u00f3mo apostar en un juego [&hellip;]<\/p>\n","protected":false},"author":1,"featured_media":0,"parent":0,"menu_order":0,"comment_status":"open","ping_status":"closed","template":"","meta":{"footnotes":""},"class_list":["post-7898","page","type-page","status-publish","hentry"],"_links":{"self":[{"href":"https:\/\/bookmaker-info.com\/es\/wp-json\/wp\/v2\/pages\/7898","targetHints":{"allow":["GET"]}}],"collection":[{"href":"https:\/\/bookmaker-info.com\/es\/wp-json\/wp\/v2\/pages"}],"about":[{"href":"https:\/\/bookmaker-info.com\/es\/wp-json\/wp\/v2\/types\/page"}],"author":[{"embeddable":true,"href":"https:\/\/bookmaker-info.com\/es\/wp-json\/wp\/v2\/users\/1"}],"replies":[{"embeddable":true,"href":"https:\/\/bookmaker-info.com\/es\/wp-json\/wp\/v2\/comments?post=7898"}],"version-history":[{"count":15,"href":"https:\/\/bookmaker-info.com\/es\/wp-json\/wp\/v2\/pages\/7898\/revisions"}],"predecessor-version":[{"id":8048,"href":"https:\/\/bookmaker-info.com\/es\/wp-json\/wp\/v2\/pages\/7898\/revisions\/8048"}],"wp:attachment":[{"href":"https:\/\/bookmaker-info.com\/es\/wp-json\/wp\/v2\/media?parent=7898"}],"curies":[{"name":"wp","href":"https:\/\/api.w.org\/{rel}","templated":true}]}}