{"id":7900,"date":"2014-08-29T19:39:54","date_gmt":"2014-08-29T10:39:54","guid":{"rendered":"http:\/\/bookmaker-info.com\/en\/?page_id=7900"},"modified":"2015-05-13T16:11:34","modified_gmt":"2015-05-13T16:11:34","slug":"neteller-unibet","status":"publish","type":"page","link":"https:\/\/bookmaker-info.com\/es\/neteller-unibet","title":{"rendered":"C\u00f3mo Transferir Dinero desde NETELLER hacia Unibet"},"content":{"rendered":"<h2 class=\"title\">\uff08\uff11\uff09Inicia sesi\u00f3n en Unibet<\/h2>\n<p>Necesitar\u00e1s un balance de <strong>m\u00e1s de US$20 o el equivalente si se usa otra divisa<\/strong> en tu cuenta de NETELLER para transferirlo a tu cuenta de Unibet. Si no has depositado US$20 o el equivalente en tu cuenta de NETELLER, por favor consulta <a href=\"http:\/\/bookmaker-info.com\/es\/neteller-deposito\">esta p\u00e1gina<\/a>.<\/p>\n<p>Si tienes m\u00e1s de US$20 o el equivalente en tu cuenta de NETELLER, haz clic en el v\u00ednculo a continuaci\u00f3n para acceder a Unibet.<\/p>\n<p><a onclick=\"_gaq.push(['_trackEvent', 'Affiliate Links', 'Unibet', '\/neteller-unibet',, true]);\" href=\"http:\/\/adserving.unibet.com\/redirect.aspx?pid=297196&#038;bid=14809\" target=\"_blank\">Unibet<\/a><\/p>\n<p><a href=\"http:\/\/bookmaker-info.com\/es\/wordpress\/wp-content\/uploads\/2014\/08\/unibet_neteller_11.png\"><img loading=\"lazy\" decoding=\"async\" class=\"alignnone size-full wp-image-11699\" alt=\"Unibet NETELLER\" src=\"http:\/\/bookmaker-info.com\/es\/wordpress\/wp-content\/uploads\/2014\/08\/unibet_neteller_11.png\" width=\"1216\" height=\"666\" srcset=\"https:\/\/bookmaker-info.com\/es\/wordpress\/wp-content\/uploads\/2014\/08\/unibet_neteller_11.png 1216w, https:\/\/bookmaker-info.com\/es\/wordpress\/wp-content\/uploads\/2014\/08\/unibet_neteller_11-300x164.png 300w, https:\/\/bookmaker-info.com\/es\/wordpress\/wp-content\/uploads\/2014\/08\/unibet_neteller_11-1024x560.png 1024w, https:\/\/bookmaker-info.com\/es\/wordpress\/wp-content\/uploads\/2014\/08\/unibet_neteller_11-624x341.png 624w\" sizes=\"auto, (max-width: 1216px) 100vw, 1216px\" \/><\/a><\/p>\n<p>Despu\u00e9s de introducir tu Nombre de Usuario y Contrase\u00f1a, haz clic en \u201cIniciar Sesi\u00f3n\u201d para iniciar sesi\u00f3n.<\/p>\n<h2 class=\"title\">\uff08\uff12\uff09Haz clic en el bot\u00f3n amarillo de \u201cDepositar\u201d en la parte superior de la pantalla<\/h2>\n<p><a href=\"http:\/\/bookmaker-info.com\/es\/wordpress\/wp-content\/uploads\/2014\/08\/unibet_neteller_21.png\"><img loading=\"lazy\" decoding=\"async\" class=\"alignnone size-full wp-image-11700\" alt=\"Unibet NETELLER\" src=\"http:\/\/bookmaker-info.com\/es\/wordpress\/wp-content\/uploads\/2014\/08\/unibet_neteller_21.png\" width=\"1180\" height=\"718\" srcset=\"https:\/\/bookmaker-info.com\/es\/wordpress\/wp-content\/uploads\/2014\/08\/unibet_neteller_21.png 1180w, https:\/\/bookmaker-info.com\/es\/wordpress\/wp-content\/uploads\/2014\/08\/unibet_neteller_21-300x182.png 300w, https:\/\/bookmaker-info.com\/es\/wordpress\/wp-content\/uploads\/2014\/08\/unibet_neteller_21-1024x623.png 1024w, https:\/\/bookmaker-info.com\/es\/wordpress\/wp-content\/uploads\/2014\/08\/unibet_neteller_21-624x379.png 624w\" sizes=\"auto, (max-width: 1180px) 100vw, 1180px\" \/><\/a><\/p>\n<h2 class=\"title\">\uff08\uff13\uff09De los m\u00e9todos de dep\u00f3sito disponibles, selecciona NETELLER<\/h2>\n<p><a href=\"http:\/\/bookmaker-info.com\/es\/wordpress\/wp-content\/uploads\/2014\/08\/unibet_neteller_31.png\"><img loading=\"lazy\" decoding=\"async\" class=\"alignnone size-full wp-image-11701\" alt=\"Unibet NETELLER\" src=\"http:\/\/bookmaker-info.com\/es\/wordpress\/wp-content\/uploads\/2014\/08\/unibet_neteller_31.png\" width=\"873\" height=\"659\" srcset=\"https:\/\/bookmaker-info.com\/es\/wordpress\/wp-content\/uploads\/2014\/08\/unibet_neteller_31.png 873w, https:\/\/bookmaker-info.com\/es\/wordpress\/wp-content\/uploads\/2014\/08\/unibet_neteller_31-300x226.png 300w, https:\/\/bookmaker-info.com\/es\/wordpress\/wp-content\/uploads\/2014\/08\/unibet_neteller_31-624x471.png 624w\" sizes=\"auto, (max-width: 873px) 100vw, 873px\" \/><\/a><\/p>\n<h2 class=\"title\">\uff08\uff14\uff09Completar tu dep\u00f3sito v\u00eda NETELLER<\/h2>\n<p><a href=\"http:\/\/bookmaker-info.com\/es\/wordpress\/wp-content\/uploads\/2014\/08\/unibet_neteller_4.png\"><img loading=\"lazy\" decoding=\"async\" class=\"alignnone size-full wp-image-11702\" alt=\"Unibet NETELLER\" src=\"http:\/\/bookmaker-info.com\/es\/wordpress\/wp-content\/uploads\/2014\/08\/unibet_neteller_4.png\" width=\"690\" height=\"842\" srcset=\"https:\/\/bookmaker-info.com\/es\/wordpress\/wp-content\/uploads\/2014\/08\/unibet_neteller_4.png 690w, https:\/\/bookmaker-info.com\/es\/wordpress\/wp-content\/uploads\/2014\/08\/unibet_neteller_4-245x300.png 245w, https:\/\/bookmaker-info.com\/es\/wordpress\/wp-content\/uploads\/2014\/08\/unibet_neteller_4-624x761.png 624w\" sizes=\"auto, (max-width: 690px) 100vw, 690px\" \/><\/a><\/p>\n<p>Despu\u00e9s de seleccionar NETELLER, introduce tus 12 n\u00fameros de identificaci\u00f3n de tu cuenta NETELLER y los 6 n\u00fameros de identificaci\u00f3n segura NETELLER en la siguiente pantalla. Luego, introduce la cantidad que te gustar\u00eda depositar (deber\u00eda ser m\u00e1s de US$20 o el equivalente). Luego, de la lista desplegable, selecciona la divisa de tu cuenta de NETELLER si es mostrada. Por \u00faltimo, haz clic en el bot\u00f3n amarillo de \u201cContinuar\u201d para completar tu transacci\u00f3n de dep\u00f3sito.<\/p>\n<p><a onclick=\"_gaq.push(['_trackEvent', 'Affiliate Links', 'Unibet', '\/neteller-unibet',, true]);\" href=\"http:\/\/adserving.unibet.com\/redirect.aspx?pid=297196&#038;bid=14809\"><img loading=\"lazy\" decoding=\"async\" style=\"border: 0px none;\" title=\"Unibet Logotipo\" alt=\"Unibet Logotipo\" src=\"https:\/\/banners.unibet.com\/media\/Player-Account_Logos_EN_150x84_1234.jpg\" width=\"150\" height=\"84\" border=\"0\" \/><\/a><br \/>\n<a onclick=\"_gaq.push(['_trackEvent', 'Affiliate Links', 'Unibet', '\/neteller-unibet',, true]);\" href=\"http:\/\/adserving.unibet.com\/redirect.aspx?pid=297196&#038;bid=14809\" target=\"_blank\">Unibet<\/a><\/p>\n","protected":false},"excerpt":{"rendered":"<p>\uff08\uff11\uff09Inicia sesi\u00f3n en Unibet Necesitar\u00e1s un balance de m\u00e1s de US$20 o el equivalente si se usa otra divisa en tu cuenta de NETELLER para transferirlo a tu cuenta de Unibet. Si no has depositado US$20 o el equivalente en tu cuenta de NETELLER, por favor consulta esta p\u00e1gina. Si tienes m\u00e1s de US$20 o [&hellip;]<\/p>\n","protected":false},"author":1,"featured_media":0,"parent":0,"menu_order":0,"comment_status":"open","ping_status":"closed","template":"","meta":{"footnotes":""},"class_list":["post-7900","page","type-page","status-publish","hentry"],"_links":{"self":[{"href":"https:\/\/bookmaker-info.com\/es\/wp-json\/wp\/v2\/pages\/7900","targetHints":{"allow":["GET"]}}],"collection":[{"href":"https:\/\/bookmaker-info.com\/es\/wp-json\/wp\/v2\/pages"}],"about":[{"href":"https:\/\/bookmaker-info.com\/es\/wp-json\/wp\/v2\/types\/page"}],"author":[{"embeddable":true,"href":"https:\/\/bookmaker-info.com\/es\/wp-json\/wp\/v2\/users\/1"}],"replies":[{"embeddable":true,"href":"https:\/\/bookmaker-info.com\/es\/wp-json\/wp\/v2\/comments?post=7900"}],"version-history":[{"count":16,"href":"https:\/\/bookmaker-info.com\/es\/wp-json\/wp\/v2\/pages\/7900\/revisions"}],"predecessor-version":[{"id":12400,"href":"https:\/\/bookmaker-info.com\/es\/wp-json\/wp\/v2\/pages\/7900\/revisions\/12400"}],"wp:attachment":[{"href":"https:\/\/bookmaker-info.com\/es\/wp-json\/wp\/v2\/media?parent=7900"}],"curies":[{"name":"wp","href":"https:\/\/api.w.org\/{rel}","templated":true}]}}