{"id":7905,"date":"2014-08-29T19:41:27","date_gmt":"2014-08-29T10:41:27","guid":{"rendered":"http:\/\/bookmaker-info.com\/en\/?page_id=7905"},"modified":"2015-05-13T16:11:16","modified_gmt":"2015-05-13T16:11:16","slug":"unibet-retirada","status":"publish","type":"page","link":"https:\/\/bookmaker-info.com\/es\/unibet-retirada","title":{"rendered":"C\u00f3mo Retirar de mi Cuenta de Unibet"},"content":{"rendered":"<h2 class=\"title\">\uff08\uff11\uff09Inicia sesi\u00f3n en Unibet<\/h2>\n<p><a onclick=\"_gaq.push(['_trackEvent', 'Affiliate Links', 'Unibet', 'unibet-retirada',, true]);\" href=\"http:\/\/adserving.unibet.com\/redirect.aspx?pid=297196&#038;bid=14809\" target=\"_blank\">Unibet<\/a><\/p>\n<p><a href=\"http:\/\/bookmaker-info.com\/es\/wordpress\/wp-content\/uploads\/2014\/08\/unibet_retirada_1.png\"><img loading=\"lazy\" decoding=\"async\" class=\"alignnone size-full wp-image-12124\" alt=\"Unibet Retirada\" src=\"http:\/\/bookmaker-info.com\/es\/wordpress\/wp-content\/uploads\/2014\/08\/unibet_retirada_1.png\" width=\"1216\" height=\"666\" srcset=\"https:\/\/bookmaker-info.com\/es\/wordpress\/wp-content\/uploads\/2014\/08\/unibet_retirada_1.png 1216w, https:\/\/bookmaker-info.com\/es\/wordpress\/wp-content\/uploads\/2014\/08\/unibet_retirada_1-300x164.png 300w, https:\/\/bookmaker-info.com\/es\/wordpress\/wp-content\/uploads\/2014\/08\/unibet_retirada_1-1024x560.png 1024w, https:\/\/bookmaker-info.com\/es\/wordpress\/wp-content\/uploads\/2014\/08\/unibet_retirada_1-624x341.png 624w\" sizes=\"auto, (max-width: 1216px) 100vw, 1216px\" \/><\/a><\/p>\n<p>Despu\u00e9s de introducir tu Nombre de Usuario y Contrase\u00f1a, haz clic en \u201cIniciar Sesi\u00f3n\u201d para iniciar sesi\u00f3n.<\/p>\n<h2 class=\"title\">\uff08\uff12\uff09Haz clic en el bot\u00f3n amarillo de \u201cDepositar\u201d en la parte superior de la pantalla<\/h2>\n<p><a href=\"http:\/\/bookmaker-info.com\/es\/wordpress\/wp-content\/uploads\/2014\/08\/unibet_retirada_2.png\"><img loading=\"lazy\" decoding=\"async\" class=\"alignnone size-full wp-image-12125\" alt=\"Unibet Retirada\" src=\"http:\/\/bookmaker-info.com\/es\/wordpress\/wp-content\/uploads\/2014\/08\/unibet_retirada_2.png\" width=\"1180\" height=\"718\" srcset=\"https:\/\/bookmaker-info.com\/es\/wordpress\/wp-content\/uploads\/2014\/08\/unibet_retirada_2.png 1180w, https:\/\/bookmaker-info.com\/es\/wordpress\/wp-content\/uploads\/2014\/08\/unibet_retirada_2-300x182.png 300w, https:\/\/bookmaker-info.com\/es\/wordpress\/wp-content\/uploads\/2014\/08\/unibet_retirada_2-1024x623.png 1024w, https:\/\/bookmaker-info.com\/es\/wordpress\/wp-content\/uploads\/2014\/08\/unibet_retirada_2-624x379.png 624w\" sizes=\"auto, (max-width: 1180px) 100vw, 1180px\" \/><\/a><\/p>\n<h2 class=\"title\">\uff08\uff13\uff09Selecciona \u201cRealizar una retirada de fondos\u201d de la pantalla de Dep\u00f3sito<\/h2>\n<p><a href=\"http:\/\/bookmaker-info.com\/es\/wordpress\/wp-content\/uploads\/2014\/08\/unibet_retirada_3.png\"><img loading=\"lazy\" decoding=\"async\" class=\"alignnone size-full wp-image-12126\" alt=\"Unibet Retirada\" src=\"http:\/\/bookmaker-info.com\/es\/wordpress\/wp-content\/uploads\/2014\/08\/unibet_retirada_3.png\" width=\"873\" height=\"659\" srcset=\"https:\/\/bookmaker-info.com\/es\/wordpress\/wp-content\/uploads\/2014\/08\/unibet_retirada_3.png 873w, https:\/\/bookmaker-info.com\/es\/wordpress\/wp-content\/uploads\/2014\/08\/unibet_retirada_3-300x226.png 300w, https:\/\/bookmaker-info.com\/es\/wordpress\/wp-content\/uploads\/2014\/08\/unibet_retirada_3-624x471.png 624w\" sizes=\"auto, (max-width: 873px) 100vw, 873px\" \/><\/a><\/p>\n<h2 class=\"title\">\uff08\uff14\uff09Si originalmente hiciste tu dep\u00f3sito v\u00eda NETELLER<\/h2>\n<p><a href=\"http:\/\/bookmaker-info.com\/es\/wordpress\/wp-content\/uploads\/2014\/08\/unibet_retirada_4.png\"><img loading=\"lazy\" decoding=\"async\" class=\"alignnone size-full wp-image-12127\" alt=\"Unibet Retirada\" src=\"http:\/\/bookmaker-info.com\/es\/wordpress\/wp-content\/uploads\/2014\/08\/unibet_retirada_4.png\" width=\"695\" height=\"518\" srcset=\"https:\/\/bookmaker-info.com\/es\/wordpress\/wp-content\/uploads\/2014\/08\/unibet_retirada_4.png 695w, https:\/\/bookmaker-info.com\/es\/wordpress\/wp-content\/uploads\/2014\/08\/unibet_retirada_4-300x223.png 300w, https:\/\/bookmaker-info.com\/es\/wordpress\/wp-content\/uploads\/2014\/08\/unibet_retirada_4-624x465.png 624w\" sizes=\"auto, (max-width: 695px) 100vw, 695px\" \/><\/a><\/p>\n<p>Si originalmente hiciste tu dep\u00f3sito v\u00eda <a href=\"http:\/\/bookmaker-info.com\/es\/neteller-registro\">NETELLER<\/a>, necesitar\u00e1s procesar tu retiro a trav\u00e9s de NETELLER tambi\u00e9n. Primero haz clic en el logotipo de NETELLER.<\/p>\n<p>Luego, introduce la cantidad que te gustar\u00eda retirar (<strong>m\u00e1s de US$20 o el equivalente si se usa otra divisa<\/strong>) seguido de enviar tu solicitud para procesar tu transacci\u00f3n de retiro.<\/p>\n<p>\u203b Por favor ten en cuenta que tomar\u00e1 entre <strong>unas pocas horas hasta dos (2) d\u00edas<\/strong> para que el pago del retiro se vea reflejado en tu cuenta de NETELLER.<\/p>\n<h2 class=\"title\">\uff08\uff15\uff09Si originalmente hiciste tu dep\u00f3sito v\u00eda Skrill<\/h2>\n<p><a href=\"http:\/\/bookmaker-info.com\/es\/wordpress\/wp-content\/uploads\/2014\/08\/unibet_retirada_5.png\"><img loading=\"lazy\" decoding=\"async\" class=\"alignnone size-full wp-image-12128\" alt=\"Unibet Retirada\" src=\"http:\/\/bookmaker-info.com\/es\/wordpress\/wp-content\/uploads\/2014\/08\/unibet_retirada_5.png\" width=\"695\" height=\"518\" srcset=\"https:\/\/bookmaker-info.com\/es\/wordpress\/wp-content\/uploads\/2014\/08\/unibet_retirada_5.png 695w, https:\/\/bookmaker-info.com\/es\/wordpress\/wp-content\/uploads\/2014\/08\/unibet_retirada_5-300x223.png 300w, https:\/\/bookmaker-info.com\/es\/wordpress\/wp-content\/uploads\/2014\/08\/unibet_retirada_5-624x465.png 624w\" sizes=\"auto, (max-width: 695px) 100vw, 695px\" \/><\/a><\/p>\n<p>Si originalmente hiciste tu dep\u00f3sito v\u00eda <a href=\"http:\/\/bookmaker-info.com\/es\/skrill-registro\">Skrill<\/a> (anteriormente conocido como Moneybookers), necesitar\u00e1s procesar tu retiro a trav\u00e9s de Skrill tambi\u00e9n. Primero haz clic en el logotipo de Skrill.<\/p>\n<p>Luego, introduce la cantidad que te gustar\u00eda retirar (<strong>m\u00e1s de US$20 o el equivalente si se usa otra divisa<\/strong>) seguido de enviar tu solicitud para procesar tu transacci\u00f3n de retiro.<\/p>\n<p>\u203b Por favor ten en cuenta que tomar\u00e1 entre <strong>unas pocas horas hasta dos (2) d\u00edas<\/strong> para que el pago del retiro se vea reflejado en tu cuenta de Skrill.<\/p>\n<p><a onclick=\"_gaq.push(['_trackEvent', 'Affiliate Links', 'Unibet', '\/unibet-retirada',, true]);\" href=\"http:\/\/adserving.unibet.com\/redirect.aspx?pid=297196&#038;bid=14809\"><img loading=\"lazy\" decoding=\"async\" style=\"border: 0px none;\" title=\"Unibet Logotipo\" alt=\"Unibet Logotipo\" src=\"https:\/\/banners.unibet.com\/media\/Player-Account_Logos_EN_150x84_1234.jpg\" width=\"150\" height=\"84\" border=\"0\" \/><\/a><br \/>\n<a onclick=\"_gaq.push(['_trackEvent', 'Affiliate Links', 'Unibet', 'unibet-retirada',, true]);\" href=\"http:\/\/adserving.unibet.com\/redirect.aspx?pid=297196&#038;bid=14809\" target=\"_blank\">Unibet<\/a><\/p>\n","protected":false},"excerpt":{"rendered":"<p>\uff08\uff11\uff09Inicia sesi\u00f3n en Unibet Unibet Despu\u00e9s de introducir tu Nombre de Usuario y Contrase\u00f1a, haz clic en \u201cIniciar Sesi\u00f3n\u201d para iniciar sesi\u00f3n. \uff08\uff12\uff09Haz clic en el bot\u00f3n amarillo de \u201cDepositar\u201d en la parte superior de la pantalla \uff08\uff13\uff09Selecciona \u201cRealizar una retirada de fondos\u201d de la pantalla de Dep\u00f3sito \uff08\uff14\uff09Si originalmente hiciste tu dep\u00f3sito v\u00eda NETELLER [&hellip;]<\/p>\n","protected":false},"author":1,"featured_media":0,"parent":0,"menu_order":0,"comment_status":"open","ping_status":"closed","template":"","meta":{"footnotes":""},"class_list":["post-7905","page","type-page","status-publish","hentry"],"_links":{"self":[{"href":"https:\/\/bookmaker-info.com\/es\/wp-json\/wp\/v2\/pages\/7905","targetHints":{"allow":["GET"]}}],"collection":[{"href":"https:\/\/bookmaker-info.com\/es\/wp-json\/wp\/v2\/pages"}],"about":[{"href":"https:\/\/bookmaker-info.com\/es\/wp-json\/wp\/v2\/types\/page"}],"author":[{"embeddable":true,"href":"https:\/\/bookmaker-info.com\/es\/wp-json\/wp\/v2\/users\/1"}],"replies":[{"embeddable":true,"href":"https:\/\/bookmaker-info.com\/es\/wp-json\/wp\/v2\/comments?post=7905"}],"version-history":[{"count":15,"href":"https:\/\/bookmaker-info.com\/es\/wp-json\/wp\/v2\/pages\/7905\/revisions"}],"predecessor-version":[{"id":12399,"href":"https:\/\/bookmaker-info.com\/es\/wp-json\/wp\/v2\/pages\/7905\/revisions\/12399"}],"wp:attachment":[{"href":"https:\/\/bookmaker-info.com\/es\/wp-json\/wp\/v2\/media?parent=7905"}],"curies":[{"name":"wp","href":"https:\/\/api.w.org\/{rel}","templated":true}]}}