{"id":7907,"date":"2014-08-29T19:42:02","date_gmt":"2014-08-29T10:42:02","guid":{"rendered":"http:\/\/bookmaker-info.com\/en\/?page_id=7907"},"modified":"2017-07-11T00:25:26","modified_gmt":"2017-07-11T00:25:26","slug":"unibet-perfil","status":"publish","type":"page","link":"https:\/\/bookmaker-info.com\/es\/unibet-perfil","title":{"rendered":"Perfil Unibet"},"content":{"rendered":"<p><a href=\"http:\/\/adserving.unibet.com\/redirect.aspx?pid=297196&amp;bid=14809\" target=\"_blank\"><img loading=\"lazy\" decoding=\"async\" class=\"alignnone size-full wp-image-9137\" title=\"Unibet Logotipo\" src=\"http:\/\/bookmaker-info.com\/en\/wordpress\/wp-content\/uploads\/2014\/08\/unibet_logo.jpeg\" alt=\"Unibet Logotipo\" width=\"558\" height=\"90\" srcset=\"https:\/\/bookmaker-info.com\/es\/wordpress\/wp-content\/uploads\/2014\/08\/unibet_logo.jpeg 558w, https:\/\/bookmaker-info.com\/es\/wordpress\/wp-content\/uploads\/2014\/08\/unibet_logo-300x48.jpeg 300w\" sizes=\"auto, (max-width: 558px) 100vw, 558px\" \/><\/a><\/p>\n<h2>Unibet<\/h2>\n<p><strong>Ubicaci\u00f3n:<\/strong> Malta<br \/>\n<strong>Establecido:<\/strong> 1997<br \/>\n<strong>Tipo:<\/strong> Empresa que Cotiza en la Bolsa (Bolsa de Valores de Estocolmo)<br \/>\n<strong>Licencia para el Juego:<\/strong> <a href=\"http:\/\/es.wikipedia.org\/wiki\/Malta\">Malta<\/a><\/p>\n<table id=\"page_table\">\n<tbody>\n<tr>\n<th style=\"text-align: center;\" colspan=\"7\"><span style=\"font-size: medium;\">Unibet Informaci\u00f3n de Dep\u00f3sito y Retiro<\/span><\/th>\n<\/tr>\n<tr>\n<th style=\"text-align: center;\"><span class=\"font_small\">Forma de Pago<\/span><\/th>\n<th style=\"text-align: center;\"><span class=\"font_small\">Dep\u00f3sito M\u00ednimo<\/span><\/th>\n<th style=\"text-align: center;\"><span class=\"font_small\">Duraci\u00f3n de Dep\u00f3sito<\/span><\/th>\n<th style=\"text-align: center;\"><span class=\"font_small\">Tarifa de Dep\u00f3sito<\/span><\/th>\n<th style=\"text-align: center;\"><span class=\"font_small\">Retiro M\u00ednimo<\/span><\/th>\n<th style=\"text-align: center;\"><span class=\"font_small\">Duraci\u00f3n de Retiro<\/span><\/th>\n<th style=\"text-align: center;\"><span class=\"font_small\">Tarifa de Retiro<\/span><\/th>\n<\/tr>\n<tr>\n<td style=\"text-align: center;\"><img decoding=\"async\" src=\"http:\/\/bookmaker-info.com\/en\/wordpress\/wp-content\/uploads\/2014\/08\/neteller.jpg\" alt=\"NETELLER\" \/><\/td>\n<td style=\"text-align: center;\">US$20<\/td>\n<td style=\"text-align: center;\">Instant\u00e1neamente<\/td>\n<td style=\"text-align: center;\">Ninguno<\/td>\n<td style=\"text-align: center;\">US$20<\/td>\n<td style=\"text-align: center;\">1-2 D\u00edas H\u00e1biles<\/td>\n<td style=\"text-align: center;\">Ninguno<\/td>\n<\/tr>\n<tr>\n<td style=\"text-align: center;\"><img decoding=\"async\" src=\"http:\/\/bookmaker-info.com\/en\/wordpress\/wp-content\/uploads\/2014\/07\/Skrill.gif\" alt=\"Skrill\" \/><\/td>\n<td style=\"text-align: center;\">US$20<\/td>\n<td style=\"text-align: center;\">Instant\u00e1neamente<\/td>\n<td style=\"text-align: center;\">Ninguno<\/td>\n<td style=\"text-align: center;\">US$20<\/td>\n<td style=\"text-align: center;\">1-2 D\u00edas H\u00e1biles<\/td>\n<td style=\"text-align: center;\">Ninguno<\/td>\n<\/tr>\n<\/tbody>\n<\/table>\n<p>\u203b\u3000Dep\u00f3sito M\u00e1ximo (por cada transacci\u00f3n de NETELLER) \uff1d US$15,000, Dep\u00f3sito M\u00e1ximo (por cada transacci\u00f3n de Skrill) \uff1d US$15,000<br \/>\n\u203b\u3000Retiro M\u00e1ximo (por cada transacci\u00f3n de NETELLER) \uff1d US$2,000, Retiro M\u00e1ximo (por cada transacci\u00f3n de Skrill) \uff1d US$2,000<br \/>\n\u203b\u3000Si no apuestas aunque sea 1 vez (el l\u00edmite m\u00ednimo de cantidad variar\u00e1 de jugador a jugador), no podr\u00e1s retirar nada de tu balance<\/p>\n<table id=\"page_table\">\n<tbody>\n<tr>\n<th style=\"text-align: center;\" colspan=\"3\"><span style=\"font-size: medium;\">Unibet Divisas para Apostar<\/span><\/th>\n<\/tr>\n<tr>\n<td style=\"text-align: center;\">Lev B\u00falgaro (BGN)<\/td>\n<td style=\"text-align: center;\">Euro (EUR)<\/td>\n<td style=\"text-align: center;\">Zloty Polaco (PLN)<\/td>\n<\/tr>\n<tr>\n<td style=\"text-align: center;\">Real de Brasil (BRL)<\/td>\n<td style=\"text-align: center;\">Libra Brit\u00e1nica (GBP)<\/td>\n<td style=\"text-align: center;\">Leu Rumano (RON)<\/td>\n<\/tr>\n<tr>\n<td style=\"text-align: center;\">D\u00f3lar Canadiense (CAD)<\/td>\n<td style=\"text-align: center;\">Kuna Croata (HRK)<\/td>\n<td style=\"text-align: center;\">Corona Sueca (SEK)<\/td>\n<\/tr>\n<tr>\n<td style=\"text-align: center;\">Franco Suizo (CHF)<\/td>\n<td style=\"text-align: center;\">Forint de Hungr\u00eda (HUF)<\/td>\n<td style=\"text-align: center;\">D\u00f3lar Estadounidense (USD)<\/td>\n<\/tr>\n<tr>\n<td style=\"text-align: center;\">Corona Checa (CZK)<\/td>\n<td style=\"text-align: center;\">Litas Lituania (LTL)<\/td>\n<td style=\"text-align: center;\"><\/td>\n<\/tr>\n<tr>\n<td style=\"text-align: center;\">Corona Danesa (DKK)<\/td>\n<td style=\"text-align: center;\">Corona Noruega (NOK)<\/td>\n<td style=\"text-align: center;\"><\/td>\n<\/tr>\n<\/tbody>\n<\/table>\n<table id=\"page_table\">\n<tbody>\n<tr>\n<th style=\"text-align: center;\" colspan=\"3\"><span style=\"font-size: medium;\">Unibet Historia de los Patrocinadores de Deportes Profesionales<\/span><\/th>\n<\/tr>\n<tr>\n<th style=\"text-align: center;\"><span class=\"font_small\">Nombre de Liga\u30fbNombre del Equipo<\/span><\/th>\n<th style=\"text-align: center;\"><span class=\"font_small\">A\u00f1o<\/span><\/th>\n<th style=\"text-align: center;\"><span class=\"font_small\">Deportes<\/span><\/th>\n<\/tr>\n<tr>\n<td style=\"text-align: center;\"><a href=\"http:\/\/www.supercars.com\/\">Supercars Australia<\/a><\/td>\n<td style=\"text-align: center;\">2017-presente<\/td>\n<td style=\"text-align: center;\">Australia &#8211; Carrera de autos<\/td>\n<\/tr>\n<tr>\n<td style=\"text-align: center;\"><a href=\"https:\/\/warwickshireccc.com\/\">Warwickshire County Cricket Club<\/a><\/td>\n<td style=\"text-align: center;\">2017-presente<\/td>\n<td style=\"text-align: center;\">Inglaterra &#8211; Cricket<\/td>\n<\/tr>\n<tr>\n<td style=\"text-align: center;\"><a href=\"http:\/\/www.avfc.co.uk\/\">Aston Villa F.C.<\/a><\/td>\n<td style=\"text-align: center;\">2017-presente<\/td>\n<td style=\"text-align: center;\">Inglaterra &#8211; F\u00fatbol<\/td>\n<\/tr>\n<tr>\n<td style=\"text-align: center;\"><a href=\"https:\/\/en.wikipedia.org\/wiki\/World_Grand_Prix_%28darts%29\">World Grand Prix<\/a><\/td>\n<td style=\"text-align: center;\">2016<\/td>\n<td style=\"text-align: center;\">Irlanda &#8211; Dardos<\/td>\n<\/tr>\n<tr>\n<td style=\"text-align: center;\"><a href=\"http:\/\/www.essexcricket.org.uk\/\">Essex County Cricket Club<\/a><\/td>\n<td style=\"text-align: center;\">2016<\/td>\n<td style=\"text-align: center;\">Inglaterra &#8211; Cricket<\/td>\n<\/tr>\n<tr>\n<td style=\"text-align: center;\"><a href=\"http:\/\/cplt20.com\/\">Limacol Caribbean Premier League<\/a><\/td>\n<td style=\"text-align: center;\">2015-presente<\/td>\n<td style=\"text-align: center;\">Cricket<\/td>\n<\/tr>\n<tr>\n<td style=\"text-align: center;\"><a href=\"http:\/\/es.wikipedia.org\/wiki\/Campeonato_Europeo_de_Hockey_sobre_Hierba\">Campeonato Europeo<\/a><\/td>\n<td style=\"text-align: center;\">2015<\/td>\n<td style=\"text-align: center;\">Hockey Sobre Hierba<\/td>\n<\/tr>\n<tr>\n<td style=\"text-align: center;\"><a href=\"http:\/\/es.wikipedia.org\/wiki\/Ultimate_Fighting_Championship\">Ultimate Fighting Championship<\/a><\/td>\n<td style=\"text-align: center;\">2014-presente<\/td>\n<td style=\"text-align: center;\">Artes Marciales Mixtas<\/td>\n<\/tr>\n<tr>\n<td style=\"text-align: center;\"><a href=\"http:\/\/es.wikipedia.org\/wiki\/Hip%C3%B3dromo_de_Windsor\">Hip\u00f3dromo de Windsor<\/a><\/td>\n<td style=\"text-align: center;\">2014<\/td>\n<td style=\"text-align: center;\">Inglaterra &#8211; Carreras de Caballos<\/td>\n<\/tr>\n<tr>\n<td style=\"text-align: center;\"><a href=\"http:\/\/www.pdc.tv\/the-masters\">The Masters<\/a><\/td>\n<td style=\"text-align: center;\">2014<\/td>\n<td style=\"text-align: center;\">Inglaterra &#8211; Dardos<\/td>\n<\/tr>\n<tr>\n<td style=\"text-align: center;\"><a href=\"http:\/\/www.parraeels.com.au\/\">Parramatta Eels<\/a><\/td>\n<td style=\"text-align: center;\">2013-presente<\/td>\n<td style=\"text-align: center;\">Australia &#8211; Rugby<\/td>\n<\/tr>\n<tr>\n<td style=\"text-align: center;\"><a href=\"http:\/\/es.wikipedia.org\/wiki\/Torneo_de_Estocolmo\">Torneo de Estocolmo<\/a><\/td>\n<td style=\"text-align: center;\">2013<\/td>\n<td style=\"text-align: center;\">ATP &#8211; Tenis<\/td>\n<\/tr>\n<tr>\n<td style=\"text-align: center;\"><a href=\"http:\/\/es.wikipedia.org\/wiki\/FC_Copenhague\">FC Copenhague<\/a><\/td>\n<td style=\"text-align: center;\">2012-2014<\/td>\n<td style=\"text-align: center;\">Dinamarca &#8211; F\u00fatbol<\/td>\n<\/tr>\n<tr>\n<td style=\"text-align: center;\"><a href=\"http:\/\/es.wikipedia.org\/wiki\/FC_Midtjylland\">FC Midtjylland<\/a><\/td>\n<td style=\"text-align: center;\">2012-2014<\/td>\n<td style=\"text-align: center;\">Dinamarca &#8211; F\u00fatbol<\/td>\n<\/tr>\n<tr>\n<td style=\"text-align: center;\"><a href=\"http:\/\/es.wikipedia.org\/wiki\/Standard_Lieja\">Standard Lieja<\/a><\/td>\n<td style=\"text-align: center;\">2012-2013<\/td>\n<td style=\"text-align: center;\">B\u00e9lgica &#8211; F\u00fatbol<\/td>\n<\/tr>\n<tr>\n<td style=\"text-align: center;\"><a href=\"http:\/\/en.wikipedia.org\/wiki\/Stockholm_Marathon\">Stockholm Marathon<\/a><\/td>\n<td style=\"text-align: center;\">2009 &amp; 2014<\/td>\n<td style=\"text-align: center;\">Marat\u00f3n<\/td>\n<\/tr>\n<tr>\n<td style=\"text-align: center;\"><a href=\"http:\/\/www.valenciacf.com\/\">Valencia CF<\/a><\/td>\n<td style=\"text-align: center;\">2008-2010<\/td>\n<td style=\"text-align: center;\">Espa\u00f1a &#8211; F\u00fatbol<\/td>\n<\/tr>\n<tr>\n<td style=\"text-align: center;\"><a href=\"http:\/\/en.wikipedia.org\/wiki\/Cycle_Collstrop\">Cycle Collstrop<\/a><\/td>\n<td style=\"text-align: center;\">2006-2007<\/td>\n<td style=\"text-align: center;\">Ciclismo<\/td>\n<\/tr>\n<\/tbody>\n<\/table>\n<table id=\"page_table\">\n<tbody>\n<tr>\n<th style=\"text-align: center;\" colspan=\"2\"><span style=\"font-size: medium;\">Unibet Historia de Ganadoras de Premios de eGaming Review (EGR)<\/span><\/th>\n<\/tr>\n<tr>\n<th style=\"text-align: center;\"><span class=\"font_small\">Categor\u00eda<\/span><\/th>\n<th style=\"text-align: center;\"><span class=\"font_small\">A\u00f1o<\/span><\/th>\n<\/tr>\n<tr>\n<td style=\"text-align: center;\">Marketing Campaign of the Year<\/td>\n<td style=\"text-align: center;\">2013<\/td>\n<\/tr>\n<tr>\n<td style=\"text-align: center;\">European Sports Betting Operator of the Year<\/td>\n<td style=\"text-align: center;\">2009<\/td>\n<\/tr>\n<tr>\n<td style=\"text-align: center;\">European Live Gaming Operator of the Year<\/td>\n<td style=\"text-align: center;\">2009<\/td>\n<\/tr>\n<\/tbody>\n<\/table>\n<h3>\u00bfPorque Unibet?<\/h3>\n<ul>\n<li>Especializada en deportes Europeos<\/li>\n<li>Apuestas durante el juego<\/li>\n<li>Juegos de casino con mano en vivo<\/li>\n<li>Soporte con chat en vivo las 24 horas<\/li>\n<\/ul>\n<p>S\u00f3lido en deportes europeos, Unibet es uno de los jugadores m\u00e1s importantes que hay en la regi\u00f3n N\u00f3rdica en Europa. Habiendo existido por m\u00e1s de 15 a\u00f1os como una operaci\u00f3n en l\u00ednea, Unibet est\u00e1 actualmente catalogada en la bolsa de valores de Estocolmo. Considerada como una de las marcas m\u00e1s reconocidas en Europa, los jugadores pueden estar confiados cuando juegan con un corredor de apuestas como Unibet.<\/p>\n<div class=\"bookmaker_link link_hover\"><a href=\"http:\/\/bookmaker-info.com\/es\/unibet-registro\">C\u00f3mo Abrir una Cuenta de Unibet<\/a><\/div>\n<div class=\"bookmaker_link link_hover\"><a href=\"http:\/\/bookmaker-info.com\/es\/neteller-unibet\">C\u00f3mo Transferir Dinero desde NETELLER hacia Unibet<\/a><\/div>\n<div class=\"bookmaker_link link_hover\"><a href=\"http:\/\/bookmaker-info.com\/es\/skrill-unibet\">C\u00f3mo Transferir Dinero desde Skrill hacia Unibet<\/a><\/div>\n<div class=\"bookmaker_link link_hover\"><a href=\"http:\/\/bookmaker-info.com\/es\/unibet-apuesta\">C\u00f3mo Apostar en Unibet<\/a><\/div>\n<div class=\"bookmaker_link link_hover\"><a href=\"http:\/\/bookmaker-info.com\/es\/unibet-retirada\">C\u00f3mo Retirar de mi Cuenta de Unibet<\/a><\/div>\n<p><span style=\"border-radius: 2px; text-indent: 20px; width: auto; padding: 0px 4px 0px 0px; text-align: center; font: bold 11px\/20px 'Helvetica Neue',Helvetica,sans-serif; color: #ffffff; background: #bd081c no-repeat scroll 3px 50% \/ 14px 14px; position: absolute; opacity: 1; z-index: 8675309; display: none; cursor: pointer;\">Save<\/span><\/p>\n<p><span style=\"border-radius: 2px; text-indent: 20px; width: auto; padding: 0px 4px 0px 0px; text-align: center; font: bold 11px\/20px 'Helvetica Neue',Helvetica,sans-serif; color: #ffffff; background: #bd081c  no-repeat scroll 3px 50% \/ 14px 14px; position: absolute; opacity: 1; z-index: 8675309; display: none; cursor: pointer;\">Save<\/span><\/p>\n","protected":false},"excerpt":{"rendered":"<p>Unibet Ubicaci\u00f3n: Malta Establecido: 1997 Tipo: Empresa que Cotiza en la Bolsa (Bolsa de Valores de Estocolmo) Licencia para el Juego: Malta Unibet Informaci\u00f3n de Dep\u00f3sito y Retiro Forma de Pago Dep\u00f3sito M\u00ednimo Duraci\u00f3n de Dep\u00f3sito Tarifa de Dep\u00f3sito Retiro M\u00ednimo Duraci\u00f3n de Retiro Tarifa de Retiro US$20 Instant\u00e1neamente Ninguno US$20 1-2 D\u00edas H\u00e1biles Ninguno [&hellip;]<\/p>\n","protected":false},"author":1,"featured_media":0,"parent":0,"menu_order":0,"comment_status":"open","ping_status":"closed","template":"","meta":{"footnotes":""},"class_list":["post-7907","page","type-page","status-publish","hentry"],"_links":{"self":[{"href":"https:\/\/bookmaker-info.com\/es\/wp-json\/wp\/v2\/pages\/7907","targetHints":{"allow":["GET"]}}],"collection":[{"href":"https:\/\/bookmaker-info.com\/es\/wp-json\/wp\/v2\/pages"}],"about":[{"href":"https:\/\/bookmaker-info.com\/es\/wp-json\/wp\/v2\/types\/page"}],"author":[{"embeddable":true,"href":"https:\/\/bookmaker-info.com\/es\/wp-json\/wp\/v2\/users\/1"}],"replies":[{"embeddable":true,"href":"https:\/\/bookmaker-info.com\/es\/wp-json\/wp\/v2\/comments?post=7907"}],"version-history":[{"count":24,"href":"https:\/\/bookmaker-info.com\/es\/wp-json\/wp\/v2\/pages\/7907\/revisions"}],"predecessor-version":[{"id":12793,"href":"https:\/\/bookmaker-info.com\/es\/wp-json\/wp\/v2\/pages\/7907\/revisions\/12793"}],"wp:attachment":[{"href":"https:\/\/bookmaker-info.com\/es\/wp-json\/wp\/v2\/media?parent=7907"}],"curies":[{"name":"wp","href":"https:\/\/api.w.org\/{rel}","templated":true}]}}